{"id":2106,"date":"2026-03-25T14:52:08","date_gmt":"2026-03-25T13:52:08","guid":{"rendered":"https:\/\/ingasatiene.com\/?post_type=product&#038;p=2106"},"modified":"2026-03-25T14:52:09","modified_gmt":"2026-03-25T13:52:09","slug":"ph-formula-meso-x-boost","status":"publish","type":"product","link":"https:\/\/ingasatiene.com\/nb\/produkt\/ph-formula-meso-x-boost\/","title":{"rendered":"ph formula MESO X boost"},"content":{"rendered":"<p>Forbedrer virkestoffenes opptak gjennom avansert spikulteknologi for \u00f8kt effekt<br \/>\nFremmer hudens regenerering, fuktighet og fasthet med hyaluronsyre og eksosomer<br \/>\nForbedrer hudens struktur og tone synlig over tid, og gir en glattere og jevnere hudfarge<\/p>\n<p><strong>Viktige ingredienser<\/strong><\/p>\n<p>Eksosomer<br \/>\nMikrospikler<br \/>\nHyaluronsyrekompleks<\/p>\n<p><strong>Bruksanvisning<\/strong><\/p>\n<p>P\u00e5f\u00f8r 1\u20132 pumpeslag p\u00e5 t\u00f8rr, ren hud. Mass\u00e9r forsiktig inn i huden til produktet er absorbert. Fortsett med anbefalte pHformula-produkter.<\/p>\n<p>SPF: Ingen.<br \/>\nP\u00e5f\u00f8ringsomr\u00e5de: Lokalt.<br \/>\nBruk: Morgen, kveld og etter behov.<br \/>\nForsiktig:<br \/>\nKun til utvortes bruk.<br \/>\nOppbevares utilgjengelig for barn.<br \/>\nOppbevares mellom 5 \u00b0C og 25 \u00b0C.<br \/>\nVed irritasjon, avbryt bruken og kontakt din pHformula hudspesialist.<br \/>\nUnng\u00e5 kontakt med \u00f8ynene.<\/p>","protected":false},"excerpt":{"rendered":"<p>Et h\u00f8yeffektivt serum for hjemmebruk med mikrosf\u00e6rer som forbedrer opptaket av aktive ingredienser. Beriket med hyaluronsyre og eksosomer, fremmer det hudens regenerering, fuktighet og fasthet, og forbedrer hudens struktur og tone synlig over tid. Ideelt \u00e5 bruke sammen med din foreskrevne pHformula Recovery- eller Active Formula-behandling for \u00e5 optimalisere resultatene og st\u00f8tte hudens behandlingsforl\u00f8p.<\/p>","protected":false},"featured_media":2108,"comment_status":"open","ping_status":"closed","template":"","meta":{"site-sidebar-layout":"default","site-content-layout":"","ast-site-content-layout":"default","site-content-style":"default","site-sidebar-style":"default","ast-global-header-display":"","ast-banner-title-visibility":"","ast-main-header-display":"","ast-hfb-above-header-display":"","ast-hfb-below-header-display":"","ast-hfb-mobile-header-display":"","site-post-title":"","ast-breadcrumbs-content":"","ast-featured-img":"","footer-sml-layout":"","ast-disable-related-posts":"","theme-transparent-header-meta":"default","adv-header-id-meta":"","stick-header-meta":"","header-above-stick-meta":"","header-main-stick-meta":"","header-below-stick-meta":"","astra-migrate-meta-layouts":"set","ast-page-background-enabled":"default","ast-page-background-meta":{"desktop":{"background-color":"var(--ast-global-color-4)","background-image":"","background-repeat":"repeat","background-position":"center center","background-size":"auto","background-attachment":"scroll","background-type":"","background-media":"","overlay-type":"","overlay-color":"","overlay-opacity":"","overlay-gradient":""},"tablet":{"background-color":"","background-image":"","background-repeat":"repeat","background-position":"center center","background-size":"auto","background-attachment":"scroll","background-type":"","background-media":"","overlay-type":"","overlay-color":"","overlay-opacity":"","overlay-gradient":""},"mobile":{"background-color":"","background-image":"","background-repeat":"repeat","background-position":"center center","background-size":"auto","background-attachment":"scroll","background-type":"","background-media":"","overlay-type":"","overlay-color":"","overlay-opacity":"","overlay-gradient":""}},"ast-content-background-meta":{"desktop":{"background-color":"var(--ast-global-color-5)","background-image":"","background-repeat":"repeat","background-position":"center center","background-size":"auto","background-attachment":"scroll","background-type":"","background-media":"","overlay-type":"","overlay-color":"","overlay-opacity":"","overlay-gradient":""},"tablet":{"background-color":"var(--ast-global-color-5)","background-image":"","background-repeat":"repeat","background-position":"center center","background-size":"auto","background-attachment":"scroll","background-type":"","background-media":"","overlay-type":"","overlay-color":"","overlay-opacity":"","overlay-gradient":""},"mobile":{"background-color":"var(--ast-global-color-5)","background-image":"","background-repeat":"repeat","background-position":"center center","background-size":"auto","background-attachment":"scroll","background-type":"","background-media":"","overlay-type":"","overlay-color":"","overlay-opacity":"","overlay-gradient":""}}},"product_brand":[],"product_cat":[45],"product_tag":[],"class_list":{"0":"post-2106","1":"product","2":"type-product","3":"status-publish","4":"has-post-thumbnail","6":"product_cat-ph-formula","7":"desktop-align-center","8":"tablet-align-left","9":"mobile-align-left","11":"first","12":"instock","13":"shipping-taxable","14":"purchasable","15":"product-type-simple"},"_links":{"self":[{"href":"https:\/\/ingasatiene.com\/nb\/wp-json\/wp\/v2\/product\/2106","targetHints":{"allow":["GET"]}}],"collection":[{"href":"https:\/\/ingasatiene.com\/nb\/wp-json\/wp\/v2\/product"}],"about":[{"href":"https:\/\/ingasatiene.com\/nb\/wp-json\/wp\/v2\/types\/product"}],"replies":[{"embeddable":true,"href":"https:\/\/ingasatiene.com\/nb\/wp-json\/wp\/v2\/comments?post=2106"}],"wp:featuredmedia":[{"embeddable":true,"href":"https:\/\/ingasatiene.com\/nb\/wp-json\/wp\/v2\/media\/2108"}],"wp:attachment":[{"href":"https:\/\/ingasatiene.com\/nb\/wp-json\/wp\/v2\/media?parent=2106"}],"wp:term":[{"taxonomy":"product_brand","embeddable":true,"href":"https:\/\/ingasatiene.com\/nb\/wp-json\/wp\/v2\/product_brand?post=2106"},{"taxonomy":"product_cat","embeddable":true,"href":"https:\/\/ingasatiene.com\/nb\/wp-json\/wp\/v2\/product_cat?post=2106"},{"taxonomy":"product_tag","embeddable":true,"href":"https:\/\/ingasatiene.com\/nb\/wp-json\/wp\/v2\/product_tag?post=2106"}],"curies":[{"name":"wp","href":"https:\/\/api.w.org\/{rel}","templated":true}]}}