{"id":2062,"date":"2026-03-25T13:46:28","date_gmt":"2026-03-25T12:46:28","guid":{"rendered":"https:\/\/ingasatiene.com\/?post_type=product&#038;p=2062"},"modified":"2026-03-25T13:56:08","modified_gmt":"2026-03-25T12:56:08","slug":"ph-formula-post-recovery-plus","status":"publish","type":"product","link":"https:\/\/ingasatiene.com\/nb\/produkt\/ph-formula-post-recovery-plus\/","title":{"rendered":"pH formula POST Recovery Plus +"},"content":{"rendered":"<p><strong>Slik bruker du den:\u00a0<\/strong><\/p>\n<p>P\u00e5f\u00f8res b\u00e5de dag og natt p\u00e5 nyrenset hud. P\u00e5 datid brukes den f\u00f8r SPF.<\/p>\n<p><strong>Hudeksperten tipser:\u00a0<\/strong><\/p>\n<p>Denne er perfekt til \u00e5 bruke b\u00e5de f\u00f8r og etter profesjonelle peeler eller som en ekstra n\u00e6rende krem p\u00e5 vinterhalv\u00e5ret.<\/p>\n<p><strong>Ingredienser:\u00a0<\/strong><\/p>\n<p>Aqua (Water), Cetearyl Alcohol, Panthenol, Niacinamide, Lactococcus Ferment Lysate, Glycerin, Gossypium Herbaceum Seed Oil, Helianthus Annuus seed Oil Unsaponifiables, Prunus Amygdalus Dulcis Oil, Squalane, Dodecane, Tetradecane, Phenoxyethanol, Sodium Cetearyl Sulfate, Lactobionic Acid, Aloe Barbadensis Leaf Juic, Glycyrrhetinic Acid, Triethanolamine, Diethyl Succinate, Bisabolol, PEG-8, Ethylhexylglycerin, Tocopherol, Lactic Acid, Sodium Chloride, Sodium Hyaluronate, Sodium Benzoate,<br \/>\nAscorbyl Palmitate, Ascorbic Acid, Citric Acid, Potassium Sorbate.<\/p>","protected":false},"excerpt":{"rendered":"<p>pH formula POST Recovery Plus er rik p\u00e5 squalane og probiotika som styrker hudens naturlige forsvar og barrierefunksjon. I tillegg er den fylt med gode antioksidanter og fuktighetsgivende ingredienser som niacinamide.<\/p>\n<p>Med sin anti-inflammatoriske egenskaper, hjelper denne balanserende kremen en t\u00f8rr og irritert hud.<\/p>","protected":false},"featured_media":2070,"comment_status":"open","ping_status":"closed","template":"","meta":{"site-sidebar-layout":"default","site-content-layout":"","ast-site-content-layout":"default","site-content-style":"default","site-sidebar-style":"default","ast-global-header-display":"","ast-banner-title-visibility":"","ast-main-header-display":"","ast-hfb-above-header-display":"","ast-hfb-below-header-display":"","ast-hfb-mobile-header-display":"","site-post-title":"","ast-breadcrumbs-content":"","ast-featured-img":"","footer-sml-layout":"","ast-disable-related-posts":"","theme-transparent-header-meta":"default","adv-header-id-meta":"","stick-header-meta":"","header-above-stick-meta":"","header-main-stick-meta":"","header-below-stick-meta":"","astra-migrate-meta-layouts":"set","ast-page-background-enabled":"default","ast-page-background-meta":{"desktop":{"background-color":"var(--ast-global-color-4)","background-image":"","background-repeat":"repeat","background-position":"center center","background-size":"auto","background-attachment":"scroll","background-type":"","background-media":"","overlay-type":"","overlay-color":"","overlay-opacity":"","overlay-gradient":""},"tablet":{"background-color":"","background-image":"","background-repeat":"repeat","background-position":"center center","background-size":"auto","background-attachment":"scroll","background-type":"","background-media":"","overlay-type":"","overlay-color":"","overlay-opacity":"","overlay-gradient":""},"mobile":{"background-color":"","background-image":"","background-repeat":"repeat","background-position":"center center","background-size":"auto","background-attachment":"scroll","background-type":"","background-media":"","overlay-type":"","overlay-color":"","overlay-opacity":"","overlay-gradient":""}},"ast-content-background-meta":{"desktop":{"background-color":"var(--ast-global-color-5)","background-image":"","background-repeat":"repeat","background-position":"center center","background-size":"auto","background-attachment":"scroll","background-type":"","background-media":"","overlay-type":"","overlay-color":"","overlay-opacity":"","overlay-gradient":""},"tablet":{"background-color":"var(--ast-global-color-5)","background-image":"","background-repeat":"repeat","background-position":"center center","background-size":"auto","background-attachment":"scroll","background-type":"","background-media":"","overlay-type":"","overlay-color":"","overlay-opacity":"","overlay-gradient":""},"mobile":{"background-color":"var(--ast-global-color-5)","background-image":"","background-repeat":"repeat","background-position":"center center","background-size":"auto","background-attachment":"scroll","background-type":"","background-media":"","overlay-type":"","overlay-color":"","overlay-opacity":"","overlay-gradient":""}}},"product_brand":[],"product_cat":[45],"product_tag":[],"class_list":{"0":"post-2062","1":"product","2":"type-product","3":"status-publish","4":"has-post-thumbnail","6":"product_cat-ph-formula","7":"desktop-align-center","8":"tablet-align-left","9":"mobile-align-left","11":"first","12":"instock","13":"shipping-taxable","14":"purchasable","15":"product-type-simple"},"_links":{"self":[{"href":"https:\/\/ingasatiene.com\/nb\/wp-json\/wp\/v2\/product\/2062","targetHints":{"allow":["GET"]}}],"collection":[{"href":"https:\/\/ingasatiene.com\/nb\/wp-json\/wp\/v2\/product"}],"about":[{"href":"https:\/\/ingasatiene.com\/nb\/wp-json\/wp\/v2\/types\/product"}],"replies":[{"embeddable":true,"href":"https:\/\/ingasatiene.com\/nb\/wp-json\/wp\/v2\/comments?post=2062"}],"wp:featuredmedia":[{"embeddable":true,"href":"https:\/\/ingasatiene.com\/nb\/wp-json\/wp\/v2\/media\/2070"}],"wp:attachment":[{"href":"https:\/\/ingasatiene.com\/nb\/wp-json\/wp\/v2\/media?parent=2062"}],"wp:term":[{"taxonomy":"product_brand","embeddable":true,"href":"https:\/\/ingasatiene.com\/nb\/wp-json\/wp\/v2\/product_brand?post=2062"},{"taxonomy":"product_cat","embeddable":true,"href":"https:\/\/ingasatiene.com\/nb\/wp-json\/wp\/v2\/product_cat?post=2062"},{"taxonomy":"product_tag","embeddable":true,"href":"https:\/\/ingasatiene.com\/nb\/wp-json\/wp\/v2\/product_tag?post=2062"}],"curies":[{"name":"wp","href":"https:\/\/api.w.org\/{rel}","templated":true}]}}