{"id":2046,"date":"2026-03-25T11:12:02","date_gmt":"2026-03-25T10:12:02","guid":{"rendered":"https:\/\/ingasatiene.com\/?post_type=product&#038;p=2046"},"modified":"2026-03-25T14:40:30","modified_gmt":"2026-03-25T13:40:30","slug":"ph-formula-a-g-e-recovery","status":"publish","type":"product","link":"https:\/\/ingasatiene.com\/nb\/produkt\/ph-formula-a-g-e-recovery\/","title":{"rendered":"pH formula A.G.E recovery"},"content":{"rendered":"<h6>Hudeksperten tipser:<\/h6>\n<p>Vi anbefaler \u00e5 bruke\u00a0POST recovery cream\u00a0sammen med AGE recovery\u00a0for maksimal fukt og beskyttelse av hudbarrieren. Husk: Bruk alltid\u00a0SPF\u00a0p\u00e5 dagtid n\u00e5r du bruker produkter som inneholder Retinol.<\/p>\n<h6>Slik bruker du produktet:<\/h6>\n<ul>\n<li>Rens huden med rens tilpasset din hudtype, deretter klapp huden t\u00f8rr med et h\u00e5ndkle.<\/li>\n<li>P\u00e5f\u00f8r pH formula AGE recovery<\/li>\n<li>Deretter kan du p\u00e5f\u00f8re din dag eller nattkrem, serumet kan ogs\u00e5 brukes alene. Vi anbefaler \u00e5 bruke\u00a0POST recovery cream for maksimal fukt og beskyttelse av hudbarrieren.<\/li>\n<\/ul>","protected":false},"excerpt":{"rendered":"<p>pH formula AGE recovery er et serum som minsker synligheten av linjer og rynker, serumet er rikt\u00a0p\u00e5 antioksidanter og virker antiinflammatorisk.\u00a0En unik kombinasjon av aktive ingredienser som jobber i synergi for \u00e5 assistere i raskere helling, gi huden bedre helse og forebygge fremtidige skader. Utviklet for en hud med aldringstegn.<\/p>","protected":false},"featured_media":2097,"comment_status":"open","ping_status":"closed","template":"","meta":{"site-sidebar-layout":"default","site-content-layout":"","ast-site-content-layout":"default","site-content-style":"default","site-sidebar-style":"default","ast-global-header-display":"","ast-banner-title-visibility":"","ast-main-header-display":"","ast-hfb-above-header-display":"","ast-hfb-below-header-display":"","ast-hfb-mobile-header-display":"","site-post-title":"","ast-breadcrumbs-content":"","ast-featured-img":"","footer-sml-layout":"","ast-disable-related-posts":"","theme-transparent-header-meta":"default","adv-header-id-meta":"","stick-header-meta":"","header-above-stick-meta":"","header-main-stick-meta":"","header-below-stick-meta":"","astra-migrate-meta-layouts":"set","ast-page-background-enabled":"default","ast-page-background-meta":{"desktop":{"background-color":"var(--ast-global-color-4)","background-image":"","background-repeat":"repeat","background-position":"center center","background-size":"auto","background-attachment":"scroll","background-type":"","background-media":"","overlay-type":"","overlay-color":"","overlay-opacity":"","overlay-gradient":""},"tablet":{"background-color":"","background-image":"","background-repeat":"repeat","background-position":"center center","background-size":"auto","background-attachment":"scroll","background-type":"","background-media":"","overlay-type":"","overlay-color":"","overlay-opacity":"","overlay-gradient":""},"mobile":{"background-color":"","background-image":"","background-repeat":"repeat","background-position":"center center","background-size":"auto","background-attachment":"scroll","background-type":"","background-media":"","overlay-type":"","overlay-color":"","overlay-opacity":"","overlay-gradient":""}},"ast-content-background-meta":{"desktop":{"background-color":"var(--ast-global-color-5)","background-image":"","background-repeat":"repeat","background-position":"center center","background-size":"auto","background-attachment":"scroll","background-type":"","background-media":"","overlay-type":"","overlay-color":"","overlay-opacity":"","overlay-gradient":""},"tablet":{"background-color":"var(--ast-global-color-5)","background-image":"","background-repeat":"repeat","background-position":"center center","background-size":"auto","background-attachment":"scroll","background-type":"","background-media":"","overlay-type":"","overlay-color":"","overlay-opacity":"","overlay-gradient":""},"mobile":{"background-color":"var(--ast-global-color-5)","background-image":"","background-repeat":"repeat","background-position":"center center","background-size":"auto","background-attachment":"scroll","background-type":"","background-media":"","overlay-type":"","overlay-color":"","overlay-opacity":"","overlay-gradient":""}}},"product_brand":[],"product_cat":[45],"product_tag":[],"class_list":{"0":"post-2046","1":"product","2":"type-product","3":"status-publish","4":"has-post-thumbnail","6":"product_cat-ph-formula","7":"desktop-align-center","8":"tablet-align-left","9":"mobile-align-left","11":"first","12":"instock","13":"shipping-taxable","14":"purchasable","15":"product-type-simple"},"_links":{"self":[{"href":"https:\/\/ingasatiene.com\/nb\/wp-json\/wp\/v2\/product\/2046","targetHints":{"allow":["GET"]}}],"collection":[{"href":"https:\/\/ingasatiene.com\/nb\/wp-json\/wp\/v2\/product"}],"about":[{"href":"https:\/\/ingasatiene.com\/nb\/wp-json\/wp\/v2\/types\/product"}],"replies":[{"embeddable":true,"href":"https:\/\/ingasatiene.com\/nb\/wp-json\/wp\/v2\/comments?post=2046"}],"wp:featuredmedia":[{"embeddable":true,"href":"https:\/\/ingasatiene.com\/nb\/wp-json\/wp\/v2\/media\/2097"}],"wp:attachment":[{"href":"https:\/\/ingasatiene.com\/nb\/wp-json\/wp\/v2\/media?parent=2046"}],"wp:term":[{"taxonomy":"product_brand","embeddable":true,"href":"https:\/\/ingasatiene.com\/nb\/wp-json\/wp\/v2\/product_brand?post=2046"},{"taxonomy":"product_cat","embeddable":true,"href":"https:\/\/ingasatiene.com\/nb\/wp-json\/wp\/v2\/product_cat?post=2046"},{"taxonomy":"product_tag","embeddable":true,"href":"https:\/\/ingasatiene.com\/nb\/wp-json\/wp\/v2\/product_tag?post=2046"}],"curies":[{"name":"wp","href":"https:\/\/api.w.org\/{rel}","templated":true}]}}