{"id":1962,"date":"2026-02-12T08:45:08","date_gmt":"2026-02-12T08:45:08","guid":{"rendered":"https:\/\/ingasatiene.com\/?post_type=product&#038;p=1962"},"modified":"2026-02-12T08:46:31","modified_gmt":"2026-02-12T08:46:31","slug":"marineomega","status":"publish","type":"product","link":"https:\/\/ingasatiene.com\/nb\/produkt\/marineomega\/","title":{"rendered":"MarineOmega"},"content":{"rendered":"<div class=\"description_2RL-k\">MarineOmega er et kosttilskudd som er utviklet for \u00e5 st\u00f8tte kostholdet ditt med essensielle omega-3-fettsyrer, takket v\u00e6re fiske- og krillolje - og leverer over 700 mg EPA og 500 mg DHA i bare to softgels per dag. Med et daglig inntak p\u00e5 250 mg EPA og DHA bidrar MarineOmega til normal hjertefunksjon, mens 250 mg DHA bidrar til \u00e5 opprettholde hjernefunksjon og syn.<\/div>\n<div><\/div>\n<div class=\"netto_RqS-H\"><span class=\"nettoLabel_BpJ0H\"><strong>Netto vekt<\/strong>:<\/span>\u00a090 g<\/div>","protected":false},"excerpt":{"rendered":"<p>MarineOmega er et kosttilskudd som er utviklet for \u00e5 st\u00f8tte kostholdet ditt med essensielle omega-3-fettsyrer, inkludert EPA (eikosapentaensyre) og DHA (dokosaheksaensyre). Disse n\u00e6ringsstoffene er viktige for at viktige strukturer og systemer i kroppen skal fungere sunt. Siden omega-3-fettsyrer ikke kan produseres av kroppen, m\u00e5 de tilf\u00f8res gjennom maten, og MarineOmega er en praktisk kilde til disse fettsyrene.<\/p>\n<p>MarineOmega har ogs\u00e5 en innovativ softgel-teknologi med forsinket frigj\u00f8ring som reduserer ubehagelig lukt og ettersmak som ofte forbindes med fiskeolje. De klare, glatte kapslene er lette \u00e5 svelge og er utformet for \u00e5 beskytte syref\u00f8lsomme ingredienser.<\/p>\n<p>&nbsp;<\/p>\n<p>Opprinnelsesland: Produsert i Italia.<\/p>\n<p>Driftsansvarlige for n\u00e6ringsmiddelvirksomhet: NSE Products Europe BV, Da Vincilaan 9, 1930 Zaventem, Belgia.<\/p>\n<p>&nbsp;<\/p>\n<p>MarineOmega inneholder konsentrert fiskeolje sammen med antarktisk krillolje, som gir et h\u00f8yt niv\u00e5 av EPA og DHA - to av de viktigste omega-3-fettsyrene. Denne formelen gir flere fordeler:<\/p>\n<ul>\n<li>Et daglig inntak p\u00e5 250 mg EPA og DHA bidrar til hjertets normale funksjon.<\/li>\n<li>Et daglig inntak p\u00e5 250 mg DHA bidrar til \u00e5 opprettholde en normal hjernefunksjon og et normalt syn.<\/li>\n<\/ul>\n<p>Hvis du tar MarineOmega i henhold til v\u00e5re anbefalinger, tilf\u00f8rer du kroppen din over 700 mg EPA og 500 mg DHA per dag for \u00e5 st\u00f8tte hjerte, hjerne og syn med bare to softgels per dag.<\/p>\n<p>Ta 2 softgels daglig sammen med et m\u00e5ltid, enten samtidig eller hver for seg.<\/p>\n<div class=\"ingredient_XkGkP\">\n<h5 class=\"ingredientLabel_V8VdP\">Alle ingredienser<\/h5>\n<div class=\"ingredientBody_jAn5+\">Fiskeolje, softgel (gelatin, oppstrammende midler: glyserol, pektin, dekstrose), lipidekstrakt fra krepsdyret Antarctic Krill (Euphausia superba), antioksidant: Tocopherol-rikt ekstrakt.<\/div>\n<\/div>\n<div class=\"ingredients_38zjo\">\n<div class=\"ingredient_XkGkP\">\n<div class=\"ingredientBody_jAn5+ imageWrapper_DOqIg nutritionImage_y-1GA\">\n<div class=\"zoomImage_LePny allowZoom_qvbJR image_nXnzV\" data-testid=\"zoomImage\"><img decoding=\"async\" class=\"mainImage_PA61y\" title=\"\" src=\"https:\/\/media.nuskin.com\/transform\/e59dd7d0-67a9-47d5-b056-e003fb1bfc2f\/MarineOmega_nutrition-table_en.webp?quality=95&amp;io=transform:fit,height:1200\" alt=\"MarineOmega_nutrition table_en\" \/><\/div>\n<div data-testid=\"zoomImage\"><\/div>\n<\/div>\n<\/div>\n<div class=\"ingredient_XkGkP\">\n<h5 class=\"ingredientLabel_V8VdP\">Andre ingredienser<\/h5>\n<div class=\"ingredientBody_jAn5+\">Hver dagsdose med MarineOmega inneholder 2156 mg fiskeolje, som er rik p\u00e5 omega-3-fettsyrer og utgj\u00f8r hovedkilden til EPA og DHA i dette produktet. I tillegg inneholder en dagsdose 100 mg krillolje, som ogs\u00e5 bidrar med noen langkjedede omega-3-fettsyrer, inkludert EPA og DHA.<\/div>\n<\/div>\n<\/div>\n<div class=\"ingredient_XkGkP\">\n<ul class=\"ingredientDisclaimers_ScR9b\">\n<li class=\"ingredientDisclaimer_XIVFU\">Allergeninformasjon: inneholder fisk, krepsdyr<\/li>\n<\/ul>\n<\/div>\n<p>ADVARSLER: Ikke overskrid anbefalt daglig dose. Et variert og balansert kosthold og en sunn livsstil er viktig. Et kosttilskudd b\u00f8r ikke brukes som erstatning for et variert og balansert kosthold og en sunn livsstil. M\u00e5 ikke brukes hvis sikkerhetsforseglingen er brutt, skadet eller mangler. Oppbevares utilgjengelig for sm\u00e5 barn. Oppbevar dette produktet p\u00e5 et kj\u00f8lig, t\u00f8rt sted. R\u00e5df\u00f8r deg med lege f\u00f8r du bruker dette produktet hvis du er gravid, ammer eller er under medisinsk behandling. Skal ikke brukes av barn og ungdom under 18 \u00e5r.<\/p>\n<p>&nbsp;<\/p>","protected":false},"featured_media":1967,"comment_status":"open","ping_status":"closed","template":"","meta":{"site-sidebar-layout":"default","site-content-layout":"","ast-site-content-layout":"default","site-content-style":"default","site-sidebar-style":"default","ast-global-header-display":"","ast-banner-title-visibility":"","ast-main-header-display":"","ast-hfb-above-header-display":"","ast-hfb-below-header-display":"","ast-hfb-mobile-header-display":"","site-post-title":"","ast-breadcrumbs-content":"","ast-featured-img":"","footer-sml-layout":"","ast-disable-related-posts":"","theme-transparent-header-meta":"default","adv-header-id-meta":"","stick-header-meta":"","header-above-stick-meta":"","header-main-stick-meta":"","header-below-stick-meta":"","astra-migrate-meta-layouts":"set","ast-page-background-enabled":"default","ast-page-background-meta":{"desktop":{"background-color":"var(--ast-global-color-4)","background-image":"","background-repeat":"repeat","background-position":"center center","background-size":"auto","background-attachment":"scroll","background-type":"","background-media":"","overlay-type":"","overlay-color":"","overlay-opacity":"","overlay-gradient":""},"tablet":{"background-color":"","background-image":"","background-repeat":"repeat","background-position":"center center","background-size":"auto","background-attachment":"scroll","background-type":"","background-media":"","overlay-type":"","overlay-color":"","overlay-opacity":"","overlay-gradient":""},"mobile":{"background-color":"","background-image":"","background-repeat":"repeat","background-position":"center center","background-size":"auto","background-attachment":"scroll","background-type":"","background-media":"","overlay-type":"","overlay-color":"","overlay-opacity":"","overlay-gradient":""}},"ast-content-background-meta":{"desktop":{"background-color":"var(--ast-global-color-5)","background-image":"","background-repeat":"repeat","background-position":"center center","background-size":"auto","background-attachment":"scroll","background-type":"","background-media":"","overlay-type":"","overlay-color":"","overlay-opacity":"","overlay-gradient":""},"tablet":{"background-color":"var(--ast-global-color-5)","background-image":"","background-repeat":"repeat","background-position":"center center","background-size":"auto","background-attachment":"scroll","background-type":"","background-media":"","overlay-type":"","overlay-color":"","overlay-opacity":"","overlay-gradient":""},"mobile":{"background-color":"var(--ast-global-color-5)","background-image":"","background-repeat":"repeat","background-position":"center center","background-size":"auto","background-attachment":"scroll","background-type":"","background-media":"","overlay-type":"","overlay-color":"","overlay-opacity":"","overlay-gradient":""}}},"product_brand":[],"product_cat":[43],"product_tag":[],"class_list":{"0":"post-1962","1":"product","2":"type-product","3":"status-publish","4":"has-post-thumbnail","6":"product_cat-nutritional-products","7":"desktop-align-center","8":"tablet-align-left","9":"mobile-align-left","11":"first","12":"instock","13":"shipping-taxable","14":"purchasable","15":"product-type-simple"},"_links":{"self":[{"href":"https:\/\/ingasatiene.com\/nb\/wp-json\/wp\/v2\/product\/1962","targetHints":{"allow":["GET"]}}],"collection":[{"href":"https:\/\/ingasatiene.com\/nb\/wp-json\/wp\/v2\/product"}],"about":[{"href":"https:\/\/ingasatiene.com\/nb\/wp-json\/wp\/v2\/types\/product"}],"replies":[{"embeddable":true,"href":"https:\/\/ingasatiene.com\/nb\/wp-json\/wp\/v2\/comments?post=1962"}],"wp:featuredmedia":[{"embeddable":true,"href":"https:\/\/ingasatiene.com\/nb\/wp-json\/wp\/v2\/media\/1967"}],"wp:attachment":[{"href":"https:\/\/ingasatiene.com\/nb\/wp-json\/wp\/v2\/media?parent=1962"}],"wp:term":[{"taxonomy":"product_brand","embeddable":true,"href":"https:\/\/ingasatiene.com\/nb\/wp-json\/wp\/v2\/product_brand?post=1962"},{"taxonomy":"product_cat","embeddable":true,"href":"https:\/\/ingasatiene.com\/nb\/wp-json\/wp\/v2\/product_cat?post=1962"},{"taxonomy":"product_tag","embeddable":true,"href":"https:\/\/ingasatiene.com\/nb\/wp-json\/wp\/v2\/product_tag?post=1962"}],"curies":[{"name":"wp","href":"https:\/\/api.w.org\/{rel}","templated":true}]}}