{"id":1581,"date":"2026-01-28T12:04:50","date_gmt":"2026-01-28T12:04:50","guid":{"rendered":"https:\/\/ingasatiene.com\/?post_type=product&#038;p=1581"},"modified":"2026-02-10T08:58:23","modified_gmt":"2026-02-10T08:58:23","slug":"ageloc-galvanic-spa-facial-gels-for-anti-ageing-device-1-box","status":"publish","type":"product","link":"https:\/\/ingasatiene.com\/nb\/produkt\/ageloc-galvanic-spa-facial-gels-for-anti-ageing-device-1-box\/","title":{"rendered":"ageLOC Galvanic Spa Facial Gels for Anti-Ageing Device - 1 eske"},"content":{"rendered":"<p>ageLOC Pre-Treat Gel og ageLOC Treatment Gel fungerer sammen med ageLOC Galvanic Spa-apparatet for \u00e5 fjerne urenheter og forbedre hudens fuktighet, slik at huden f\u00f8les myk, ren og oppfrisket. ageLOC-ingrediensene retter seg mot de synlige tegnene p\u00e5 hudens aldring og bidrar til \u00e5 gi deg et ungdommelig utseende.<\/p>\n<p>Alt som skal til, er en enkel totrinnsprosess som fungerer litt som et sett med magneter. Ved hjelp av en negativ galvanisk str\u00f8m frast\u00f8ter apparatet den negativt ladede Pre-Treat Gel inn i overhuden, hvor den beroliger og pleier huden, binder seg til urenheter og forbereder den positivt ladede Treatment Gel som f\u00f8lger etter.<\/p>\n<p>Ved hjelp av en positiv ladning under behandlingstrinnet trekker apparatet ut de negativt ladede urenhetene som ble m\u00e5lrettet under forbehandlingstrinnet, samtidig som ageLOC-ingrediensene tilf\u00f8res huden.<\/p>\n<h3>Begge gelene sammen med ageLOC Galvanic Spa:<\/h3>\n<ul>\n<li>Bidrar til \u00e5 synliggj\u00f8re linjer og rynker og gir et fastere, mer l\u00f8ftet, konturert og str\u00e5lende utseende p\u00e5 bare fem minutter*.<\/li>\n<li>Revitaliser hudens utseende med synlige resultater som andre vil legge merke til - alt p\u00e5 bare noen f\u00e5 femminutters \u00f8kter hver uke*.<\/li>\n<li>Forbedrer hudens naturlige gl\u00f8d ved \u00e5 fjerne urenheter.<\/li>\n<li>Galvanisk str\u00f8m st\u00f8tter tilf\u00f8rselen av gunstige ingredienser til overhuden.<\/li>\n<\/ul>\n<h3>Forbehandle gelen med ageLOC Galvanic Spa:<\/h3>\n<ul>\n<li>Binder urenheter og renser porene.<\/li>\n<li>L\u00f8ser opp og gj\u00f8r overfl\u00f8dig ansiktsolje flytende.<\/li>\n<\/ul>\n<h3>Behandlingsgel med ageLOC Galvanic Spa:<\/h3>\n<ul>\n<li>ageLOC-ingrediensene retter seg mot kildene til aldring for \u00e5 bevare et ungdommelig utseende og redusere forekomsten av aldring.<\/li>\n<li>Fjerner urenheter som er m\u00e5lrettet i forbehandlingstrinnet.<\/li>\n<li>Forbedrer hudens fuktighet og etterlater en utrolig myk, ren og oppfrisket f\u00f8lelse.<\/li>\n<\/ul>\n<div class=\"productIngredients_HvCeD\" data-v-334c525f=\"\">\n<div class=\"root_JCPsA\" data-v-334c525f=\"\">\n<h3 class=\"productName_C7w5j\">Gel til forbehandling<\/h3>\n<div class=\"ingredient_XkGkP\">\n<h5 class=\"ingredientLabel_V8VdP\">Alle ingredienser<\/h5>\n<div class=\"ingredientBody_jAn5+\">Aqua, butylenglykol, glyserin, kaprylylglykol, Calendula Officinalis blomsterekstrakt, Macrocystis Pyrifera ekstrakt, Vanilla Planifolia fruktekstrakt, hydroksypropylmetylcellulose, kaliumkokosylglutamat, polysorbat 20, karbomer, glyserylakrylat\/akrylsyrekopolymer, dinatrium-EDTA, kaliumhydroksid, sitronsyre, klorfenesin, fenoksyetanol.<\/div>\n<\/div>\n<\/div>\n<div class=\"divider_1HsXn\" data-v-334c525f=\"\"><\/div>\n<\/div>\n<div class=\"productIngredients_HvCeD\" data-v-334c525f=\"\">\n<div class=\"root_JCPsA\" data-v-334c525f=\"\">\n<h3 class=\"productName_C7w5j\">Behandlingsgel med ageLOC<\/h3>\n<div class=\"ingredient_XkGkP\">\n<h5 class=\"ingredientLabel_V8VdP\">Alle ingredienser<\/h5>\n<div class=\"ingredientBody_jAn5+\">Aqua, butylenglykol, glyserin, arginin, adenosin, Oryza Sativa-ekstrakt, Jania Rubens-ekstrakt, Camellia Sinensis-bladekstrakt, Jasminum Officinale-ekstrakt, Santalum Album-olje, Narcissus Tazetta-lampeekstrakt, Schisandra Chinensis-fruktekstrakt, Rosa Damascena-blomsterolje, tokoferylnikotinat, Isoceteth-20, Oleth-10, Polysorbate 20, Kaliumkokosylglutamat, Hydroxypropyl Methylcellulose, Xanthan Gum, Glyceryl Acrylate\/Acrylic Acid Copolymer, Disodium EDTA, Sitronsyre, Klorfenesin, Natrium Benzoat, Fenoksyetanol, Kalium Sorbat, Benzosyre, Sorbinsyre.<\/div>\n<\/div>\n<div><\/div>\n<\/div>\n<\/div>","protected":false},"excerpt":{"rendered":"<p>Ansiktsgeler kombinert med ageLOC Galvanic Spa-apparatet strammer opp og l\u00f8fter huden, samtidig som urenheter fjernes og linjer og rynker synlig reduseres.<\/p>","protected":false},"featured_media":1587,"comment_status":"open","ping_status":"closed","template":"","meta":{"site-sidebar-layout":"default","site-content-layout":"","ast-site-content-layout":"default","site-content-style":"default","site-sidebar-style":"default","ast-global-header-display":"","ast-banner-title-visibility":"","ast-main-header-display":"","ast-hfb-above-header-display":"","ast-hfb-below-header-display":"","ast-hfb-mobile-header-display":"","site-post-title":"","ast-breadcrumbs-content":"","ast-featured-img":"","footer-sml-layout":"","ast-disable-related-posts":"","theme-transparent-header-meta":"default","adv-header-id-meta":"","stick-header-meta":"","header-above-stick-meta":"","header-main-stick-meta":"","header-below-stick-meta":"","astra-migrate-meta-layouts":"set","ast-page-background-enabled":"default","ast-page-background-meta":{"desktop":{"background-color":"var(--ast-global-color-4)","background-image":"","background-repeat":"repeat","background-position":"center center","background-size":"auto","background-attachment":"scroll","background-type":"","background-media":"","overlay-type":"","overlay-color":"","overlay-opacity":"","overlay-gradient":""},"tablet":{"background-color":"","background-image":"","background-repeat":"repeat","background-position":"center center","background-size":"auto","background-attachment":"scroll","background-type":"","background-media":"","overlay-type":"","overlay-color":"","overlay-opacity":"","overlay-gradient":""},"mobile":{"background-color":"","background-image":"","background-repeat":"repeat","background-position":"center center","background-size":"auto","background-attachment":"scroll","background-type":"","background-media":"","overlay-type":"","overlay-color":"","overlay-opacity":"","overlay-gradient":""}},"ast-content-background-meta":{"desktop":{"background-color":"var(--ast-global-color-5)","background-image":"","background-repeat":"repeat","background-position":"center center","background-size":"auto","background-attachment":"scroll","background-type":"","background-media":"","overlay-type":"","overlay-color":"","overlay-opacity":"","overlay-gradient":""},"tablet":{"background-color":"var(--ast-global-color-5)","background-image":"","background-repeat":"repeat","background-position":"center center","background-size":"auto","background-attachment":"scroll","background-type":"","background-media":"","overlay-type":"","overlay-color":"","overlay-opacity":"","overlay-gradient":""},"mobile":{"background-color":"var(--ast-global-color-5)","background-image":"","background-repeat":"repeat","background-position":"center center","background-size":"auto","background-attachment":"scroll","background-type":"","background-media":"","overlay-type":"","overlay-color":"","overlay-opacity":"","overlay-gradient":""}}},"product_brand":[],"product_cat":[39],"product_tag":[],"class_list":{"0":"post-1581","1":"product","2":"type-product","3":"status-publish","4":"has-post-thumbnail","6":"product_cat-beauty-device-systems","7":"desktop-align-center","8":"tablet-align-left","9":"mobile-align-left","11":"first","12":"instock","13":"shipping-taxable","14":"purchasable","15":"product-type-simple"},"_links":{"self":[{"href":"https:\/\/ingasatiene.com\/nb\/wp-json\/wp\/v2\/product\/1581","targetHints":{"allow":["GET"]}}],"collection":[{"href":"https:\/\/ingasatiene.com\/nb\/wp-json\/wp\/v2\/product"}],"about":[{"href":"https:\/\/ingasatiene.com\/nb\/wp-json\/wp\/v2\/types\/product"}],"replies":[{"embeddable":true,"href":"https:\/\/ingasatiene.com\/nb\/wp-json\/wp\/v2\/comments?post=1581"}],"wp:featuredmedia":[{"embeddable":true,"href":"https:\/\/ingasatiene.com\/nb\/wp-json\/wp\/v2\/media\/1587"}],"wp:attachment":[{"href":"https:\/\/ingasatiene.com\/nb\/wp-json\/wp\/v2\/media?parent=1581"}],"wp:term":[{"taxonomy":"product_brand","embeddable":true,"href":"https:\/\/ingasatiene.com\/nb\/wp-json\/wp\/v2\/product_brand?post=1581"},{"taxonomy":"product_cat","embeddable":true,"href":"https:\/\/ingasatiene.com\/nb\/wp-json\/wp\/v2\/product_cat?post=1581"},{"taxonomy":"product_tag","embeddable":true,"href":"https:\/\/ingasatiene.com\/nb\/wp-json\/wp\/v2\/product_tag?post=1581"}],"curies":[{"name":"wp","href":"https:\/\/api.w.org\/{rel}","templated":true}]}}