{"id":1552,"date":"2026-01-28T09:36:58","date_gmt":"2026-01-28T09:36:58","guid":{"rendered":"https:\/\/ingasatiene.com\/?post_type=product&#038;p=1552"},"modified":"2026-03-05T18:13:08","modified_gmt":"2026-03-05T18:13:08","slug":"lumispa-io-accent-ageloc-lumispa-idealeyes-eye-care-kit-compatible-with-the-lumispa-io-device","status":"publish","type":"product","link":"https:\/\/ingasatiene.com\/nb\/produkt\/lumispa-io-accent-ageloc-lumispa-idealeyes-eye-care-kit-compatible-with-the-lumispa-io-device\/","title":{"rendered":"LumiSpa iO Accent &amp; ageLOC LumiSpa IdealEyes - \u00f8yepleiesett (kompatibel med LumiSpa iO-enheten)"},"content":{"rendered":"<p>Get bright, ready-for-anything eyes with ageLOC LumiSpa iO Accent &amp; ageLOC LumiSpa IdealEyes. Made as an attachment for your ageLOC LumiSpa iO device, the Accent Head has been painstakingly crafted to enable precise cushioning and interaction with your skin. Thanks to the sensors in the LumiSpa iO Accent Head, your LumiSpa iO device will automatically detect that it has the Accent Head on and will work as recommended to deliver the the benefits. In just one minute a day, together with IdealEyes, the system works hard (and smart) to promote brighter, healthy-looking skin around the eyes. Ideal, isn\u2019t it?<\/p>\n<ul>\n<li>L\u00f8fter og strammer synlig opp huden under \u00f8ynene og de \u00f8vre \u00f8yelokkene.<\/li>\n<li>Helps the skin around your eyes look firmer.<\/li>\n<li>Suitable for all skin types.<\/li>\n<li>The Accent Head Silicone Tip is made of the softest silicone available for gentle use on delicate skin around the eyes.<\/li>\n<li>Leaves your eye area looking awake and refreshed.<\/li>\n<\/ul>\n<h3 class=\"sectionTitle_iGQAh\">Trinn<\/h3>\n<div class=\"step_fh9sc\">\n<div class=\"stepNumber_R3mij\">1\u00a0 \u00a0Apply ageLOC LumiSpa IdealEyes on the skin around the eye (do not apply on the eyelids or eyes themselves) after you cleanse and tone your face.<\/div>\n<\/div>\n<div class=\"step_fh9sc\">\n<div class=\"stepNumber_R3mij\">2\u00a0 \u00a0Following the bone structure around the eye area, glide LumiSpa Accent iO using slow gentle motion. Avoid placing the Accent iO tip directly on the eyelids.<\/div>\n<\/div>\n<div class=\"step_fh9sc\">\n<div class=\"stepNumber_R3mij\">3\u00a0 \u00a0Do not scrub or move across the skin quickly. The device will pause briefly after 30 seconds indicating that it\u2019s time to move to the other eye area.<\/div>\n<\/div>\n<div class=\"step_fh9sc\">\n<div class=\"stepNumber_R3mij\">4\u00a0 \u00a0Massage the excess cream into the skin around your eye.<\/div>\n<div><\/div>\n<\/div>\n<div>\n<div class=\"root_y+ekh productDetails_UoG-i\" data-drawer-ingredients=\"drawer-ingredients\">\n<div class=\"body_v2rxJ\" data-testid=\"collapsibleSectionOpen-true\">\n<div class=\"ns-animate-height\" data-v-334c525f=\"\" data-testid=\"height-container\">\n<div data-v-334c525f=\"\">\n<div class=\"slot_7HfpF\" data-v-334c525f=\"\">\n<div class=\"slotContent_8-gqs\" data-v-334c525f=\"\">\n<div data-v-334c525f=\"\">\n<div class=\"whatPowersIt_WmDmq\" data-v-334c525f=\"\">\n<div class=\"productIngredients_HvCeD\" data-v-334c525f=\"\">\n<div class=\"root_JCPsA\" data-v-334c525f=\"\">\n<div class=\"ingredient_XkGkP\">\n<h5 class=\"ingredientLabel_V8VdP\">Alle ingredienser<\/h5>\n<div class=\"ingredientBody_jAn5+\">Aqua, Glycerin, Dicaprylyl Carbonate, Tribehenin PEG-20 Esters, Dimethicone, Squalane, Cetearyl Alcohol, Cyclopentasiloxane, Octyldodecanol, C12-15 Alkyl Benzoate, Butylene Glycol, Caprylic\/Capric Triglyceride, Tetrahexyldecyl Ascorbate, Geranylgeranylisopropanol,Pentylene Glycol, PEG-8, Sodium Lactate, Hexylene Glycol, Cyclohexasiloxane, Tribehenin, Ribes Nigrum Seed Oil, Hydrogenated Lecithin, Kappaphycus Alvarezii Extract, Helianthus Annuus Seed Oil Unsaponifiables, Caprylyl Glycol, Hydroxyphenyl Propamidobenzoic Acid, Palmitoyl Hexapeptide-12, Palmitoyl Tripeptide-1, Palmitoyl Tetrapeptide-7, Caffeine, Bisabolol, Ceramide NG, Chlorella Vulgaris Extract, Adenosine, Cardiospermum Halicacabum Flower\/Leaf\/Vine Extract, Helianthus Annuus Seed Oil, Schizandra Chinensis Fruit Extract, Narcissus Tazetta Bulb Extract, Darutoside, Rosmarinus Officinalis Leaf Extract, Caesalpinia Spinosa Fruit Extract, Xanthan Gum, Glyceryl Acrylate\/Acrylic Acid Copolymer, Carbomer, Sodium Methyl Stearoyl Taurate, PEG-10 Phytosterol, Polysorbate 20, Albizia Julibrissin Bark Extract, Sodium Hydroxide, Lactic Acid, Hydroxyacetophenone, Tocopherol, Ascorbyl Palmitate,Chlorphenesin, Phenoxyethanol, Sodium Benzoate, Potassium Sorbate.<\/div>\n<div><\/div>\n<div>\n<div class=\"disclaimer_LqemA\">(1) Third-party professional assessment based on a 12-week in vivo study featuring 30 women between 25 and 65 years old who had sagging skin or fines lines and wrinkles around the eye area. ageLOC LumiSpa IdealEyes was applied on the eye area and ageLOC LumiSpa Accent was used for 30 seconds on each eye area, twice per day. The study included self-assessment by the subjects, a clinical grader and instrumentation evaluations at baseline, post-application, weeks one, two, four, eight and twelve.<\/div>\n<div class=\"disclaimer_LqemA\">(2) Clinical study conducted on ageLOC LumiSpa Accent System. The results and efficacy can be extrapolated to ageLOC LumiSpa iO Accent System.<\/div>\n<\/div>\n<\/div>\n<\/div>\n<\/div>\n<\/div>\n<\/div>\n<\/div>\n<\/div>\n<\/div>\n<\/div>\n<\/div>\n<\/div>\n<div class=\"root_y+ekh productDetails_UoG-i\" data-drawer-faqs=\"drawer-faqs\">\n<div class=\"header_B4uWq\" data-testid=\"collapsibleSectionClick\" data-testid-value=\"frequentlyAskedQuestions\">\n<div class=\"headerContent_Z43Gw\"><\/div>\n<\/div>\n<div class=\"body_v2rxJ\" data-testid=\"collapsibleSectionOpen-false\">\n<div class=\"ns-animate-height\" data-v-334c525f=\"\" data-testid=\"height-container\">\n<div data-v-334c525f=\"\">\n<div class=\"slot_7HfpF\" data-v-334c525f=\"\">\n<div class=\"slotContent_8-gqs\" data-v-334c525f=\"\">\n<div class=\"root_r9EXP\" data-v-334c525f=\"\">\n<div class=\"root_DNm7y\" data-testid=\"faq\">\n<div class=\"header_wHBVW\" data-testid=\"accordionClick\"><\/div>\n<\/div>\n<\/div>\n<\/div>\n<\/div>\n<\/div>\n<\/div>\n<\/div>\n<\/div>\n<\/div>\n<p>&nbsp;<\/p>","protected":false},"excerpt":{"rendered":"<div class=\"description_2RL-k\">Your eyecare regimen, elevated. The one-of-kind Accent Head pairs perfectly with ageLOC LumiSpa iO device, helping you invigorate the delicate skin around your eyes.<\/div>\n<div class=\"netto_RqS-H\"><span class=\"nettoLabel_BpJ0H\">Netto vekt:<\/span>\u00a017 g (Accent head) and 15 ml (IdealEyes cream)<\/div>","protected":false},"featured_media":1558,"comment_status":"open","ping_status":"closed","template":"","meta":{"site-sidebar-layout":"default","site-content-layout":"","ast-site-content-layout":"default","site-content-style":"default","site-sidebar-style":"default","ast-global-header-display":"","ast-banner-title-visibility":"","ast-main-header-display":"","ast-hfb-above-header-display":"","ast-hfb-below-header-display":"","ast-hfb-mobile-header-display":"","site-post-title":"","ast-breadcrumbs-content":"","ast-featured-img":"","footer-sml-layout":"","ast-disable-related-posts":"","theme-transparent-header-meta":"default","adv-header-id-meta":"","stick-header-meta":"","header-above-stick-meta":"","header-main-stick-meta":"","header-below-stick-meta":"","astra-migrate-meta-layouts":"set","ast-page-background-enabled":"default","ast-page-background-meta":{"desktop":{"background-color":"var(--ast-global-color-4)","background-image":"","background-repeat":"repeat","background-position":"center center","background-size":"auto","background-attachment":"scroll","background-type":"","background-media":"","overlay-type":"","overlay-color":"","overlay-opacity":"","overlay-gradient":""},"tablet":{"background-color":"","background-image":"","background-repeat":"repeat","background-position":"center center","background-size":"auto","background-attachment":"scroll","background-type":"","background-media":"","overlay-type":"","overlay-color":"","overlay-opacity":"","overlay-gradient":""},"mobile":{"background-color":"","background-image":"","background-repeat":"repeat","background-position":"center center","background-size":"auto","background-attachment":"scroll","background-type":"","background-media":"","overlay-type":"","overlay-color":"","overlay-opacity":"","overlay-gradient":""}},"ast-content-background-meta":{"desktop":{"background-color":"var(--ast-global-color-5)","background-image":"","background-repeat":"repeat","background-position":"center center","background-size":"auto","background-attachment":"scroll","background-type":"","background-media":"","overlay-type":"","overlay-color":"","overlay-opacity":"","overlay-gradient":""},"tablet":{"background-color":"var(--ast-global-color-5)","background-image":"","background-repeat":"repeat","background-position":"center center","background-size":"auto","background-attachment":"scroll","background-type":"","background-media":"","overlay-type":"","overlay-color":"","overlay-opacity":"","overlay-gradient":""},"mobile":{"background-color":"var(--ast-global-color-5)","background-image":"","background-repeat":"repeat","background-position":"center center","background-size":"auto","background-attachment":"scroll","background-type":"","background-media":"","overlay-type":"","overlay-color":"","overlay-opacity":"","overlay-gradient":""}}},"product_brand":[],"product_cat":[39],"product_tag":[],"class_list":{"0":"post-1552","1":"product","2":"type-product","3":"status-publish","4":"has-post-thumbnail","6":"product_cat-beauty-device-systems","7":"desktop-align-center","8":"tablet-align-left","9":"mobile-align-left","11":"first","12":"instock","13":"shipping-taxable","14":"purchasable","15":"product-type-simple"},"_links":{"self":[{"href":"https:\/\/ingasatiene.com\/nb\/wp-json\/wp\/v2\/product\/1552","targetHints":{"allow":["GET"]}}],"collection":[{"href":"https:\/\/ingasatiene.com\/nb\/wp-json\/wp\/v2\/product"}],"about":[{"href":"https:\/\/ingasatiene.com\/nb\/wp-json\/wp\/v2\/types\/product"}],"replies":[{"embeddable":true,"href":"https:\/\/ingasatiene.com\/nb\/wp-json\/wp\/v2\/comments?post=1552"}],"wp:featuredmedia":[{"embeddable":true,"href":"https:\/\/ingasatiene.com\/nb\/wp-json\/wp\/v2\/media\/1558"}],"wp:attachment":[{"href":"https:\/\/ingasatiene.com\/nb\/wp-json\/wp\/v2\/media?parent=1552"}],"wp:term":[{"taxonomy":"product_brand","embeddable":true,"href":"https:\/\/ingasatiene.com\/nb\/wp-json\/wp\/v2\/product_brand?post=1552"},{"taxonomy":"product_cat","embeddable":true,"href":"https:\/\/ingasatiene.com\/nb\/wp-json\/wp\/v2\/product_cat?post=1552"},{"taxonomy":"product_tag","embeddable":true,"href":"https:\/\/ingasatiene.com\/nb\/wp-json\/wp\/v2\/product_tag?post=1552"}],"curies":[{"name":"wp","href":"https:\/\/api.w.org\/{rel}","templated":true}]}}