{"id":1538,"date":"2026-01-28T08:50:59","date_gmt":"2026-01-28T08:50:59","guid":{"rendered":"https:\/\/ingasatiene.com\/?post_type=product&#038;p=1538"},"modified":"2026-02-10T08:59:34","modified_gmt":"2026-02-10T08:59:34","slug":"ageloc-lumispa-io-rose-gold-cleansing-kit-normal-to-combo-skin","status":"publish","type":"product","link":"https:\/\/ingasatiene.com\/nb\/produkt\/ageloc-lumispa-io-rose-gold-cleansing-kit-normal-to-combo-skin\/","title":{"rendered":"ageLOC LumiSpa iO Rose Gold rensesett - Normal til kombinert hud"},"content":{"rendered":"<p>Hello, iO. ageLOC LumiSpa iO System inputs (i) smart skin care and outputs (o) radiant, healthy-looking skin. How? Input innovative, profound cleansing, exfoliating and skin renewal system with intelligent coaching, personalised skincare routines, IoT technology\u2014and more\u2014through the Nu Skin VERA app. Output radiant, soft, smooth, and selfie-ready skin &#8211; all day, every day. Designed to match your normal\/combination skin\u2019s unique needs: the cleanser in this kit is formulated with Coco-Betaine, combined with Glycerin and a blend of selected algae and plants extracts such as Milk Thistle Oil, Porphyra Umbilicalis Extract, and Nannochloropsis Oculata Extract, to help balance skin\u2019s natural moisture barrier.<\/p>\n<h3 class=\"subtitle_B9sAN\">What&#8217;s included<\/h3>\n<ul class=\"includedList_T540a\">\n<li class=\"includedItem_+aCWm\">1 ageLOC LumiSpa iO Rose Gold device<\/li>\n<li class=\"includedItem_+aCWm\">1 ageLOC LumiSpa iO Rose Gold Silicone Head \u2013 Normal<\/li>\n<li class=\"includedItem_+aCWm\">1 ageLOC LumiSpa Activating Cleanser \u2013 Normal to Combination Skin<\/li>\n<li class=\"includedItem_+aCWm\">ageLOC LumiSpa iO Magnetic Charger<\/li>\n<\/ul>\n<h3>Skin Benefits<\/h3>\n<ul>\n<li>Seven clinically proven skin benefits that amplify over time: thorough cleansing, softness, smoothness, radiance, reduced appearance of pores, clarity, freshness.<\/li>\n<li>Helps you get the most out of the next products in your skincare routine.<\/li>\n<li>Thoroughly cleanses and exfoliates the skin to remove all traces of makeup, dirt, oil, and daily grime.<\/li>\n<li>Specially formulated to work with ageLOC LumiSpa Activating Cleansers that enable precise cushioning and interaction between the ageLOC LumiSpa\u2019s Silicone Head and your skin and help you achieve the clinically proven benefits your skin loves!<\/li>\n<\/ul>\n<h3>Device Features<\/h3>\n<ul>\n<li>A smart, waterproof, rechargeable handheld device with Bluetooth that pairs with the Nu Skin VERA app (available on App Store and Play Store).<\/li>\n<li>Features three Silicone Heads: Gentle (sensitive or easily irritated skin), Normal (universal), and Firm (oily or resilient skin). These soft, non-abrasive silicone surfaces are more hygienic than brushes commonly found in the market.<\/li>\n<li>Features a proprietary Two-Sense Motion Technology that exfoliates the skin and draws out dirt, oil, makeup, pollutants, and toxins with a gentle cleansing action. Combined with the Activating Cleansers, it promotes skin renewal, improves skin radiance, and reduces pore appearance.<\/li>\n<\/ul>\n<h3>Nu Skin VERA app Features<\/h3>\n<ul>\n<li>LumiSpa iO Synchronised Skin Care Routines and how-to illustrations lead you every step of the way to youthful, healthy-looking skin care results.<\/li>\n<li>With smart sensors and a connected app, get added intelligent guidance about the pressure, motion, and coverage of your application.<\/li>\n<li>Send and save LumiSpa iO Customised Skin Care Routines from your phone to your device with the app or create your own LumiSpa Skincare Routine by adjusting the time and facial areas.<\/li>\n<li>Track your skin\u2019s progress \u2013 fast results from week to week and any day in between with the Selfie Timeline.<\/li>\n<li>Easy Reordering so you always have your Silicone Head and Activating Cleanser on hand.<\/li>\n<li>Usage trends, insights, and awards to help you stay motivated and consistent.<\/li>\n<\/ul>\n<h5 class=\"ingredientLabel_V8VdP\">All Ingredients<\/h5>\n<div class=\"ingredientBody_jAn5+\">Aqua, Coco-Betaine, Sodium Cocoyl Glycinate, Glycerin, Propanediol, Acrylates Copolymer, Sodium Chloride, Diisopropyl Sebacate, PEG-8, Nannochloropsis Oculata Extract, Silybum Marianum Seed Oil, Oryza Sativa Extract, Schizandra Chinensis Fruit Extract, Porphyra Umbilicalis Extract, Narcissus Tazetta Bulb Extract, Rhododendron Ferrugineum Extract, Polyquaternium-39, Glycol Distearate, Dimethyl Cocamine, Acrylates\/C10-30 Alkyl Acrylate Crosspolymer, Synthetic Fluorphlogopite, Tin Oxide, Caprylhydroxamic Acid, Disodium EDTA, Sodium Citrate, Sodium Hydroxide, Disodium Phosphate, Parfum, Phenoxyethanol, Chlorphenesin, Sodium Benzoate, Potassium Sorbate, Linalool, [CI 77891].<\/div>\n<div><\/div>\n<div>\n<div>\n<div class=\"disclaimer_LqemA\">(1) Any commercial warranty offered by Nu Skin does not affect your legal rights as a consumer for non conformity of the product as provided by local law.<\/div>\n<div class=\"disclaimer_LqemA\">(2) Clinical studies conducted on ageLOC LumiSpa System. The results and efficacy can be extrapolated to ageLOC LumiSpa iO System.<\/div>\n<div class=\"disclaimer_LqemA\">*\/**\/***Results obtained from a third-party professional assessment based on a 12-week in-vivo consumer use study featuring 150 female subjects, from 35 to 65 years old, with different skin types. All subjects were instructed to use the LumiSpa System corresponding to their skin type, in place of their normal facial cleanser, morning and night, for 12 weeks. Results extracted above correspond to:<\/div>\n<div class=\"disclaimer_LqemA\">*\/**\/***Results obtained from a third-party professional assessment based on a 12-week in-vivo consumer use study featuring 150 female subjects, from 35 to 65 years old, with different skin types. All subjects were instructed to use the LumiSpa System corresponding to their skin type, in place of their normal facial cleanser, morning and night, for 12 weeks. Results extracted above correspond to:<\/div>\n<div class=\"disclaimer_LqemA\">*The proportion of subjects who had visible skin improvement observed by the clinical grader at the end of the study (all combinations of skin types\/LumiSpa Cleansers\/Silicone Heads).<\/div>\n<div class=\"disclaimer_LqemA\">**The observations made by the clinical grader after 12 weeks. The subjects were instructed to use the ageLOC LumiSpa with the Gentle Head and Sensitive Cleanser, Normal Head with Normal to Combo Cleanser and Firm Head with Oily Cleanser.<\/div>\n<div class=\"disclaimer_LqemA\">***The observations made by the clinical grader, after 12 weeks on the facial skin after using one of the 3 following systems, Normal to Combo Skin\/Normal Head (improvement of 53.6%), Dry Skin\/Normal Head (improvement of 62.1%), Oily Skin\/Firm Head (improvement of 56.5%), twice a day for 12 weeks.<\/div>\n<\/div>\n<div>\n<div class=\"warning_-sJ4F\">\n<div class=\"warningBody_oPsFx\" data-disclaimer-drawer-html=\"disclaimer-drawer-html\">\n<p><strong>Particular precautions of use<\/strong> : To reduce the risk for your health check with physician before use if you are pregnant, have a pacemaker or similar device, are epileptic, have metal braces, have a metal implant, or in case of illness. Use product only as described in the ageLOC LumiSpa iO Owner\u2019s Manual.<\/p>\n<\/div>\n<\/div>\n<div class=\"warning_-sJ4F\">\n<div class=\"warningBody_oPsFx\" data-disclaimer-drawer-html=\"disclaimer-drawer-html\">\n<p><strong>Did you know?<\/strong><\/p>\n<p>From February 8th, 2024, when added to your ADR Subscription, this kit allows you to earn 30 &#8211; 45 Product Points (depending on how long you\u2019ve been an ADR Subscriber). Product points can be later redeemed to purchase other products.<\/p>\n<p>From April 24th, 2024 onwards, you can buy this kit with existing Product Points if you have a minimum of 140 points available on your Nu Skin account. More info\u00a0<a href=\"https:\/\/www.nuskin.com\/content\/dam\/eu-library\/website-content\/opportunity\/adr-subscription\/nu-skin-adr-subscription-terms-and-conditions-en-fr.pdf\" target=\"_blank\" rel=\"noopener\">here<\/a>.<\/p>\n<\/div>\n<\/div>\n<div class=\"warning_-sJ4F\">\n<div class=\"warningBody_oPsFx\" data-disclaimer-drawer-html=\"disclaimer-drawer-html\">\n<p><strong>Nu Skin Vera Connectivity<\/strong><\/p>\n<p>Note that the minimum phone operating system (OS) to connect with ageLOC LumiSpa iO is Android 11 or iOS 13. For all the information about how to connect your ageLOC LumiSpa iO with Nu Skin Vera and more, please visit the Device Care page for <a href=\"https:\/\/www.nuskin.com\/content\/nuskin\/en_FR\/info\/customer-service\/device-care\/ageloc-lumispa-io.html\" target=\"_blank\" rel=\"noopener\">ageLOC LumiSpa iO<\/a> (Customer Service page).<\/p>\n<\/div>\n<\/div>\n<\/div>\n<\/div>\n","protected":false},"excerpt":{"rendered":"<div class=\"description_2RL-k\">LumiSpa iO er en smart, unik skj\u00f8nnhetspleieenhet som bruker patentert teknologi sammen med effektive produkter for \u00e5 gi en ungdommelig og sunn hud. Utformet for \u00e5 matche din normale\/kombinerte huds unike behov: Rengj\u00f8ringsmidlet i dette settet er formulert med Coco-Betaine, kombinert med glyserin og en blanding av utvalgte alge- og planteekstrakter som melketistelolje, Porphyra Umbilicalis-ekstrakt og Nannochloropsis Oculata-ekstrakt, for \u00e5 bidra til \u00e5 balansere hudens naturlige fuktbarriere.<\/div>\n<div class=\"salesDisclaimer_ZtSjR\" data-desktop-sales-disclaimer-html=\"desktop-sales-disclaimer-html\">\n<p><em>ageLOC LumiSpa iO-stativet f\u00f8lger ikke med, men kan kj\u00f8pes separat.<\/em><\/p>\n<\/div>","protected":false},"featured_media":1545,"comment_status":"open","ping_status":"closed","template":"","meta":{"site-sidebar-layout":"default","site-content-layout":"","ast-site-content-layout":"default","site-content-style":"default","site-sidebar-style":"default","ast-global-header-display":"","ast-banner-title-visibility":"","ast-main-header-display":"","ast-hfb-above-header-display":"","ast-hfb-below-header-display":"","ast-hfb-mobile-header-display":"","site-post-title":"","ast-breadcrumbs-content":"","ast-featured-img":"","footer-sml-layout":"","ast-disable-related-posts":"","theme-transparent-header-meta":"default","adv-header-id-meta":"","stick-header-meta":"","header-above-stick-meta":"","header-main-stick-meta":"","header-below-stick-meta":"","astra-migrate-meta-layouts":"set","ast-page-background-enabled":"default","ast-page-background-meta":{"desktop":{"background-color":"var(--ast-global-color-4)","background-image":"","background-repeat":"repeat","background-position":"center center","background-size":"auto","background-attachment":"scroll","background-type":"","background-media":"","overlay-type":"","overlay-color":"","overlay-opacity":"","overlay-gradient":""},"tablet":{"background-color":"","background-image":"","background-repeat":"repeat","background-position":"center center","background-size":"auto","background-attachment":"scroll","background-type":"","background-media":"","overlay-type":"","overlay-color":"","overlay-opacity":"","overlay-gradient":""},"mobile":{"background-color":"","background-image":"","background-repeat":"repeat","background-position":"center center","background-size":"auto","background-attachment":"scroll","background-type":"","background-media":"","overlay-type":"","overlay-color":"","overlay-opacity":"","overlay-gradient":""}},"ast-content-background-meta":{"desktop":{"background-color":"var(--ast-global-color-5)","background-image":"","background-repeat":"repeat","background-position":"center center","background-size":"auto","background-attachment":"scroll","background-type":"","background-media":"","overlay-type":"","overlay-color":"","overlay-opacity":"","overlay-gradient":""},"tablet":{"background-color":"var(--ast-global-color-5)","background-image":"","background-repeat":"repeat","background-position":"center center","background-size":"auto","background-attachment":"scroll","background-type":"","background-media":"","overlay-type":"","overlay-color":"","overlay-opacity":"","overlay-gradient":""},"mobile":{"background-color":"var(--ast-global-color-5)","background-image":"","background-repeat":"repeat","background-position":"center center","background-size":"auto","background-attachment":"scroll","background-type":"","background-media":"","overlay-type":"","overlay-color":"","overlay-opacity":"","overlay-gradient":""}}},"product_brand":[],"product_cat":[39],"product_tag":[],"class_list":{"0":"post-1538","1":"product","2":"type-product","3":"status-publish","4":"has-post-thumbnail","6":"product_cat-beauty-device-systems","7":"desktop-align-center","8":"tablet-align-left","9":"mobile-align-left","11":"first","12":"instock","13":"shipping-taxable","14":"purchasable","15":"product-type-simple"},"_links":{"self":[{"href":"https:\/\/ingasatiene.com\/nb\/wp-json\/wp\/v2\/product\/1538","targetHints":{"allow":["GET"]}}],"collection":[{"href":"https:\/\/ingasatiene.com\/nb\/wp-json\/wp\/v2\/product"}],"about":[{"href":"https:\/\/ingasatiene.com\/nb\/wp-json\/wp\/v2\/types\/product"}],"replies":[{"embeddable":true,"href":"https:\/\/ingasatiene.com\/nb\/wp-json\/wp\/v2\/comments?post=1538"}],"wp:featuredmedia":[{"embeddable":true,"href":"https:\/\/ingasatiene.com\/nb\/wp-json\/wp\/v2\/media\/1545"}],"wp:attachment":[{"href":"https:\/\/ingasatiene.com\/nb\/wp-json\/wp\/v2\/media?parent=1538"}],"wp:term":[{"taxonomy":"product_brand","embeddable":true,"href":"https:\/\/ingasatiene.com\/nb\/wp-json\/wp\/v2\/product_brand?post=1538"},{"taxonomy":"product_cat","embeddable":true,"href":"https:\/\/ingasatiene.com\/nb\/wp-json\/wp\/v2\/product_cat?post=1538"},{"taxonomy":"product_tag","embeddable":true,"href":"https:\/\/ingasatiene.com\/nb\/wp-json\/wp\/v2\/product_tag?post=1538"}],"curies":[{"name":"wp","href":"https:\/\/api.w.org\/{rel}","templated":true}]}}