{"id":1521,"date":"2026-01-28T08:33:46","date_gmt":"2026-01-28T08:33:46","guid":{"rendered":"https:\/\/ingasatiene.com\/?post_type=product&#038;p=1521"},"modified":"2026-02-10T09:00:02","modified_gmt":"2026-02-10T09:00:02","slug":"ageloc-boost-activating-serum","status":"publish","type":"product","link":"https:\/\/ingasatiene.com\/nb\/produkt\/ageloc-boost-activating-serum\/","title":{"rendered":"ageLOC Boost Activating Serum"},"content":{"rendered":"<p>Den inneholder lysnende ingredienser, en fuktighetsgivende plumping-blanding, et ekstrakt av kaviarlimefrukt for sk\u00e5nsom eksfoliering og v\u00e5r egenutviklede ageLOC-blanding som tar tak i de f\u00f8rste synlige tegnene p\u00e5 hudens aldring ved kilden. Formelen virker ogs\u00e5 mot m\u00f8rke flekker takket v\u00e6re ekstrakt av p\u00e5skelilje.<\/p>\n<h3>Se de f\u00f8rste resultatene p\u00e5 bare 7 dager!<\/h3>\n<ul>\n<li>Forsterker hudens naturlige skj\u00f8nnhet for en lysere, fyldigere og mer spenstig hud.<\/li>\n<li>Bidrar til \u00e5 redusere tegn p\u00e5 tidlig aldring og forlenger hudens ungdommelige utseende.<\/li>\n<li>Bidrar til \u00e5 forbedre utseendet p\u00e5 m\u00f8rke flekker takket v\u00e6re p\u00e5skeliljeekstraktet i Activating Serum.<\/li>\n<li>Tilbyr sk\u00e5nsom eksfoliering og fremmer hudens cellefornyelse for en synlig glattere, mer str\u00e5lende, lysende og ungdommelig hud.<\/li>\n<li>Gir lysnende fordeler for en levende og gl\u00f8dende hud.<\/li>\n<\/ul>\n<div class=\"root_y+ekh productDetails_UoG-i\" data-drawer-ingredients=\"drawer-ingredients\">\n<div class=\"body_v2rxJ\" data-testid=\"collapsibleSectionOpen-true\">\n<div class=\"ns-animate-height\" data-v-334c525f=\"\" data-testid=\"height-container\">\n<div data-v-334c525f=\"\">\n<div class=\"slot_7HfpF\" data-v-334c525f=\"\">\n<div class=\"slotContent_8-gqs\" data-v-334c525f=\"\">\n<div data-v-334c525f=\"\">\n<div class=\"whatPowersIt_WmDmq\" data-v-334c525f=\"\">\n<div class=\"productIngredients_HvCeD\" data-v-334c525f=\"\">\n<div class=\"root_JCPsA\" data-v-334c525f=\"\">\n<div class=\"ingredient_XkGkP\">\n<h5 class=\"ingredientLabel_V8VdP\">Alle ingredienser<\/h5>\n<div class=\"ingredientBody_jAn5+\">Aqua, glyserin, butylenglykol, dimetikon, polyglyseryl-6-distearat, tetraheksyldecylaskorbat, natrium PCA, natriumlaktat, mannitol, natriumacetylert hyaluronat, natriumhyaluronat, niacinamid, Citrullus Lanatus-fruktekstrakt, jojobaestere, Lens Esculenta-fruktekstrakt, Pyrus Malus-fruktekstrakt, tokoferylacetat, lecitin, fosfolipider, etylheksylglyserin, Microcitrus Australasica-fruktekstrakt, Pancratium Maritimum-ekstrakt, ergothionein, propandiol, polyglyseryl-6-polyricinoleat, polyglyseryl-3-bivoks, natriumakrylatsampolymer, cetylalkohol, xantangummi, akrylat\/C10-30-alkylakrylat-krysningspolymer, hydroksypropylmetylcellulosestearoksyeter, tetranatriumglutamatdiacetat, natriumhydroksid, aminometylpropanol, fenoksyetanol, klorfenesin, benzosyre, kaliumsorbat, natriumbenzoat.<\/div>\n<\/div>\n<\/div>\n<\/div>\n<\/div>\n<\/div>\n<\/div>\n<\/div>\n<\/div>\n<\/div>\n<\/div>\n<\/div>\n<div class=\"root_y+ekh productDetails_UoG-i\" data-drawer-resources=\"drawer-resources\">\n<div class=\"header_B4uWq\" data-testid=\"collapsibleSectionClick\" data-testid-value=\"resources\">\n<div class=\"headerContent_Z43Gw\"><\/div>\n<\/div>\n<div class=\"body_v2rxJ\" data-testid=\"collapsibleSectionOpen-false\">\n<div class=\"ns-animate-height\" data-v-334c525f=\"\" data-testid=\"height-container\">\n<div data-v-334c525f=\"\">\n<div class=\"slot_7HfpF\" data-v-334c525f=\"\">\n<div class=\"slotContent_8-gqs\" data-v-334c525f=\"\">\n<div class=\"root_VISS9\" data-v-334c525f=\"\">\n<div class=\"resources_7v3uX\">\n<div class=\"icon_tP8PL\">*Resultater fra en profesjonell tredjepartsvurdering basert p\u00e5 en 12-ukers in vivo, enkeltblindet forbrukerstudie med 32 kvinnelige fors\u00f8kspersoner i alderen 25 til 40 \u00e5r som brukte ageLOC Boost-systemet (ageLOC Boost-enheten og ageLOC Boost Activating Serum) \u00e9n gang daglig i 12 uker.<\/div>\n<\/div>\n<\/div>\n<\/div>\n<\/div>\n<\/div>\n<\/div>\n<\/div>\n<\/div>","protected":false},"excerpt":{"rendered":"<p>La huden din str\u00e5le klarere. ageLOC Boost Activating Serum er utviklet for \u00e5 brukes sammen med ageLOC Boost-apparatet, og vil hjelpe deg med \u00e5 oppn\u00e5 en gl\u00f8dende, ungdommelig hud. Resultatet? Synlig fyldigere, lysere og fyldigere* hud med en sunn gl\u00f8d.<\/p>","protected":false},"featured_media":1526,"comment_status":"open","ping_status":"closed","template":"","meta":{"site-sidebar-layout":"default","site-content-layout":"","ast-site-content-layout":"default","site-content-style":"default","site-sidebar-style":"default","ast-global-header-display":"","ast-banner-title-visibility":"","ast-main-header-display":"","ast-hfb-above-header-display":"","ast-hfb-below-header-display":"","ast-hfb-mobile-header-display":"","site-post-title":"","ast-breadcrumbs-content":"","ast-featured-img":"","footer-sml-layout":"","ast-disable-related-posts":"","theme-transparent-header-meta":"default","adv-header-id-meta":"","stick-header-meta":"","header-above-stick-meta":"","header-main-stick-meta":"","header-below-stick-meta":"","astra-migrate-meta-layouts":"set","ast-page-background-enabled":"default","ast-page-background-meta":{"desktop":{"background-color":"var(--ast-global-color-4)","background-image":"","background-repeat":"repeat","background-position":"center center","background-size":"auto","background-attachment":"scroll","background-type":"","background-media":"","overlay-type":"","overlay-color":"","overlay-opacity":"","overlay-gradient":""},"tablet":{"background-color":"","background-image":"","background-repeat":"repeat","background-position":"center center","background-size":"auto","background-attachment":"scroll","background-type":"","background-media":"","overlay-type":"","overlay-color":"","overlay-opacity":"","overlay-gradient":""},"mobile":{"background-color":"","background-image":"","background-repeat":"repeat","background-position":"center center","background-size":"auto","background-attachment":"scroll","background-type":"","background-media":"","overlay-type":"","overlay-color":"","overlay-opacity":"","overlay-gradient":""}},"ast-content-background-meta":{"desktop":{"background-color":"var(--ast-global-color-5)","background-image":"","background-repeat":"repeat","background-position":"center center","background-size":"auto","background-attachment":"scroll","background-type":"","background-media":"","overlay-type":"","overlay-color":"","overlay-opacity":"","overlay-gradient":""},"tablet":{"background-color":"var(--ast-global-color-5)","background-image":"","background-repeat":"repeat","background-position":"center center","background-size":"auto","background-attachment":"scroll","background-type":"","background-media":"","overlay-type":"","overlay-color":"","overlay-opacity":"","overlay-gradient":""},"mobile":{"background-color":"var(--ast-global-color-5)","background-image":"","background-repeat":"repeat","background-position":"center center","background-size":"auto","background-attachment":"scroll","background-type":"","background-media":"","overlay-type":"","overlay-color":"","overlay-opacity":"","overlay-gradient":""}}},"product_brand":[],"product_cat":[39],"product_tag":[],"class_list":{"0":"post-1521","1":"product","2":"type-product","3":"status-publish","4":"has-post-thumbnail","6":"product_cat-beauty-device-systems","7":"desktop-align-center","8":"tablet-align-left","9":"mobile-align-left","11":"first","12":"instock","13":"shipping-taxable","14":"purchasable","15":"product-type-simple"},"_links":{"self":[{"href":"https:\/\/ingasatiene.com\/nb\/wp-json\/wp\/v2\/product\/1521","targetHints":{"allow":["GET"]}}],"collection":[{"href":"https:\/\/ingasatiene.com\/nb\/wp-json\/wp\/v2\/product"}],"about":[{"href":"https:\/\/ingasatiene.com\/nb\/wp-json\/wp\/v2\/types\/product"}],"replies":[{"embeddable":true,"href":"https:\/\/ingasatiene.com\/nb\/wp-json\/wp\/v2\/comments?post=1521"}],"wp:featuredmedia":[{"embeddable":true,"href":"https:\/\/ingasatiene.com\/nb\/wp-json\/wp\/v2\/media\/1526"}],"wp:attachment":[{"href":"https:\/\/ingasatiene.com\/nb\/wp-json\/wp\/v2\/media?parent=1521"}],"wp:term":[{"taxonomy":"product_brand","embeddable":true,"href":"https:\/\/ingasatiene.com\/nb\/wp-json\/wp\/v2\/product_brand?post=1521"},{"taxonomy":"product_cat","embeddable":true,"href":"https:\/\/ingasatiene.com\/nb\/wp-json\/wp\/v2\/product_cat?post=1521"},{"taxonomy":"product_tag","embeddable":true,"href":"https:\/\/ingasatiene.com\/nb\/wp-json\/wp\/v2\/product_tag?post=1521"}],"curies":[{"name":"wp","href":"https:\/\/api.w.org\/{rel}","templated":true}]}}