{"id":1511,"date":"2026-01-28T08:28:00","date_gmt":"2026-01-28T08:28:00","guid":{"rendered":"https:\/\/ingasatiene.com\/?post_type=product&#038;p=1511"},"modified":"2026-02-10T09:00:10","modified_gmt":"2026-02-10T09:00:10","slug":"ageloc-boost-system","status":"publish","type":"product","link":"https:\/\/ingasatiene.com\/nb\/produkt\/ageloc-boost-system\/","title":{"rendered":"ageLOC Boost System"},"content":{"rendered":"<div class=\"description_tz9-2\">\n<div class=\"paragraph_cgdF-\">\n<p>Den ultimate hudpleieduoen som jobber sammen for \u00e5 gi huden din en synlig lysere og mer spenstig look, slik at den ser gl\u00f8dere, fyldigere og mer spenstig ut.<\/p>\n<\/div>\n<\/div>\n<div class=\"highlights_b22yl\">\n<div class=\"highlight_ogYwa\">\n<h3 class=\"subtitle_B9sAN\">Hva er inkludert<\/h3>\n<ul class=\"includedList_T540a\">\n<li class=\"includedItem_+aCWm\">ageLOC Boost-enhet<\/li>\n<li class=\"includedItem_+aCWm\">ageLOC Boost magnetisk lader<\/li>\n<li class=\"includedItem_+aCWm\">ageLOC Boost beskyttende hodedeksel<\/li>\n<li class=\"includedItem_+aCWm\">ageLOC Boost Activating Serum<\/li>\n<\/ul>\n<h3>Mikrostr\u00f8mteknologi med variabel puls<\/h3>\n<ul>\n<li>ageLOC Boost bruker Variable Pulse Microcurrent Technology til \u00e5 sende intermitterende, variable pulser til huden. Pulsene er ladningsbalanserte og veksler mellom polariteter - fra positiv til negativ og tilbake igjen - hvert 2,4. sekund. Hvorfor dette? N\u00e5r den brukes sammen med Activating Serum, optimaliserer og aktiverer mikrostr\u00f8mmen huden og gir en mer ungdommelig hudfarge.<\/li>\n<li>Bidrar til \u00e5 redusere tegn p\u00e5 tidlig aldring og forlenger hudens ungdommelige utseende.<\/li>\n<li>Gir lysnende fordeler for en levende og gl\u00f8dende hud.<\/li>\n<\/ul>\n<div class=\"summary_oIC6-\">\n<p>Resultater etter 12 uker**:<\/p>\n<\/div>\n<div class=\"result_A91TQ\">\n<div class=\"percentage_3xTzj\"><strong>90%\u00a0<\/strong> \u00a0mer sprett<\/div>\n<\/div>\n<div class=\"result_A91TQ\">\n<div class=\"percentage_3xTzj\"><strong>103%\u00a0<\/strong> \u00a0mer fylde<\/div>\n<\/div>\n<div class=\"result_A91TQ\">\n<div class=\"percentage_3xTzj\"><strong>104%<\/strong>\u00a0 \u00a0mer fasthet<\/div>\n<\/div>\n<div class=\"result_A91TQ\">\n<div class=\"percentage_3xTzj\"><strong>75%<\/strong>\u00a0 \u00a0mer lysstyrke<\/div>\n<div><\/div>\n<div>\n<div class=\"topContent_-+m8Y\">\n<div class=\"contentHalf_raKE0\">\n<div class=\"innerContent_ON0Sz\">\n<div class=\"section_w2M+K\">\n<h3 class=\"sectionTitle_iGQAh\">Trinn<\/h3>\n<div class=\"step_fh9sc\">\n<div class=\"stepNumber_R3mij\">1 Sl\u00e5 p\u00e5 enheten ved \u00e5 stryke fingeren langs hele ber\u00f8ringsflaten.<\/div>\n<\/div>\n<div class=\"step_fh9sc\">\n<div class=\"stepNumber_R3mij\">2 Fordel tre pumper ageLOC Boost Activating Serum p\u00e5 den ledende overflaten p\u00e5 apparatet. Fordel over den ene halvdelen av ansiktet.<\/div>\n<\/div>\n<div class=\"step_fh9sc\">\n<div class=\"stepNumber_R3mij\">3 Begynn p\u00e5f\u00f8ringen ved \u00e5 stryke fingeren langs hele ber\u00f8ringsflaten. F\u00f8r den ledende overflaten over ansiktet i en oppadg\u00e5ende\/utadg\u00e5ende bevegelse.<\/div>\n<\/div>\n<div class=\"step_fh9sc\">\n<div class=\"stepNumber_R3mij\">4 Gjenta TRINN 2 og TRINN 3 p\u00e5 den andre halvdelen av ansiktet.<\/div>\n<\/div>\n<div class=\"step_fh9sc\">\n<div class=\"stepNumber_R3mij\">5 Enheten sl\u00e5s automatisk av. Masser inn overfl\u00f8dig Activating Serum i huden, og f\u00f8lg deretter det daglige hudpleieregimet.<\/div>\n<div><\/div>\n<\/div>\n<\/div>\n<div class=\"section_w2M+K\">\n<div class=\"paragraph_LCEYm\">Bruk denne kuren \u00e9n gang om dagen etter en Nu Skin-rens og toner etter eget valg.<\/div>\n<div><\/div>\n<\/div>\n<\/div>\n<\/div>\n<\/div>\n<div class=\"section_w2M+K warnings_7fKka\">\n<div class=\"paragraph_LCEYm\"><strong>Forsiktig:<\/strong> For \u00e5 redusere helserisikoen b\u00f8r du kontakte lege f\u00f8r bruk hvis du er gravid, har pacemaker eller lignende, er epileptiker, har metallb\u00f8yler, har metallimplantat eller ved sykdom. Bruk produktet kun som beskrevet i brukerh\u00e5ndboken for ageLOC Boost.<\/p>\n<div class=\"root_y+ekh productDetails_UoG-i\" data-drawer-ingredients=\"drawer-ingredients\">\n<div class=\"body_v2rxJ\" data-testid=\"collapsibleSectionOpen-true\">\n<div class=\"ns-animate-height\" data-v-334c525f=\"\" data-testid=\"height-container\">\n<div data-v-334c525f=\"\">\n<div class=\"slot_7HfpF\" data-v-334c525f=\"\">\n<div class=\"slotContent_8-gqs\" data-v-334c525f=\"\">\n<div data-v-334c525f=\"\">\n<div class=\"whatPowersIt_WmDmq\" data-v-334c525f=\"\">\n<div class=\"productIngredients_HvCeD\" data-v-334c525f=\"\">\n<div class=\"root_JCPsA\" data-v-334c525f=\"\">\n<div class=\"ingredient_XkGkP\">\n<h5 class=\"ingredientLabel_V8VdP\">Alle ingredienser<\/h5>\n<div class=\"ingredientBody_jAn5+\">Aqua, glyserin, butylenglykol, dimetikon, polyglyseryl-6-distearat, tetraheksyldecylaskorbat, natrium PCA, natriumlaktat, mannitol, natriumacetylert hyaluronat, natriumhyaluronat, niacinamid, Citrullus Lanatus-fruktekstrakt, jojobaestere, Lens Esculenta-fruktekstrakt, Pyrus Malus-fruktekstrakt, tokoferylacetat, lecitin, fosfolipider, etylheksylglyserin, Microcitrus Australasica-fruktekstrakt, Pancratium Maritimum-ekstrakt, ergothionein, propandiol, polyglyseryl-6-polyricinoleat, polyglyseryl-3-bivoks, natriumakrylatsampolymer, cetylalkohol, xantangummi, akrylat\/C10-30-alkylakrylat-krysningspolymer, hydroksypropylmetylcellulosestearoksyeter, tetranatriumglutamatdiacetat, natriumhydroksid, aminometylpropanol, fenoksyetanol, klorfenesin, benzosyre, kaliumsorbat, natriumbenzoat.<\/div>\n<\/div>\n<\/div>\n<\/div>\n<\/div>\n<\/div>\n<\/div>\n<\/div>\n<\/div>\n<\/div>\n<\/div>\n<\/div>\n<div class=\"root_y+ekh productDetails_UoG-i\" data-drawer-resources=\"drawer-resources\">\n<div class=\"header_B4uWq\" data-testid=\"collapsibleSectionClick\" data-testid-value=\"resources\">\n<div class=\"headerContent_Z43Gw\"><\/div>\n<\/div>\n<div class=\"body_v2rxJ\" data-testid=\"collapsibleSectionOpen-false\">\n<div class=\"ns-animate-height\" data-v-334c525f=\"\" data-testid=\"height-container\">\n<div data-v-334c525f=\"\">\n<div class=\"slot_7HfpF\" data-v-334c525f=\"\">\n<div class=\"slotContent_8-gqs\" data-v-334c525f=\"\">\n<div class=\"root_VISS9\" data-v-334c525f=\"\">\n<div class=\"resources_7v3uX\">\n<div class=\"icon_tP8PL\">\n<div>\n<div class=\"disclaimer_LqemA\">(1) Enhver kommersiell garanti som tilbys av Nu Skin, p\u00e5virker ikke dine juridiske rettigheter som forbruker ved manglende samsvar med produktet i henhold til lokal lovgivning.<\/div>\n<div class=\"disclaimer_LqemA\">* Kilde Euromonitor International Limited; Hjemme-skj\u00f8nnhets- og velv\u00e6resystemer p\u00e5 et totalt detaljhandelsniv\u00e5 i RSP, unntatt salongtjenester som kan tilby pakker, unders\u00f8kelser utf\u00f8rt i april - mai 2024<\/div>\n<div class=\"disclaimer_LqemA\">** Resultater fra en profesjonell tredjepartsvurdering basert p\u00e5 en 12-ukers in vivo, enkeltblindet forbrukerstudie med 32 kvinnelige fors\u00f8kspersoner i alderen 25 til 40 \u00e5r som brukte ageLOC Boost-systemet (ageLOC Boost-apparatet og ageLOC Boost Activating Serum) \u00e9n gang daglig i 12 uker.<\/div>\n<\/div>\n<div>\n<div class=\"warning_-sJ4F\">\n<div class=\"warningBody_oPsFx\" data-disclaimer-drawer-html=\"disclaimer-drawer-html\">\n<p><strong>Spesielle forholdsregler ved bruk<\/strong> : For \u00e5 redusere helserisikoen b\u00f8r du kontakte lege f\u00f8r bruk hvis du er gravid, har pacemaker eller lignende, er epileptiker, har metallb\u00f8yler, har et metallimplantat eller ved sykdom. Bruk produktet kun som beskrevet i brukerh\u00e5ndboken for ageLOC Boost.<\/p>\n<p><strong>For mer informasjon om bruk og vedlikehold av enheten, vennligst bes\u00f8k v\u00e5r side for vedlikehold av enheten.<\/strong> <a href=\"https:\/\/www.nuskin.com\/content\/nuskin\/en_NO\/info\/customer-service\/device-care\/ageloc-boost.html\" target=\"_blank\" rel=\"noopener\">ageLOC Boost (nuskin.com)<\/a><\/p>\n<\/div>\n<\/div>\n<\/div>\n<\/div>\n<\/div>\n<\/div>\n<\/div>\n<\/div>\n<\/div>\n<\/div>\n<\/div>\n<\/div>\n<\/div>\n<\/div>\n<\/div>\n<\/div>\n<\/div>\n<\/div>","protected":false},"excerpt":{"rendered":"<p>La huden din str\u00e5le klarere. Dette systemet kombinerer Variable Pulse Microcurrent-teknologien i ageLOC Boost-apparatet med de virkningsfulle ingrediensene i Activating Serum for \u00e5 f\u00e5 frem hudens beste sider, slik at den blir synlig lysere, fyldigere og mer spenstig, og huden f\u00e5r en ungdommelig utstr\u00e5ling og en jevn tone - alt p\u00e5 bare to minutter, \u00e9n gang om dagen!<\/p>","protected":false},"featured_media":1519,"comment_status":"open","ping_status":"closed","template":"","meta":{"site-sidebar-layout":"default","site-content-layout":"","ast-site-content-layout":"default","site-content-style":"default","site-sidebar-style":"default","ast-global-header-display":"","ast-banner-title-visibility":"","ast-main-header-display":"","ast-hfb-above-header-display":"","ast-hfb-below-header-display":"","ast-hfb-mobile-header-display":"","site-post-title":"","ast-breadcrumbs-content":"","ast-featured-img":"","footer-sml-layout":"","ast-disable-related-posts":"","theme-transparent-header-meta":"default","adv-header-id-meta":"","stick-header-meta":"","header-above-stick-meta":"","header-main-stick-meta":"","header-below-stick-meta":"","astra-migrate-meta-layouts":"set","ast-page-background-enabled":"default","ast-page-background-meta":{"desktop":{"background-color":"var(--ast-global-color-4)","background-image":"","background-repeat":"repeat","background-position":"center center","background-size":"auto","background-attachment":"scroll","background-type":"","background-media":"","overlay-type":"","overlay-color":"","overlay-opacity":"","overlay-gradient":""},"tablet":{"background-color":"","background-image":"","background-repeat":"repeat","background-position":"center center","background-size":"auto","background-attachment":"scroll","background-type":"","background-media":"","overlay-type":"","overlay-color":"","overlay-opacity":"","overlay-gradient":""},"mobile":{"background-color":"","background-image":"","background-repeat":"repeat","background-position":"center center","background-size":"auto","background-attachment":"scroll","background-type":"","background-media":"","overlay-type":"","overlay-color":"","overlay-opacity":"","overlay-gradient":""}},"ast-content-background-meta":{"desktop":{"background-color":"var(--ast-global-color-5)","background-image":"","background-repeat":"repeat","background-position":"center center","background-size":"auto","background-attachment":"scroll","background-type":"","background-media":"","overlay-type":"","overlay-color":"","overlay-opacity":"","overlay-gradient":""},"tablet":{"background-color":"var(--ast-global-color-5)","background-image":"","background-repeat":"repeat","background-position":"center center","background-size":"auto","background-attachment":"scroll","background-type":"","background-media":"","overlay-type":"","overlay-color":"","overlay-opacity":"","overlay-gradient":""},"mobile":{"background-color":"var(--ast-global-color-5)","background-image":"","background-repeat":"repeat","background-position":"center center","background-size":"auto","background-attachment":"scroll","background-type":"","background-media":"","overlay-type":"","overlay-color":"","overlay-opacity":"","overlay-gradient":""}}},"product_brand":[],"product_cat":[39],"product_tag":[],"class_list":{"0":"post-1511","1":"product","2":"type-product","3":"status-publish","4":"has-post-thumbnail","6":"product_cat-beauty-device-systems","7":"desktop-align-center","8":"tablet-align-left","9":"mobile-align-left","11":"first","12":"instock","13":"shipping-taxable","14":"purchasable","15":"product-type-simple"},"_links":{"self":[{"href":"https:\/\/ingasatiene.com\/nb\/wp-json\/wp\/v2\/product\/1511","targetHints":{"allow":["GET"]}}],"collection":[{"href":"https:\/\/ingasatiene.com\/nb\/wp-json\/wp\/v2\/product"}],"about":[{"href":"https:\/\/ingasatiene.com\/nb\/wp-json\/wp\/v2\/types\/product"}],"replies":[{"embeddable":true,"href":"https:\/\/ingasatiene.com\/nb\/wp-json\/wp\/v2\/comments?post=1511"}],"wp:featuredmedia":[{"embeddable":true,"href":"https:\/\/ingasatiene.com\/nb\/wp-json\/wp\/v2\/media\/1519"}],"wp:attachment":[{"href":"https:\/\/ingasatiene.com\/nb\/wp-json\/wp\/v2\/media?parent=1511"}],"wp:term":[{"taxonomy":"product_brand","embeddable":true,"href":"https:\/\/ingasatiene.com\/nb\/wp-json\/wp\/v2\/product_brand?post=1511"},{"taxonomy":"product_cat","embeddable":true,"href":"https:\/\/ingasatiene.com\/nb\/wp-json\/wp\/v2\/product_cat?post=1511"},{"taxonomy":"product_tag","embeddable":true,"href":"https:\/\/ingasatiene.com\/nb\/wp-json\/wp\/v2\/product_tag?post=1511"}],"curies":[{"name":"wp","href":"https:\/\/api.w.org\/{rel}","templated":true}]}}