{"id":1506,"date":"2026-01-27T15:00:46","date_gmt":"2026-01-27T15:00:46","guid":{"rendered":"https:\/\/ingasatiene.com\/?post_type=product&#038;p=1506"},"modified":"2026-02-10T09:00:17","modified_gmt":"2026-02-10T09:00:17","slug":"refill-ageloc-tru-face-transforming-gel-cream","status":"publish","type":"product","link":"https:\/\/ingasatiene.com\/nb\/produkt\/refill-ageloc-tru-face-transforming-gel-cream\/","title":{"rendered":"Refill ageLOC Tru Face Transforming Gel Cream"},"content":{"rendered":"<p>Powered by ageLOC technology, this luxurious gel cream targets the sources of visible signs of skin ageing, working in harmony with the skin\u2019s natural renewal process. A potent blend of selected ingredients delivers intense hydration, reinforcing your skin\u2019s moisture barrier for a supple, rejuvenated complexion. Gentle yet powerful, this skin-loving formula hydrates, revitalises skin\u2019s appearance, and promotes skin renewal\u2014unveiling smoother-looking skin and a more radiant you.<\/p>\n<ul>\n<li>Formulert med Nu Skins egenutviklede ageLOC-ingrediensblanding for \u00e5 angripe kildene til synlige tegn p\u00e5 aldring av huden, bidra til \u00e5 bevare et ungdommelig utseende og redusere hudens aldringstegn.<\/li>\n<li>Retains and protects the moisture within your skin for increased hydration and radiance.<\/li>\n<li>Promotes visibly youthful skin and reduce the appearance of fine lines and wrinkles.<\/li>\n<li>Promotes skin cellular turnover to visibly smooth and soften skin while reducing the appearance of pores.<\/li>\n<li>Help strengthen and fortify the skin&#8217;s natural barrier.<\/li>\n<li>Passer perfekt til enten prejuvenation- eller rejuvenation-rutinen.<\/li>\n<\/ul>\n<div class=\"summary_oIC6-\">\n<p>Nu Skin conducted a two-week in-house study where 26 participants used ageLOC Tru Face Transforming Gel Cream twice daily. After two weeks, among the participants:\u00b9<\/p>\n<\/div>\n<div class=\"result_A91TQ\">\n<div class=\"percentage_3xTzj\"><strong>100%<\/strong>\u00a0 \u00a0agreed their skin felt more hydrated and moisturised.<\/div>\n<\/div>\n<div class=\"result_A91TQ\">\n<div class=\"percentage_3xTzj\"><strong>96%<\/strong>\u00a0 \u00a0agreed the product visibly improved skin smoothness.<\/div>\n<\/div>\n<div class=\"result_A91TQ\">\n<div class=\"percentage_3xTzj\"><strong>92%\u00a0<\/strong> \u00a0agreed the product visibly improved skin radiance.<\/div>\n<div><\/div>\n<\/div>\n<div>\n<div class=\"section_w2M+K\">\n<div class=\"paragraph_LCEYm\">Insert the new cartridge in the ageLOC Tru Face Transforming Gel Cream jar you already own.<\/div>\n<div class=\"paragraph_LCEYm\">Apply a good amount to face and neck daily.<\/div>\n<div class=\"paragraph_LCEYm\">Use both morning and evening if desired.<\/div>\n<div><\/div>\n<\/div>\n<div class=\"section_w2M+K\">\n<h3 class=\"sectionTitle_iGQAh\">Anbefaling(er)<\/h3>\n<div class=\"paragraph_LCEYm\">For optimal results, apply after your favourite ageLOC Tru Face serum.<\/div>\n<div><\/div>\n<div>\n<h5 class=\"ingredientLabel_V8VdP\">Active Ingredients<\/h5>\n<div class=\"ingredientBody_jAn5+\">Aqua, Glycerin, Pentylene Glycol, Caprylyl Methicone, Cyclopentasiloxane, Caprylic\/Capric Triglyceride, Hydrogenated Phosphatidylcholine, Butyrospermum Parkii Butter, Ammonium Acryloyldimethyltaurate\/VP Copolymer, Narcissus Tazetta Bulb Extract, Schizandra Chinensis Fruit Extract, Ceramide NP, Sodium Hyaluronate, Glucosamine HCL, Pisum Sativum Extract, Bambusa Vulgaris Leaf\/Stem Extract, Squalane, Sodium Nitrate, Sorbitol, T-Butyl Alcohol, Hydroxyethylcellulose, Dimethicone\/Vinyl Dimethicone Crosspolymer, Glyoxal, Tetrasodium EDTA, Citric Acid, Sodium Hydroxide, Chlorphenesin, Phenoxyethanol, Potassium Sorbate.<\/div>\n<\/div>\n<div><\/div>\n<div>\n<div>\n<div class=\"disclaimer_LqemA\">\u00b9Results obtained from an in-house, single center, 2 weeks, in vivo study performed on 26 subjects. Subjects were instructed to apply ageLOC Tru Face Transforming Gel Cream every morning &amp; night for 2 weeks. They completed a self-assessment questionnaire at baseline and at the end of the study.<\/div>\n<div class=\"disclaimer_LqemA\">\u00b2Excluding cap.<\/div>\n<div class=\"disclaimer_LqemA\">\u00b3Percentage obtained by comparing the weight of previous packaging of ageLOC Transforming Night Cream (glass jar and lid) to the current refill cartridge of the ageLOC Tru Face Transforming Gel Cream.<\/div>\n<div class=\"disclaimer_LqemA\">\u2074Percentage obtained by comparing the weight of previous packaging of ageLOC Transforming Night Cream (glass jar and lid) to the current packaging ageLOC Tru Face Transforming gel Cream (refill cartridge, outer case, pump and lid); considering that consumers will buy per year: 12 units of the classic ageLOC Transforming Night packaging, compared to 4 ageLOC Tru Face Transforming gel Cream complete systems and 8 refill units.<\/div>\n<\/div>\n<\/div>\n<\/div>\n<\/div>","protected":false},"excerpt":{"rendered":"<p>Experience radiant, youthful-looking skin with ageLOC Tru Face Transforming Gel Cream\u2014an advanced hydrating formula designed to visibly smooth fine lines and wrinkles. Your favourite gel cream is now available in a refill option, making it easier to care for your skin while reducing packaging waste.<\/p>","protected":false},"featured_media":1510,"comment_status":"open","ping_status":"closed","template":"","meta":{"site-sidebar-layout":"default","site-content-layout":"","ast-site-content-layout":"default","site-content-style":"default","site-sidebar-style":"default","ast-global-header-display":"","ast-banner-title-visibility":"","ast-main-header-display":"","ast-hfb-above-header-display":"","ast-hfb-below-header-display":"","ast-hfb-mobile-header-display":"","site-post-title":"","ast-breadcrumbs-content":"","ast-featured-img":"","footer-sml-layout":"","ast-disable-related-posts":"","theme-transparent-header-meta":"default","adv-header-id-meta":"","stick-header-meta":"","header-above-stick-meta":"","header-main-stick-meta":"","header-below-stick-meta":"","astra-migrate-meta-layouts":"set","ast-page-background-enabled":"default","ast-page-background-meta":{"desktop":{"background-color":"var(--ast-global-color-4)","background-image":"","background-repeat":"repeat","background-position":"center center","background-size":"auto","background-attachment":"scroll","background-type":"","background-media":"","overlay-type":"","overlay-color":"","overlay-opacity":"","overlay-gradient":""},"tablet":{"background-color":"","background-image":"","background-repeat":"repeat","background-position":"center center","background-size":"auto","background-attachment":"scroll","background-type":"","background-media":"","overlay-type":"","overlay-color":"","overlay-opacity":"","overlay-gradient":""},"mobile":{"background-color":"","background-image":"","background-repeat":"repeat","background-position":"center center","background-size":"auto","background-attachment":"scroll","background-type":"","background-media":"","overlay-type":"","overlay-color":"","overlay-opacity":"","overlay-gradient":""}},"ast-content-background-meta":{"desktop":{"background-color":"var(--ast-global-color-5)","background-image":"","background-repeat":"repeat","background-position":"center center","background-size":"auto","background-attachment":"scroll","background-type":"","background-media":"","overlay-type":"","overlay-color":"","overlay-opacity":"","overlay-gradient":""},"tablet":{"background-color":"var(--ast-global-color-5)","background-image":"","background-repeat":"repeat","background-position":"center center","background-size":"auto","background-attachment":"scroll","background-type":"","background-media":"","overlay-type":"","overlay-color":"","overlay-opacity":"","overlay-gradient":""},"mobile":{"background-color":"var(--ast-global-color-5)","background-image":"","background-repeat":"repeat","background-position":"center center","background-size":"auto","background-attachment":"scroll","background-type":"","background-media":"","overlay-type":"","overlay-color":"","overlay-opacity":"","overlay-gradient":""}}},"product_brand":[],"product_cat":[38],"product_tag":[],"class_list":{"0":"post-1506","1":"product","2":"type-product","3":"status-publish","4":"has-post-thumbnail","6":"product_cat-tru-face","7":"desktop-align-center","8":"tablet-align-left","9":"mobile-align-left","11":"first","12":"instock","13":"shipping-taxable","14":"purchasable","15":"product-type-simple"},"_links":{"self":[{"href":"https:\/\/ingasatiene.com\/nb\/wp-json\/wp\/v2\/product\/1506","targetHints":{"allow":["GET"]}}],"collection":[{"href":"https:\/\/ingasatiene.com\/nb\/wp-json\/wp\/v2\/product"}],"about":[{"href":"https:\/\/ingasatiene.com\/nb\/wp-json\/wp\/v2\/types\/product"}],"replies":[{"embeddable":true,"href":"https:\/\/ingasatiene.com\/nb\/wp-json\/wp\/v2\/comments?post=1506"}],"wp:featuredmedia":[{"embeddable":true,"href":"https:\/\/ingasatiene.com\/nb\/wp-json\/wp\/v2\/media\/1510"}],"wp:attachment":[{"href":"https:\/\/ingasatiene.com\/nb\/wp-json\/wp\/v2\/media?parent=1506"}],"wp:term":[{"taxonomy":"product_brand","embeddable":true,"href":"https:\/\/ingasatiene.com\/nb\/wp-json\/wp\/v2\/product_brand?post=1506"},{"taxonomy":"product_cat","embeddable":true,"href":"https:\/\/ingasatiene.com\/nb\/wp-json\/wp\/v2\/product_cat?post=1506"},{"taxonomy":"product_tag","embeddable":true,"href":"https:\/\/ingasatiene.com\/nb\/wp-json\/wp\/v2\/product_tag?post=1506"}],"curies":[{"name":"wp","href":"https:\/\/api.w.org\/{rel}","templated":true}]}}