{"id":1500,"date":"2026-01-27T14:56:03","date_gmt":"2026-01-27T14:56:03","guid":{"rendered":"https:\/\/ingasatiene.com\/?post_type=product&#038;p=1500"},"modified":"2026-03-05T18:16:14","modified_gmt":"2026-03-05T18:16:14","slug":"ageloc-tru-face-transforming-gel-cream","status":"publish","type":"product","link":"https:\/\/ingasatiene.com\/nb\/produkt\/ageloc-tru-face-transforming-gel-cream\/","title":{"rendered":"ageLOC Tru Face Transforming Gel Cream"},"content":{"rendered":"<p>Powered by ageLOC technology, this luxurious gel cream targets the sources of visible signs of skin ageing, working in harmony with the skin\u2019s natural renewal process. A potent blend of selected ingredients delivers intense hydration, reinforcing your skin\u2019s moisture barrier for a supple, rejuvenated complexion. Gentle yet powerful, this skin-loving formula hydrates, revitalises skin\u2019s appearance, and promotes skin renewal\u2014unveiling smoother-looking skin and a more radiant you.<\/p>\n<ul>\n<li>Formulert med Nu Skins egenutviklede ageLOC-ingrediensblanding for \u00e5 angripe kildene til synlige tegn p\u00e5 aldring av huden, bidra til \u00e5 bevare et ungdommelig utseende og redusere hudens aldringstegn.<\/li>\n<li>Retains and protects the moisture within your skin for increased hydration and radiance.<\/li>\n<li>Promotes visibly youthful skin and reduce the appearance of fine lines and wrinkles.<\/li>\n<li>Promotes skin cellular turnover to visibly smooth and soften skin while reducing the appearance of pores.<\/li>\n<li>Help strengthen and fortify the skin&#8217;s natural barrier.<\/li>\n<li>Passer perfekt til enten prejuvenation- eller rejuvenation-rutinen.<\/li>\n<\/ul>\n<div class=\"summary_oIC6-\">\n<p>Nu Skin conducted a two-week in-house study where 26 participants used ageLOC Tru Face Transforming Gel Cream twice daily. After two weeks, among the participants:\u00b9<\/p>\n<\/div>\n<div class=\"result_A91TQ\">\n<div class=\"percentage_3xTzj\">100%<\/div>\n<div class=\"resultText_mqEis\">agreed their skin felt more hydrated and moisturised.<\/div>\n<\/div>\n<div class=\"result_A91TQ\">\n<div class=\"percentage_3xTzj\">96%<\/div>\n<div class=\"resultText_mqEis\">agreed the product visibly improved skin smoothness.<\/div>\n<\/div>\n<div class=\"result_A91TQ\">\n<div class=\"percentage_3xTzj\">92%<\/div>\n<div class=\"resultText_mqEis\">agreed the product visibly improved skin radiance.<\/div>\n<\/div>","protected":false},"excerpt":{"rendered":"<p>Experience radiant, youthful-looking skin with ageLOC Tru Face Transforming Gel Cream\u2014an advanced hydrating formula designed to visibly smooth fine lines and wrinkles.<\/p>","protected":false},"featured_media":1505,"comment_status":"open","ping_status":"closed","template":"","meta":{"site-sidebar-layout":"default","site-content-layout":"","ast-site-content-layout":"default","site-content-style":"default","site-sidebar-style":"default","ast-global-header-display":"","ast-banner-title-visibility":"","ast-main-header-display":"","ast-hfb-above-header-display":"","ast-hfb-below-header-display":"","ast-hfb-mobile-header-display":"","site-post-title":"","ast-breadcrumbs-content":"","ast-featured-img":"","footer-sml-layout":"","ast-disable-related-posts":"","theme-transparent-header-meta":"default","adv-header-id-meta":"","stick-header-meta":"","header-above-stick-meta":"","header-main-stick-meta":"","header-below-stick-meta":"","astra-migrate-meta-layouts":"set","ast-page-background-enabled":"default","ast-page-background-meta":{"desktop":{"background-color":"var(--ast-global-color-4)","background-image":"","background-repeat":"repeat","background-position":"center center","background-size":"auto","background-attachment":"scroll","background-type":"","background-media":"","overlay-type":"","overlay-color":"","overlay-opacity":"","overlay-gradient":""},"tablet":{"background-color":"","background-image":"","background-repeat":"repeat","background-position":"center center","background-size":"auto","background-attachment":"scroll","background-type":"","background-media":"","overlay-type":"","overlay-color":"","overlay-opacity":"","overlay-gradient":""},"mobile":{"background-color":"","background-image":"","background-repeat":"repeat","background-position":"center center","background-size":"auto","background-attachment":"scroll","background-type":"","background-media":"","overlay-type":"","overlay-color":"","overlay-opacity":"","overlay-gradient":""}},"ast-content-background-meta":{"desktop":{"background-color":"var(--ast-global-color-5)","background-image":"","background-repeat":"repeat","background-position":"center center","background-size":"auto","background-attachment":"scroll","background-type":"","background-media":"","overlay-type":"","overlay-color":"","overlay-opacity":"","overlay-gradient":""},"tablet":{"background-color":"var(--ast-global-color-5)","background-image":"","background-repeat":"repeat","background-position":"center center","background-size":"auto","background-attachment":"scroll","background-type":"","background-media":"","overlay-type":"","overlay-color":"","overlay-opacity":"","overlay-gradient":""},"mobile":{"background-color":"var(--ast-global-color-5)","background-image":"","background-repeat":"repeat","background-position":"center center","background-size":"auto","background-attachment":"scroll","background-type":"","background-media":"","overlay-type":"","overlay-color":"","overlay-opacity":"","overlay-gradient":""}}},"product_brand":[],"product_cat":[38],"product_tag":[],"class_list":{"0":"post-1500","1":"product","2":"type-product","3":"status-publish","4":"has-post-thumbnail","6":"product_cat-tru-face","7":"desktop-align-center","8":"tablet-align-left","9":"mobile-align-left","11":"first","12":"instock","13":"featured","14":"shipping-taxable","15":"purchasable","16":"product-type-simple"},"_links":{"self":[{"href":"https:\/\/ingasatiene.com\/nb\/wp-json\/wp\/v2\/product\/1500","targetHints":{"allow":["GET"]}}],"collection":[{"href":"https:\/\/ingasatiene.com\/nb\/wp-json\/wp\/v2\/product"}],"about":[{"href":"https:\/\/ingasatiene.com\/nb\/wp-json\/wp\/v2\/types\/product"}],"replies":[{"embeddable":true,"href":"https:\/\/ingasatiene.com\/nb\/wp-json\/wp\/v2\/comments?post=1500"}],"wp:featuredmedia":[{"embeddable":true,"href":"https:\/\/ingasatiene.com\/nb\/wp-json\/wp\/v2\/media\/1505"}],"wp:attachment":[{"href":"https:\/\/ingasatiene.com\/nb\/wp-json\/wp\/v2\/media?parent=1500"}],"wp:term":[{"taxonomy":"product_brand","embeddable":true,"href":"https:\/\/ingasatiene.com\/nb\/wp-json\/wp\/v2\/product_brand?post=1500"},{"taxonomy":"product_cat","embeddable":true,"href":"https:\/\/ingasatiene.com\/nb\/wp-json\/wp\/v2\/product_cat?post=1500"},{"taxonomy":"product_tag","embeddable":true,"href":"https:\/\/ingasatiene.com\/nb\/wp-json\/wp\/v2\/product_tag?post=1500"}],"curies":[{"name":"wp","href":"https:\/\/api.w.org\/{rel}","templated":true}]}}