{"id":1494,"date":"2026-01-27T10:54:22","date_gmt":"2026-01-27T10:54:22","guid":{"rendered":"https:\/\/ingasatiene.com\/?post_type=product&#038;p=1494"},"modified":"2026-02-10T09:00:32","modified_gmt":"2026-02-10T09:00:32","slug":"ageloc-tru-face-radiant-day","status":"publish","type":"product","link":"https:\/\/ingasatiene.com\/nb\/produkt\/ageloc-tru-face-radiant-day\/","title":{"rendered":"ageLOC Tru Face Radiant Day"},"content":{"rendered":"<p>Formulated with broad-spectrum SPF 22, this daily lotion helps protect the skin from the negative effects of excessive sun exposure. The result is skin that feels smoother, looks more luminous, and is beautifully softened in texture. With its non-greasy, fast-absorbing texture, it also creates the perfect base for makeup \u2014 leaving your skin feeling &amp; looking protected, prepped, and comfortably radiant.<\/p>\n<ul>\n<li>Formulated with Nu Skin\u2019s proprietary ageLOC ingredient blend to target the sources of visible signs of skin ageing, help preserve a youthful look and reduce the appearance of skin ageing.<\/li>\n<li>Reveals brighter and more radiant-looking skin.<\/li>\n<li>Hydrates and helps protect the skin\u2019s moisture barrier.<\/li>\n<li>Helps reduce the appearance of skin discolouration.<\/li>\n<li>Promotes cellular turnover to visibly reduce the appearance of pores.<\/li>\n<li>Provides broad-spectrum UVA and UVB protection (SPF 22) to help protect the skin from the negative effects of excessive sun exposure.<\/li>\n<li>Absorbs quickly and works well under makeup.<\/li>\n<li>A great fit for either the prejuvenation or rejuvenation routine.<\/li>\n<\/ul>\n<div class=\"summary_oIC6-\">\n<p>Nu Skin conducted a two-week in-house, in vivo study where 24 participants used ageLOC Tru Face Radiant Day once daily as the last step in their regular morning skincare routine. Participants completed a self-perception questionnaire at baseline and at the end of the study, instrumentation measurements were also performed using a corneometer and a tewameter.<\/p>\n<\/div>\n<div class=\"result_A91TQ\">\n<div class=\"percentage_3xTzj\"><strong>48%<\/strong>\u00a0 \u00a0increase in skin hydration\u00b2 after two weeks\u00b9<\/div>\n<\/div>\n<div class=\"result_A91TQ\">\n<div class=\"percentage_3xTzj\"><strong>35%<\/strong>\u00a0 \u00a0 improvement in skin moisture barrier function\u00b3 after two weeks\u00b9<\/div>\n<div><\/div>\n<\/div>\n<div>\n<div class=\"section_w2M+K\">\n<div class=\"paragraph_LCEYm\">Apply three to four pumps evenly to the face and neck each morning as the final step in your skincare routine.<\/div>\n<div><\/div>\n<\/div>\n<div class=\"section_w2M+K\">\n<h3 class=\"sectionTitle_iGQAh\">Recommendation(s)<\/h3>\n<div class=\"paragraph_LCEYm\">Follow with make-up if desired.<\/div>\n<div><\/div>\n<\/div>\n<div>\n<h5 class=\"ingredientLabel_V8VdP\">All Ingredients<\/h5>\n<div class=\"ingredientBody_jAn5+\">Aqua, Glycerin, Homosalate, Ethylhexyl Salicylate, Butyl Methoxydibenzoylmethane, Cyclopentasiloxane, Cetyl Dimethicone, Octocrylene, Acrylamide\/Sodium Acryloyldimethyltaurate Copolymer, Glyceryl Stearate, PEG-100 Stearate, Caprylyl Glycol, Schizandra Chinensis Fruit Extract, Narcissus Tazetta Bulb Extract, Hexapeptide-2, Bambusa Vulgaris Leaf\/Stem Extract, Pisum Sativum Extract, Glucosamine HCl, Butyrospermum Parkii Butter, Jojoba Esters, Hydrolyzed Jojoba Esters, Butylene Glycol, Isohexadecane, Methyl Gluceth-10, Dimethicone, Cyclohexasiloxane, Isopropyl Alcohol, Steareth-21, Cetyl Alcohol, Dimethicone\/Vinyl Dimethicone Crosspolymer, Myristyl Alcohol, Stearyl Alcohol, Steareth-2, Polysorbate 80, Sorbitan Oleate, Nylon-12, Disodium EDTA, Citric Acid, Parfum, Phenoxyethanol, Chlorphenesin, Potassium Sorbate, [CI 77891].<\/div>\n<div><\/div>\n<div>\n<div class=\"disclaimer_LqemA\">\u00b9Results obtained from an in-house, single-center, two-week, in vivo study performed on 24 subjects. Subjects were instructed to apply ageLOC Tru Face Radiant Day once daily in the morning for and completed self-assessment questionnaires at baseline and after two weeks Corneometer and tewameter measurements were also conducted.<\/div>\n<div class=\"disclaimer_LqemA\">\u00b2Corneometer results.<\/div>\n<div class=\"disclaimer_LqemA\">\u00b3Tewameter results showed an average 35% decrease in Trans-epidermal Water Loss, corresponding to a 35% improvement in skin moisture barrier function.<\/div>\n<div class=\"disclaimer_LqemA\">\u2074Excluding pump and cap.<\/div>\n<\/div>\n<\/div>\n<\/div>\n","protected":false},"excerpt":{"rendered":"<p>ageLOC Tru Face Radiant Day er mer enn bare en daglig lotion - det er et elegant forsvar mot de synlige tegnene p\u00e5 hudens aldring. Denne lette, silkemyke formelen tilf\u00f8rer huden fuktighet, gir den et lysere utseende og reduserer synlig utseendet p\u00e5 fine linjer og rynker.<\/p>","protected":false},"featured_media":1499,"comment_status":"open","ping_status":"closed","template":"","meta":{"site-sidebar-layout":"default","site-content-layout":"","ast-site-content-layout":"default","site-content-style":"default","site-sidebar-style":"default","ast-global-header-display":"","ast-banner-title-visibility":"","ast-main-header-display":"","ast-hfb-above-header-display":"","ast-hfb-below-header-display":"","ast-hfb-mobile-header-display":"","site-post-title":"","ast-breadcrumbs-content":"","ast-featured-img":"","footer-sml-layout":"","ast-disable-related-posts":"","theme-transparent-header-meta":"default","adv-header-id-meta":"","stick-header-meta":"","header-above-stick-meta":"","header-main-stick-meta":"","header-below-stick-meta":"","astra-migrate-meta-layouts":"set","ast-page-background-enabled":"default","ast-page-background-meta":{"desktop":{"background-color":"var(--ast-global-color-4)","background-image":"","background-repeat":"repeat","background-position":"center center","background-size":"auto","background-attachment":"scroll","background-type":"","background-media":"","overlay-type":"","overlay-color":"","overlay-opacity":"","overlay-gradient":""},"tablet":{"background-color":"","background-image":"","background-repeat":"repeat","background-position":"center center","background-size":"auto","background-attachment":"scroll","background-type":"","background-media":"","overlay-type":"","overlay-color":"","overlay-opacity":"","overlay-gradient":""},"mobile":{"background-color":"","background-image":"","background-repeat":"repeat","background-position":"center center","background-size":"auto","background-attachment":"scroll","background-type":"","background-media":"","overlay-type":"","overlay-color":"","overlay-opacity":"","overlay-gradient":""}},"ast-content-background-meta":{"desktop":{"background-color":"var(--ast-global-color-5)","background-image":"","background-repeat":"repeat","background-position":"center center","background-size":"auto","background-attachment":"scroll","background-type":"","background-media":"","overlay-type":"","overlay-color":"","overlay-opacity":"","overlay-gradient":""},"tablet":{"background-color":"var(--ast-global-color-5)","background-image":"","background-repeat":"repeat","background-position":"center center","background-size":"auto","background-attachment":"scroll","background-type":"","background-media":"","overlay-type":"","overlay-color":"","overlay-opacity":"","overlay-gradient":""},"mobile":{"background-color":"var(--ast-global-color-5)","background-image":"","background-repeat":"repeat","background-position":"center center","background-size":"auto","background-attachment":"scroll","background-type":"","background-media":"","overlay-type":"","overlay-color":"","overlay-opacity":"","overlay-gradient":""}}},"product_brand":[],"product_cat":[38],"product_tag":[],"class_list":{"0":"post-1494","1":"product","2":"type-product","3":"status-publish","4":"has-post-thumbnail","6":"product_cat-tru-face","7":"desktop-align-center","8":"tablet-align-left","9":"mobile-align-left","11":"first","12":"instock","13":"shipping-taxable","14":"purchasable","15":"product-type-simple"},"_links":{"self":[{"href":"https:\/\/ingasatiene.com\/nb\/wp-json\/wp\/v2\/product\/1494","targetHints":{"allow":["GET"]}}],"collection":[{"href":"https:\/\/ingasatiene.com\/nb\/wp-json\/wp\/v2\/product"}],"about":[{"href":"https:\/\/ingasatiene.com\/nb\/wp-json\/wp\/v2\/types\/product"}],"replies":[{"embeddable":true,"href":"https:\/\/ingasatiene.com\/nb\/wp-json\/wp\/v2\/comments?post=1494"}],"wp:featuredmedia":[{"embeddable":true,"href":"https:\/\/ingasatiene.com\/nb\/wp-json\/wp\/v2\/media\/1499"}],"wp:attachment":[{"href":"https:\/\/ingasatiene.com\/nb\/wp-json\/wp\/v2\/media?parent=1494"}],"wp:term":[{"taxonomy":"product_brand","embeddable":true,"href":"https:\/\/ingasatiene.com\/nb\/wp-json\/wp\/v2\/product_brand?post=1494"},{"taxonomy":"product_cat","embeddable":true,"href":"https:\/\/ingasatiene.com\/nb\/wp-json\/wp\/v2\/product_cat?post=1494"},{"taxonomy":"product_tag","embeddable":true,"href":"https:\/\/ingasatiene.com\/nb\/wp-json\/wp\/v2\/product_tag?post=1494"}],"curies":[{"name":"wp","href":"https:\/\/api.w.org\/{rel}","templated":true}]}}