{"id":1483,"date":"2026-01-27T10:40:55","date_gmt":"2026-01-27T10:40:55","guid":{"rendered":"https:\/\/ingasatiene.com\/?post_type=product&#038;p=1483"},"modified":"2026-02-10T09:00:49","modified_gmt":"2026-02-10T09:00:49","slug":"ageloc-tru-face-uplifting-rich-cream","status":"publish","type":"product","link":"https:\/\/ingasatiene.com\/nb\/produkt\/ageloc-tru-face-uplifting-rich-cream\/","title":{"rendered":"ageLOC Tru Face Uplifting Rich Cream"},"content":{"rendered":"<p>N\u00e5r du bruker ageLOC Tru Face Uplifting Rich Cream, begynner en naturlig aktiv biomimetisk polymer p\u00e5 bare 30 sekunder \u00e5 danne et beskyttende, men pustende lag som bidrar til \u00e5 beskytte huden mot de negative effektene av oksidativt stress og milj\u00f8stressfaktorer. P\u00e5 s\u00e5 lite som 30 minutter ser huden din mer skulpturert, definert og str\u00e5lende ut med en duggfrisk, ungdommelig gl\u00f8d. Og i l\u00f8pet av 30 dager \u00b9 gir fuktighet og avansert oppstrammende teknologi n\u00e6ring og styrke til huden, slik at den ser uthvilt og revitalisert ut.<\/p>\n<ul>\n<li>Features our proprietary ageLOC technology to target the sources of visible signs of skin ageing and preserve the look of youth<\/li>\n<li>Spesielt formulert med Tru Face FirmPlex - v\u00e5r vitenskapelig validerte teknologi som retter seg mot en n\u00f8kkelkomponent i en fast hud for \u00e5 fremme synlig fastere resultater<\/li>\n<li>Inneholder en naturlig aktiv biomimetisk polymer (Caesalpinia Spinosa-fruktekstrakt og Kappaphycus Alvarezii-ekstrakt) som bidrar til \u00e5 redusere forekomsten av fine linjer og rynker.<\/li>\n<li>Pleier huden og tilf\u00f8rer intens fuktighet, noe som gir en umiddelbar beroligende f\u00f8lelse, en sunn gl\u00f8d og et veluthvilt utseende.<\/li>\n<li>F\u00e5r huden til \u00e5 se fastere, mer definert og konturert ut, samtidig som den fremmer elastisiteten og gir et mer ungdommelig utseende.<\/li>\n<li>Passer perfekt til foryngelsesrutinen din.<\/li>\n<\/ul>\n<div class=\"summary_oIC6-\">\n<p>Nu Skin Research and Development bestilte en tredjepartstest for \u00e5 klinisk evaluere resultatene av \u00e5 bruke ageLOC Tru Face Uplifting Rich Cream to ganger daglig i \u00e5tte uker. Tretti kvinnelige fors\u00f8kspersoner i alderen 45-65 \u00e5r deltok i studien.<\/p>\n<p>Det ble utf\u00f8rt instrumentm\u00e5linger, og en klinisk sensor noterte forbedringer i f\u00f8lgende hudattributter (forbedringer i forhold til baseline)\u00b9 :<\/p>\n<\/div>\n<div class=\"result_A91TQ\">\n<div class=\"percentage_3xTzj\"><strong>177%.\u00a0<\/strong> improvement in skin hydration (per instrumentation) after one week<\/div>\n<\/div>\n<div class=\"result_A91TQ\">\n<div class=\"percentage_3xTzj\"><strong>21%.\u00a0<\/strong> improvement in skin firmness (clinical grading) after one week<\/div>\n<\/div>\n<div class=\"result_A91TQ\">\n<div class=\"percentage_3xTzj\"><strong>48%.\u00a0<\/strong> improvement in the appearance of crow\u2019s feet wrinkles (clinical grading) after 8 weeks<\/div>\n<\/div>\n<div class=\"result_A91TQ\">\n<div class=\"percentage_3xTzj\"><strong>47%.\u00a0<\/strong> improvement in the appearance of fine lines (clinical grading) after 8 weeks<\/div>\n<\/div>\n<div class=\"result_A91TQ\">\n<div class=\"percentage_3xTzj\"><strong>35%.<\/strong>\u00a0 improvement in skin plumped appearance (clinical grading) after 8 weeks<\/div>\n<\/div>\n<div><\/div>\n<div>\n<div class=\"topContent_-+m8Y\">\n<div class=\"contentHalf_raKE0\">\n<div class=\"innerContent_ON0Sz\">\n<div class=\"section_w2M+K\">\n<div class=\"paragraph_LCEYm\">Etter rens, toning og det m\u00e5lrettede trinnet (serumtrinnet), p\u00e5f\u00f8rer du en sjener\u00f8s mengde p\u00e5 ansikt og hals hver dag.<\/div>\n<div class=\"paragraph_LCEYm\">Brukes daglig, morgen og\/eller kveld etter \u00f8nske.<\/div>\n<div><\/div>\n<\/div>\n<div class=\"section_w2M+K\">\n<h3 class=\"sectionTitle_iGQAh\">Anbefaling(er)<\/h3>\n<div class=\"paragraph_LCEYm\">For optimalt resultat, p\u00e5f\u00f8r etter ditt foretrukne ageLOC Tru Face-serum, for eksempel ageLOC Tru Face Essence Ultra.<\/div>\n<div><\/div>\n<div>\n<h5 class=\"ingredientLabel_V8VdP\">Andre ingredienser<\/h5>\n<div class=\"ingredientBody_jAn5+\">Aqua, glyserin, cyklopentasiloksan, olusolje, cetylalkohol, etylheksylisonanoat, glyserylstearat, Helianthus Annuus fr\u00f8olje, cetearylalkohol, Pyrus Malus fruktekstrakt, Ceteareth-20, PEG-75 Stearate, Dimethiconol, Squalane, Butyrospermum Parkii Butter, C10-18 Triglycerides, Pentylene Glycol, Leontopodium Alpinum Callus Culture Extract, Narcissus Tazetta Bulb Extract, Schizandra Chinensis Fruit Extract, Retinyl Palmitate, Centella Asiatica Extract, Caesalpinia Spinosa Fruit Extract, Echinacea Angustifolia Extract, Oryza Sativa Bran Extract, Camellia Sinensis Leaf Extract, Pistacia Lentiscus Gum, Simmondsia Chinensis Seed Extract, Ubiquinone, Dunaliella Salina Extract, Kappaphycus Alvarezii Extract, Olea Europaea-fruktolje, Rosmarinus Officinalis-bladekstrakt, oktyldodecyloleat, Carthamus Tinctorius-fr\u00f8olje, kapryl\/kaprik-triglyserid, tetraheksyldecylaskorbat, Tocopherol, Tocopheryl Acetate, Pentaerythrityl Tetra-Di-T-Butyl Hydroxyhydrocinnamate, Hydroxyacetophenone, Dimethicone, Hydrogenated Polydecene, Benzotriazolyl Dodecyl P-Cresol, PEG-7 trimetylolpropan-kokosn\u00f8tteter, lauret-7, sorbitanisostearat, hydroksyetylakrylat\/natriumakryloyldimetyltaurat-kopolymer, xantangummi, akrylat\/C10-30-alkylakrylat-krysningspolymer, polyisobuten, dinatrium-EDTA, natriumhydroksid, sitronsyre, parfyme, fenoksyetanol, kaliumsorbat, klorfenesin, alfa-isometylionon.<\/div>\n<div><\/div>\n<div>\n<div class=\"disclaimer_LqemA\">\u00b9Resultater fra en profesjonell tredjepartsvurdering basert p\u00e5 en 8 ukers klinisk in vivo-studie utf\u00f8rt p\u00e5 30 kvinnelige fors\u00f8kspersoner, alle mellom 45 og 65 \u00e5r gamle. Fors\u00f8kspersonene ble bedt om \u00e5 bruke ageLOC Tru Face Uplifting Rich Cream morgen og kveld i 8 uker. F\u00f8lgende vurderinger ble gjort ved baseline, etter p\u00e5f\u00f8ring, uke 1, 2, 4 og 8: Cutometer, chromameter, corneometer, klinisk gradering og selvoppfatning.<\/div>\n<div class=\"disclaimer_LqemA\">\u00b2Procentandel oppn\u00e5dd ved \u00e5 sammenligne vekten av den klassiske ageLOC-emballasjen (glasskrukke og lokk) med vekten av den n\u00e5v\u00e6rende refill-kassetten til ageLOC Tru Face Uplifting Rich Cream.<\/div>\n<div class=\"disclaimer_LqemA\">Prosentandel oppn\u00e5dd ved \u00e5 sammenligne vekten av den klassiske ageLOC-emballasjen (glasskrukke og lokk) med vekten av den n\u00e5v\u00e6rende ageLOC Tru Face Uplifting Rich Cream-emballasjen (refill-patron, ytre etui, pumpe og lokk); med tanke p\u00e5 at forbrukerne kj\u00f8per per \u00e5r: 12 enheter av den klassiske ageLOC-emballasjen, sammenlignet med 4 komplette ageLOC Tru Face Uplifting Rich Cream-systemer og 8 refill-enheter.<\/div>\n<\/div>\n<\/div>\n<\/div>\n<\/div>\n<\/div>\n<\/div>\n<\/div>","protected":false},"excerpt":{"rendered":"<p>Experience ageLOC Tru Face Uplifting Rich Cream, the ultimate firming and hydrating powerhouse designed to visibly lift, contour, and revitalise your skin\u2019s appearance.<\/p>","protected":false},"featured_media":1488,"comment_status":"open","ping_status":"closed","template":"","meta":{"site-sidebar-layout":"default","site-content-layout":"","ast-site-content-layout":"default","site-content-style":"default","site-sidebar-style":"default","ast-global-header-display":"","ast-banner-title-visibility":"","ast-main-header-display":"","ast-hfb-above-header-display":"","ast-hfb-below-header-display":"","ast-hfb-mobile-header-display":"","site-post-title":"","ast-breadcrumbs-content":"","ast-featured-img":"","footer-sml-layout":"","ast-disable-related-posts":"","theme-transparent-header-meta":"default","adv-header-id-meta":"","stick-header-meta":"","header-above-stick-meta":"","header-main-stick-meta":"","header-below-stick-meta":"","astra-migrate-meta-layouts":"set","ast-page-background-enabled":"default","ast-page-background-meta":{"desktop":{"background-color":"var(--ast-global-color-4)","background-image":"","background-repeat":"repeat","background-position":"center center","background-size":"auto","background-attachment":"scroll","background-type":"","background-media":"","overlay-type":"","overlay-color":"","overlay-opacity":"","overlay-gradient":""},"tablet":{"background-color":"","background-image":"","background-repeat":"repeat","background-position":"center center","background-size":"auto","background-attachment":"scroll","background-type":"","background-media":"","overlay-type":"","overlay-color":"","overlay-opacity":"","overlay-gradient":""},"mobile":{"background-color":"","background-image":"","background-repeat":"repeat","background-position":"center center","background-size":"auto","background-attachment":"scroll","background-type":"","background-media":"","overlay-type":"","overlay-color":"","overlay-opacity":"","overlay-gradient":""}},"ast-content-background-meta":{"desktop":{"background-color":"var(--ast-global-color-5)","background-image":"","background-repeat":"repeat","background-position":"center center","background-size":"auto","background-attachment":"scroll","background-type":"","background-media":"","overlay-type":"","overlay-color":"","overlay-opacity":"","overlay-gradient":""},"tablet":{"background-color":"var(--ast-global-color-5)","background-image":"","background-repeat":"repeat","background-position":"center center","background-size":"auto","background-attachment":"scroll","background-type":"","background-media":"","overlay-type":"","overlay-color":"","overlay-opacity":"","overlay-gradient":""},"mobile":{"background-color":"var(--ast-global-color-5)","background-image":"","background-repeat":"repeat","background-position":"center center","background-size":"auto","background-attachment":"scroll","background-type":"","background-media":"","overlay-type":"","overlay-color":"","overlay-opacity":"","overlay-gradient":""}}},"product_brand":[],"product_cat":[38],"product_tag":[],"class_list":{"0":"post-1483","1":"product","2":"type-product","3":"status-publish","4":"has-post-thumbnail","6":"product_cat-tru-face","7":"desktop-align-center","8":"tablet-align-left","9":"mobile-align-left","11":"first","12":"instock","13":"shipping-taxable","14":"purchasable","15":"product-type-simple"},"_links":{"self":[{"href":"https:\/\/ingasatiene.com\/nb\/wp-json\/wp\/v2\/product\/1483","targetHints":{"allow":["GET"]}}],"collection":[{"href":"https:\/\/ingasatiene.com\/nb\/wp-json\/wp\/v2\/product"}],"about":[{"href":"https:\/\/ingasatiene.com\/nb\/wp-json\/wp\/v2\/types\/product"}],"replies":[{"embeddable":true,"href":"https:\/\/ingasatiene.com\/nb\/wp-json\/wp\/v2\/comments?post=1483"}],"wp:featuredmedia":[{"embeddable":true,"href":"https:\/\/ingasatiene.com\/nb\/wp-json\/wp\/v2\/media\/1488"}],"wp:attachment":[{"href":"https:\/\/ingasatiene.com\/nb\/wp-json\/wp\/v2\/media?parent=1483"}],"wp:term":[{"taxonomy":"product_brand","embeddable":true,"href":"https:\/\/ingasatiene.com\/nb\/wp-json\/wp\/v2\/product_brand?post=1483"},{"taxonomy":"product_cat","embeddable":true,"href":"https:\/\/ingasatiene.com\/nb\/wp-json\/wp\/v2\/product_cat?post=1483"},{"taxonomy":"product_tag","embeddable":true,"href":"https:\/\/ingasatiene.com\/nb\/wp-json\/wp\/v2\/product_tag?post=1483"}],"curies":[{"name":"wp","href":"https:\/\/api.w.org\/{rel}","templated":true}]}}