{"id":1477,"date":"2026-01-27T10:35:11","date_gmt":"2026-01-27T10:35:11","guid":{"rendered":"https:\/\/ingasatiene.com\/?post_type=product&#038;p=1477"},"modified":"2026-02-10T09:00:56","modified_gmt":"2026-02-10T09:00:56","slug":"ageloc-tru-face-line-corrector","status":"publish","type":"product","link":"https:\/\/ingasatiene.com\/nb\/produkt\/ageloc-tru-face-line-corrector\/","title":{"rendered":"ageLOC Tru Face Line Corrector"},"content":{"rendered":"<p>Ageing is a natural evolution, rich with beauty and wisdom, though we know that visible lines and wrinkles can sometimes stir moments of self-consciousness. This is where ageLOC Tru Face Line Corrector steps in. Selected ingredients within ageLOC Tru Face Line Corrector work at the cellular level of the epidermis \u2014 the outermost layer of your skin \u2014 helping your skin look smoother and more youthful.<\/p>\n<p>Plus, you can pair this serum with ageLOC Galvanic Spa device for optimal results. Elevate your ageLOC Tru Face ritual and embrace a refined well-ageing journey \u2014 where the appearance of lines visibly softens and your natural beauty shines through.<\/p>\n<ul>\n<li>Formulert med Nu Skins egenutviklede ageLOC-ingrediensblanding for \u00e5 angripe kildene til synlige tegn p\u00e5 aldring av huden, bidra til \u00e5 bevare et ungdommelig utseende og redusere hudens aldringstegn.<\/li>\n<li>Helps reduce and smooth the appearance of fine lines and wrinkles, particularly around the mouth and eyes.<\/li>\n<li>Smooths and visibly renews skin for a more refined and healthier appearance.<\/li>\n<li>Gives skin a soft and supple feeling.<\/li>\n<li>Works with ageLOC Galvanic Spa to help optimise multiple skincare benefits.<\/li>\n<li>Passer perfekt til enten prejuvenation- eller rejuvenation-rutinen.<\/li>\n<\/ul>\n<div class=\"summary_oIC6-\">\n<p>Nu Skin conducted an 8-week in-house, in vivo study where 30 participants, aged 35-55, used ageLOC Tru Face Line Corrector twice daily on the face and neck and completed a self-perception assessment.\u00b9 After 8 weeks :<\/p>\n<\/div>\n<div class=\"result_A91TQ\">\n<div class=\"percentage_3xTzj\"><strong>90%\u00a0<\/strong> \u00a0participants saw improvement in the appearance of crow\u2019s feet.<\/div>\n<\/div>\n<div class=\"result_A91TQ\">\n<div class=\"percentage_3xTzj\"><strong>81%<\/strong>\u00a0<strong> \u00a0<\/strong>participants agreed their skin looks younger.<\/div>\n<\/div>\n<div class=\"result_A91TQ\">\n<div class=\"percentage_3xTzj\"><strong>27%<\/strong>\u00a0 \u00a0improvement in crow\u2019s feet.<\/div>\n<\/div>\n<div class=\"result_A91TQ\">\n<div class=\"percentage_3xTzj\"><strong>25%<\/strong>\u00a0 \u00a0improvement in smile lines.<\/div>\n<div><\/div>\n<div>\n<div class=\"section_w2M+K\">\n<div class=\"paragraph_LCEYm\">Use morning and evening after cleansing and toning.<\/div>\n<div class=\"paragraph_LCEYm\">Apply to fine lines around the eyes, mouth, and forehead before following up with your preferred ageLOC Tru Face serum<\/div>\n<div><\/div>\n<\/div>\n<div class=\"section_w2M+K\">\n<h3 class=\"sectionTitle_iGQAh\">Anbefaling(er)<\/h3>\n<div class=\"paragraph_LCEYm\">Apply only to the outer eye contour along the bony area, avoiding the softer, more sensitive parts around the eyes.<\/div>\n<div class=\"paragraph_LCEYm\">Pair with ageLOC Galvanic Spa device for optimal results.<\/div>\n<div class=\"paragraph_LCEYm\">Follow with an ageLOC Tru Face moisturiser to continue your routine.<\/div>\n<div><\/div>\n<\/div>\n<div>\n<h5 class=\"ingredientLabel_V8VdP\">Alle ingredienser<\/h5>\n<div class=\"ingredientBody_jAn5+\">Aqua, Cyclopentasiloxane, Phenyl Trimethicone, Glycerin, Dimethicone Crosspolymer, Butylene Glycol, Stearyl Dimethicone, Glyceryl Stearate, PEG-100 Stearate, Methyl Glucose Sesquistearate, Cyclohexasiloxane, Isohexadecane, Palmitoyl Tripeptide-1, Palmitoyl Tetrapeptide-7, Ethylhexylglycerin, Dipalmitoyl Hydroxyproline, Centella Asiatica Extract, Portulaca Oleracea Extract, Dimethyl Methyl Alkyl Siloxane, Prunus Amygdalus Dulcis Seed Extract, Octadecene, PEG\/PPG-18\/18 Dimethicone, Polysorbate 80, Polysorbate 20, Sorbitan Oleate, Carbomer, Sodium Acrylate\/Sodium Acryloyldimethyl Taurate Copolymer, Sodium Polyacrylate, Aminomethyl Propanol, Sodium Lactacte, Citric Acid, Disodium EDTA, Phenoxyethanol, Chlorphenesin.<\/div>\n<div><\/div>\n<div>\n<div class=\"disclaimer_LqemA\">\u00b9Results obtained from an in-house, in vivo, sensory and efficacy study performed on 30 healthy male and female subjects aged between 35 and 55 years old. Subjects were instructed to use ageLOC Tru Face Line Corrector on face and neck, morning and night, for 8 weeks. They completed a self-assessment questionnaire at various timepoints throughout the study.<\/div>\n<div class=\"disclaimer_LqemA\">\u00b2Results obtained from a third-party professional assessment based on an 8-weeks in vivo, single-site, single \u2013blind, split-face study performed on 40 female subjects aged 35 and above. Participants were instructed to apply a thin layer of ageLOC Tru Face Line Corrector twice daily on the entire face. The Galvanic Spa device was used twice per day around the eye area, but only on one randomly assigned side of the face. Instrumentation measurements, self-perception feedback, and clinical evaluations were used to assess results.<\/div>\n<div class=\"disclaimer_LqemA\">\u00b3PCR, excluding cap.<\/div>\n<\/div>\n<\/div>\n<\/div>\n<\/div>","protected":false},"excerpt":{"rendered":"<p>Specifically designed for targeted areas, ageLOC Tru Face Line Corrector is a serum powered by advanced peptides that visibly soften the appearance of fine lines and wrinkles, particularly around the mouth and eyes.<\/p>","protected":false},"featured_media":1482,"comment_status":"open","ping_status":"closed","template":"","meta":{"site-sidebar-layout":"default","site-content-layout":"","ast-site-content-layout":"default","site-content-style":"default","site-sidebar-style":"default","ast-global-header-display":"","ast-banner-title-visibility":"","ast-main-header-display":"","ast-hfb-above-header-display":"","ast-hfb-below-header-display":"","ast-hfb-mobile-header-display":"","site-post-title":"","ast-breadcrumbs-content":"","ast-featured-img":"","footer-sml-layout":"","ast-disable-related-posts":"","theme-transparent-header-meta":"default","adv-header-id-meta":"","stick-header-meta":"","header-above-stick-meta":"","header-main-stick-meta":"","header-below-stick-meta":"","astra-migrate-meta-layouts":"set","ast-page-background-enabled":"default","ast-page-background-meta":{"desktop":{"background-color":"var(--ast-global-color-4)","background-image":"","background-repeat":"repeat","background-position":"center center","background-size":"auto","background-attachment":"scroll","background-type":"","background-media":"","overlay-type":"","overlay-color":"","overlay-opacity":"","overlay-gradient":""},"tablet":{"background-color":"","background-image":"","background-repeat":"repeat","background-position":"center center","background-size":"auto","background-attachment":"scroll","background-type":"","background-media":"","overlay-type":"","overlay-color":"","overlay-opacity":"","overlay-gradient":""},"mobile":{"background-color":"","background-image":"","background-repeat":"repeat","background-position":"center center","background-size":"auto","background-attachment":"scroll","background-type":"","background-media":"","overlay-type":"","overlay-color":"","overlay-opacity":"","overlay-gradient":""}},"ast-content-background-meta":{"desktop":{"background-color":"var(--ast-global-color-5)","background-image":"","background-repeat":"repeat","background-position":"center center","background-size":"auto","background-attachment":"scroll","background-type":"","background-media":"","overlay-type":"","overlay-color":"","overlay-opacity":"","overlay-gradient":""},"tablet":{"background-color":"var(--ast-global-color-5)","background-image":"","background-repeat":"repeat","background-position":"center center","background-size":"auto","background-attachment":"scroll","background-type":"","background-media":"","overlay-type":"","overlay-color":"","overlay-opacity":"","overlay-gradient":""},"mobile":{"background-color":"var(--ast-global-color-5)","background-image":"","background-repeat":"repeat","background-position":"center center","background-size":"auto","background-attachment":"scroll","background-type":"","background-media":"","overlay-type":"","overlay-color":"","overlay-opacity":"","overlay-gradient":""}}},"product_brand":[],"product_cat":[38],"product_tag":[],"class_list":{"0":"post-1477","1":"product","2":"type-product","3":"status-publish","4":"has-post-thumbnail","6":"product_cat-tru-face","7":"desktop-align-center","8":"tablet-align-left","9":"mobile-align-left","11":"first","12":"instock","13":"shipping-taxable","14":"purchasable","15":"product-type-simple"},"_links":{"self":[{"href":"https:\/\/ingasatiene.com\/nb\/wp-json\/wp\/v2\/product\/1477","targetHints":{"allow":["GET"]}}],"collection":[{"href":"https:\/\/ingasatiene.com\/nb\/wp-json\/wp\/v2\/product"}],"about":[{"href":"https:\/\/ingasatiene.com\/nb\/wp-json\/wp\/v2\/types\/product"}],"replies":[{"embeddable":true,"href":"https:\/\/ingasatiene.com\/nb\/wp-json\/wp\/v2\/comments?post=1477"}],"wp:featuredmedia":[{"embeddable":true,"href":"https:\/\/ingasatiene.com\/nb\/wp-json\/wp\/v2\/media\/1482"}],"wp:attachment":[{"href":"https:\/\/ingasatiene.com\/nb\/wp-json\/wp\/v2\/media?parent=1477"}],"wp:term":[{"taxonomy":"product_brand","embeddable":true,"href":"https:\/\/ingasatiene.com\/nb\/wp-json\/wp\/v2\/product_brand?post=1477"},{"taxonomy":"product_cat","embeddable":true,"href":"https:\/\/ingasatiene.com\/nb\/wp-json\/wp\/v2\/product_cat?post=1477"},{"taxonomy":"product_tag","embeddable":true,"href":"https:\/\/ingasatiene.com\/nb\/wp-json\/wp\/v2\/product_tag?post=1477"}],"curies":[{"name":"wp","href":"https:\/\/api.w.org\/{rel}","templated":true}]}}