{"id":1472,"date":"2026-01-27T10:28:33","date_gmt":"2026-01-27T10:28:33","guid":{"rendered":"https:\/\/ingasatiene.com\/?post_type=product&#038;p=1472"},"modified":"2026-02-10T09:01:20","modified_gmt":"2026-02-10T09:01:20","slug":"refill-ageloc-tru-face-future-serum","status":"publish","type":"product","link":"https:\/\/ingasatiene.com\/nb\/produkt\/refill-ageloc-tru-face-future-serum\/","title":{"rendered":"Refill ageLOC Tru Face Future Serum"},"content":{"rendered":"<p>\u00d8nsker du \u00e5 eldes med verdighet? F\u00e5 en hud med et mer ungdommelig utseende ved \u00e5 fokusere p\u00e5 \u00e5tte synlige tegn p\u00e5 aldring: fasthet, glatthet, jevn hudtone, fine linjer og rynker, utstr\u00e5ling, poreutseende, misfarging av huden og hydrering. Det er en multitasking game changer som gir deg resultater med klinisk styrke hjemme, og kombinerer fordelene med flere anti-aldringsprodukter i \u00e9n enkelt formel. ageLOC Tru Face Future Serum - en feiring av velaldring som gir deg mulighet til \u00e5 f\u00f8le deg trygg p\u00e5 huden din, der historien din fortelles med ynde, styrke og autentisitet.<\/p>\n<ul>\n<li>Formulert med Nu Skins egenutviklede ageLOC-ingrediensblanding for \u00e5 angripe kildene til synlige tegn p\u00e5 aldring av huden, bidra til \u00e5 bevare et ungdommelig utseende og redusere hudens aldringstegn.<\/li>\n<li>Forbedrer hudens ungdommelige utseende p\u00e5 8 m\u00e5ter: fasthet, glatthet, jevn hudtone, fine linjer\/rynker, utstr\u00e5ling, poreutseende, misfarging av huden og hydrering.<\/li>\n<li>Fordelene begynner \u00e5 vise seg etter bare 7 dager.\u00b9<\/li>\n<li>Strammer opp, l\u00f8fter og glatter huden synlig for et mer ungdommelig utseende.<\/li>\n<li>Reduserer forekomsten av fine linjer, rynker og porer.<\/li>\n<li>Lysner, jevner ut og forbedrer hudens utstr\u00e5ling for en jevnere og mer ungdommelig hudfarge.<\/li>\n<li>\u00d8ker fuktigheten og bidrar til \u00e5 bevare hudens naturlige fuktbarriere.<\/li>\n<li>Passer perfekt til foryngelsesrutinen din.<\/li>\n<\/ul>\n<div class=\"summary_oIC6-\">\n<p>I en \u00e5tte ukers tredjepartsstudie, der 47 fors\u00f8kspersoner brukte Future Serum morgen og kveld, noterte den kliniske vurdereren f\u00f8lgende resultater hos en h\u00f8y prosentandel av fors\u00f8kspersonene etter \u00e5tte uker:\u00b2<\/p>\n<\/div>\n<div class=\"result_A91TQ\">\n<div class=\"percentage_3xTzj\"><strong>100%<\/strong>\u00a0 \u00a0viste forbedringer i hudens glatthet.<\/div>\n<\/div>\n<div class=\"result_A91TQ\">\n<div class=\"percentage_3xTzj\"><strong>96%\u00a0<\/strong>\u00a0 \u00a0 hadde forbedringer i hudens utstr\u00e5ling.<\/div>\n<\/div>\n<div class=\"result_A91TQ\">\n<div class=\"percentage_3xTzj\"><strong>91%<\/strong>\u00a0 \u00a0 \u00a0 opplevde en synlig reduksjon av fine linjer.<\/div>\n<div><\/div>\n<\/div>\n<div>\n<div class=\"topContent_-+m8Y\">\n<div class=\"contentHalf_raKE0\">\n<div class=\"innerContent_ON0Sz\">\n<div class=\"section_w2M+K\">\n<div class=\"paragraph_LCEYm\">Sett den nye patronen i ageLOC Tru Face Future Serum-flasken du allerede eier.<\/div>\n<div class=\"paragraph_LCEYm\">P\u00e5f\u00f8res morgen og kveld etter rens og toning, og f\u00f8r fuktighetskrem.<\/div>\n<div><\/div>\n<\/div>\n<div class=\"section_w2M+K\">\n<h3 class=\"sectionTitle_iGQAh\">Anbefaling(er)<\/h3>\n<div class=\"paragraph_LCEYm\">Fordel ca. 2 pump p\u00e5 fingertuppene og p\u00e5f\u00f8r p\u00e5 ansikt og hals, men unng\u00e5 den myke delen av \u00f8yeomr\u00e5det.<\/div>\n<div><\/div>\n<div>\n<div class=\"root_y+ekh productDetails_UoG-i\" data-drawer-ingredients=\"drawer-ingredients\">\n<div class=\"body_v2rxJ\" data-testid=\"collapsibleSectionOpen-true\">\n<div class=\"ns-animate-height\" data-v-334c525f=\"\" data-testid=\"height-container\">\n<div data-v-334c525f=\"\">\n<div class=\"slot_7HfpF\" data-v-334c525f=\"\">\n<div class=\"slotContent_8-gqs\" data-v-334c525f=\"\">\n<div data-v-334c525f=\"\">\n<div class=\"whatPowersIt_WmDmq\" data-v-334c525f=\"\">\n<div class=\"productIngredients_HvCeD\" data-v-334c525f=\"\">\n<div class=\"root_JCPsA\" data-v-334c525f=\"\">\n<div class=\"ingredient_XkGkP\">\n<h5 class=\"ingredientLabel_V8VdP\">Alle ingredienser<\/h5>\n<div class=\"ingredientBody_jAn5+\">Aqua, butylenglykol, cyklopentasiloksan, polymetylsilsesquioxan, glyserin, pentylenglykol, HDI\/trimetylolheksyllakton-krysningspolymer, 1-metylhydantoin-2-imid, isoceteth-20, dimetikon, ekstrakt av Narcissus Tazetta-lampe, ekstrakt av Schizandra Chinensis-frukt, Bambusa Vulgaris blad\/stammeekstrakt, Pisum Sativum-ekstrakt, glukosamin HCl, natriumhyaluronat, Citrus Limon-skallekstrakt, heksapeptid-2, equol, Leuconostoc\/rotrotrotfermentfiltrat, pullulan, isoheksadekan, polysilikon-11, T-butylalkohol, cetylalkohol, sklerotiumgummi, ammoniumakryloyldimetyltaurat\/behenet-25-metakrylat-krysningspolymer, ammoniumakryloyldimetyltaurat\/VP-kopolymer, xantangummi, ammoniumpolyakryloyldimetyltaurat, glyserylstearat, Lysolecithin, Polysorbate 80, PEG-75 Stearate, Ceteth-20, Steareth-20, Caprylyl\/Capryl Glucoside, Decyl Glucoside, Lauryl Glucoside, Hexylene Glycol, Disodium EDTA, Citric Acid, Parfum, Chlorphenesin, Potassium Sorbate, Phenoxyethanol.<\/div>\n<\/div>\n<div><\/div>\n<div class=\"ingredient_XkGkP\">\n<div>\n<div class=\"disclaimer_LqemA\">\u00b9Basert p\u00e5 en randomisert, in vivo, 12 ukers klinisk studie som vurderte effekten av ageLOC Future Serum. 29 asiatiske og kaukasiske kvinner med milde til moderate rynker og flekkete pigmentering, i alderen 40 til 70 \u00e5r, brukte ageLOC Future Serum to ganger daglig i 12 uker.<\/div>\n<div class=\"disclaimer_LqemA\">\u00b2Resultater fra en profesjonell tredjepartsvurdering basert p\u00e5 en 8-ukers, in vivo, klinisk studie med 47 kvinnelige fors\u00f8kspersoner mellom 40 og 69 \u00e5r med milde til moderate fine linjer og rynker i kr\u00e5kefotomr\u00e5det og tilstedev\u00e6relse av hyperpigmentering\/aldringsflekker i ansiktet. Fors\u00f8kspersonene ble bedt om \u00e5 p\u00e5f\u00f8re to pumper av Future Serum p\u00e5 ansikt og hals om morgenen og om kvelden f\u00f8r de smurte seg med fuktighetskrem. Ved baseline og p\u00e5 ulike tidspunkter ble hudens egenskaper vurdert ved hjelp av klinisk gradering, bioinstrumentering (cutometer, ...) og selvoppfatning.<\/div>\n<div class=\"disclaimer_LqemA\">\"Med unntak av hetten.<\/div>\n<div class=\"disclaimer_LqemA\">\u2074Prosent oppn\u00e5dd ved \u00e5 sammenligne vekten av tidligere emballasje av ageLOC Future Serum (glass, pumpe og lokk) med den n\u00e5v\u00e6rende ageLOC Tru Face Future Serum refill-kassetten.<\/div>\n<div class=\"disclaimer_LqemA\">\u2075Prosent oppn\u00e5dd ved \u00e5 sammenligne vekten av den tidligere emballasjen til ageLOC Future Serum (glass, pumpe og lokk) med den n\u00e5v\u00e6rende emballasjen (refillpatron, ytteretui, pumpe og lokk); med tanke p\u00e5 at forbrukerne vil kj\u00f8pe per \u00e5r: 12 enheter av den tidligere ageLOC Future Serum-emballasjen, sammenlignet med 4 komplette systemer ageLOC Tru Face Future Serum og 8 refill-enheter.<\/div>\n<\/div>\n<\/div>\n<\/div>\n<\/div>\n<\/div>\n<\/div>\n<\/div>\n<\/div>\n<\/div>\n<\/div>\n<\/div>\n<\/div>\n<div class=\"root_y+ekh productDetails_UoG-i\" data-drawer-resources=\"drawer-resources\">\n<div class=\"header_B4uWq\" data-testid=\"collapsibleSectionClick\" data-testid-value=\"resources\">\n<div class=\"headerContent_Z43Gw\"><\/div>\n<\/div>\n<div class=\"body_v2rxJ\" data-testid=\"collapsibleSectionOpen-false\">\n<div class=\"ns-animate-height\" data-v-334c525f=\"\" data-testid=\"height-container\">\n<div data-v-334c525f=\"\">\n<div class=\"slot_7HfpF\" data-v-334c525f=\"\">\n<div class=\"slotContent_8-gqs\" data-v-334c525f=\"\">\n<div class=\"root_VISS9\" data-v-334c525f=\"\">\n<div class=\"resources_7v3uX\">\n<div class=\"icon_tP8PL\"><\/div>\n<\/div>\n<\/div>\n<\/div>\n<\/div>\n<\/div>\n<\/div>\n<\/div>\n<\/div>\n<\/div>\n<\/div>\n<\/div>\n<\/div>\n<\/div>\n<\/div>","protected":false},"excerpt":{"rendered":"<p>ageLOC Tru Face Future Serum avsl\u00f8rer ungdommelig hud p\u00e5 bare 7 dager.\u00b9 Favorittserumet ditt er n\u00e5 tilgjengelig som refill, noe som gj\u00f8r det enklere \u00e5 ta vare p\u00e5 huden din samtidig som du reduserer emballasjeavfallet.<\/p>","protected":false},"featured_media":1476,"comment_status":"open","ping_status":"closed","template":"","meta":{"site-sidebar-layout":"default","site-content-layout":"","ast-site-content-layout":"default","site-content-style":"default","site-sidebar-style":"default","ast-global-header-display":"","ast-banner-title-visibility":"","ast-main-header-display":"","ast-hfb-above-header-display":"","ast-hfb-below-header-display":"","ast-hfb-mobile-header-display":"","site-post-title":"","ast-breadcrumbs-content":"","ast-featured-img":"","footer-sml-layout":"","ast-disable-related-posts":"","theme-transparent-header-meta":"default","adv-header-id-meta":"","stick-header-meta":"","header-above-stick-meta":"","header-main-stick-meta":"","header-below-stick-meta":"","astra-migrate-meta-layouts":"set","ast-page-background-enabled":"default","ast-page-background-meta":{"desktop":{"background-color":"var(--ast-global-color-4)","background-image":"","background-repeat":"repeat","background-position":"center center","background-size":"auto","background-attachment":"scroll","background-type":"","background-media":"","overlay-type":"","overlay-color":"","overlay-opacity":"","overlay-gradient":""},"tablet":{"background-color":"","background-image":"","background-repeat":"repeat","background-position":"center center","background-size":"auto","background-attachment":"scroll","background-type":"","background-media":"","overlay-type":"","overlay-color":"","overlay-opacity":"","overlay-gradient":""},"mobile":{"background-color":"","background-image":"","background-repeat":"repeat","background-position":"center center","background-size":"auto","background-attachment":"scroll","background-type":"","background-media":"","overlay-type":"","overlay-color":"","overlay-opacity":"","overlay-gradient":""}},"ast-content-background-meta":{"desktop":{"background-color":"var(--ast-global-color-5)","background-image":"","background-repeat":"repeat","background-position":"center center","background-size":"auto","background-attachment":"scroll","background-type":"","background-media":"","overlay-type":"","overlay-color":"","overlay-opacity":"","overlay-gradient":""},"tablet":{"background-color":"var(--ast-global-color-5)","background-image":"","background-repeat":"repeat","background-position":"center center","background-size":"auto","background-attachment":"scroll","background-type":"","background-media":"","overlay-type":"","overlay-color":"","overlay-opacity":"","overlay-gradient":""},"mobile":{"background-color":"var(--ast-global-color-5)","background-image":"","background-repeat":"repeat","background-position":"center center","background-size":"auto","background-attachment":"scroll","background-type":"","background-media":"","overlay-type":"","overlay-color":"","overlay-opacity":"","overlay-gradient":""}}},"product_brand":[],"product_cat":[38],"product_tag":[],"class_list":{"0":"post-1472","1":"product","2":"type-product","3":"status-publish","4":"has-post-thumbnail","6":"product_cat-tru-face","7":"desktop-align-center","8":"tablet-align-left","9":"mobile-align-left","11":"first","12":"instock","13":"shipping-taxable","14":"purchasable","15":"product-type-simple"},"_links":{"self":[{"href":"https:\/\/ingasatiene.com\/nb\/wp-json\/wp\/v2\/product\/1472","targetHints":{"allow":["GET"]}}],"collection":[{"href":"https:\/\/ingasatiene.com\/nb\/wp-json\/wp\/v2\/product"}],"about":[{"href":"https:\/\/ingasatiene.com\/nb\/wp-json\/wp\/v2\/types\/product"}],"replies":[{"embeddable":true,"href":"https:\/\/ingasatiene.com\/nb\/wp-json\/wp\/v2\/comments?post=1472"}],"wp:featuredmedia":[{"embeddable":true,"href":"https:\/\/ingasatiene.com\/nb\/wp-json\/wp\/v2\/media\/1476"}],"wp:attachment":[{"href":"https:\/\/ingasatiene.com\/nb\/wp-json\/wp\/v2\/media?parent=1472"}],"wp:term":[{"taxonomy":"product_brand","embeddable":true,"href":"https:\/\/ingasatiene.com\/nb\/wp-json\/wp\/v2\/product_brand?post=1472"},{"taxonomy":"product_cat","embeddable":true,"href":"https:\/\/ingasatiene.com\/nb\/wp-json\/wp\/v2\/product_cat?post=1472"},{"taxonomy":"product_tag","embeddable":true,"href":"https:\/\/ingasatiene.com\/nb\/wp-json\/wp\/v2\/product_tag?post=1472"}],"curies":[{"name":"wp","href":"https:\/\/api.w.org\/{rel}","templated":true}]}}