{"id":1462,"date":"2026-01-27T10:13:43","date_gmt":"2026-01-27T10:13:43","guid":{"rendered":"https:\/\/ingasatiene.com\/?post_type=product&#038;p=1462"},"modified":"2026-02-10T09:01:33","modified_gmt":"2026-02-10T09:01:33","slug":"refill-ageloc-tru-face-essence-ultra","status":"publish","type":"product","link":"https:\/\/ingasatiene.com\/nb\/produkt\/refill-ageloc-tru-face-essence-ultra\/","title":{"rendered":"Refill ageLOC Tru Face Essence Ultra"},"content":{"rendered":"<p>Harnessing the power of ageLOC technology to target the sources of visible signs of skin ageing, and Tru Face FirmPlex to visibly improve skin firmness, this advanced serum formula delivers visibly firmer and more sculpted-looking skin, promoting a youthful appearance with improved elasticity and bounce that you can see, feel, and love.<\/p>\n<ul>\n<li>Formulert med Nu Skins egenutviklede ageLOC-ingrediensblanding for \u00e5 angripe kildene til synlige tegn p\u00e5 aldring av huden, bidra til \u00e5 bevare et ungdommelig utseende og redusere hudens aldringstegn.<\/li>\n<li>Helps visibly lift and firm skin.<\/li>\n<li>Improves elasticity for a youthful, bouncy, lifted, and healthier look.<\/li>\n<li>Defines skin around the eyes, neck, chin, mouth, and jawline for a contoured and sculpted appearance.<\/li>\n<li>Visibly reduces fine lines and wrinkles.<\/li>\n<li>Supports skin\u2019s natural moisture barrier.<\/li>\n<li>Helps protect skin from the negative effects of oxidative stress.<\/li>\n<li>Passer perfekt til foryngelsesrutinen din.<\/li>\n<\/ul>\n<div class=\"summary_oIC6-\">\n<p>Nu Skin commissioned a third-party four-week, in vivo study where 35 participants used ageLOC Tru Face Essence Ultra twice daily in addition to their regular skincare routine.\u00b9<\/p>\n<\/div>\n<div class=\"result_A91TQ\">\n<div class=\"percentage_3xTzj\"><strong>189%<\/strong>\u00a0 \u00a0improvement in skin hydration\u00b2 after one week.<\/div>\n<\/div>\n<div class=\"result_A91TQ\">\n<div class=\"percentage_3xTzj\"><strong>19%<\/strong>\u00a0 \u00a0improvement in skin elasticity\u00b2 after one week.<\/div>\n<\/div>\n<div class=\"result_A91TQ\">\n<div class=\"percentage_3xTzj\"><strong>39%<\/strong>\u00a0 \u00a0improvement in skin elasticity and firmness\u00b2 after four weeks.<\/div>\n<\/div>\n<div class=\"result_A91TQ\">\n<div class=\"percentage_3xTzj\"><strong>97%<\/strong>\u00a0 \u00a0of subjects experienced improvement in skin smoothness and softness\u00b3 after four weeks.<\/div>\n<\/div>\n<div class=\"result_A91TQ\">\n<div class=\"percentage_3xTzj\"><strong>86%<\/strong>\u00a0 \u00a0of participants agreed their skin felt lifted and revitalised\u2074 after four weeks.<\/div>\n<div><\/div>\n<div>\n<h3 class=\"sectionTitle_iGQAh\">Trinn<\/h3>\n<div class=\"step_fh9sc\">\n<div class=\"stepNumber_R3mij\">1\u00a0 \u00a0Put the ageLOC True Face Essence Ultra pearls from the refill pouches into the ageLOC Tru Essence Ultra jar you already own.<\/div>\n<\/div>\n<div class=\"step_fh9sc\">\n<div class=\"stepNumber_R3mij\">2\u00a0 \u00a0Apply each morning and evening after cleansing and toning, as your final serum step before moisturising<\/div>\n<\/div>\n<div class=\"step_fh9sc\">\n<div class=\"stepNumber_R3mij\">3\u00a0 \u00a0Tear open one capsule and dispense the entire content onto your fingertips.<\/div>\n<\/div>\n<div class=\"step_fh9sc\">\n<div class=\"stepNumber_R3mij\">4\u00a0 \u00a0Gently apply a thin layer to the skin around the eyes \u2013 staying on the bony area around the eye socket and avoiding the soft, delicate skin closer to the eyes.<\/div>\n<\/div>\n<div class=\"step_fh9sc\">\n<div class=\"stepNumber_R3mij\">5\u00a0 \u00a0Continue along the mouth, jawline, and then smooth the remaining serum over the rest of the face.<\/div>\n<\/div>\n<div class=\"step_fh9sc\">\n<div class=\"stepNumber_R3mij\">6\u00a0 \u00a0Follow with your preferred ageLOC Tru Face moisturiser.<\/div>\n<div><\/div>\n<\/div>\n<div>\n<h5 class=\"ingredientLabel_V8VdP\">Alle ingredienser<\/h5>\n<div class=\"ingredientBody_jAn5+\">Cyclopentasiloxane, Squalane, Dimethiconol, Dimethicone, Hydrogenated Polydecene, Oryza Sativa Bran Extract, Octyldodecyl Oleate, Olea Europaea Fruit Oil, Simmondsia Chinensis Seed Extract, Helianthus Annuus Extract, Rosmarinus Officinalis Leaf Extract, Retinyl Palmitate, Centella Asiatica Extract, Echinacea Angustifolia Extract, Tocopheryl Acetate, Camellia Sinensis Leaf Extract, Dunaliella Salina Extract, Carthamus Tinctorius Seed Oil, Caprylic\/Capric Triglyceride, Ubiquinone, Tetrahexyldecyl Ascorbate, Tocopherol, Pentaerythrityl Tetra-Di-T-Butyl Hydroxyhydrocinnamate, Pistacia Lentiscus Gum, Aqua, Benzotriazolyl Dodecyl P-Cresol.<\/div>\n<div><\/div>\n<div>\n<div class=\"disclaimer_LqemA\">\u00b9Results obtained from a third-party professional assessment based on a single blind, split face, 4 weeks, in vivo clinical study performed on 35 healthy female subjects aged between 45 and 65 years old. The subjects were instructed to apply ageLOC Tru Face Essence Ultra on half of their face, twice daily for 4 weeks. The following measurements were done at baseline, week 1, 2 and 4: cutometer, chromameter, corneometer, clinical grading &amp; self-perception.<\/div>\n<div class=\"disclaimer_LqemA\">\u00b2Instrumentation measurements.<\/div>\n<div class=\"disclaimer_LqemA\">\u00b3Clinical grading.<\/div>\n<div class=\"disclaimer_LqemA\">\u2074Self-perception questionnaire.<\/div>\n<div class=\"disclaimer_LqemA\">\u2075Percentage obtained by comparing the weight of previous ageLOC Tru Face Essence Ultra packaging (glass jar and lid) to the current packaging (new plastic jar, lid and refill pouch), considering that customers would have bought 12 original glass packaging vs one new plastic jar and 11 refill pouches per year.<\/div>\n<\/div>\n<\/div>\n<\/div>\n<\/div>","protected":false},"excerpt":{"rendered":"<p>ageLOC Tru Face Essence Ultra is your ultimate firming serum, designed to visibly lift, contour, and define skin, now available in a travel-friendly and convenient refill pouch.<\/p>","protected":false},"featured_media":1465,"comment_status":"open","ping_status":"closed","template":"","meta":{"site-sidebar-layout":"default","site-content-layout":"","ast-site-content-layout":"default","site-content-style":"default","site-sidebar-style":"default","ast-global-header-display":"","ast-banner-title-visibility":"","ast-main-header-display":"","ast-hfb-above-header-display":"","ast-hfb-below-header-display":"","ast-hfb-mobile-header-display":"","site-post-title":"","ast-breadcrumbs-content":"","ast-featured-img":"","footer-sml-layout":"","ast-disable-related-posts":"","theme-transparent-header-meta":"default","adv-header-id-meta":"","stick-header-meta":"","header-above-stick-meta":"","header-main-stick-meta":"","header-below-stick-meta":"","astra-migrate-meta-layouts":"set","ast-page-background-enabled":"default","ast-page-background-meta":{"desktop":{"background-color":"var(--ast-global-color-4)","background-image":"","background-repeat":"repeat","background-position":"center center","background-size":"auto","background-attachment":"scroll","background-type":"","background-media":"","overlay-type":"","overlay-color":"","overlay-opacity":"","overlay-gradient":""},"tablet":{"background-color":"","background-image":"","background-repeat":"repeat","background-position":"center center","background-size":"auto","background-attachment":"scroll","background-type":"","background-media":"","overlay-type":"","overlay-color":"","overlay-opacity":"","overlay-gradient":""},"mobile":{"background-color":"","background-image":"","background-repeat":"repeat","background-position":"center center","background-size":"auto","background-attachment":"scroll","background-type":"","background-media":"","overlay-type":"","overlay-color":"","overlay-opacity":"","overlay-gradient":""}},"ast-content-background-meta":{"desktop":{"background-color":"var(--ast-global-color-5)","background-image":"","background-repeat":"repeat","background-position":"center center","background-size":"auto","background-attachment":"scroll","background-type":"","background-media":"","overlay-type":"","overlay-color":"","overlay-opacity":"","overlay-gradient":""},"tablet":{"background-color":"var(--ast-global-color-5)","background-image":"","background-repeat":"repeat","background-position":"center center","background-size":"auto","background-attachment":"scroll","background-type":"","background-media":"","overlay-type":"","overlay-color":"","overlay-opacity":"","overlay-gradient":""},"mobile":{"background-color":"var(--ast-global-color-5)","background-image":"","background-repeat":"repeat","background-position":"center center","background-size":"auto","background-attachment":"scroll","background-type":"","background-media":"","overlay-type":"","overlay-color":"","overlay-opacity":"","overlay-gradient":""}}},"product_brand":[],"product_cat":[38],"product_tag":[],"class_list":{"0":"post-1462","1":"product","2":"type-product","3":"status-publish","4":"has-post-thumbnail","6":"product_cat-tru-face","7":"desktop-align-center","8":"tablet-align-left","9":"mobile-align-left","11":"first","12":"instock","13":"shipping-taxable","14":"purchasable","15":"product-type-simple"},"_links":{"self":[{"href":"https:\/\/ingasatiene.com\/nb\/wp-json\/wp\/v2\/product\/1462","targetHints":{"allow":["GET"]}}],"collection":[{"href":"https:\/\/ingasatiene.com\/nb\/wp-json\/wp\/v2\/product"}],"about":[{"href":"https:\/\/ingasatiene.com\/nb\/wp-json\/wp\/v2\/types\/product"}],"replies":[{"embeddable":true,"href":"https:\/\/ingasatiene.com\/nb\/wp-json\/wp\/v2\/comments?post=1462"}],"wp:featuredmedia":[{"embeddable":true,"href":"https:\/\/ingasatiene.com\/nb\/wp-json\/wp\/v2\/media\/1465"}],"wp:attachment":[{"href":"https:\/\/ingasatiene.com\/nb\/wp-json\/wp\/v2\/media?parent=1462"}],"wp:term":[{"taxonomy":"product_brand","embeddable":true,"href":"https:\/\/ingasatiene.com\/nb\/wp-json\/wp\/v2\/product_brand?post=1462"},{"taxonomy":"product_cat","embeddable":true,"href":"https:\/\/ingasatiene.com\/nb\/wp-json\/wp\/v2\/product_cat?post=1462"},{"taxonomy":"product_tag","embeddable":true,"href":"https:\/\/ingasatiene.com\/nb\/wp-json\/wp\/v2\/product_tag?post=1462"}],"curies":[{"name":"wp","href":"https:\/\/api.w.org\/{rel}","templated":true}]}}