{"id":1431,"date":"2026-01-27T08:56:28","date_gmt":"2026-01-27T08:56:28","guid":{"rendered":"https:\/\/ingasatiene.com\/?post_type=product&#038;p=1431"},"modified":"2026-03-05T18:16:33","modified_gmt":"2026-03-05T18:16:33","slug":"spa-day-creamy-hydrating-masque","status":"publish","type":"product","link":"https:\/\/ingasatiene.com\/nb\/produkt\/spa-day-creamy-hydrating-masque\/","title":{"rendered":"Spa Day Creamy Hydrating Masque"},"content":{"rendered":"<p>Spa Day inneholder v\u00e5rt Bioadaptive Botanical Complex, samt sakkaridisomerat - et fuktighetsbevarende middel fra planter som bidrar til \u00e5 holde huden din str\u00e5lende. Den fuktighetsbevarende formelen bidrar til \u00e5 binde fuktighet i huden, reduserer t\u00f8rrhet og gir deg en sunn gl\u00f8d. N\u00e5r huden din trenger litt ekstra fuktighetsgivende \u201cegentid\u201d, vet du akkurat hvor du skal henvende deg.<\/p>\n<ul>\n<li>Reduserer t\u00f8rrhet og bidrar til \u00e5 binde fuktighet i huden for en sunn, fuktig gl\u00f8d.<\/li>\n<li>Etterlater huden myk, fuktet og oppfrisket.<\/li>\n<\/ul>\n<div class=\"topContent_-+m8Y\">\n<div class=\"contentHalf_raKE0\">\n<div class=\"innerContent_ON0Sz\">\n<div class=\"section_w2M+K\">\n<h3 class=\"sectionTitle_iGQAh\">Trinn<\/h3>\n<p>&nbsp;<\/p>\n<div class=\"step_fh9sc\">\n<div class=\"stepNumber_R3mij\"><strong>1\u00a0 \u00a0<\/strong>Vask med Nu Skin-rengj\u00f8ringsmiddelet du \u00f8nsker, og t\u00f8rk med h\u00e5ndkle.<\/div>\n<\/div>\n<div class=\"step_fh9sc\">\n<div class=\"stepNumber_R3mij\"><strong>2\u00a0 \u00a0<\/strong>P\u00e5f\u00f8r rikelig p\u00e5 ansikt og hals etter rensing.<\/div>\n<\/div>\n<div class=\"step_fh9sc\">\n<div class=\"stepNumber_R3mij\"><strong>3\u00a0 \u00a0<\/strong>Etter 10 minutter, skyll med varmt vann eller tissue-off.<\/div>\n<\/div>\n<div class=\"step_fh9sc\">\n<div class=\"stepNumber_R3mij\"><strong>4\u00a0 \u00a0<\/strong>F\u00f8lg opp med Nu Skin ansiktsvann og fuktighetskrem etter eget valg.<\/div>\n<\/div>\n<\/div>\n<div class=\"section_w2M+K\">\n<div><\/div>\n<div class=\"paragraph_LCEYm\">Brukes 2 ganger per uke.<\/div>\n<div><\/div>\n<\/div>\n<\/div>\n<div>\n<h5 class=\"ingredientLabel_V8VdP\">Alle ingredienser<\/h5>\n<div class=\"ingredientBody_jAn5+\">Aqua, isocetylstearat, metylpropandiol, pentylenglykol, glyserin, decyloleat, palmitinsyre, stearinsyre, cetyletylheksanoat, sakkaridisomerat, isocetylalkohol, butylenglykol, Opuntia vulgaris bladekstrakt, Inonotus obliquus-ekstrakt, Rhaponticum Carthamoides rotekstrakt, Rhodiola Rosea-ekstrakt, Selaginella Lepidophylla-ekstrakt, polyglyserin-6, aluminiumhydroksid, hydroksyacetofenon, C15-19 alkan, cetylalkohol, akrylat\/C10-30 alkylakrylat-krysningspolymer, PVM\/MA-kopolymer, natriumpolyakrylat, myristylalkohol, stearylalkohol, natriumakrylat, stearylalkohol, natriumakrylat\/natriumakryloyldimetyltaurat-kopolymer, polyglyseryl-4-kaprat, polyglyseryl-6-kaprylat, xantangummi, polyglyseryl-6-laurat, myristinsyre, sorbitanoleat, sorbitanisostearat, eleutherococcus senticosus-rotekstrakt, hydratisert silisiumdioksyd, Aluminiumoksid, tetranatriumglutamatdiacetat, aminometylpropanol, sitronsyre, natriumcitrat, natriumhydroksid, parfyme, Pinus Strobus Cone Extract, klorfenesin, fenoksyetanol, natriumbenzoat, kaliumbenzoat, kaliumsorbat, linalool, CI 77891.<\/div>\n<\/div>\n<\/div>\n<\/div>","protected":false},"excerpt":{"rendered":"<p>Hvis noen n\u00e6rende ansiktsmaske kan kalles en spa-dag-i-r\u00f8ret, s\u00e5 er det denne. Spa Days fuktighetsbevarende formel binder fuktighet i huden og gir den et duggfriskt utseende.<\/p>","protected":false},"featured_media":1435,"comment_status":"open","ping_status":"closed","template":"","meta":{"site-sidebar-layout":"default","site-content-layout":"","ast-site-content-layout":"default","site-content-style":"default","site-sidebar-style":"default","ast-global-header-display":"","ast-banner-title-visibility":"","ast-main-header-display":"","ast-hfb-above-header-display":"","ast-hfb-below-header-display":"","ast-hfb-mobile-header-display":"","site-post-title":"","ast-breadcrumbs-content":"","ast-featured-img":"","footer-sml-layout":"","ast-disable-related-posts":"","theme-transparent-header-meta":"default","adv-header-id-meta":"","stick-header-meta":"","header-above-stick-meta":"","header-main-stick-meta":"","header-below-stick-meta":"","astra-migrate-meta-layouts":"set","ast-page-background-enabled":"default","ast-page-background-meta":{"desktop":{"background-color":"var(--ast-global-color-4)","background-image":"","background-repeat":"repeat","background-position":"center center","background-size":"auto","background-attachment":"scroll","background-type":"","background-media":"","overlay-type":"","overlay-color":"","overlay-opacity":"","overlay-gradient":""},"tablet":{"background-color":"","background-image":"","background-repeat":"repeat","background-position":"center center","background-size":"auto","background-attachment":"scroll","background-type":"","background-media":"","overlay-type":"","overlay-color":"","overlay-opacity":"","overlay-gradient":""},"mobile":{"background-color":"","background-image":"","background-repeat":"repeat","background-position":"center center","background-size":"auto","background-attachment":"scroll","background-type":"","background-media":"","overlay-type":"","overlay-color":"","overlay-opacity":"","overlay-gradient":""}},"ast-content-background-meta":{"desktop":{"background-color":"var(--ast-global-color-5)","background-image":"","background-repeat":"repeat","background-position":"center center","background-size":"auto","background-attachment":"scroll","background-type":"","background-media":"","overlay-type":"","overlay-color":"","overlay-opacity":"","overlay-gradient":""},"tablet":{"background-color":"var(--ast-global-color-5)","background-image":"","background-repeat":"repeat","background-position":"center center","background-size":"auto","background-attachment":"scroll","background-type":"","background-media":"","overlay-type":"","overlay-color":"","overlay-opacity":"","overlay-gradient":""},"mobile":{"background-color":"var(--ast-global-color-5)","background-image":"","background-repeat":"repeat","background-position":"center center","background-size":"auto","background-attachment":"scroll","background-type":"","background-media":"","overlay-type":"","overlay-color":"","overlay-opacity":"","overlay-gradient":""}}},"product_brand":[],"product_cat":[37],"product_tag":[],"class_list":{"0":"post-1431","1":"product","2":"type-product","3":"status-publish","4":"has-post-thumbnail","6":"product_cat-nutricentials","7":"desktop-align-center","8":"tablet-align-left","9":"mobile-align-left","11":"first","12":"instock","13":"featured","14":"shipping-taxable","15":"purchasable","16":"product-type-simple"},"_links":{"self":[{"href":"https:\/\/ingasatiene.com\/nb\/wp-json\/wp\/v2\/product\/1431","targetHints":{"allow":["GET"]}}],"collection":[{"href":"https:\/\/ingasatiene.com\/nb\/wp-json\/wp\/v2\/product"}],"about":[{"href":"https:\/\/ingasatiene.com\/nb\/wp-json\/wp\/v2\/types\/product"}],"replies":[{"embeddable":true,"href":"https:\/\/ingasatiene.com\/nb\/wp-json\/wp\/v2\/comments?post=1431"}],"wp:featuredmedia":[{"embeddable":true,"href":"https:\/\/ingasatiene.com\/nb\/wp-json\/wp\/v2\/media\/1435"}],"wp:attachment":[{"href":"https:\/\/ingasatiene.com\/nb\/wp-json\/wp\/v2\/media?parent=1431"}],"wp:term":[{"taxonomy":"product_brand","embeddable":true,"href":"https:\/\/ingasatiene.com\/nb\/wp-json\/wp\/v2\/product_brand?post=1431"},{"taxonomy":"product_cat","embeddable":true,"href":"https:\/\/ingasatiene.com\/nb\/wp-json\/wp\/v2\/product_cat?post=1431"},{"taxonomy":"product_tag","embeddable":true,"href":"https:\/\/ingasatiene.com\/nb\/wp-json\/wp\/v2\/product_tag?post=1431"}],"curies":[{"name":"wp","href":"https:\/\/api.w.org\/{rel}","templated":true}]}}