{"id":1427,"date":"2026-01-27T08:50:43","date_gmt":"2026-01-27T08:50:43","guid":{"rendered":"https:\/\/ingasatiene.com\/?post_type=product&#038;p=1427"},"modified":"2026-02-10T09:31:01","modified_gmt":"2026-02-10T09:31:01","slug":"brighter-day-exfoliant-scrub","status":"publish","type":"product","link":"https:\/\/ingasatiene.com\/nb\/produkt\/brighter-day-exfoliant-scrub\/","title":{"rendered":"Brighter Day Exfoliant Scrub"},"content":{"rendered":"<p>I motsetning til andre eksfolierende midler bruker v\u00e5r dobbeltvirkende formel granatepleenzymer for \u00e5 l\u00f8sne d\u00f8de hudceller, mens naturlige eksfolierende mineraler fjerner dem fra huden. Kombinasjonen av b\u00e5de enzymatisk og fysisk eksfoliering fjerner d\u00f8de hudceller mer effektivt enn hver av dem ville gjort alene.<\/p>\n<p>Den er formulert med en blanding av hudpleiende stoffer som etylheksylpalmitat og etylheksylstearat, som frisker opp og beroliger huden for ekstra komfort etter skrubbingen. Brighter Day har en frisk duft og en naturlig lilla farge som gleder sansene dine, og er en sk\u00e5nsom rengj\u00f8ringslykke.<\/p>\n<ul>\n<li>Inneholder en blanding av bioadaptive botaniske stoffer og hudpleiende midler, i tillegg til naturlige eksfolierende mineraler.<\/li>\n<li>Bidrar til \u00e5 redusere mengden forurensende partikler p\u00e5 huden.<\/li>\n<li>Bidrar til \u00e5 fjerne poreblokkerende elementer, slik at du f\u00e5r en jevn og gl\u00f8dende hud.<\/li>\n<li>Enzymer fra granateple bidrar til \u00e5 bryte ned \u201climet\u201d som holder d\u00f8de hudceller p\u00e5 plass.<\/li>\n<li>Har et r\u00f8r som er stolt laget av 35% resirkulert plast som er gjenvunnet etter bruk.<\/li>\n<\/ul>\n<div class=\"topContent_-+m8Y\">\n<div class=\"contentHalf_raKE0\">\n<div class=\"innerContent_ON0Sz\">\n<div class=\"section_w2M+K\">\n<div class=\"paragraph_LCEYm\">Fukt huden med varmt vann. P\u00e5f\u00f8r i milde, sirkul\u00e6re bevegelser p\u00e5 ansikt og hals i 30 sekunder. Skyll med varmt vann og t\u00f8rk med h\u00e5ndkle. Bruk to ganger i uken etter behov.<\/div>\n<div><\/div>\n<\/div>\n<div>\n<h5 class=\"ingredientLabel_V8VdP\">Alle ingredienser<\/h5>\n<div class=\"ingredientBody_jAn5+\">Aqua, Aloe Barbadensis Leaf Juice, palmitinsyre, glyserylstearat, stearinsyre, hydratisert silika, cetylalkohol, etylheksylstearat, etylheksylpalmitat, Lactobacillus\/Punica Granatum fruktfermentekstrakt, Melia Azadirachta blomsterekstrakt, Coccinia Indica fruktekstrakt, Inonotus Obliquus ekstrakt, Rhaponticum Carthamoides rotekstrakt, Allantoin, Tocopheryl Acetate, Caprylyl Glycol, Myristyl Alcohol, Stearylalkohol, Laurylalkohol, Selaginella Lepidophylla-ekstrakt, Rhodiola Rosea-ekstrakt, glyserin, karbomer, Eleutherococcus Senticosus-rotekstrakt, natriumfytat, sitronsyre, aminometylpropanol, parfyme, Leuconostoc\/rotrotfermentfiltrat, fenoksyetanol, klorfenesin, kaliumsorbat, natriumbensoat, heksylcinnamal, sitronellol, sitral, amylcinnamylalkohol, hydroksykitronellal.<\/div>\n<div><\/div>\n<div>\n<div class=\"disclaimer_LqemA\">*Resultater fra en intern studie med 25 deltakere som brukte Brighter Day Exfoliant Scrub f\u00f8r de selv vurderte de synlige resultatene.<\/div>\n<div class=\"disclaimer_LqemA\">Spesielle forholdsregler ved bruk: Unng\u00e5 kontakt med \u00f8ynene. Skyll \u00f8ynene umiddelbart hvis produktet kommer i kontakt med dem. Kun til utvortes bruk. Slutt \u00e5 bruke produktet hvis det oppst\u00e5r bivirkninger. Informer legen din hvis tilstanden vedvarer.<\/div>\n<\/div>\n<\/div>\n<\/div>\n<\/div>\n<\/div>","protected":false},"excerpt":{"rendered":"<p>En innovativ eksfolierende skrubb som fjerner d\u00f8de hudceller og urenheter som blokkerer porene, slik at huden din ser glatt og str\u00e5lende lys ut.<\/p>","protected":false},"featured_media":1430,"comment_status":"open","ping_status":"closed","template":"","meta":{"site-sidebar-layout":"default","site-content-layout":"","ast-site-content-layout":"default","site-content-style":"default","site-sidebar-style":"default","ast-global-header-display":"","ast-banner-title-visibility":"","ast-main-header-display":"","ast-hfb-above-header-display":"","ast-hfb-below-header-display":"","ast-hfb-mobile-header-display":"","site-post-title":"","ast-breadcrumbs-content":"","ast-featured-img":"","footer-sml-layout":"","ast-disable-related-posts":"","theme-transparent-header-meta":"default","adv-header-id-meta":"","stick-header-meta":"","header-above-stick-meta":"","header-main-stick-meta":"","header-below-stick-meta":"","astra-migrate-meta-layouts":"set","ast-page-background-enabled":"default","ast-page-background-meta":{"desktop":{"background-color":"var(--ast-global-color-4)","background-image":"","background-repeat":"repeat","background-position":"center center","background-size":"auto","background-attachment":"scroll","background-type":"","background-media":"","overlay-type":"","overlay-color":"","overlay-opacity":"","overlay-gradient":""},"tablet":{"background-color":"","background-image":"","background-repeat":"repeat","background-position":"center center","background-size":"auto","background-attachment":"scroll","background-type":"","background-media":"","overlay-type":"","overlay-color":"","overlay-opacity":"","overlay-gradient":""},"mobile":{"background-color":"","background-image":"","background-repeat":"repeat","background-position":"center center","background-size":"auto","background-attachment":"scroll","background-type":"","background-media":"","overlay-type":"","overlay-color":"","overlay-opacity":"","overlay-gradient":""}},"ast-content-background-meta":{"desktop":{"background-color":"var(--ast-global-color-5)","background-image":"","background-repeat":"repeat","background-position":"center center","background-size":"auto","background-attachment":"scroll","background-type":"","background-media":"","overlay-type":"","overlay-color":"","overlay-opacity":"","overlay-gradient":""},"tablet":{"background-color":"var(--ast-global-color-5)","background-image":"","background-repeat":"repeat","background-position":"center center","background-size":"auto","background-attachment":"scroll","background-type":"","background-media":"","overlay-type":"","overlay-color":"","overlay-opacity":"","overlay-gradient":""},"mobile":{"background-color":"var(--ast-global-color-5)","background-image":"","background-repeat":"repeat","background-position":"center center","background-size":"auto","background-attachment":"scroll","background-type":"","background-media":"","overlay-type":"","overlay-color":"","overlay-opacity":"","overlay-gradient":""}}},"product_brand":[],"product_cat":[37],"product_tag":[],"class_list":{"0":"post-1427","1":"product","2":"type-product","3":"status-publish","4":"has-post-thumbnail","6":"product_cat-nutricentials","7":"desktop-align-center","8":"tablet-align-left","9":"mobile-align-left","11":"first","12":"instock","13":"shipping-taxable","14":"purchasable","15":"product-type-simple"},"_links":{"self":[{"href":"https:\/\/ingasatiene.com\/nb\/wp-json\/wp\/v2\/product\/1427","targetHints":{"allow":["GET"]}}],"collection":[{"href":"https:\/\/ingasatiene.com\/nb\/wp-json\/wp\/v2\/product"}],"about":[{"href":"https:\/\/ingasatiene.com\/nb\/wp-json\/wp\/v2\/types\/product"}],"replies":[{"embeddable":true,"href":"https:\/\/ingasatiene.com\/nb\/wp-json\/wp\/v2\/comments?post=1427"}],"wp:featuredmedia":[{"embeddable":true,"href":"https:\/\/ingasatiene.com\/nb\/wp-json\/wp\/v2\/media\/1430"}],"wp:attachment":[{"href":"https:\/\/ingasatiene.com\/nb\/wp-json\/wp\/v2\/media?parent=1427"}],"wp:term":[{"taxonomy":"product_brand","embeddable":true,"href":"https:\/\/ingasatiene.com\/nb\/wp-json\/wp\/v2\/product_brand?post=1427"},{"taxonomy":"product_cat","embeddable":true,"href":"https:\/\/ingasatiene.com\/nb\/wp-json\/wp\/v2\/product_cat?post=1427"},{"taxonomy":"product_tag","embeddable":true,"href":"https:\/\/ingasatiene.com\/nb\/wp-json\/wp\/v2\/product_tag?post=1427"}],"curies":[{"name":"wp","href":"https:\/\/api.w.org\/{rel}","templated":true}]}}