{"id":1421,"date":"2026-01-27T08:47:32","date_gmt":"2026-01-27T08:47:32","guid":{"rendered":"https:\/\/ingasatiene.com\/?post_type=product&#038;p=1421"},"modified":"2026-02-10T09:31:08","modified_gmt":"2026-02-10T09:31:08","slug":"pillow-glow-sleeping-mask","status":"publish","type":"product","link":"https:\/\/ingasatiene.com\/nb\/produkt\/pillow-glow-sleeping-mask\/","title":{"rendered":"Pillow Glow sovemaske"},"content":{"rendered":"<p>Applied before going to bed, the formula features resilience-boosting bioadaptive botanicals. So your skin is not just protected from the negative effects of environmental stressors \u2013 it also exhibits the ability to bounce back. Pillow Glow is your overnight secret to skin that looks radiant, refreshed, and hydrated come morning.<\/p>\n<ul>\n<li>Bioadaptive botaniske stoffer bidrar til \u00e5 \u00f8ke hudens evne til \u00e5 tilpasse seg omgivelsene.<\/li>\n<li>Provides immediate hydration and up to 24 hours of continuous moisturisation.*<\/li>\n<li>Increases moisture by 150%* overnight(\u00b1 8 hours), for skin that looks and feels smooth and supple.<\/li>\n<li>Proven to increase skin glow and luminosity overnight, so it looks and feels healthier the next morning.<\/li>\n<li>Supports your skin\u2019s natural ability to bounce back from life\u2019s daily stressors.<\/li>\n<li>Works to support the skin\u2019s natural nighttime renewal process.<\/li>\n<\/ul>\n<div class=\"root_y+ekh productDetails_UoG-i\" data-drawer-ingredients=\"drawer-ingredients\">\n<div class=\"body_v2rxJ\" data-testid=\"collapsibleSectionOpen-true\">\n<div class=\"ns-animate-height\" data-v-334c525f=\"\" data-testid=\"height-container\">\n<div data-v-334c525f=\"\">\n<div class=\"slot_7HfpF\" data-v-334c525f=\"\">\n<div class=\"slotContent_8-gqs\" data-v-334c525f=\"\">\n<div data-v-334c525f=\"\">\n<div class=\"whatPowersIt_WmDmq\" data-v-334c525f=\"\">\n<div class=\"productIngredients_HvCeD\" data-v-334c525f=\"\">\n<div class=\"root_JCPsA\" data-v-334c525f=\"\">\n<div class=\"ingredient_XkGkP\">\n<h5 class=\"ingredientLabel_V8VdP\">Alle ingredienser<\/h5>\n<div class=\"ingredientBody_jAn5+\">Aqua, Butylene Glycol, Pyrus Malus Fruit Extract, Glycerin, Dimethicone, Dicaprylyl Carbonate, Octyldodecyl Stearoyl Stearate, Hydrogenated Polyisobutene, Simmondsia Chinensis Seed Oil, Cetearyl Alcohol, Cetearyl Glucoside, Sodium Polyacrylate, Glyceryl Stearate, Sea Water, Selaginella Lepidophylla Extract, Rhodiola Rosea Extract, Aloe Barbadensis Flower Extract, Solanum Melongena Fruit Extract, Sea Salt, Tocopheryl Acetate, Ethylhexylglycerin, Lespedeza Capitata Leaf\/Stem Extract, Melia Azadirachta Leaf Extract, Melia Azadirachta Flower Extract, Coccinia Indica Fruit Extract, Inonotus Obliquus Extract, Rhaponticum Carthamoides Root Extract, Ocimum Sanctum Leaf Extract, Corallina Officinalis Extract, Tocopherol, Eleutherococcus Senticosus Root Extract, Propanediol, Sodium Stearoyl Glutamate, Polyglyceryl-3 Caprate, Sorbitan Trioleate, Stearic Acid, Sodium Carrageenan, Sodium Gluconate, C9-12-Isoalkanes, Curcuma Longa Root Extract, Parfum, Phenoxyethanol, Sodium Benzoate, Hexyl Cinnamal. Bioadaptive Botanical Complex a blend of botanical extracts from plants that thrive in extreme climates. Helps your skin bounce back from life&#8217;s daily stressors such as stress, pollution, and oxidative stress.<\/div>\n<\/div>\n<div><\/div>\n<div class=\"ingredient_XkGkP\">\n<div>* Results obtained from a third-party professional assessment based on a 24-hour in vivo study performed on 17 healthy female and male subjects aged 18 and over. The moisturisation level of skin was measured using a corneometer in three areas; one area where Pillow Glow had been applied, alongside two areas for positive (glycerine) and negative (untreated) controls.<\/div>\n<\/div>\n<\/div>\n<\/div>\n<\/div>\n<\/div>\n<\/div>\n<\/div>\n<\/div>\n<\/div>\n<\/div>\n<\/div>\n<div class=\"root_y+ekh productDetails_UoG-i\" data-drawer-disclaimer=\"drawer-disclaimer\">\n<div class=\"header_B4uWq notCollapsible_H2EHx\" data-testid=\"collapsibleSectionClick\" data-testid-value=\"disclaimers\">\n<div class=\"headerContent_Z43Gw\"><\/div>\n<\/div>\n<div class=\"body_v2rxJ\" data-testid=\"collapsibleSectionOpen-true\">\n<div class=\"ns-animate-height\" data-v-334c525f=\"\" data-testid=\"height-container\">\n<div data-v-334c525f=\"\">\n<div class=\"slot_7HfpF\" data-v-334c525f=\"\">\n<div class=\"slotContent_8-gqs\" data-v-334c525f=\"\">\n<div class=\"root_IOs7F\" data-v-334c525f=\"\">\n<div><\/div>\n<\/div>\n<\/div>\n<\/div>\n<\/div>\n<\/div>\n<\/div>\n<\/div>","protected":false},"excerpt":{"rendered":"<p>Wake up to skin that\u2019s 150%* more hydrated. Crafted to quench your skin with a rush of immediate +207%* more and long-lasting overnight hydration, this gel-cream face mask supports your skin\u2019s natural moisture barrier.<\/p>","protected":false},"featured_media":1426,"comment_status":"open","ping_status":"closed","template":"","meta":{"site-sidebar-layout":"default","site-content-layout":"","ast-site-content-layout":"default","site-content-style":"default","site-sidebar-style":"default","ast-global-header-display":"","ast-banner-title-visibility":"","ast-main-header-display":"","ast-hfb-above-header-display":"","ast-hfb-below-header-display":"","ast-hfb-mobile-header-display":"","site-post-title":"","ast-breadcrumbs-content":"","ast-featured-img":"","footer-sml-layout":"","ast-disable-related-posts":"","theme-transparent-header-meta":"default","adv-header-id-meta":"","stick-header-meta":"","header-above-stick-meta":"","header-main-stick-meta":"","header-below-stick-meta":"","astra-migrate-meta-layouts":"set","ast-page-background-enabled":"default","ast-page-background-meta":{"desktop":{"background-color":"var(--ast-global-color-4)","background-image":"","background-repeat":"repeat","background-position":"center center","background-size":"auto","background-attachment":"scroll","background-type":"","background-media":"","overlay-type":"","overlay-color":"","overlay-opacity":"","overlay-gradient":""},"tablet":{"background-color":"","background-image":"","background-repeat":"repeat","background-position":"center center","background-size":"auto","background-attachment":"scroll","background-type":"","background-media":"","overlay-type":"","overlay-color":"","overlay-opacity":"","overlay-gradient":""},"mobile":{"background-color":"","background-image":"","background-repeat":"repeat","background-position":"center center","background-size":"auto","background-attachment":"scroll","background-type":"","background-media":"","overlay-type":"","overlay-color":"","overlay-opacity":"","overlay-gradient":""}},"ast-content-background-meta":{"desktop":{"background-color":"var(--ast-global-color-5)","background-image":"","background-repeat":"repeat","background-position":"center center","background-size":"auto","background-attachment":"scroll","background-type":"","background-media":"","overlay-type":"","overlay-color":"","overlay-opacity":"","overlay-gradient":""},"tablet":{"background-color":"var(--ast-global-color-5)","background-image":"","background-repeat":"repeat","background-position":"center center","background-size":"auto","background-attachment":"scroll","background-type":"","background-media":"","overlay-type":"","overlay-color":"","overlay-opacity":"","overlay-gradient":""},"mobile":{"background-color":"var(--ast-global-color-5)","background-image":"","background-repeat":"repeat","background-position":"center center","background-size":"auto","background-attachment":"scroll","background-type":"","background-media":"","overlay-type":"","overlay-color":"","overlay-opacity":"","overlay-gradient":""}}},"product_brand":[],"product_cat":[37],"product_tag":[],"class_list":{"0":"post-1421","1":"product","2":"type-product","3":"status-publish","4":"has-post-thumbnail","6":"product_cat-nutricentials","7":"desktop-align-center","8":"tablet-align-left","9":"mobile-align-left","11":"first","12":"instock","13":"shipping-taxable","14":"product-type-simple"},"_links":{"self":[{"href":"https:\/\/ingasatiene.com\/nb\/wp-json\/wp\/v2\/product\/1421","targetHints":{"allow":["GET"]}}],"collection":[{"href":"https:\/\/ingasatiene.com\/nb\/wp-json\/wp\/v2\/product"}],"about":[{"href":"https:\/\/ingasatiene.com\/nb\/wp-json\/wp\/v2\/types\/product"}],"replies":[{"embeddable":true,"href":"https:\/\/ingasatiene.com\/nb\/wp-json\/wp\/v2\/comments?post=1421"}],"wp:featuredmedia":[{"embeddable":true,"href":"https:\/\/ingasatiene.com\/nb\/wp-json\/wp\/v2\/media\/1426"}],"wp:attachment":[{"href":"https:\/\/ingasatiene.com\/nb\/wp-json\/wp\/v2\/media?parent=1421"}],"wp:term":[{"taxonomy":"product_brand","embeddable":true,"href":"https:\/\/ingasatiene.com\/nb\/wp-json\/wp\/v2\/product_brand?post=1421"},{"taxonomy":"product_cat","embeddable":true,"href":"https:\/\/ingasatiene.com\/nb\/wp-json\/wp\/v2\/product_cat?post=1421"},{"taxonomy":"product_tag","embeddable":true,"href":"https:\/\/ingasatiene.com\/nb\/wp-json\/wp\/v2\/product_tag?post=1421"}],"curies":[{"name":"wp","href":"https:\/\/api.w.org\/{rel}","templated":true}]}}