{"id":1417,"date":"2026-01-27T08:44:30","date_gmt":"2026-01-27T08:44:30","guid":{"rendered":"https:\/\/ingasatiene.com\/?post_type=product&#038;p=1417"},"modified":"2026-02-10T09:31:15","modified_gmt":"2026-02-10T09:31:15","slug":"moisturize-me-intense-hydrating-cream","status":"publish","type":"product","link":"https:\/\/ingasatiene.com\/nb\/produkt\/moisturize-me-intense-hydrating-cream\/","title":{"rendered":"Moisturize Me Intense Hydrating Cream"},"content":{"rendered":"<p>Moisturize Me er den multifordelaktige l\u00f8sningen for en vakkert gjennomfuktet hud som rutinen din skriker etter.<\/p>\n<p>Den inneholder en blanding av bioadaptive botaniske stoffer som bidrar til \u00e5 \u00f8ke hudens naturlige motstandskraft og beskytte den mot de negative effektene av milj\u00f8messige stressfaktorer, samt Evodia Rutaecarpa-fruktekstrakt for synlig utstr\u00e5ling.<\/p>\n<ul>\n<li>Bioadaptive botaniske stoffer bidrar til \u00e5 \u00f8ke hudens evne til \u00e5 tilpasse seg omgivelsene.<\/li>\n<\/ul>\n<p>P\u00e5f\u00f8r en sjener\u00f8s mengde p\u00e5 rent ansikt og hals i en oppadg\u00e5ende, utadg\u00e5ende bevegelse. Brukes daglig, morgen og kveld.<\/p>\n<h5 class=\"ingredientLabel_V8VdP\">Alle ingredienser<\/h5>\n<div class=\"ingredientBody_jAn5+\">Aqua, Cetyl Ricinoleate, Caprylic\/Capric\/Succinic Triglyceride, Cetearyl Alcohol, Polyglyceryl-6 Stearate, Glycerin, Cyclopentasiloxane, Caprylic\/Capric\/Myristic\/Stearic Triglyceride, Dimethicone, Ammoniumakryloyldimetyltaurat\/VP-kopolymer, propandiol, Evodia Rutaecarpa-fruktekstrakt, Inonotus Obliquus-ekstrakt, Rhaponticum Carthamoides-rotekstrakt, stearyldimetikon, dimetylmetylalkylsiloksan, Selaginella Lepidophylla Extract, Rhodiola Rosea Extract, Hydroxyacetophenone, Octadecene, T-Butyl Alcohol, Dimethicone\/Vinyl Dimethicone Crosspolymer, Xanthan Gum, Polyglyceryl-6 Behenate, Glyceryl Stearate, Eleutherococcus Senticosus Root Extract, trinatriumetylendiamindisuccinat, sitronsyre, parfyme, klorfenesin, fenoksyetanol, natriumbensoat, heksylkinnamal, linalool, sitronellol, limonen, benzylsalicylat.<\/div>\n<div><\/div>","protected":false},"excerpt":{"rendered":"<p>Nutricentials Moisturize Me er en ultraluksuri\u00f8s ansiktskrem som tilf\u00f8rer huden fuktighet og etterlater den myk, fuktet og str\u00e5lende i timevis. Den inneholder en blanding av bioadaptive botaniske stoffer som bidrar til \u00e5 \u00f8ke hudens naturlige motstandskraft og beskytte den mot de negative effektene av milj\u00f8messige stressfaktorer, samt fruktekstrakt fra Evodia rutaecarpa for synlig gl\u00f8d.<\/p>","protected":false},"featured_media":1420,"comment_status":"open","ping_status":"closed","template":"","meta":{"site-sidebar-layout":"default","site-content-layout":"","ast-site-content-layout":"default","site-content-style":"default","site-sidebar-style":"default","ast-global-header-display":"","ast-banner-title-visibility":"","ast-main-header-display":"","ast-hfb-above-header-display":"","ast-hfb-below-header-display":"","ast-hfb-mobile-header-display":"","site-post-title":"","ast-breadcrumbs-content":"","ast-featured-img":"","footer-sml-layout":"","ast-disable-related-posts":"","theme-transparent-header-meta":"default","adv-header-id-meta":"","stick-header-meta":"","header-above-stick-meta":"","header-main-stick-meta":"","header-below-stick-meta":"","astra-migrate-meta-layouts":"set","ast-page-background-enabled":"default","ast-page-background-meta":{"desktop":{"background-color":"var(--ast-global-color-4)","background-image":"","background-repeat":"repeat","background-position":"center center","background-size":"auto","background-attachment":"scroll","background-type":"","background-media":"","overlay-type":"","overlay-color":"","overlay-opacity":"","overlay-gradient":""},"tablet":{"background-color":"","background-image":"","background-repeat":"repeat","background-position":"center center","background-size":"auto","background-attachment":"scroll","background-type":"","background-media":"","overlay-type":"","overlay-color":"","overlay-opacity":"","overlay-gradient":""},"mobile":{"background-color":"","background-image":"","background-repeat":"repeat","background-position":"center center","background-size":"auto","background-attachment":"scroll","background-type":"","background-media":"","overlay-type":"","overlay-color":"","overlay-opacity":"","overlay-gradient":""}},"ast-content-background-meta":{"desktop":{"background-color":"var(--ast-global-color-5)","background-image":"","background-repeat":"repeat","background-position":"center center","background-size":"auto","background-attachment":"scroll","background-type":"","background-media":"","overlay-type":"","overlay-color":"","overlay-opacity":"","overlay-gradient":""},"tablet":{"background-color":"var(--ast-global-color-5)","background-image":"","background-repeat":"repeat","background-position":"center center","background-size":"auto","background-attachment":"scroll","background-type":"","background-media":"","overlay-type":"","overlay-color":"","overlay-opacity":"","overlay-gradient":""},"mobile":{"background-color":"var(--ast-global-color-5)","background-image":"","background-repeat":"repeat","background-position":"center center","background-size":"auto","background-attachment":"scroll","background-type":"","background-media":"","overlay-type":"","overlay-color":"","overlay-opacity":"","overlay-gradient":""}}},"product_brand":[],"product_cat":[37],"product_tag":[],"class_list":{"0":"post-1417","1":"product","2":"type-product","3":"status-publish","4":"has-post-thumbnail","6":"product_cat-nutricentials","7":"desktop-align-center","8":"tablet-align-left","9":"mobile-align-left","11":"first","12":"instock","13":"shipping-taxable","14":"purchasable","15":"product-type-simple"},"_links":{"self":[{"href":"https:\/\/ingasatiene.com\/nb\/wp-json\/wp\/v2\/product\/1417","targetHints":{"allow":["GET"]}}],"collection":[{"href":"https:\/\/ingasatiene.com\/nb\/wp-json\/wp\/v2\/product"}],"about":[{"href":"https:\/\/ingasatiene.com\/nb\/wp-json\/wp\/v2\/types\/product"}],"replies":[{"embeddable":true,"href":"https:\/\/ingasatiene.com\/nb\/wp-json\/wp\/v2\/comments?post=1417"}],"wp:featuredmedia":[{"embeddable":true,"href":"https:\/\/ingasatiene.com\/nb\/wp-json\/wp\/v2\/media\/1420"}],"wp:attachment":[{"href":"https:\/\/ingasatiene.com\/nb\/wp-json\/wp\/v2\/media?parent=1417"}],"wp:term":[{"taxonomy":"product_brand","embeddable":true,"href":"https:\/\/ingasatiene.com\/nb\/wp-json\/wp\/v2\/product_brand?post=1417"},{"taxonomy":"product_cat","embeddable":true,"href":"https:\/\/ingasatiene.com\/nb\/wp-json\/wp\/v2\/product_cat?post=1417"},{"taxonomy":"product_tag","embeddable":true,"href":"https:\/\/ingasatiene.com\/nb\/wp-json\/wp\/v2\/product_tag?post=1417"}],"curies":[{"name":"wp","href":"https:\/\/api.w.org\/{rel}","templated":true}]}}