{"id":1386,"date":"2026-01-27T07:52:27","date_gmt":"2026-01-27T07:52:27","guid":{"rendered":"https:\/\/ingasatiene.com\/?post_type=product&#038;p=1386"},"modified":"2026-03-06T11:50:53","modified_gmt":"2026-03-06T11:50:53","slug":"nutricentials-pumps-ceramides-postbiotics","status":"publish","type":"product","link":"https:\/\/ingasatiene.com\/nb\/produkt\/nutricentials-pumps-ceramides-postbiotics\/","title":{"rendered":"Nutricentials Pumps Ceramides + Postbiotics"},"content":{"rendered":"<p>Formulert med v\u00e5rt Bioadaptive Botanical Complex, bidrar Nutricentials Pumps Ceramides + Postbiotics til \u00e5 beskytte huden mot og \u00f8ke dens motstandskraft mot de negative effektene av milj\u00f8messige stressfaktorer. Samtidig bidrar en konsentrert blanding av hudidentiske ceramider og et postbiotikum (Lactobacillus Ferment) til \u00e5 beskytte og styrke hudens vitale fuktighetsbarriere.<\/p>\n<div class=\"topContent_-+m8Y\">\n<div class=\"contentHalf_raKE0\">\n<div class=\"innerContent_ON0Sz\">\n<div class=\"section_w2M+K\">\n<h3 class=\"sectionTitle_iGQAh\">Trinn<\/h3>\n<div class=\"step_fh9sc\">\n<div class=\"stepNumber_R3mij\"><strong>1\u00a0 \u00a0 \u00a0<\/strong>P\u00e5f\u00f8r 2-3 dr\u00e5per i ansiktet etter rens og toner hver morgen og kveld.<\/div>\n<\/div>\n<div class=\"step_fh9sc\">\n<div class=\"stepNumber_R3mij\"><strong>2\u00a0 \u00a0 \u00a0<\/strong>F\u00f8lg opp med ditt favorittserum og fuktighetskrem.<\/div>\n<div><\/div>\n<\/div>\n<\/div>\n<div class=\"section_w2M+K\">\n<h3 class=\"sectionTitle_iGQAh\">Anbefaling(er)<\/h3>\n<div class=\"paragraph_LCEYm\">Avhengig av hudens behov, kan du velge \u00e9n eller alle tre pumpene. Vi anbefaler \u00e5 bruke pumpen som adresserer din st\u00f8rste hudpleiebekymring f\u00f8rst, og deretter bygge videre med en annen pumpe eller Celltrex Always Right Recovery Fluid.<\/div>\n<div><\/div>\n<\/div>\n<\/div>\n<\/div>\n<div>\n<h5 class=\"ingredientLabel_V8VdP\">Alle ingredienser<\/h5>\n<div class=\"ingredientBody_jAn5+\">Aqua, Butylene Glycol, Glycerin, Pyrus Malus Fruktekstrakt, Ectoin, Maltodextrin, Lactobacillus Ferment, Sodium PCA, Ethylhexylglycerin, Sodium Lactate, PCA, Plankton Extract, Ceramide NP, Serine, Alanine, Glycine, Inonotus Obliquus Extract, Rhaponticum Carthamoides Rotekstrakt, Rhodiola Rosea Extract, Selaginella Lepidophylla Extract, Ceramide AP, Phytosphingosine, Cholesterol, Glutamic Acid, Lysine HCl, Threonine, Arginine, Proline, Ceramide EOP, Sodium Ascorbate, Tocopherol, Xanthan Gum, Sclerotium Gum, Carbomer, Betaine, Lecithin, Sodium Lauroyl Lactylate, Eleutherococcus Senticosus Rotekstrakt, Pullulan, Silica, Tetrasodium Glutamate Diacetate, Sodium Hydroxide, Phenoxyethanol, Sodium Benzoate.<\/div>\n<\/div>\n<\/div>","protected":false},"excerpt":{"rendered":"<p>Nutricentials Pumps Ceramides + Postbiotics gir huden din en b\u00f8lge av ekstra fuktighet, og bidrar til \u00e5 berolige og synlig glatte ut huden din.<\/p>","protected":false},"featured_media":1393,"comment_status":"open","ping_status":"closed","template":"","meta":{"site-sidebar-layout":"default","site-content-layout":"","ast-site-content-layout":"default","site-content-style":"default","site-sidebar-style":"default","ast-global-header-display":"","ast-banner-title-visibility":"","ast-main-header-display":"","ast-hfb-above-header-display":"","ast-hfb-below-header-display":"","ast-hfb-mobile-header-display":"","site-post-title":"","ast-breadcrumbs-content":"","ast-featured-img":"","footer-sml-layout":"","ast-disable-related-posts":"","theme-transparent-header-meta":"default","adv-header-id-meta":"","stick-header-meta":"","header-above-stick-meta":"","header-main-stick-meta":"","header-below-stick-meta":"","astra-migrate-meta-layouts":"set","ast-page-background-enabled":"default","ast-page-background-meta":{"desktop":{"background-color":"var(--ast-global-color-4)","background-image":"","background-repeat":"repeat","background-position":"center center","background-size":"auto","background-attachment":"scroll","background-type":"","background-media":"","overlay-type":"","overlay-color":"","overlay-opacity":"","overlay-gradient":""},"tablet":{"background-color":"","background-image":"","background-repeat":"repeat","background-position":"center center","background-size":"auto","background-attachment":"scroll","background-type":"","background-media":"","overlay-type":"","overlay-color":"","overlay-opacity":"","overlay-gradient":""},"mobile":{"background-color":"","background-image":"","background-repeat":"repeat","background-position":"center center","background-size":"auto","background-attachment":"scroll","background-type":"","background-media":"","overlay-type":"","overlay-color":"","overlay-opacity":"","overlay-gradient":""}},"ast-content-background-meta":{"desktop":{"background-color":"var(--ast-global-color-5)","background-image":"","background-repeat":"repeat","background-position":"center center","background-size":"auto","background-attachment":"scroll","background-type":"","background-media":"","overlay-type":"","overlay-color":"","overlay-opacity":"","overlay-gradient":""},"tablet":{"background-color":"var(--ast-global-color-5)","background-image":"","background-repeat":"repeat","background-position":"center center","background-size":"auto","background-attachment":"scroll","background-type":"","background-media":"","overlay-type":"","overlay-color":"","overlay-opacity":"","overlay-gradient":""},"mobile":{"background-color":"var(--ast-global-color-5)","background-image":"","background-repeat":"repeat","background-position":"center center","background-size":"auto","background-attachment":"scroll","background-type":"","background-media":"","overlay-type":"","overlay-color":"","overlay-opacity":"","overlay-gradient":""}}},"product_brand":[],"product_cat":[37],"product_tag":[],"class_list":{"0":"post-1386","1":"product","2":"type-product","3":"status-publish","4":"has-post-thumbnail","6":"product_cat-nutricentials","7":"desktop-align-center","8":"tablet-align-left","9":"mobile-align-left","11":"first","12":"instock","13":"shipping-taxable","14":"purchasable","15":"product-type-simple"},"_links":{"self":[{"href":"https:\/\/ingasatiene.com\/nb\/wp-json\/wp\/v2\/product\/1386","targetHints":{"allow":["GET"]}}],"collection":[{"href":"https:\/\/ingasatiene.com\/nb\/wp-json\/wp\/v2\/product"}],"about":[{"href":"https:\/\/ingasatiene.com\/nb\/wp-json\/wp\/v2\/types\/product"}],"replies":[{"embeddable":true,"href":"https:\/\/ingasatiene.com\/nb\/wp-json\/wp\/v2\/comments?post=1386"}],"wp:featuredmedia":[{"embeddable":true,"href":"https:\/\/ingasatiene.com\/nb\/wp-json\/wp\/v2\/media\/1393"}],"wp:attachment":[{"href":"https:\/\/ingasatiene.com\/nb\/wp-json\/wp\/v2\/media?parent=1386"}],"wp:term":[{"taxonomy":"product_brand","embeddable":true,"href":"https:\/\/ingasatiene.com\/nb\/wp-json\/wp\/v2\/product_brand?post=1386"},{"taxonomy":"product_cat","embeddable":true,"href":"https:\/\/ingasatiene.com\/nb\/wp-json\/wp\/v2\/product_cat?post=1386"},{"taxonomy":"product_tag","embeddable":true,"href":"https:\/\/ingasatiene.com\/nb\/wp-json\/wp\/v2\/product_tag?post=1386"}],"curies":[{"name":"wp","href":"https:\/\/api.w.org\/{rel}","templated":true}]}}