{"id":2059,"date":"2026-03-25T13:41:13","date_gmt":"2026-03-25T12:41:13","guid":{"rendered":"https:\/\/ingasatiene.com\/?post_type=product&#038;p=2059"},"modified":"2026-03-25T13:58:56","modified_gmt":"2026-03-25T12:58:56","slug":"ph-formula-vita-c-bright-overnight-mask","status":"publish","type":"product","link":"https:\/\/ingasatiene.com\/lt\/produktas\/ph-formula-vita-c-bright-overnight-mask\/","title":{"rendered":"pH formula VITA C Bright Overnight Mask"},"content":{"rendered":"<div class=\"product-description rte\">\n<h6>N\u00f8kkelingredienser:<\/h6>\n<p>Magnesium Ascorbyl Phosphate<br \/>\nShea Butter<br \/>\nVitamin E<br \/>\nOrange essential oil<\/p>\n<h6>Ingredienser:<\/h6>\n<p>Aqua (Water), Caprylic \/ Capric Triglyceride, Butyrospermum Parkil (Shea) Butter, Macadamia Ternifolia Seed Oil, Olea Europaea (Olive) Fruit Oil, Polyglyceryl-3 Methylglucose Distearate, Glyceryl Stearate, Glycerin-Phosphoryl Stem, , Cetyl Alcohol, Hydroxypropyl Starch Phosphate, Phenoxyethanol, Stearic Acid, Tocopheryl Acetate, Xanthan Gum, Citrus Aurantium Dulcis (Orange) Peel Oil, Limonene, Ethylhexylglycerin<\/p>\n<\/div>\n<div class=\"tabs-wrapper productTabsWrapper\">\n<p>&nbsp;<\/p>\n<\/div>","protected":false},"excerpt":{"rendered":"<p>pH formula VITA C Bright overnight Mask er en nattmaske med en kremaktig konsistens som absorberes perfekt i huden og virker hele natten. Formelen tilf\u00f8res med en h\u00f8y konsentrasjon av sheasm\u00f8r, magnesiumaskorbylfosfat, vitamin E og appelsinolje som gir en oppl\u00f8ftende duft. Spesielt designet for \u00e5 revitalisere huden med friskhet, lyser, glatter, strammer og forbedrer utseendet p\u00e5 ujevn hudtone. Huden f\u00f8les mettet, fastere og mer lysende om morgenen. Anbefalt for alle hudtyper<\/p>","protected":false},"featured_media":2076,"comment_status":"open","ping_status":"closed","template":"","meta":{"site-sidebar-layout":"default","site-content-layout":"","ast-site-content-layout":"default","site-content-style":"default","site-sidebar-style":"default","ast-global-header-display":"","ast-banner-title-visibility":"","ast-main-header-display":"","ast-hfb-above-header-display":"","ast-hfb-below-header-display":"","ast-hfb-mobile-header-display":"","site-post-title":"","ast-breadcrumbs-content":"","ast-featured-img":"","footer-sml-layout":"","ast-disable-related-posts":"","theme-transparent-header-meta":"default","adv-header-id-meta":"","stick-header-meta":"","header-above-stick-meta":"","header-main-stick-meta":"","header-below-stick-meta":"","astra-migrate-meta-layouts":"set","ast-page-background-enabled":"default","ast-page-background-meta":{"desktop":{"background-color":"var(--ast-global-color-4)","background-image":"","background-repeat":"repeat","background-position":"center center","background-size":"auto","background-attachment":"scroll","background-type":"","background-media":"","overlay-type":"","overlay-color":"","overlay-opacity":"","overlay-gradient":""},"tablet":{"background-color":"","background-image":"","background-repeat":"repeat","background-position":"center center","background-size":"auto","background-attachment":"scroll","background-type":"","background-media":"","overlay-type":"","overlay-color":"","overlay-opacity":"","overlay-gradient":""},"mobile":{"background-color":"","background-image":"","background-repeat":"repeat","background-position":"center center","background-size":"auto","background-attachment":"scroll","background-type":"","background-media":"","overlay-type":"","overlay-color":"","overlay-opacity":"","overlay-gradient":""}},"ast-content-background-meta":{"desktop":{"background-color":"var(--ast-global-color-5)","background-image":"","background-repeat":"repeat","background-position":"center center","background-size":"auto","background-attachment":"scroll","background-type":"","background-media":"","overlay-type":"","overlay-color":"","overlay-opacity":"","overlay-gradient":""},"tablet":{"background-color":"var(--ast-global-color-5)","background-image":"","background-repeat":"repeat","background-position":"center center","background-size":"auto","background-attachment":"scroll","background-type":"","background-media":"","overlay-type":"","overlay-color":"","overlay-opacity":"","overlay-gradient":""},"mobile":{"background-color":"var(--ast-global-color-5)","background-image":"","background-repeat":"repeat","background-position":"center center","background-size":"auto","background-attachment":"scroll","background-type":"","background-media":"","overlay-type":"","overlay-color":"","overlay-opacity":"","overlay-gradient":""}}},"product_brand":[],"product_cat":[45],"product_tag":[],"class_list":{"0":"post-2059","1":"product","2":"type-product","3":"status-publish","4":"has-post-thumbnail","6":"product_cat-ph-formula","7":"desktop-align-center","8":"tablet-align-left","9":"mobile-align-left","11":"first","12":"instock","13":"shipping-taxable","14":"purchasable","15":"product-type-simple"},"_links":{"self":[{"href":"https:\/\/ingasatiene.com\/lt\/wp-json\/wp\/v2\/product\/2059","targetHints":{"allow":["GET"]}}],"collection":[{"href":"https:\/\/ingasatiene.com\/lt\/wp-json\/wp\/v2\/product"}],"about":[{"href":"https:\/\/ingasatiene.com\/lt\/wp-json\/wp\/v2\/types\/product"}],"replies":[{"embeddable":true,"href":"https:\/\/ingasatiene.com\/lt\/wp-json\/wp\/v2\/comments?post=2059"}],"wp:featuredmedia":[{"embeddable":true,"href":"https:\/\/ingasatiene.com\/lt\/wp-json\/wp\/v2\/media\/2076"}],"wp:attachment":[{"href":"https:\/\/ingasatiene.com\/lt\/wp-json\/wp\/v2\/media?parent=2059"}],"wp:term":[{"taxonomy":"product_brand","embeddable":true,"href":"https:\/\/ingasatiene.com\/lt\/wp-json\/wp\/v2\/product_brand?post=2059"},{"taxonomy":"product_cat","embeddable":true,"href":"https:\/\/ingasatiene.com\/lt\/wp-json\/wp\/v2\/product_cat?post=2059"},{"taxonomy":"product_tag","embeddable":true,"href":"https:\/\/ingasatiene.com\/lt\/wp-json\/wp\/v2\/product_tag?post=2059"}],"curies":[{"name":"wp","href":"https:\/\/api.w.org\/{rel}","templated":true}]}}