{"id":2053,"date":"2026-03-25T12:31:31","date_gmt":"2026-03-25T11:31:31","guid":{"rendered":"https:\/\/ingasatiene.com\/?post_type=product&#038;p=2053"},"modified":"2026-03-25T14:33:31","modified_gmt":"2026-03-25T13:33:31","slug":"ph-formula-a-c-resurfacing-kit","status":"publish","type":"product","link":"https:\/\/ingasatiene.com\/lt\/produktas\/ph-formula-a-c-resurfacing-kit\/","title":{"rendered":"pH formul\u0117 A.C Resurfacing KIT"},"content":{"rendered":"<p>kittet best\u00e5r av :<\/p>\n<p>EXFO cleanse\u00a0100ml er en beroligende ansiktsrens med kremkonsistens som gir en klarere og mykere hud. Rensekremen passer alle hudtyper og\u00a0fjerner sk\u00e5nsomt makeup, \u00f8yemakeup, urenheter og\u00a0etterlater huden ren og hydrert.<\/p>\n<p>AC recovery\u00a030ml er et serum som er utviklet for \u00e5 virke forebyggende og reparerende p\u00e5 akne og problemhud. Serumet er rikt p\u00e5 antioksidanter og virker antiinflammatorisk. Vi anbefaler A.C recovery til en fet hud og alle stadier av acne.<\/p>\n<p>ACTIVE formula\u00a0 20ml er en unik kombinasjon av aktive ingredienser i et behandlende produkt. Produktet virker hudfornyende og styrkende p\u00e5 alle hudtyper. Produktet anbefales alltid som bruk f\u00f8r og under Ph formula skin resurfacing kur i salong. Ph formula ACTIVE formula brukes under anbefalt krem fra Ph formula og bidrar til \u00e5 normalisere og opprettholde en sunn tilstand i huden.<\/p>\n<p>Produktet er med p\u00e5 \u00e5 regulere cellul\u00e6r differensiering, stimulere kollagensyntesen, gi en mild eksfoliering, regulere formasjon av pigmentering og styrke hudens barrieresystem.<\/p>\n<p>POST recovery cream\u00a0100ml er en rik, mykgj\u00f8rende krem med en blanding av fuktighetsgivende og n\u00e6rende ingredienser som gir maksimal hydrering. Kremen lindrer umiddelbart t\u00f8rrhet og virker antiinflammatorisk samt beroligende. Brukes en til to ganger daglig over Active- eller recoveryprodukter.<\/p>","protected":false},"excerpt":{"rendered":"<p>pH formula\u00a0AC resurfacing KIT er perfekt tilpasset en problemhud som sliter med acne.<\/p>","protected":false},"featured_media":2084,"comment_status":"open","ping_status":"closed","template":"","meta":{"site-sidebar-layout":"default","site-content-layout":"","ast-site-content-layout":"default","site-content-style":"default","site-sidebar-style":"default","ast-global-header-display":"","ast-banner-title-visibility":"","ast-main-header-display":"","ast-hfb-above-header-display":"","ast-hfb-below-header-display":"","ast-hfb-mobile-header-display":"","site-post-title":"","ast-breadcrumbs-content":"","ast-featured-img":"","footer-sml-layout":"","ast-disable-related-posts":"","theme-transparent-header-meta":"default","adv-header-id-meta":"","stick-header-meta":"","header-above-stick-meta":"","header-main-stick-meta":"","header-below-stick-meta":"","astra-migrate-meta-layouts":"set","ast-page-background-enabled":"default","ast-page-background-meta":{"desktop":{"background-color":"var(--ast-global-color-4)","background-image":"","background-repeat":"repeat","background-position":"center center","background-size":"auto","background-attachment":"scroll","background-type":"","background-media":"","overlay-type":"","overlay-color":"","overlay-opacity":"","overlay-gradient":""},"tablet":{"background-color":"","background-image":"","background-repeat":"repeat","background-position":"center center","background-size":"auto","background-attachment":"scroll","background-type":"","background-media":"","overlay-type":"","overlay-color":"","overlay-opacity":"","overlay-gradient":""},"mobile":{"background-color":"","background-image":"","background-repeat":"repeat","background-position":"center center","background-size":"auto","background-attachment":"scroll","background-type":"","background-media":"","overlay-type":"","overlay-color":"","overlay-opacity":"","overlay-gradient":""}},"ast-content-background-meta":{"desktop":{"background-color":"var(--ast-global-color-5)","background-image":"","background-repeat":"repeat","background-position":"center center","background-size":"auto","background-attachment":"scroll","background-type":"","background-media":"","overlay-type":"","overlay-color":"","overlay-opacity":"","overlay-gradient":""},"tablet":{"background-color":"var(--ast-global-color-5)","background-image":"","background-repeat":"repeat","background-position":"center center","background-size":"auto","background-attachment":"scroll","background-type":"","background-media":"","overlay-type":"","overlay-color":"","overlay-opacity":"","overlay-gradient":""},"mobile":{"background-color":"var(--ast-global-color-5)","background-image":"","background-repeat":"repeat","background-position":"center center","background-size":"auto","background-attachment":"scroll","background-type":"","background-media":"","overlay-type":"","overlay-color":"","overlay-opacity":"","overlay-gradient":""}}},"product_brand":[],"product_cat":[45],"product_tag":[],"class_list":{"0":"post-2053","1":"product","2":"type-product","3":"status-publish","4":"has-post-thumbnail","6":"product_cat-ph-formula","7":"desktop-align-center","8":"tablet-align-left","9":"mobile-align-left","11":"first","12":"instock","13":"shipping-taxable","14":"purchasable","15":"product-type-simple"},"_links":{"self":[{"href":"https:\/\/ingasatiene.com\/lt\/wp-json\/wp\/v2\/product\/2053","targetHints":{"allow":["GET"]}}],"collection":[{"href":"https:\/\/ingasatiene.com\/lt\/wp-json\/wp\/v2\/product"}],"about":[{"href":"https:\/\/ingasatiene.com\/lt\/wp-json\/wp\/v2\/types\/product"}],"replies":[{"embeddable":true,"href":"https:\/\/ingasatiene.com\/lt\/wp-json\/wp\/v2\/comments?post=2053"}],"wp:featuredmedia":[{"embeddable":true,"href":"https:\/\/ingasatiene.com\/lt\/wp-json\/wp\/v2\/media\/2084"}],"wp:attachment":[{"href":"https:\/\/ingasatiene.com\/lt\/wp-json\/wp\/v2\/media?parent=2053"}],"wp:term":[{"taxonomy":"product_brand","embeddable":true,"href":"https:\/\/ingasatiene.com\/lt\/wp-json\/wp\/v2\/product_brand?post=2053"},{"taxonomy":"product_cat","embeddable":true,"href":"https:\/\/ingasatiene.com\/lt\/wp-json\/wp\/v2\/product_cat?post=2053"},{"taxonomy":"product_tag","embeddable":true,"href":"https:\/\/ingasatiene.com\/lt\/wp-json\/wp\/v2\/product_tag?post=2053"}],"curies":[{"name":"wp","href":"https:\/\/api.w.org\/{rel}","templated":true}]}}