{"id":2049,"date":"2026-03-25T11:20:13","date_gmt":"2026-03-25T10:20:13","guid":{"rendered":"https:\/\/ingasatiene.com\/?post_type=product&#038;p=2049"},"modified":"2026-03-25T14:36:51","modified_gmt":"2026-03-25T13:36:51","slug":"ph-formula-active-formula","status":"publish","type":"product","link":"https:\/\/ingasatiene.com\/lt\/produktas\/ph-formula-active-formula\/","title":{"rendered":"pH formul\u0117 AKTYVI formul\u0117"},"content":{"rendered":"<p class=\"accordion-toggle\" tabindex=\"0\" data-focus-element=\"\" data-block-id=\"2b6761ac-3d2d-4a63-aa38-8d6c692f4db5\"><strong>Hudeksperten tipser:<\/strong><\/p>\n<div class=\"rte accordion-content\">\n<p>P\u00e5f\u00f8r produktet i ansiktet hver kvelden under din nattkrem for mild eksfoliering, stimulering av kollagensyntesen, regulering av cellul\u00e6r differensiering samt for \u00e5 styrke hudens barrieresystem.<\/p>\n<p class=\"accordion-toggle\" tabindex=\"0\" data-focus-element=\"\"><strong>Ingredienser:<\/strong><\/p>\n<div class=\"rte accordion-content\">\n<p>Salicylic Acid<br \/>\nLactobionic Acid<br \/>\nPyruvic Acid<br \/>\nGlycolic Acid<br \/>\nRetinol<br \/>\nHydrolysed Soy Protein<br \/>\nPH-DVC\u2122<\/p>\n<p>&nbsp;<\/p>\n<p><strong style=\"font-size: 16px;\">Slik brukes produktet:<\/strong><\/p>\n<\/div>\n<div class=\"rte accordion-content\">\n<ul>\n<li>Rens huden med rens tilpasset din hud.<\/li>\n<li>P\u00e5f\u00f8r\u00a0ACTIVE formula p\u00e5 t\u00f8rr hud.<\/li>\n<li>P\u00e5f\u00f8r din nattkrem p\u00e5 toppen av\u00a0ACTIVE formula.<\/li>\n<li>Rens ansiktet p\u00e5 morgen og p\u00e5f\u00f8r din vanlige hudpleierutine.<\/li>\n<\/ul>\n<\/div>\n<\/div>","protected":false},"excerpt":{"rendered":"<p>pH formula active formula er en unik kombinasjon av aktive ingredienser i et behandlende produkt. Produktet virker hudfornyende og styrkende p\u00e5 alle hudtyper. Produktet anbefales alltid som bruk f\u00f8r og under pHformula skin resurfacing kur i salong. ACTIVE formula brukes under anbefalt krem fra pHformula og bidrar til \u00e5 normalisere og opprettholde en sunn tilstand i huden. Produktet brukes av hudtilstander AGE, MELA , AC og CR.<\/p>\n<p>Produktet er med p\u00e5 \u00e5 regulere cellul\u00e6r differensiering, stimulere kollagensyntesen, gi en mild eksfoliering, regulere formasjon av pigmentering og styrke hudens barrieresystem.<\/p>","protected":false},"featured_media":2091,"comment_status":"open","ping_status":"closed","template":"","meta":{"site-sidebar-layout":"default","site-content-layout":"","ast-site-content-layout":"default","site-content-style":"default","site-sidebar-style":"default","ast-global-header-display":"","ast-banner-title-visibility":"","ast-main-header-display":"","ast-hfb-above-header-display":"","ast-hfb-below-header-display":"","ast-hfb-mobile-header-display":"","site-post-title":"","ast-breadcrumbs-content":"","ast-featured-img":"","footer-sml-layout":"","ast-disable-related-posts":"","theme-transparent-header-meta":"default","adv-header-id-meta":"","stick-header-meta":"","header-above-stick-meta":"","header-main-stick-meta":"","header-below-stick-meta":"","astra-migrate-meta-layouts":"set","ast-page-background-enabled":"default","ast-page-background-meta":{"desktop":{"background-color":"var(--ast-global-color-4)","background-image":"","background-repeat":"repeat","background-position":"center center","background-size":"auto","background-attachment":"scroll","background-type":"","background-media":"","overlay-type":"","overlay-color":"","overlay-opacity":"","overlay-gradient":""},"tablet":{"background-color":"","background-image":"","background-repeat":"repeat","background-position":"center center","background-size":"auto","background-attachment":"scroll","background-type":"","background-media":"","overlay-type":"","overlay-color":"","overlay-opacity":"","overlay-gradient":""},"mobile":{"background-color":"","background-image":"","background-repeat":"repeat","background-position":"center center","background-size":"auto","background-attachment":"scroll","background-type":"","background-media":"","overlay-type":"","overlay-color":"","overlay-opacity":"","overlay-gradient":""}},"ast-content-background-meta":{"desktop":{"background-color":"var(--ast-global-color-5)","background-image":"","background-repeat":"repeat","background-position":"center center","background-size":"auto","background-attachment":"scroll","background-type":"","background-media":"","overlay-type":"","overlay-color":"","overlay-opacity":"","overlay-gradient":""},"tablet":{"background-color":"var(--ast-global-color-5)","background-image":"","background-repeat":"repeat","background-position":"center center","background-size":"auto","background-attachment":"scroll","background-type":"","background-media":"","overlay-type":"","overlay-color":"","overlay-opacity":"","overlay-gradient":""},"mobile":{"background-color":"var(--ast-global-color-5)","background-image":"","background-repeat":"repeat","background-position":"center center","background-size":"auto","background-attachment":"scroll","background-type":"","background-media":"","overlay-type":"","overlay-color":"","overlay-opacity":"","overlay-gradient":""}}},"product_brand":[],"product_cat":[45],"product_tag":[],"class_list":{"0":"post-2049","1":"product","2":"type-product","3":"status-publish","4":"has-post-thumbnail","6":"product_cat-ph-formula","7":"desktop-align-center","8":"tablet-align-left","9":"mobile-align-left","11":"first","12":"instock","13":"shipping-taxable","14":"purchasable","15":"product-type-simple"},"_links":{"self":[{"href":"https:\/\/ingasatiene.com\/lt\/wp-json\/wp\/v2\/product\/2049","targetHints":{"allow":["GET"]}}],"collection":[{"href":"https:\/\/ingasatiene.com\/lt\/wp-json\/wp\/v2\/product"}],"about":[{"href":"https:\/\/ingasatiene.com\/lt\/wp-json\/wp\/v2\/types\/product"}],"replies":[{"embeddable":true,"href":"https:\/\/ingasatiene.com\/lt\/wp-json\/wp\/v2\/comments?post=2049"}],"wp:featuredmedia":[{"embeddable":true,"href":"https:\/\/ingasatiene.com\/lt\/wp-json\/wp\/v2\/media\/2091"}],"wp:attachment":[{"href":"https:\/\/ingasatiene.com\/lt\/wp-json\/wp\/v2\/media?parent=2049"}],"wp:term":[{"taxonomy":"product_brand","embeddable":true,"href":"https:\/\/ingasatiene.com\/lt\/wp-json\/wp\/v2\/product_brand?post=2049"},{"taxonomy":"product_cat","embeddable":true,"href":"https:\/\/ingasatiene.com\/lt\/wp-json\/wp\/v2\/product_cat?post=2049"},{"taxonomy":"product_tag","embeddable":true,"href":"https:\/\/ingasatiene.com\/lt\/wp-json\/wp\/v2\/product_tag?post=2049"}],"curies":[{"name":"wp","href":"https:\/\/api.w.org\/{rel}","templated":true}]}}