{"id":2044,"date":"2026-03-25T11:07:15","date_gmt":"2026-03-25T10:07:15","guid":{"rendered":"https:\/\/ingasatiene.com\/?post_type=product&#038;p=2044"},"modified":"2026-03-25T14:43:02","modified_gmt":"2026-03-25T13:43:02","slug":"ph-formula-a-c-recovery","status":"publish","type":"product","link":"https:\/\/ingasatiene.com\/lt\/produktas\/ph-formula-a-c-recovery\/","title":{"rendered":"pH formul\u0117 A.C Atk\u016brimas"},"content":{"rendered":"<p class=\"accordion-toggle\" tabindex=\"0\" data-focus-element=\"\" data-block-id=\"2b6761ac-3d2d-4a63-aa38-8d6c692f4db5\">hudeksperten tipser:<\/p>\n<div class=\"rte accordion-content\">\n<p>Hvis du har en fet hudtype med acne er det supert \u00e5 bruke\u00a0EXFO cleanse\u00a0morgen og kveld for \u00e5 fjerne d\u00f8de hudceller p\u00e5 en sk\u00e5nsom m\u00e5te. Deretter p\u00e5f\u00f8re AC recovery.<\/p>\n<p class=\"accordion-toggle\" tabindex=\"0\" data-focus-element=\"\">Ingredienser<\/p>\n<div class=\"rte accordion-content\">\n<p>Niacinamide<br \/>\nMandelic Acid<br \/>\nAzeloglycine<br \/>\nSalicylic Acid<br \/>\nTea Tree Oil<br \/>\nGlycerrhetinic Acid<br \/>\nZinc Gluconate<br \/>\nPH-DVC\u2122<\/p>\n<p class=\"accordion-toggle\" tabindex=\"0\" data-focus-element=\"\">Slik bruker du produktet:<\/p>\n<div class=\"rte accordion-content\">\n<ul>\n<li>Rens huden med rens tilpasset din hudtype, deretter klapp huden t\u00f8rr med et h\u00e5ndkle.<\/li>\n<li>P\u00e5f\u00f8r AC recovery<\/li>\n<li>Deretter kan du p\u00e5f\u00f8re din dag eller nattkrem, serumet kan ogs\u00e5 brukes alene. Vi anbefaler \u00e5 bruke\u00a0POST recovery cream\u00a0for maksimal fukt og beskyttelse av hudbarrieren.<\/li>\n<\/ul>\n<\/div>\n<\/div>\n<\/div>","protected":false},"excerpt":{"rendered":"<p>pHformula AC recovery er et serum som er utviklet for \u00e5 virke forebyggende og reparerende p\u00e5 akne og problemhud. Serumet er rikt p\u00e5 antioksidanter og virker antiinflammatorisk. Vi anbefaler pH formula\u00a0A.C recovery til en fet hud og alle stadier av acne.<\/p>","protected":false},"featured_media":2101,"comment_status":"open","ping_status":"closed","template":"","meta":{"site-sidebar-layout":"default","site-content-layout":"","ast-site-content-layout":"default","site-content-style":"default","site-sidebar-style":"default","ast-global-header-display":"","ast-banner-title-visibility":"","ast-main-header-display":"","ast-hfb-above-header-display":"","ast-hfb-below-header-display":"","ast-hfb-mobile-header-display":"","site-post-title":"","ast-breadcrumbs-content":"","ast-featured-img":"","footer-sml-layout":"","ast-disable-related-posts":"","theme-transparent-header-meta":"default","adv-header-id-meta":"","stick-header-meta":"","header-above-stick-meta":"","header-main-stick-meta":"","header-below-stick-meta":"","astra-migrate-meta-layouts":"set","ast-page-background-enabled":"default","ast-page-background-meta":{"desktop":{"background-color":"var(--ast-global-color-4)","background-image":"","background-repeat":"repeat","background-position":"center center","background-size":"auto","background-attachment":"scroll","background-type":"","background-media":"","overlay-type":"","overlay-color":"","overlay-opacity":"","overlay-gradient":""},"tablet":{"background-color":"","background-image":"","background-repeat":"repeat","background-position":"center center","background-size":"auto","background-attachment":"scroll","background-type":"","background-media":"","overlay-type":"","overlay-color":"","overlay-opacity":"","overlay-gradient":""},"mobile":{"background-color":"","background-image":"","background-repeat":"repeat","background-position":"center center","background-size":"auto","background-attachment":"scroll","background-type":"","background-media":"","overlay-type":"","overlay-color":"","overlay-opacity":"","overlay-gradient":""}},"ast-content-background-meta":{"desktop":{"background-color":"var(--ast-global-color-5)","background-image":"","background-repeat":"repeat","background-position":"center center","background-size":"auto","background-attachment":"scroll","background-type":"","background-media":"","overlay-type":"","overlay-color":"","overlay-opacity":"","overlay-gradient":""},"tablet":{"background-color":"var(--ast-global-color-5)","background-image":"","background-repeat":"repeat","background-position":"center center","background-size":"auto","background-attachment":"scroll","background-type":"","background-media":"","overlay-type":"","overlay-color":"","overlay-opacity":"","overlay-gradient":""},"mobile":{"background-color":"var(--ast-global-color-5)","background-image":"","background-repeat":"repeat","background-position":"center center","background-size":"auto","background-attachment":"scroll","background-type":"","background-media":"","overlay-type":"","overlay-color":"","overlay-opacity":"","overlay-gradient":""}}},"product_brand":[],"product_cat":[45],"product_tag":[],"class_list":{"0":"post-2044","1":"product","2":"type-product","3":"status-publish","4":"has-post-thumbnail","6":"product_cat-ph-formula","7":"desktop-align-center","8":"tablet-align-left","9":"mobile-align-left","11":"first","12":"instock","13":"shipping-taxable","14":"purchasable","15":"product-type-simple"},"_links":{"self":[{"href":"https:\/\/ingasatiene.com\/lt\/wp-json\/wp\/v2\/product\/2044","targetHints":{"allow":["GET"]}}],"collection":[{"href":"https:\/\/ingasatiene.com\/lt\/wp-json\/wp\/v2\/product"}],"about":[{"href":"https:\/\/ingasatiene.com\/lt\/wp-json\/wp\/v2\/types\/product"}],"replies":[{"embeddable":true,"href":"https:\/\/ingasatiene.com\/lt\/wp-json\/wp\/v2\/comments?post=2044"}],"wp:featuredmedia":[{"embeddable":true,"href":"https:\/\/ingasatiene.com\/lt\/wp-json\/wp\/v2\/media\/2101"}],"wp:attachment":[{"href":"https:\/\/ingasatiene.com\/lt\/wp-json\/wp\/v2\/media?parent=2044"}],"wp:term":[{"taxonomy":"product_brand","embeddable":true,"href":"https:\/\/ingasatiene.com\/lt\/wp-json\/wp\/v2\/product_brand?post=2044"},{"taxonomy":"product_cat","embeddable":true,"href":"https:\/\/ingasatiene.com\/lt\/wp-json\/wp\/v2\/product_cat?post=2044"},{"taxonomy":"product_tag","embeddable":true,"href":"https:\/\/ingasatiene.com\/lt\/wp-json\/wp\/v2\/product_tag?post=2044"}],"curies":[{"name":"wp","href":"https:\/\/api.w.org\/{rel}","templated":true}]}}