{"id":2043,"date":"2026-03-25T11:05:21","date_gmt":"2026-03-25T10:05:21","guid":{"rendered":"https:\/\/ingasatiene.com\/?post_type=product&#038;p=2043"},"modified":"2026-03-25T14:46:00","modified_gmt":"2026-03-25T13:46:00","slug":"ph-formula-exfo-cleanse","status":"publish","type":"product","link":"https:\/\/ingasatiene.com\/lt\/produktas\/ph-formula-exfo-cleanse\/","title":{"rendered":"pH formul\u0117 EXFO Cleanse"},"content":{"rendered":"<p class=\"accordion-toggle\" tabindex=\"0\" data-focus-element=\"\" data-block-id=\"2b6761ac-3d2d-4a63-aa38-8d6c692f4db5\">Hudeksperten tipser:<\/p>\n<div class=\"rte accordion-content\">\n<p>Denne rensekremen anbefales \u00e5 sove med en gang i uken for \u00e5 opprettholde en sunn frisk hud. Rens ansiktet med EXFO cleanse, t\u00f8rk huden t\u00f8rr for \u00e5\u00a0 s\u00e5 p\u00e5f\u00f8re et nytt lag med EXFO cleanse og lar den ligge over natten. rens huden igjen p\u00e5 morgen.<\/p>\n<p class=\"accordion-toggle\" tabindex=\"0\" data-focus-element=\"\">Ingrediener:<\/p>\n<div class=\"rte accordion-content\">\n<p>\u00a0Aqua, Acrylates Copolymer, Steareth-2, Sorbitol, Cocamidopropyl Betaine, Papain, Calcium Pantothenate, Xanthan Gum, Urea, Caprylyl Glycol, Magnesium Lactate, Ethylhexylglycerin, Potassium Lactate, Serine, Alanine-Choline, Magnoline, Proline , Glyceryl Stearate, Triethanolamine, Cetyl Alcohol, Lactobionic Acid, Phenoxyethanol, Benzyl Alcohol, PVP, Potassium \u0160orbate, Disodium EDTA, Niacinamide, Aspalathus Linearis Extract, Tocopherol.<\/p>\n<p>&nbsp;<\/p>\n<\/div>\n<p class=\"accordion-toggle\" tabindex=\"0\" data-focus-element=\"\">Slik bruker du produktet<\/p>\n<div class=\"rte accordion-content\">\n<ul>\n<li>P\u00e5f\u00f8r t\u00f8rr hud og begynn \u00e5 fordele rensen p\u00e5 huden.<\/li>\n<li>Tilsett vann og masser i ca 60 sekunder.<\/li>\n<li>Skyld av med vann.<\/li>\n<\/ul>\n<\/div>\n<\/div>","protected":false},"excerpt":{"rendered":"<div class=\"product-description rte\">\n<p>pH formula EXFO cleanse er en beroligende ansiktsrens med kremkonsistens som gir en klarere og mykere hud. Rensekremen passer alle hudtyper og\u00a0fjerner sk\u00e5nsomt makeup, \u00f8yemakeup, urenheter og\u00a0etterlater huden ren og hydrert<\/p>\n<\/div>","protected":false},"featured_media":2105,"comment_status":"open","ping_status":"closed","template":"","meta":{"site-sidebar-layout":"default","site-content-layout":"","ast-site-content-layout":"default","site-content-style":"default","site-sidebar-style":"default","ast-global-header-display":"","ast-banner-title-visibility":"","ast-main-header-display":"","ast-hfb-above-header-display":"","ast-hfb-below-header-display":"","ast-hfb-mobile-header-display":"","site-post-title":"","ast-breadcrumbs-content":"","ast-featured-img":"","footer-sml-layout":"","ast-disable-related-posts":"","theme-transparent-header-meta":"default","adv-header-id-meta":"","stick-header-meta":"","header-above-stick-meta":"","header-main-stick-meta":"","header-below-stick-meta":"","astra-migrate-meta-layouts":"set","ast-page-background-enabled":"default","ast-page-background-meta":{"desktop":{"background-color":"var(--ast-global-color-4)","background-image":"","background-repeat":"repeat","background-position":"center center","background-size":"auto","background-attachment":"scroll","background-type":"","background-media":"","overlay-type":"","overlay-color":"","overlay-opacity":"","overlay-gradient":""},"tablet":{"background-color":"","background-image":"","background-repeat":"repeat","background-position":"center center","background-size":"auto","background-attachment":"scroll","background-type":"","background-media":"","overlay-type":"","overlay-color":"","overlay-opacity":"","overlay-gradient":""},"mobile":{"background-color":"","background-image":"","background-repeat":"repeat","background-position":"center center","background-size":"auto","background-attachment":"scroll","background-type":"","background-media":"","overlay-type":"","overlay-color":"","overlay-opacity":"","overlay-gradient":""}},"ast-content-background-meta":{"desktop":{"background-color":"var(--ast-global-color-5)","background-image":"","background-repeat":"repeat","background-position":"center center","background-size":"auto","background-attachment":"scroll","background-type":"","background-media":"","overlay-type":"","overlay-color":"","overlay-opacity":"","overlay-gradient":""},"tablet":{"background-color":"var(--ast-global-color-5)","background-image":"","background-repeat":"repeat","background-position":"center center","background-size":"auto","background-attachment":"scroll","background-type":"","background-media":"","overlay-type":"","overlay-color":"","overlay-opacity":"","overlay-gradient":""},"mobile":{"background-color":"var(--ast-global-color-5)","background-image":"","background-repeat":"repeat","background-position":"center center","background-size":"auto","background-attachment":"scroll","background-type":"","background-media":"","overlay-type":"","overlay-color":"","overlay-opacity":"","overlay-gradient":""}}},"product_brand":[],"product_cat":[45],"product_tag":[],"class_list":{"0":"post-2043","1":"product","2":"type-product","3":"status-publish","4":"has-post-thumbnail","6":"product_cat-ph-formula","7":"desktop-align-center","8":"tablet-align-left","9":"mobile-align-left","11":"first","12":"instock","13":"shipping-taxable","14":"purchasable","15":"product-type-simple"},"_links":{"self":[{"href":"https:\/\/ingasatiene.com\/lt\/wp-json\/wp\/v2\/product\/2043","targetHints":{"allow":["GET"]}}],"collection":[{"href":"https:\/\/ingasatiene.com\/lt\/wp-json\/wp\/v2\/product"}],"about":[{"href":"https:\/\/ingasatiene.com\/lt\/wp-json\/wp\/v2\/types\/product"}],"replies":[{"embeddable":true,"href":"https:\/\/ingasatiene.com\/lt\/wp-json\/wp\/v2\/comments?post=2043"}],"wp:featuredmedia":[{"embeddable":true,"href":"https:\/\/ingasatiene.com\/lt\/wp-json\/wp\/v2\/media\/2105"}],"wp:attachment":[{"href":"https:\/\/ingasatiene.com\/lt\/wp-json\/wp\/v2\/media?parent=2043"}],"wp:term":[{"taxonomy":"product_brand","embeddable":true,"href":"https:\/\/ingasatiene.com\/lt\/wp-json\/wp\/v2\/product_brand?post=2043"},{"taxonomy":"product_cat","embeddable":true,"href":"https:\/\/ingasatiene.com\/lt\/wp-json\/wp\/v2\/product_cat?post=2043"},{"taxonomy":"product_tag","embeddable":true,"href":"https:\/\/ingasatiene.com\/lt\/wp-json\/wp\/v2\/product_tag?post=2043"}],"curies":[{"name":"wp","href":"https:\/\/api.w.org\/{rel}","templated":true}]}}