{"id":1987,"date":"2026-02-12T09:49:50","date_gmt":"2026-02-12T09:49:50","guid":{"rendered":"https:\/\/ingasatiene.com\/?post_type=product&#038;p=1987"},"modified":"2026-02-12T09:49:50","modified_gmt":"2026-02-12T09:49:50","slug":"beauty-focus-multibeauty","status":"publish","type":"product","link":"https:\/\/ingasatiene.com\/lt\/produktas\/beauty-focus-multibeauty\/","title":{"rendered":"Gro\u017eis Focus MultiBeauty"},"content":{"rendered":"<div class=\"description_2RL-k\">MultiBeauty is a multi-nutrient powerhouse that nourishes the hair, nails, and skin to get heads turning. It combines several carefully chosen ingredients into one easy-to-take food supplement.<\/div>\n<div class=\"netto_RqS-H\"><strong><span class=\"nettoLabel_BpJ0H\">Grynasis svoris:<\/span><\/strong>\u00a026g<\/div>","protected":false},"excerpt":{"rendered":"<p>MultiBeauty goes in, gorgeous you comes out. This multi-benefit supplement supports your beauty routine by helping you have beautiful hair, nails, and skin. One daily capsule brings together nutritional science and beauty expertise in an innovative, result-oriented Nu Skin way.<\/p>\n<p>Country of origin: Manufactured in the USA.<\/p>\n<p>Maisto verslo operatoriai: NSE Products Europe BV, Da Vincilaan 9, 1930 Zaventem, Belgija.<\/p>\n<div class=\"ingredient_XkGkP\">\n<h5 class=\"ingredientLabel_V8VdP\">Visos sudedamosios dalys<\/h5>\n<div class=\"ingredientBody_jAn5+\">Calcium-L-ascorbate, D-biotin, capsule (hydroxypropyl methyl cellulose), grapefruit fruit extract (Citrus paradisi Macfad.), rosemary leaf extract (Rosmarinus officinalis L.), beta-carotene, D-alpha-tocopheryl acid succinate, nicotinamide, bulking agent: microcrystalline cellulose, anti-caking agent: fatty acids, zinc bisglycinate, D-pantothenate calcium, anti-caking agent: silicon dioxide, pyridoxine hydrochloride, thiamin mononitrate, riboflavin, pteroylmonoglutamic acid, cyanocobalamin, sodium selenate, sodium selenite.<\/div>\n<\/div>\n<div class=\"ingredients_38zjo\">\n<div class=\"ingredient_XkGkP\">\n<div class=\"ingredientBody_jAn5+ imageWrapper_DOqIg nutritionImage_y-1GA\">\n<div class=\"zoomImage_LePny allowZoom_qvbJR image_nXnzV\" data-testid=\"zoomImage\"><img decoding=\"async\" class=\"mainImage_PA61y\" title=\"\" src=\"https:\/\/media.nuskin.com\/transform\/5410e2cb-6722-438e-ad02-019428f9cead\/pharmanex-beauty-focus-multibeauty-nutritional-declaration-en.webp?quality=95&amp;io=transform:fit,height:1200\" alt=\"pharmanex-beauty-focus-multibeauty-nutritional-declaration-en\" \/><\/div>\n<div data-testid=\"zoomImage\"><\/div>\n<div data-testid=\"zoomImage\">\n<div class=\"topContent_-+m8Y\">\n<div class=\"contentHalf_raKE0\">\n<div class=\"innerContent_ON0Sz\">\n<div class=\"section_w2M+K\">\n<div class=\"paragraph_LCEYm\">Take one capsule each day, with water at any preferred time.<\/div>\n<div><\/div>\n<\/div>\n<div class=\"section_w2M+K\">\n<h3 class=\"sectionTitle_iGQAh\">Rekomendacija (-os)<\/h3>\n<div class=\"paragraph_LCEYm\">We recommend taking Beauty Focus MultiBeauty daily and using ageLOC WellSpa iO system (Revitalise regimen) 3 times a week for better results** on skin firmness and skin elasticity. Indeed, in a clinical study***, researchers evaluated the visible efficacy of using WellSpa iO Revitalise Focus Regiman with Beauty Focus MultiBeauty for 3 months. The results show an improvement of:<\/div>\n<div class=\"paragraph_LCEYm\">+47% on skin firmness<\/div>\n<div class=\"paragraph_LCEYm\">+45% on skin elasticity<\/div>\n<div>\n<div>\n<div class=\"disclaimer_LqemA\">1. Nobile V, Michelotti A, Cestone E, et al. Skin photoprotective and antiageing effects of a combination of rosemary (Rosmarinus officinalis) and grapefruit (Citrus paradisi) polyphenols. Food Nutr Res. 2016;60:31871. Published 2016 Jul 1.<\/div>\n<div class=\"disclaimer_LqemA\">2. P\u00e9rez-S\u00e1nchez A, Barraj\u00f3n-Catal\u00e1n E, Caturla N, et al. Protective effects of citrus and rosemary extracts on UV-induced damage in skin cell model and human volunteers. J Photochem Photobiol B. 2014;136:12\u201318.<\/div>\n<div class=\"disclaimer_LqemA\">*After 12 weeks of taking Beauty Focus MultiBeauty once daily, as instructed. 30 individuals participated in the study.<\/div>\n<div class=\"disclaimer_LqemA\">**Compared to Revitalize Regimen 3min, 3 times a week.<\/div>\n<div class=\"disclaimer_LqemA\">***After 12 weeks of taking Beauty Focus MultiBeauty once daily, as instructed, and using ageLOC Body Polish three times per week, WellSpa iO + ageLOC Body Serum three times per week while WellSpa iO is used for 3 minutes on each target area, and ageLOC\u00ae Dermatic Effects twice daily. 60 individuals participated in the study. Results were obtained by instrumental assessment through cutometer and visual grading using a Cellulite Severity Scale at both Baseline and Week 12. The composition of Multibeauty used in the study varies slightly with the European formula (folic acid, beta carotene, zinc and selenium). The slight difference in formula is not expected to impact the study results.<\/div>\n<div><\/div>\n<\/div>\n<div>\n<div class=\"warning_-sJ4F\">\n<div class=\"warningBody_oPsFx\" data-disclaimer-drawer-html=\"disclaimer-drawer-html\">\n<p><strong>Ypatingos atsargumo priemon\u0117s:<\/strong> Do not exceed the stated recommended daily dose. A varied and balanced diet and a healthy lifestyle are important. A food supplement should not be used as a substitute for a varied diet. Do not use if safety seal is broken, damaged or missing. Store this product in a cool, dry place. Store out of reach of young children. Consult a doctor before using this product if you are pregnant, lactating or under medical treatment.<\/p>\n<\/div>\n<\/div>\n<div class=\"warning_-sJ4F\">\n<div class=\"warningBody_oPsFx\" data-disclaimer-drawer-html=\"disclaimer-drawer-html\">\n<p>Persons requiring a laboratory test should inform their doctor or laboratory staff that they have recently taken biotin.<\/p>\n<\/div>\n<\/div>\n<div class=\"warning_-sJ4F\">\n<div class=\"warningBody_oPsFx\" data-disclaimer-drawer-html=\"disclaimer-drawer-html\"><\/div>\n<\/div>\n<\/div>\n<\/div>\n<\/div>\n<\/div>\n<\/div>\n<\/div>\n<\/div>\n<\/div>\n<\/div>\n<\/div>","protected":false},"featured_media":1995,"comment_status":"open","ping_status":"closed","template":"","meta":{"site-sidebar-layout":"default","site-content-layout":"","ast-site-content-layout":"default","site-content-style":"default","site-sidebar-style":"default","ast-global-header-display":"","ast-banner-title-visibility":"","ast-main-header-display":"","ast-hfb-above-header-display":"","ast-hfb-below-header-display":"","ast-hfb-mobile-header-display":"","site-post-title":"","ast-breadcrumbs-content":"","ast-featured-img":"","footer-sml-layout":"","ast-disable-related-posts":"","theme-transparent-header-meta":"default","adv-header-id-meta":"","stick-header-meta":"","header-above-stick-meta":"","header-main-stick-meta":"","header-below-stick-meta":"","astra-migrate-meta-layouts":"set","ast-page-background-enabled":"default","ast-page-background-meta":{"desktop":{"background-color":"var(--ast-global-color-4)","background-image":"","background-repeat":"repeat","background-position":"center center","background-size":"auto","background-attachment":"scroll","background-type":"","background-media":"","overlay-type":"","overlay-color":"","overlay-opacity":"","overlay-gradient":""},"tablet":{"background-color":"","background-image":"","background-repeat":"repeat","background-position":"center center","background-size":"auto","background-attachment":"scroll","background-type":"","background-media":"","overlay-type":"","overlay-color":"","overlay-opacity":"","overlay-gradient":""},"mobile":{"background-color":"","background-image":"","background-repeat":"repeat","background-position":"center center","background-size":"auto","background-attachment":"scroll","background-type":"","background-media":"","overlay-type":"","overlay-color":"","overlay-opacity":"","overlay-gradient":""}},"ast-content-background-meta":{"desktop":{"background-color":"var(--ast-global-color-5)","background-image":"","background-repeat":"repeat","background-position":"center center","background-size":"auto","background-attachment":"scroll","background-type":"","background-media":"","overlay-type":"","overlay-color":"","overlay-opacity":"","overlay-gradient":""},"tablet":{"background-color":"var(--ast-global-color-5)","background-image":"","background-repeat":"repeat","background-position":"center center","background-size":"auto","background-attachment":"scroll","background-type":"","background-media":"","overlay-type":"","overlay-color":"","overlay-opacity":"","overlay-gradient":""},"mobile":{"background-color":"var(--ast-global-color-5)","background-image":"","background-repeat":"repeat","background-position":"center center","background-size":"auto","background-attachment":"scroll","background-type":"","background-media":"","overlay-type":"","overlay-color":"","overlay-opacity":"","overlay-gradient":""}}},"product_brand":[],"product_cat":[44],"product_tag":[],"class_list":{"0":"post-1987","1":"product","2":"type-product","3":"status-publish","4":"has-post-thumbnail","6":"product_cat-beauty-focus-products","7":"desktop-align-center","8":"tablet-align-left","9":"mobile-align-left","11":"first","12":"instock","13":"shipping-taxable","14":"purchasable","15":"product-type-simple"},"_links":{"self":[{"href":"https:\/\/ingasatiene.com\/lt\/wp-json\/wp\/v2\/product\/1987","targetHints":{"allow":["GET"]}}],"collection":[{"href":"https:\/\/ingasatiene.com\/lt\/wp-json\/wp\/v2\/product"}],"about":[{"href":"https:\/\/ingasatiene.com\/lt\/wp-json\/wp\/v2\/types\/product"}],"replies":[{"embeddable":true,"href":"https:\/\/ingasatiene.com\/lt\/wp-json\/wp\/v2\/comments?post=1987"}],"wp:featuredmedia":[{"embeddable":true,"href":"https:\/\/ingasatiene.com\/lt\/wp-json\/wp\/v2\/media\/1995"}],"wp:attachment":[{"href":"https:\/\/ingasatiene.com\/lt\/wp-json\/wp\/v2\/media?parent=1987"}],"wp:term":[{"taxonomy":"product_brand","embeddable":true,"href":"https:\/\/ingasatiene.com\/lt\/wp-json\/wp\/v2\/product_brand?post=1987"},{"taxonomy":"product_cat","embeddable":true,"href":"https:\/\/ingasatiene.com\/lt\/wp-json\/wp\/v2\/product_cat?post=1987"},{"taxonomy":"product_tag","embeddable":true,"href":"https:\/\/ingasatiene.com\/lt\/wp-json\/wp\/v2\/product_tag?post=1987"}],"curies":[{"name":"wp","href":"https:\/\/api.w.org\/{rel}","templated":true}]}}