{"id":1962,"date":"2026-02-12T08:45:08","date_gmt":"2026-02-12T08:45:08","guid":{"rendered":"https:\/\/ingasatiene.com\/?post_type=product&#038;p=1962"},"modified":"2026-02-12T08:46:31","modified_gmt":"2026-02-12T08:46:31","slug":"marineomega","status":"publish","type":"product","link":"https:\/\/ingasatiene.com\/lt\/produktas\/marineomega\/","title":{"rendered":"MarineOmega"},"content":{"rendered":"<div class=\"description_2RL-k\">\"MarineOmega\" yra maisto papildas, kurio sud\u0117tyje yra \u017euv\u0173 ir krili\u0173 tauk\u0173, tod\u0117l jo sud\u0117tyje yra daugiau kaip 700 mg EPA ir 500 mg DHA vos dviejose mink\u0161tosiose tablet\u0117se per dien\u0105. MarineOmega, per par\u0105 suvartojantis 250 mg EPA ir DHA, palaiko normali\u0105 \u0161irdies veikl\u0105, o 250 mg DHA padeda palaikyti smegen\u0173 veikl\u0105 ir reg\u0117jim\u0105.<\/div>\n<div><\/div>\n<div class=\"netto_RqS-H\"><span class=\"nettoLabel_BpJ0H\"><strong>Grynasis svoris<\/strong>:<\/span>\u00a090 g<\/div>","protected":false},"excerpt":{"rendered":"<p>\"MarineOmega\" - tai maisto papildas, skirtas papildyti mityb\u0105 nepakei\u010diamomis omega-3 riebal\u0173 r\u016bg\u0161timis, \u012fskaitant EPA (eikozapentaeno r\u016bg\u0161t\u012f) ir DHA (dokozaheksaeno r\u016bg\u0161t\u012f). \u0160ios maistin\u0117s med\u017eiagos yra svarbios sveikam pagrindini\u0173 organizmo strukt\u016br\u0173 ir sistem\u0173 funkcionavimui. Kadangi organizmas negali pasigaminti omega-3 riebal\u0173 r\u016bg\u0161\u010di\u0173, j\u0173 reikia gauti su maistu, o MarineOmega yra patogus j\u0173 \u0161altinis.<\/p>\n<p>MarineOmega taip pat pasi\u017eymi naujovi\u0161ka u\u017edelsto atpalaidavimo mink\u0161t\u0173j\u0173 geli\u0173 technologija, kuri suma\u017eina nemalon\u0173 kvap\u0105 ir poskon\u012f, paprastai siejam\u0105 su \u017euv\u0173 taukais. Skaidrias, glotnias kapsules lengva nuryti, jos sukurtos taip, kad apsaugot\u0173 r\u016bg\u0161tims jautrias sudedam\u0105sias dalis.<\/p>\n<p>&nbsp;<\/p>\n<p>Kilm\u0117s \u0161alis: Pagaminta Italijoje.<\/p>\n<p>Maisto verslo operatoriai: NSE Products Europe BV, Da Vincilaan 9, 1930 Zaventem, Belgija.<\/p>\n<p>&nbsp;<\/p>\n<p>MarineOmega sud\u0117tyje yra koncentruot\u0173 \u017euv\u0173 tauk\u0173 ir antarktini\u0173 krili\u0173 tauk\u0173, kuriuose yra didelis kiekis EPA ir DHA - dviej\u0173 pagrindini\u0173 omega-3 riebal\u0173 r\u016bg\u0161\u010di\u0173. \u0160i formul\u0117 suteikia kelet\u0105 privalum\u0173:<\/p>\n<ul>\n<li>Kasdien suvartojant 250 mg EPA ir DHA, u\u017etikrinama normali \u0161irdies veikla.<\/li>\n<li>Kasdien suvartojant 250 mg DHA, palaikoma normali smegen\u0173 veikla ir normalus reg\u0117jimas.<\/li>\n<\/ul>\n<p>Jei \"MarineOmega\" vartosite pagal m\u016bs\u0173 rekomendacijas, per dien\u0105 gausite daugiau kaip 700 mg EPA ir 500 mg DHA, kad palaikytum\u0117te savo \u0161ird\u012f, smegenis ir reg\u0117jim\u0105, vartodami tik 2 mink\u0161tuosius miltelius per dien\u0105.<\/p>\n<p>Vartokite po 2 mink\u0161tuosius miltelius per dien\u0105 valgio metu arba atskirai.<\/p>\n<div class=\"ingredient_XkGkP\">\n<h5 class=\"ingredientLabel_V8VdP\">Visos sudedamosios dalys<\/h5>\n<div class=\"ingredientBody_jAn5+\">\u017duv\u0173 taukai, mink\u0161tosios gumos (\u017eelatina, stangrinamosios med\u017eiagos: glicerolis, pektinas, dekstroz\u0117), Antarkties v\u0117\u017eiagyvi\u0173 krili\u0173 (Euphausia superba) lipid\u0173 ekstraktas, antioksidantas: Tokoferolio turtingas ekstraktas.<\/div>\n<\/div>\n<div class=\"ingredients_38zjo\">\n<div class=\"ingredient_XkGkP\">\n<div class=\"ingredientBody_jAn5+ imageWrapper_DOqIg nutritionImage_y-1GA\">\n<div class=\"zoomImage_LePny allowZoom_qvbJR image_nXnzV\" data-testid=\"zoomImage\"><img decoding=\"async\" class=\"mainImage_PA61y\" title=\"\" src=\"https:\/\/media.nuskin.com\/transform\/e59dd7d0-67a9-47d5-b056-e003fb1bfc2f\/MarineOmega_nutrition-table_en.webp?quality=95&amp;io=transform:fit,height:1200\" alt=\"MarineOmega_nutrition table_en\" \/><\/div>\n<div data-testid=\"zoomImage\"><\/div>\n<\/div>\n<\/div>\n<div class=\"ingredient_XkGkP\">\n<h5 class=\"ingredientLabel_V8VdP\">Kitos sudedamosios dalys<\/h5>\n<div class=\"ingredientBody_jAn5+\">Kiekvienoje \"MarineOmega\" paros doz\u0117je yra 2156 mg \u017euv\u0173 tauk\u0173, kuriuose gausu omega-3 riebal\u0173 r\u016bg\u0161\u010di\u0173 ir kurie yra pagrindinis \u0161io produkto EPA ir DHA \u0161altinis. Be to, paros doz\u0117je yra 100 mg krili\u0173 aliejaus, kuris taip pat suteikia \u0161iek tiek ilgos grandin\u0117s omega-3 riebal\u0173 r\u016bg\u0161\u010di\u0173, \u012fskaitant EPA ir DHA.<\/div>\n<\/div>\n<\/div>\n<div class=\"ingredient_XkGkP\">\n<ul class=\"ingredientDisclaimers_ScR9b\">\n<li class=\"ingredientDisclaimer_XIVFU\">Informacija apie alergenus: sud\u0117tyje yra \u017euvies, v\u0117\u017eiagyvi\u0173<\/li>\n<\/ul>\n<\/div>\n<p>\u012eSP\u0116JIMAI: Nevir\u0161ykite rekomenduojamos paros doz\u0117s. Svarbu \u012fvairi ir subalansuota mityba bei sveikas gyvenimo b\u016bdas. Maisto papildas netur\u0117t\u0173 b\u016bti vartojamas kaip \u012fvairios ir subalansuotos mitybos bei sveiko gyvenimo b\u016bdo pakaitalas. Nevartokite, jei pa\u017eeistas, sugadintas ar tr\u016bksta apsaugin\u0117s plombos. Laikykite ma\u017eiems vaikams nepasiekiamoje vietoje. Laikykite \u0161\u012f produkt\u0105 v\u0117sioje ir sausoje vietoje. Jei esate n\u0117\u0161\u010dia, maitinate kr\u016btimi arba gydot\u0117s, prie\u0161 vartodami \u0161\u012f produkt\u0105 pasitarkite su gydytoju. Nenaudoti vaikams ir jaunesniems nei 18 met\u0173 paaugliams.<\/p>\n<p>&nbsp;<\/p>","protected":false},"featured_media":1967,"comment_status":"open","ping_status":"closed","template":"","meta":{"site-sidebar-layout":"default","site-content-layout":"","ast-site-content-layout":"default","site-content-style":"default","site-sidebar-style":"default","ast-global-header-display":"","ast-banner-title-visibility":"","ast-main-header-display":"","ast-hfb-above-header-display":"","ast-hfb-below-header-display":"","ast-hfb-mobile-header-display":"","site-post-title":"","ast-breadcrumbs-content":"","ast-featured-img":"","footer-sml-layout":"","ast-disable-related-posts":"","theme-transparent-header-meta":"default","adv-header-id-meta":"","stick-header-meta":"","header-above-stick-meta":"","header-main-stick-meta":"","header-below-stick-meta":"","astra-migrate-meta-layouts":"set","ast-page-background-enabled":"default","ast-page-background-meta":{"desktop":{"background-color":"var(--ast-global-color-4)","background-image":"","background-repeat":"repeat","background-position":"center center","background-size":"auto","background-attachment":"scroll","background-type":"","background-media":"","overlay-type":"","overlay-color":"","overlay-opacity":"","overlay-gradient":""},"tablet":{"background-color":"","background-image":"","background-repeat":"repeat","background-position":"center center","background-size":"auto","background-attachment":"scroll","background-type":"","background-media":"","overlay-type":"","overlay-color":"","overlay-opacity":"","overlay-gradient":""},"mobile":{"background-color":"","background-image":"","background-repeat":"repeat","background-position":"center center","background-size":"auto","background-attachment":"scroll","background-type":"","background-media":"","overlay-type":"","overlay-color":"","overlay-opacity":"","overlay-gradient":""}},"ast-content-background-meta":{"desktop":{"background-color":"var(--ast-global-color-5)","background-image":"","background-repeat":"repeat","background-position":"center center","background-size":"auto","background-attachment":"scroll","background-type":"","background-media":"","overlay-type":"","overlay-color":"","overlay-opacity":"","overlay-gradient":""},"tablet":{"background-color":"var(--ast-global-color-5)","background-image":"","background-repeat":"repeat","background-position":"center center","background-size":"auto","background-attachment":"scroll","background-type":"","background-media":"","overlay-type":"","overlay-color":"","overlay-opacity":"","overlay-gradient":""},"mobile":{"background-color":"var(--ast-global-color-5)","background-image":"","background-repeat":"repeat","background-position":"center center","background-size":"auto","background-attachment":"scroll","background-type":"","background-media":"","overlay-type":"","overlay-color":"","overlay-opacity":"","overlay-gradient":""}}},"product_brand":[],"product_cat":[43],"product_tag":[],"class_list":{"0":"post-1962","1":"product","2":"type-product","3":"status-publish","4":"has-post-thumbnail","6":"product_cat-nutritional-products","7":"desktop-align-center","8":"tablet-align-left","9":"mobile-align-left","11":"first","12":"instock","13":"shipping-taxable","14":"purchasable","15":"product-type-simple"},"_links":{"self":[{"href":"https:\/\/ingasatiene.com\/lt\/wp-json\/wp\/v2\/product\/1962","targetHints":{"allow":["GET"]}}],"collection":[{"href":"https:\/\/ingasatiene.com\/lt\/wp-json\/wp\/v2\/product"}],"about":[{"href":"https:\/\/ingasatiene.com\/lt\/wp-json\/wp\/v2\/types\/product"}],"replies":[{"embeddable":true,"href":"https:\/\/ingasatiene.com\/lt\/wp-json\/wp\/v2\/comments?post=1962"}],"wp:featuredmedia":[{"embeddable":true,"href":"https:\/\/ingasatiene.com\/lt\/wp-json\/wp\/v2\/media\/1967"}],"wp:attachment":[{"href":"https:\/\/ingasatiene.com\/lt\/wp-json\/wp\/v2\/media?parent=1962"}],"wp:term":[{"taxonomy":"product_brand","embeddable":true,"href":"https:\/\/ingasatiene.com\/lt\/wp-json\/wp\/v2\/product_brand?post=1962"},{"taxonomy":"product_cat","embeddable":true,"href":"https:\/\/ingasatiene.com\/lt\/wp-json\/wp\/v2\/product_cat?post=1962"},{"taxonomy":"product_tag","embeddable":true,"href":"https:\/\/ingasatiene.com\/lt\/wp-json\/wp\/v2\/product_tag?post=1962"}],"curies":[{"name":"wp","href":"https:\/\/api.w.org\/{rel}","templated":true}]}}