{"id":1581,"date":"2026-01-28T12:04:50","date_gmt":"2026-01-28T12:04:50","guid":{"rendered":"https:\/\/ingasatiene.com\/?post_type=product&#038;p=1581"},"modified":"2026-02-10T08:58:23","modified_gmt":"2026-02-10T08:58:23","slug":"ageloc-galvanic-spa-facial-gels-for-anti-ageing-device-1-box","status":"publish","type":"product","link":"https:\/\/ingasatiene.com\/lt\/produktas\/ageloc-galvanic-spa-facial-gels-for-anti-ageing-device-1-box\/","title":{"rendered":"\"ageLOC Galvanic Spa\" veido geliai, skirti sen\u0117jim\u0105 stabdan\u010diam prietaisui - 1 d\u0117\u017eut\u0117"},"content":{"rendered":"<p>ageLOC Pre-Treat Gel and ageLOC Treatment Gel work together with ageLOC Galvanic Spa device to remove impurities and enhance skin hydration leaving skin feeling soft, clean and refreshed. The ageLOC ingredients target the visible signs of skin ageing to help reveal your youthful look.<\/p>\n<p>All it takes is an easy-to-do, two-step process that works a little like a set of magnets. Using a negative galvanic current, your device repels the negatively charged Pre-Treat Gel into your epidermis, where it soothes and conditions the skin, binding to impurities and preparing for the positively charged Treatment Gel that follows.<\/p>\n<p>Using a positive charge during the Treatment step, your device draws out the negatively charged impurities targeted during the Pre-Treat step, while the ageLOC ingredients are delivered to the skin.<\/p>\n<h3>Abu geliai kartu su ageLOC Galvanic Spa:<\/h3>\n<ul>\n<li>Helps to visibly reduce lines and wrinkles and reveal a firmer, more lifted, contoured, glowing appearance in just five minutes*.<\/li>\n<li>Atgaivinkite odos i\u0161vaizd\u0105 ir pasiekite matom\u0173 rezultat\u0173, kuriuos pasteb\u0117s ir kiti, - ir visa tai vos per kelias penki\u0173 minu\u010di\u0173 sesijas kiekvien\u0105 savait\u0119*.<\/li>\n<li>Pa\u0161alindami ne\u0161varumus, pagerinkite nat\u016bral\u0173 odos gyvybingum\u0105.<\/li>\n<li>Galvanin\u0117 srov\u0117 palaiko nauding\u0173 ingredient\u0173 tiekim\u0105 \u012f epiderm\u012f.<\/li>\n<\/ul>\n<h3>I\u0161ankstinis gydymas geliu su \"ageLOC Galvanic Spa\":<\/h3>\n<ul>\n<li>Sujungia ne\u0161varumus ir i\u0161valo poras.<\/li>\n<li>I\u0161tirpina ir suskystina veido riebal\u0173 pertekli\u0173.<\/li>\n<\/ul>\n<h3>Gydomasis gelis su ageLOC Galvanic Spa:<\/h3>\n<ul>\n<li>ageLOC ingredientai nukreipti \u012f sen\u0117jimo \u0161altinius, kad i\u0161saugot\u0173 jaunyst\u0119 ir suma\u017eint\u0173 sen\u0117jimo po\u017eymius.<\/li>\n<li>Pa\u0161alinamos priemai\u0161os, \u012f kurias buvo nukreiptas pirminio apdorojimo etapas.<\/li>\n<li>Stiprina odos dr\u0117kinim\u0105 ir suteikia odai ne\u012ftik\u0117tino \u0161velnumo, \u0161varumo ir gaivumo poj\u016bt\u012f.<\/li>\n<\/ul>\n<div class=\"productIngredients_HvCeD\" data-v-334c525f=\"\">\n<div class=\"root_JCPsA\" data-v-334c525f=\"\">\n<h3 class=\"productName_C7w5j\">Pre-Treat Gel<\/h3>\n<div class=\"ingredient_XkGkP\">\n<h5 class=\"ingredientLabel_V8VdP\">Visos sudedamosios dalys<\/h5>\n<div class=\"ingredientBody_jAn5+\">Aqua, Butylene Glycol, Glycerin, Caprylyl Glycol, Calendula Officinalis Flower Extract, Macrocystis Pyrifera Extract, Vanilla Planifolia Fruit Extract, Hydroxypropyl Methylcellulose, Potassium Cocoyl Glutamate, Polysorbate 20, Carbomer, Glyceryl Acrylate\/Acrylic Acid Copolymer, Disodium EDTA, Potassium Hydroxide, Citric Acid, Chlorphenesin, Phenoxyethanol.<\/div>\n<\/div>\n<\/div>\n<div class=\"divider_1HsXn\" data-v-334c525f=\"\"><\/div>\n<\/div>\n<div class=\"productIngredients_HvCeD\" data-v-334c525f=\"\">\n<div class=\"root_JCPsA\" data-v-334c525f=\"\">\n<h3 class=\"productName_C7w5j\">Treatment Gel with ageLOC<\/h3>\n<div class=\"ingredient_XkGkP\">\n<h5 class=\"ingredientLabel_V8VdP\">Visos sudedamosios dalys<\/h5>\n<div class=\"ingredientBody_jAn5+\">Aqua, Butylene Glycol, Glycerin, Arginine, Adenosine, Oryza Sativa Extract, Jania Rubens Extract, Camellia Sinensis Leaf Extract, Jasminum Officinale Extract, Santalum Album Oil, Narcissus Tazetta Bulb Extract, Schisandra Chinensis Fruit Extract, Rosa Damascena Flower Oil, Tocopheryl Nicotinate, Isoceteth-20, Oleth-10, Polysorbate 20, Potassium Cocoyl Glutamate, Hydroxypropyl Methylcellulose, Xanthan Gum, Glyceryl Acrylate\/Acrylic Acid Copolymer, Disodium EDTA, Citric Acid, Chlorphenesin, Sodium Benzoate, Phenoxyethanol, Potassium Sorbate, Benzoic Acid, Sorbic Acid.<\/div>\n<\/div>\n<div><\/div>\n<\/div>\n<\/div>","protected":false},"excerpt":{"rendered":"<p>Facial Gels paired with ageLOC Galvanic Spa device to firm and lift your skin while removing impurities and helping to visibly reduce lines and wrinkles.<\/p>","protected":false},"featured_media":1587,"comment_status":"open","ping_status":"closed","template":"","meta":{"site-sidebar-layout":"default","site-content-layout":"","ast-site-content-layout":"default","site-content-style":"default","site-sidebar-style":"default","ast-global-header-display":"","ast-banner-title-visibility":"","ast-main-header-display":"","ast-hfb-above-header-display":"","ast-hfb-below-header-display":"","ast-hfb-mobile-header-display":"","site-post-title":"","ast-breadcrumbs-content":"","ast-featured-img":"","footer-sml-layout":"","ast-disable-related-posts":"","theme-transparent-header-meta":"default","adv-header-id-meta":"","stick-header-meta":"","header-above-stick-meta":"","header-main-stick-meta":"","header-below-stick-meta":"","astra-migrate-meta-layouts":"set","ast-page-background-enabled":"default","ast-page-background-meta":{"desktop":{"background-color":"var(--ast-global-color-4)","background-image":"","background-repeat":"repeat","background-position":"center center","background-size":"auto","background-attachment":"scroll","background-type":"","background-media":"","overlay-type":"","overlay-color":"","overlay-opacity":"","overlay-gradient":""},"tablet":{"background-color":"","background-image":"","background-repeat":"repeat","background-position":"center center","background-size":"auto","background-attachment":"scroll","background-type":"","background-media":"","overlay-type":"","overlay-color":"","overlay-opacity":"","overlay-gradient":""},"mobile":{"background-color":"","background-image":"","background-repeat":"repeat","background-position":"center center","background-size":"auto","background-attachment":"scroll","background-type":"","background-media":"","overlay-type":"","overlay-color":"","overlay-opacity":"","overlay-gradient":""}},"ast-content-background-meta":{"desktop":{"background-color":"var(--ast-global-color-5)","background-image":"","background-repeat":"repeat","background-position":"center center","background-size":"auto","background-attachment":"scroll","background-type":"","background-media":"","overlay-type":"","overlay-color":"","overlay-opacity":"","overlay-gradient":""},"tablet":{"background-color":"var(--ast-global-color-5)","background-image":"","background-repeat":"repeat","background-position":"center center","background-size":"auto","background-attachment":"scroll","background-type":"","background-media":"","overlay-type":"","overlay-color":"","overlay-opacity":"","overlay-gradient":""},"mobile":{"background-color":"var(--ast-global-color-5)","background-image":"","background-repeat":"repeat","background-position":"center center","background-size":"auto","background-attachment":"scroll","background-type":"","background-media":"","overlay-type":"","overlay-color":"","overlay-opacity":"","overlay-gradient":""}}},"product_brand":[],"product_cat":[39],"product_tag":[],"class_list":{"0":"post-1581","1":"product","2":"type-product","3":"status-publish","4":"has-post-thumbnail","6":"product_cat-beauty-device-systems","7":"desktop-align-center","8":"tablet-align-left","9":"mobile-align-left","11":"first","12":"instock","13":"shipping-taxable","14":"purchasable","15":"product-type-simple"},"_links":{"self":[{"href":"https:\/\/ingasatiene.com\/lt\/wp-json\/wp\/v2\/product\/1581","targetHints":{"allow":["GET"]}}],"collection":[{"href":"https:\/\/ingasatiene.com\/lt\/wp-json\/wp\/v2\/product"}],"about":[{"href":"https:\/\/ingasatiene.com\/lt\/wp-json\/wp\/v2\/types\/product"}],"replies":[{"embeddable":true,"href":"https:\/\/ingasatiene.com\/lt\/wp-json\/wp\/v2\/comments?post=1581"}],"wp:featuredmedia":[{"embeddable":true,"href":"https:\/\/ingasatiene.com\/lt\/wp-json\/wp\/v2\/media\/1587"}],"wp:attachment":[{"href":"https:\/\/ingasatiene.com\/lt\/wp-json\/wp\/v2\/media?parent=1581"}],"wp:term":[{"taxonomy":"product_brand","embeddable":true,"href":"https:\/\/ingasatiene.com\/lt\/wp-json\/wp\/v2\/product_brand?post=1581"},{"taxonomy":"product_cat","embeddable":true,"href":"https:\/\/ingasatiene.com\/lt\/wp-json\/wp\/v2\/product_cat?post=1581"},{"taxonomy":"product_tag","embeddable":true,"href":"https:\/\/ingasatiene.com\/lt\/wp-json\/wp\/v2\/product_tag?post=1581"}],"curies":[{"name":"wp","href":"https:\/\/api.w.org\/{rel}","templated":true}]}}