{"id":1559,"date":"2026-01-28T09:41:49","date_gmt":"2026-01-28T09:41:49","guid":{"rendered":"https:\/\/ingasatiene.com\/?post_type=product&#038;p=1559"},"modified":"2026-02-10T08:58:55","modified_gmt":"2026-02-10T08:58:55","slug":"lumispa-io-rose-gold-accent-ageloc-lumispa-idealeyes-eye-care-kit","status":"publish","type":"product","link":"https:\/\/ingasatiene.com\/lt\/produktas\/lumispa-io-rose-gold-accent-ageloc-lumispa-idealeyes-eye-care-kit\/","title":{"rendered":"\"LumiSpa iO Rose Gold Accent\" ir \"ageLOC LumiSpa IdealEyes\" - aki\u0173 prie\u017ei\u016bros rinkinys"},"content":{"rendered":"<h3 class=\"subtitle_B9sAN\">Kas \u012ftraukta<\/h3>\n<ul class=\"includedList_T540a\">\n<li class=\"includedItem_+aCWm\">1 ageLOC LumiSpa iO Rose Gold Accent<\/li>\n<li class=\"includedItem_+aCWm\">1 ageLOC LumiSpa IdealEyes<\/li>\n<\/ul>\n<div class=\"topContent_-+m8Y\">\n<div class=\"contentHalf_raKE0\">\n<div class=\"innerContent_ON0Sz\">\n<div class=\"section_w2M+K\">\n<h3 class=\"sectionTitle_iGQAh\">\u017dingsniai<\/h3>\n<div class=\"step_fh9sc\">\n<div class=\"stepNumber_R3mij\">1 Po to, kai nuval\u0117te ir tonizavote veid\u0105, u\u017etepkite \"ageLOC LumiSpa IdealEyes\" ant odos aplink akis (netepkite ant vok\u0173 ar pa\u010di\u0173 aki\u0173).<\/div>\n<\/div>\n<div class=\"step_fh9sc\">\n<div class=\"stepNumber_R3mij\">2 L\u0117tais \u0161velniais judesiais braukite \"LumiSpa Accent iO\" pagal kaul\u0173 strukt\u016br\u0105 aplink aki\u0173 srit\u012f. Venkite d\u0117ti \"Accent iO\" antgal\u012f tiesiai ant aki\u0173 vok\u0173.<\/div>\n<\/div>\n<div class=\"step_fh9sc\">\n<div class=\"stepNumber_R3mij\">3 Negalima greitai \u0161veisti ar jud\u0117ti per od\u0105. Po 30 sekund\u017ei\u0173 prietaisas trumpam pristabdys, rodydamas, kad laikas pereiti prie kitos aki\u0173 srities.<\/div>\n<\/div>\n<div class=\"step_fh9sc\">\n<div class=\"stepNumber_R3mij\">4 \u012emasa\u017euokite kremo pertekli\u0173 \u012f od\u0105 aplink akis.<\/div>\n<div><\/div>\n<div>\n<div class=\"root_y+ekh productDetails_UoG-i\" data-drawer-ingredients=\"drawer-ingredients\">\n<div class=\"body_v2rxJ\" data-testid=\"collapsibleSectionOpen-true\">\n<div class=\"ns-animate-height\" data-v-334c525f=\"\" data-testid=\"height-container\">\n<div data-v-334c525f=\"\">\n<div class=\"slot_7HfpF\" data-v-334c525f=\"\">\n<div class=\"slotContent_8-gqs\" data-v-334c525f=\"\">\n<div data-v-334c525f=\"\">\n<div class=\"whatPowersIt_WmDmq\" data-v-334c525f=\"\">\n<div class=\"productIngredients_HvCeD\" data-v-334c525f=\"\">\n<div class=\"root_JCPsA\" data-v-334c525f=\"\">\n<div class=\"ingredient_XkGkP\">\n<h5 class=\"ingredientLabel_V8VdP\">Visos sudedamosios dalys<\/h5>\n<div class=\"ingredientBody_jAn5+\">Vanduo, glicerinas, dikaprilio karbonatas, tribehenino PEG-20 esteriai, dimetikonas, skvalanas, cetearilo alkoholis, ciklopentasiloksanas, oktildodekanolis, C12-15 alkilo benzoatas, butilenglikolis, kaprilo\/kapriko trigliceridas, tetraheksildekilo askorbatas, geranilgeranilisopropanolis, pentileno glikolis, PEG-8, natrio laktatas, heksilenglikolis, cikloheksasiloksanas, tribeheninas, Ribes Nigrum s\u0117kl\u0173 aliejus, hidrintas lecitinas, Kappaphycus Alvarezii ekstraktas, Helianthus Annuus s\u0117kl\u0173 aliejus be muil\u0173, kaprilinis glikolis, hidroksifenilpropamidobenzoin\u0117 r\u016bg\u0161tis, palmitoilo heksapeptidas-12, palmitoilo tripeptidas-1, palmitoilo tetrapeptidas-7, kofeinas, Bisabololis, Ceramide NG, Chlorella Vulgaris ekstraktas, Adenozinas, Cardiospermum Halicacabum \u017eied\u0173\/lap\u0173\/vynuogi\u0173 ekstraktas, Helianthus Annuus s\u0117kl\u0173 aliejus, Schizandra Chinensis vaisi\u0173 ekstraktas, Narcissus Tazetta svog\u016bn\u0117li\u0173 ekstraktas, Darutozidas, Rosmarinus Officinalis lap\u0173 ekstraktas, Caesalpinia Spinosa vaisi\u0173 ekstraktas, Ksantano derva, Glicerilo akrilato ir akrilo r\u016bg\u0161ties kopolimeras, karbomeras, natrio metilo stearoilo tauratas, PEG-10 fitosterolis, polisorbatas 20, Albizia Julibrissin \u017eiev\u0117s ekstraktas, natrio hidroksidas, pieno r\u016bg\u0161tis, hidroksiacetofenonas, tokoferolis, askorbilo palmitatas, chlorfenezinas, fenoksietanolis, natrio benzoatas, kalio sorbatas.<\/div>\n<div><\/div>\n<\/div>\n<\/div>\n<\/div>\n<\/div>\n<\/div>\n<\/div>\n<\/div>\n<\/div>\n<\/div>\n<\/div>\n<\/div>\n<div class=\"root_y+ekh productDetails_UoG-i\" data-drawer-faqs=\"drawer-faqs\">\n<div class=\"headerContent_Z43Gw\">\n<div class=\"disclaimer_LqemA\">(1) Tre\u010diosios \u0161alies profesional\u0173 vertinimas, pagr\u012fstas 12 savai\u010di\u0173 trukm\u0117s in vivo tyrimu, kuriame dalyvavo 30 moter\u0173 nuo 25 iki 65 met\u0173 am\u017eiaus, turin\u010di\u0173 suglebusi\u0105 od\u0105 arba smulki\u0173 linij\u0173 ir rauk\u0161li\u0173 aplink akis. ageLOC LumiSpa IdealEyes buvo naudojamas ant aki\u0173 srities, o ageLOC LumiSpa Accent buvo naudojamas 30 sekund\u017ei\u0173 ant kiekvienos aki\u0173 srities, du kartus per dien\u0105. Tyrimo metu buvo atliekamas tiriam\u0173j\u0173 sav\u0119s vertinimas, klinikinis vertintojas ir prietais\u0173 vertinimas pradiniu laikotarpiu, po naudojimo, pirm\u0105, antr\u0105, ketvirt\u0105, a\u0161tunt\u0105 ir dvylikt\u0105 savaites.<\/div>\n<div class=\"disclaimer_LqemA\">(2) Klinikinis tyrimas, atliktas su \"ageLOC LumiSpa Accent System\". Rezultatai ir veiksmingumas gali b\u016bti ekstrapoliuojami \"ageLOC LumiSpa iO Accent System\".<\/div>\n<\/div>\n<div class=\"body_v2rxJ\" data-testid=\"collapsibleSectionOpen-false\">\n<div class=\"ns-animate-height\" data-v-334c525f=\"\" data-testid=\"height-container\">\n<div data-v-334c525f=\"\">\n<div class=\"slot_7HfpF\" data-v-334c525f=\"\">\n<div class=\"slotContent_8-gqs\" data-v-334c525f=\"\">\n<div class=\"root_r9EXP\" data-v-334c525f=\"\">\n<div class=\"root_DNm7y\" data-testid=\"faq\">\n<div class=\"header_wHBVW\" data-testid=\"accordionClick\"><\/div>\n<\/div>\n<\/div>\n<\/div>\n<\/div>\n<\/div>\n<\/div>\n<\/div>\n<\/div>\n<\/div>\n<\/div>\n<\/div>\n<\/div>\n<\/div>\n<\/div>","protected":false},"excerpt":{"rendered":"<div class=\"description_2RL-k\">J\u016bs\u0173 aki\u0173 prie\u017ei\u016bros re\u017eimas, padidintas. Unikali \"Accent Head\" galvut\u0117 puikiai dera su \"ageLOC LumiSpa iO\" prietaisu ir padeda atgaivinti \u0161velni\u0105 od\u0105 aplink akis.<\/div>\n<div class=\"salesDisclaimer_ZtSjR\" data-desktop-sales-disclaimer-html=\"desktop-sales-disclaimer-html\">\n<p><em>\"ageLOC LumiSpa iO\" stovas \u012f komplekt\u0105 ne\u012feina, j\u012f galima \u012fsigyti atskirai.<\/em><\/p>\n<\/div>\n<div class=\"netto_RqS-H\"><span class=\"nettoLabel_BpJ0H\">Grynasis svoris:<\/span>\u00a017 g (\"Accent head\") ir 15 ml (\"IdealEyes\" kremas)<\/div>","protected":false},"featured_media":1565,"comment_status":"open","ping_status":"closed","template":"","meta":{"site-sidebar-layout":"default","site-content-layout":"","ast-site-content-layout":"default","site-content-style":"default","site-sidebar-style":"default","ast-global-header-display":"","ast-banner-title-visibility":"","ast-main-header-display":"","ast-hfb-above-header-display":"","ast-hfb-below-header-display":"","ast-hfb-mobile-header-display":"","site-post-title":"","ast-breadcrumbs-content":"","ast-featured-img":"","footer-sml-layout":"","ast-disable-related-posts":"","theme-transparent-header-meta":"default","adv-header-id-meta":"","stick-header-meta":"","header-above-stick-meta":"","header-main-stick-meta":"","header-below-stick-meta":"","astra-migrate-meta-layouts":"set","ast-page-background-enabled":"default","ast-page-background-meta":{"desktop":{"background-color":"var(--ast-global-color-4)","background-image":"","background-repeat":"repeat","background-position":"center center","background-size":"auto","background-attachment":"scroll","background-type":"","background-media":"","overlay-type":"","overlay-color":"","overlay-opacity":"","overlay-gradient":""},"tablet":{"background-color":"","background-image":"","background-repeat":"repeat","background-position":"center center","background-size":"auto","background-attachment":"scroll","background-type":"","background-media":"","overlay-type":"","overlay-color":"","overlay-opacity":"","overlay-gradient":""},"mobile":{"background-color":"","background-image":"","background-repeat":"repeat","background-position":"center center","background-size":"auto","background-attachment":"scroll","background-type":"","background-media":"","overlay-type":"","overlay-color":"","overlay-opacity":"","overlay-gradient":""}},"ast-content-background-meta":{"desktop":{"background-color":"var(--ast-global-color-5)","background-image":"","background-repeat":"repeat","background-position":"center center","background-size":"auto","background-attachment":"scroll","background-type":"","background-media":"","overlay-type":"","overlay-color":"","overlay-opacity":"","overlay-gradient":""},"tablet":{"background-color":"var(--ast-global-color-5)","background-image":"","background-repeat":"repeat","background-position":"center center","background-size":"auto","background-attachment":"scroll","background-type":"","background-media":"","overlay-type":"","overlay-color":"","overlay-opacity":"","overlay-gradient":""},"mobile":{"background-color":"var(--ast-global-color-5)","background-image":"","background-repeat":"repeat","background-position":"center center","background-size":"auto","background-attachment":"scroll","background-type":"","background-media":"","overlay-type":"","overlay-color":"","overlay-opacity":"","overlay-gradient":""}}},"product_brand":[],"product_cat":[39],"product_tag":[],"class_list":{"0":"post-1559","1":"product","2":"type-product","3":"status-publish","4":"has-post-thumbnail","6":"product_cat-beauty-device-systems","7":"desktop-align-center","8":"tablet-align-left","9":"mobile-align-left","11":"first","12":"instock","13":"shipping-taxable","14":"purchasable","15":"product-type-simple"},"_links":{"self":[{"href":"https:\/\/ingasatiene.com\/lt\/wp-json\/wp\/v2\/product\/1559","targetHints":{"allow":["GET"]}}],"collection":[{"href":"https:\/\/ingasatiene.com\/lt\/wp-json\/wp\/v2\/product"}],"about":[{"href":"https:\/\/ingasatiene.com\/lt\/wp-json\/wp\/v2\/types\/product"}],"replies":[{"embeddable":true,"href":"https:\/\/ingasatiene.com\/lt\/wp-json\/wp\/v2\/comments?post=1559"}],"wp:featuredmedia":[{"embeddable":true,"href":"https:\/\/ingasatiene.com\/lt\/wp-json\/wp\/v2\/media\/1565"}],"wp:attachment":[{"href":"https:\/\/ingasatiene.com\/lt\/wp-json\/wp\/v2\/media?parent=1559"}],"wp:term":[{"taxonomy":"product_brand","embeddable":true,"href":"https:\/\/ingasatiene.com\/lt\/wp-json\/wp\/v2\/product_brand?post=1559"},{"taxonomy":"product_cat","embeddable":true,"href":"https:\/\/ingasatiene.com\/lt\/wp-json\/wp\/v2\/product_cat?post=1559"},{"taxonomy":"product_tag","embeddable":true,"href":"https:\/\/ingasatiene.com\/lt\/wp-json\/wp\/v2\/product_tag?post=1559"}],"curies":[{"name":"wp","href":"https:\/\/api.w.org\/{rel}","templated":true}]}}