{"id":1511,"date":"2026-01-28T08:28:00","date_gmt":"2026-01-28T08:28:00","guid":{"rendered":"https:\/\/ingasatiene.com\/?post_type=product&#038;p=1511"},"modified":"2026-02-10T09:00:10","modified_gmt":"2026-02-10T09:00:10","slug":"ageloc-boost-system","status":"publish","type":"product","link":"https:\/\/ingasatiene.com\/lt\/produktas\/ageloc-boost-system\/","title":{"rendered":"ageLOC Boost sistema"},"content":{"rendered":"<div class=\"description_tz9-2\">\n<div class=\"paragraph_cgdF-\">\n<p>The ultimate skincare power duo that works together to visibly brighten and awaken your skin leaving it looking glowier, plumper, and bouncier.<\/p>\n<\/div>\n<\/div>\n<div class=\"highlights_b22yl\">\n<div class=\"highlight_ogYwa\">\n<h3 class=\"subtitle_B9sAN\">Kas \u012ftraukta<\/h3>\n<ul class=\"includedList_T540a\">\n<li class=\"includedItem_+aCWm\">ageLOC Boost Device<\/li>\n<li class=\"includedItem_+aCWm\">\"ageLOC Boost\" magnetinis \u012fkroviklis<\/li>\n<li class=\"includedItem_+aCWm\">ageLOC Boost Protective Head Cover<\/li>\n<li class=\"includedItem_+aCWm\">\"ageLOC Boost Activating Serum<\/li>\n<\/ul>\n<h3>Variable Pulse Microcurrent Technology<\/h3>\n<ul>\n<li>ageLOC Boost uses Variable Pulse Microcurrent Technology to send intermittent, variable pulses to the skin. The pulses are charge-balanced as it alternates between polarities &#8211; positive to negative and back again &#8211; every 2.4 seconds. Why? When used with Activating Serum, the microcurrent optimises and activates the skin for a more youthful complexion.<\/li>\n<li>Padeda su\u0161velninti ankstyvo sen\u0117jimo po\u017eymius ir prat\u0119sia jaunatvi\u0161k\u0105 odos i\u0161vaizd\u0105.<\/li>\n<li>Suteikia \u0161viesinan\u010dio poveikio, kad oda b\u016bt\u0173 gyvybinga ir \u0161vytinti.<\/li>\n<\/ul>\n<div class=\"summary_oIC6-\">\n<p>Results after 12 weeks**:<\/p>\n<\/div>\n<div class=\"result_A91TQ\">\n<div class=\"percentage_3xTzj\"><strong>90%\u00a0<\/strong> \u00a0more bounce<\/div>\n<\/div>\n<div class=\"result_A91TQ\">\n<div class=\"percentage_3xTzj\"><strong>103%\u00a0<\/strong> \u00a0more plumpness<\/div>\n<\/div>\n<div class=\"result_A91TQ\">\n<div class=\"percentage_3xTzj\"><strong>104%<\/strong>\u00a0 \u00a0more firmness<\/div>\n<\/div>\n<div class=\"result_A91TQ\">\n<div class=\"percentage_3xTzj\"><strong>75%<\/strong>\u00a0 \u00a0more brightness<\/div>\n<div><\/div>\n<div>\n<div class=\"topContent_-+m8Y\">\n<div class=\"contentHalf_raKE0\">\n<div class=\"innerContent_ON0Sz\">\n<div class=\"section_w2M+K\">\n<h3 class=\"sectionTitle_iGQAh\">\u017dingsniai<\/h3>\n<div class=\"step_fh9sc\">\n<div class=\"stepNumber_R3mij\">1\u00a0 \u00a0Turn on device by swiping finger up full length of touch surface.<\/div>\n<\/div>\n<div class=\"step_fh9sc\">\n<div class=\"stepNumber_R3mij\">2\u00a0 \u00a0Dispense three pumps of ageLOC Boost Activating Serum onto the device\u2019s conductive surface. Spread over one half of the face.<\/div>\n<\/div>\n<div class=\"step_fh9sc\">\n<div class=\"stepNumber_R3mij\">3\u00a0 \u00a0Begin application by swiping finger up full length of touch surface. Glide conductive surface over face in an upward\/outward motion.<\/div>\n<\/div>\n<div class=\"step_fh9sc\">\n<div class=\"stepNumber_R3mij\">4\u00a0 \u00a0Repeat STEP 2 &amp; STEP 3 on other half of the face.<\/div>\n<\/div>\n<div class=\"step_fh9sc\">\n<div class=\"stepNumber_R3mij\">5\u00a0 \u00a0Device will automatically turn off. Massage excess Activating Serum into skin, then follow with your daily skincare regimen.<\/div>\n<div><\/div>\n<\/div>\n<\/div>\n<div class=\"section_w2M+K\">\n<div class=\"paragraph_LCEYm\">Use this regimen once a day after a Nu Skin cleanser and toner of your choice.<\/div>\n<div><\/div>\n<\/div>\n<\/div>\n<\/div>\n<\/div>\n<div class=\"section_w2M+K warnings_7fKka\">\n<div class=\"paragraph_LCEYm\"><strong>Caution:<\/strong> To reduce the risk for your health check with physician before use if you are pregnant, have a pacemaker or similar device, are epileptic, have metal braces, have a metal implant, or in case of illness. Use product only as described in the ageLOC Boost Owner\u2019s Manual.<\/p>\n<div class=\"root_y+ekh productDetails_UoG-i\" data-drawer-ingredients=\"drawer-ingredients\">\n<div class=\"body_v2rxJ\" data-testid=\"collapsibleSectionOpen-true\">\n<div class=\"ns-animate-height\" data-v-334c525f=\"\" data-testid=\"height-container\">\n<div data-v-334c525f=\"\">\n<div class=\"slot_7HfpF\" data-v-334c525f=\"\">\n<div class=\"slotContent_8-gqs\" data-v-334c525f=\"\">\n<div data-v-334c525f=\"\">\n<div class=\"whatPowersIt_WmDmq\" data-v-334c525f=\"\">\n<div class=\"productIngredients_HvCeD\" data-v-334c525f=\"\">\n<div class=\"root_JCPsA\" data-v-334c525f=\"\">\n<div class=\"ingredient_XkGkP\">\n<h5 class=\"ingredientLabel_V8VdP\">Visos sudedamosios dalys<\/h5>\n<div class=\"ingredientBody_jAn5+\">Vanduo, glicerinas, butilenglikolis, dimetikonas, poligliceril-6 distearatas, tetraheksildekilo askorbatas, natrio PCA, natrio laktatas, manitolis, natrio acetilintas hialuronatas, natrio hialuronatas, niacinamidas, Citrullus Lanatus vaisi\u0173 ekstraktas, jojobos esteriai, Lens Esculenta vaisi\u0173 ekstraktas, Pyrus Malus vaisi\u0173 ekstraktas, tokoferilo acetatas, lecitinas, fosfolipidai, etilheksilglicerinas, Microcitrus Australasica vaisi\u0173 ekstraktas, Pancratium Maritimum ekstraktas, ergothioneinas, propandiolis, poligliceril-6 poliricinoleatas, poligliceril-3 bi\u010di\u0173 va\u0161kas, natrio akrilat\u0173 kopolimeras, cetilo alkoholis, ksantano derva, akrilat\u0173\/C10-30 alkilo akrilato kry\u017epolimeras, hidroksipropilmetilceliulioz\u0117s stearoksiteiseris, tetranatrio glutamato diacetatas, natrio hidroksidas, aminometilpropanolis, fenoksietanolis, chlorfenezinas, benzenkarboksir\u016bg\u0161tis, kalio sorbatas, natrio benzoatas.<\/div>\n<\/div>\n<\/div>\n<\/div>\n<\/div>\n<\/div>\n<\/div>\n<\/div>\n<\/div>\n<\/div>\n<\/div>\n<\/div>\n<div class=\"root_y+ekh productDetails_UoG-i\" data-drawer-resources=\"drawer-resources\">\n<div class=\"header_B4uWq\" data-testid=\"collapsibleSectionClick\" data-testid-value=\"resources\">\n<div class=\"headerContent_Z43Gw\"><\/div>\n<\/div>\n<div class=\"body_v2rxJ\" data-testid=\"collapsibleSectionOpen-false\">\n<div class=\"ns-animate-height\" data-v-334c525f=\"\" data-testid=\"height-container\">\n<div data-v-334c525f=\"\">\n<div class=\"slot_7HfpF\" data-v-334c525f=\"\">\n<div class=\"slotContent_8-gqs\" data-v-334c525f=\"\">\n<div class=\"root_VISS9\" data-v-334c525f=\"\">\n<div class=\"resources_7v3uX\">\n<div class=\"icon_tP8PL\">\n<div>\n<div class=\"disclaimer_LqemA\">(1) Any commercial warranty offered by Nu Skin does not affect your legal rights as a consumer for non conformity of the product as provided by local law.<\/div>\n<div class=\"disclaimer_LqemA\">* Source Euromonitor International Limited; At-Home Beauty and Wellness Device Systems on a total retail level in RSP, excluding salon services that may offer packages, research conducted April \u2013 May 2024<\/div>\n<div class=\"disclaimer_LqemA\">** Results obtained from a third-party professional assessment based on a 12-weeks in vivo, single-blind consumer use study with 32 female subjects aged 25 to 40 who used the ageLOC Boost System (ageLOC Boost device and ageLOC Boost Activating Serum) once a day for 12 weeks.<\/div>\n<\/div>\n<div>\n<div class=\"warning_-sJ4F\">\n<div class=\"warningBody_oPsFx\" data-disclaimer-drawer-html=\"disclaimer-drawer-html\">\n<p><strong>Ypatingos atsargumo priemon\u0117s<\/strong> : To reduce the risk for your health check with physician before use if you are pregnant, have a pacemaker or similar device, are epileptic, have metal braces, have a metal implant, or in case of illness. Use product only as described in the ageLOC Boost Owner\u2019s Manual.<\/p>\n<p><strong>Daugiau informacijos apie prietaiso naudojim\u0105 ir prie\u017ei\u016br\u0105 rasite m\u016bs\u0173 prietaiso prie\u017ei\u016bros puslapyje.<\/strong> <a href=\"https:\/\/www.nuskin.com\/content\/nuskin\/en_NO\/info\/customer-service\/device-care\/ageloc-boost.html\" target=\"_blank\" rel=\"noopener\">ageLOC Boost (nuskin.com)<\/a><\/p>\n<\/div>\n<\/div>\n<\/div>\n<\/div>\n<\/div>\n<\/div>\n<\/div>\n<\/div>\n<\/div>\n<\/div>\n<\/div>\n<\/div>\n<\/div>\n<\/div>\n<\/div>\n<\/div>\n<\/div>\n<\/div>","protected":false},"excerpt":{"rendered":"<p>Let your skin glow brighter. This system combines the Variable Pulse Microcurrent Technology of our ageLOC Boost device with the potent ingredients of its Activating Serum to bring out your skin\u2019s brilliant best, leaving it visibly brighter, plumper, and bouncier, illuminating your complexion with a youthful radiance and even tone \u2013 all in just two minutes, once per day!<\/p>","protected":false},"featured_media":1519,"comment_status":"open","ping_status":"closed","template":"","meta":{"site-sidebar-layout":"default","site-content-layout":"","ast-site-content-layout":"default","site-content-style":"default","site-sidebar-style":"default","ast-global-header-display":"","ast-banner-title-visibility":"","ast-main-header-display":"","ast-hfb-above-header-display":"","ast-hfb-below-header-display":"","ast-hfb-mobile-header-display":"","site-post-title":"","ast-breadcrumbs-content":"","ast-featured-img":"","footer-sml-layout":"","ast-disable-related-posts":"","theme-transparent-header-meta":"default","adv-header-id-meta":"","stick-header-meta":"","header-above-stick-meta":"","header-main-stick-meta":"","header-below-stick-meta":"","astra-migrate-meta-layouts":"set","ast-page-background-enabled":"default","ast-page-background-meta":{"desktop":{"background-color":"var(--ast-global-color-4)","background-image":"","background-repeat":"repeat","background-position":"center center","background-size":"auto","background-attachment":"scroll","background-type":"","background-media":"","overlay-type":"","overlay-color":"","overlay-opacity":"","overlay-gradient":""},"tablet":{"background-color":"","background-image":"","background-repeat":"repeat","background-position":"center center","background-size":"auto","background-attachment":"scroll","background-type":"","background-media":"","overlay-type":"","overlay-color":"","overlay-opacity":"","overlay-gradient":""},"mobile":{"background-color":"","background-image":"","background-repeat":"repeat","background-position":"center center","background-size":"auto","background-attachment":"scroll","background-type":"","background-media":"","overlay-type":"","overlay-color":"","overlay-opacity":"","overlay-gradient":""}},"ast-content-background-meta":{"desktop":{"background-color":"var(--ast-global-color-5)","background-image":"","background-repeat":"repeat","background-position":"center center","background-size":"auto","background-attachment":"scroll","background-type":"","background-media":"","overlay-type":"","overlay-color":"","overlay-opacity":"","overlay-gradient":""},"tablet":{"background-color":"var(--ast-global-color-5)","background-image":"","background-repeat":"repeat","background-position":"center center","background-size":"auto","background-attachment":"scroll","background-type":"","background-media":"","overlay-type":"","overlay-color":"","overlay-opacity":"","overlay-gradient":""},"mobile":{"background-color":"var(--ast-global-color-5)","background-image":"","background-repeat":"repeat","background-position":"center center","background-size":"auto","background-attachment":"scroll","background-type":"","background-media":"","overlay-type":"","overlay-color":"","overlay-opacity":"","overlay-gradient":""}}},"product_brand":[],"product_cat":[39],"product_tag":[],"class_list":{"0":"post-1511","1":"product","2":"type-product","3":"status-publish","4":"has-post-thumbnail","6":"product_cat-beauty-device-systems","7":"desktop-align-center","8":"tablet-align-left","9":"mobile-align-left","11":"first","12":"instock","13":"shipping-taxable","14":"purchasable","15":"product-type-simple"},"_links":{"self":[{"href":"https:\/\/ingasatiene.com\/lt\/wp-json\/wp\/v2\/product\/1511","targetHints":{"allow":["GET"]}}],"collection":[{"href":"https:\/\/ingasatiene.com\/lt\/wp-json\/wp\/v2\/product"}],"about":[{"href":"https:\/\/ingasatiene.com\/lt\/wp-json\/wp\/v2\/types\/product"}],"replies":[{"embeddable":true,"href":"https:\/\/ingasatiene.com\/lt\/wp-json\/wp\/v2\/comments?post=1511"}],"wp:featuredmedia":[{"embeddable":true,"href":"https:\/\/ingasatiene.com\/lt\/wp-json\/wp\/v2\/media\/1519"}],"wp:attachment":[{"href":"https:\/\/ingasatiene.com\/lt\/wp-json\/wp\/v2\/media?parent=1511"}],"wp:term":[{"taxonomy":"product_brand","embeddable":true,"href":"https:\/\/ingasatiene.com\/lt\/wp-json\/wp\/v2\/product_brand?post=1511"},{"taxonomy":"product_cat","embeddable":true,"href":"https:\/\/ingasatiene.com\/lt\/wp-json\/wp\/v2\/product_cat?post=1511"},{"taxonomy":"product_tag","embeddable":true,"href":"https:\/\/ingasatiene.com\/lt\/wp-json\/wp\/v2\/product_tag?post=1511"}],"curies":[{"name":"wp","href":"https:\/\/api.w.org\/{rel}","templated":true}]}}