{"id":1506,"date":"2026-01-27T15:00:46","date_gmt":"2026-01-27T15:00:46","guid":{"rendered":"https:\/\/ingasatiene.com\/?post_type=product&#038;p=1506"},"modified":"2026-02-10T09:00:17","modified_gmt":"2026-02-10T09:00:17","slug":"refill-ageloc-tru-face-transforming-gel-cream","status":"publish","type":"product","link":"https:\/\/ingasatiene.com\/lt\/produktas\/refill-ageloc-tru-face-transforming-gel-cream\/","title":{"rendered":"\"ageLOC Tru Face Transforming Gel Cream\" papildymas"},"content":{"rendered":"<p>\u0160is prabangus gelinis kremas, sukurtas naudojant \"ageLOC\" technologij\u0105, padeda \u0161alinti matomus odos sen\u0117jimo po\u017eymius, veikdamas kartu su nat\u016braliu odos atsinaujinimo procesu. Stiprus atrinkt\u0173 ingredient\u0173 mi\u0161inys intensyviai dr\u0117kina od\u0105, stiprina jos dr\u0117gm\u0117s barjer\u0105 ir suteikia jai elastingumo bei atjaunina veido od\u0105. \u0160velni, bet veiksminga formul\u0117 dr\u0117kina od\u0105, atgaivina jos i\u0161vaizd\u0105 ir skatina odos atsinaujinim\u0105 - oda tampa lygesn\u0117, o j\u016bs - \u0161vytinti.<\/p>\n<ul>\n<li>Sud\u0117tyje esantis \"Nu Skin\" patentuotas ageLOC ingredient\u0173 mi\u0161inys padeda \u0161alinti matomus odos sen\u0117jimo po\u017eymius, i\u0161saugoti jaunatvi\u0161k\u0105 i\u0161vaizd\u0105 ir suma\u017einti odos sen\u0117jimo po\u017eymius.<\/li>\n<li>I\u0161laiko ir apsaugo odos dr\u0117gm\u0119, kad oda b\u016bt\u0173 labiau sudr\u0117kinta ir \u0161vyt\u0117t\u0173.<\/li>\n<li>Skatina akivaizd\u017eiai jaunatvi\u0161k\u0105 od\u0105 ir ma\u017eina smulki\u0173 linij\u0173 bei rauk\u0161li\u0173 atsiradim\u0105.<\/li>\n<li>Skatina odos l\u0105steli\u0173 apykait\u0105, kad oda tapt\u0173 lygesn\u0117 ir \u0161velnesn\u0117, o poros suma\u017e\u0117t\u0173.<\/li>\n<li>Padeda stiprinti ir stiprinti nat\u016bral\u0173 odos barjer\u0105.<\/li>\n<li>Puikiai tinka tiek atjauninimo, tiek atjauninimo proced\u016broms.<\/li>\n<\/ul>\n<div class=\"summary_oIC6-\">\n<p>\"Nu Skin\" atliko dviej\u0173 savai\u010di\u0173 vidin\u012f tyrim\u0105, kurio metu 26 dalyviai naudojo \"ageLOC Tru Face Transforming Gel Cream\" du kartus per dien\u0105. Po dviej\u0173 savai\u010di\u0173 dalyviai:\u00b9<\/p>\n<\/div>\n<div class=\"result_A91TQ\">\n<div class=\"percentage_3xTzj\"><strong>100%<\/strong>\u00a0 \u00a0sutiko, kad j\u0173 oda buvo labiau sudr\u0117kinta ir pamaitinta.<\/div>\n<\/div>\n<div class=\"result_A91TQ\">\n<div class=\"percentage_3xTzj\"><strong>96%<\/strong>\u00a0 \u00a0sutiko, kad produktas akivaizd\u017eiai pagerino odos lygum\u0105.<\/div>\n<\/div>\n<div class=\"result_A91TQ\">\n<div class=\"percentage_3xTzj\"><strong>92%\u00a0<\/strong> \u00a0sutarta, kad produktas akivaizd\u017eiai pagerino odos spindes\u012f.<\/div>\n<div><\/div>\n<\/div>\n<div>\n<div class=\"section_w2M+K\">\n<div class=\"paragraph_LCEYm\">\u012ed\u0117kite nauj\u0105 kaset\u0119 \u012f jau turim\u0105 \"ageLOC Tru Face Transforming Gel Cream\" indel\u012f.<\/div>\n<div class=\"paragraph_LCEYm\">Kasdien u\u017etepkite pakankam\u0105 kiek\u012f veido ir kaklo odos.<\/div>\n<div class=\"paragraph_LCEYm\">Jei reikia, naudokite ir ryte, ir vakare.<\/div>\n<div><\/div>\n<\/div>\n<div class=\"section_w2M+K\">\n<h3 class=\"sectionTitle_iGQAh\">Rekomendacija (-os)<\/h3>\n<div class=\"paragraph_LCEYm\">Kad pasiektum\u0117te optimali\u0173 rezultat\u0173, tepkite po m\u0117gstamo \"ageLOC Tru Face\" serumo.<\/div>\n<div><\/div>\n<div>\n<h5 class=\"ingredientLabel_V8VdP\">Veikliosios med\u017eiagos<\/h5>\n<div class=\"ingredientBody_jAn5+\">Vanduo, glicerinas, pentileno glikolis, kaprilinis metikonas, ciklopentasiloksanas, kaprilo\/kapriko trigliceridas, hidrintas fosfatidilcholinas, sviestas Butyrospermum Parkii, amonio akriloildimetiltaurato\/VP kopolimeras, Narcissus Tazetta svog\u016bn\u0117li\u0173 ekstraktas, Schizandra Chinensis vaisi\u0173 ekstraktas, keramidas NP, natrio hialuronatas, gliukozaminas HCL, Pisum Sativum ekstraktas, Bambusa Vulgaris lap\u0173 ir (arba) stieb\u0173 ekstraktas, skvalanas, natrio nitratas, sorbitolis, T-butilo alkoholis, hidroksietilceliulioz\u0117, dimetikono ir vinilo dimetikono kry\u017eminis polimeras, glioksalis, tetranatrio EDTA, citrinos r\u016bg\u0161tis, natrio hidroksidas, chlorfenezinas, fenoksietanolis, kalio sorbatas.<\/div>\n<\/div>\n<div><\/div>\n<div>\n<div>\n<div class=\"disclaimer_LqemA\">\u00b9Rezultatai, gauti atlikus vidin\u012f, vieno centro, 2 savai\u010di\u0173 trukm\u0117s in vivo tyrim\u0105 su 26 tiriamaisiais. Tiriamiesiems buvo nurodyta 2 savaites kiekvien\u0105 ryt\u0105 ir vakar\u0105 tepti ageLOC Tru Face Transforming Gel Cream. Tyrimo prad\u017eioje ir pabaigoje jie u\u017epild\u0117 sav\u0119s vertinimo klausimyn\u0105.<\/div>\n<div class=\"disclaimer_LqemA\">\u00b2Ne\u012fskaitant dangtelio.<\/div>\n<div class=\"disclaimer_LqemA\">\u00b3Procentin\u0117 dalis, gauta palyginus ankstesn\u0117s \"ageLOC Transforming Night Cream\" pakuot\u0117s (stiklinio indelio ir dangtelio) svor\u012f su dabartine \"ageLOC Tru Face Transforming Gel Cream\" papildymo kasete.<\/div>\n<div class=\"disclaimer_LqemA\">\u2074Procentin\u0117 dalis, gauta palyginus ankstesn\u0117s \"ageLOC Transforming Night Cream\" pakuot\u0117s (stiklinis indelis ir dangtelis) ir dabartin\u0117s \"ageLOC Tru Face Transforming\" gelio kremo pakuot\u0117s (papildymo kaset\u0117, i\u0161orinis d\u0117klas, pompa ir dangtelis) svor\u012f; atsi\u017evelgiant \u012f tai, kad vartotojai pirks per metus: \"ageLOC Transforming Night\" klasikin\u0117s pakuot\u0117s 12 vienet\u0173, palyginti su 4 \"ageLOC Tru Face Transforming\" gelinio kremo \"ageLOC Tru Face Transforming\" komplektais ir 8 u\u017epildomosiomis pakuot\u0117mis.<\/div>\n<\/div>\n<\/div>\n<\/div>\n<\/div>","protected":false},"excerpt":{"rendered":"<p>Suteikite odai \u0161vytin\u010di\u0105 ir jaunatvi\u0161k\u0105 i\u0161vaizd\u0105 su ageLOC Tru Face Transforming Gel Cream - pa\u017eangia dr\u0117kinam\u0105ja formule, skirta pastebimai i\u0161lyginti smulkias linijas ir rauk\u0161les. Dabar j\u016bs\u0173 m\u0117gstam\u0105 gelin\u012f krem\u0105 galima \u012fsigyti pakartotinai u\u017epildant, kad b\u016bt\u0173 lengviau pri\u017ei\u016br\u0117ti od\u0105 ir suma\u017einti pakuo\u010di\u0173 atliekas.<\/p>","protected":false},"featured_media":1510,"comment_status":"open","ping_status":"closed","template":"","meta":{"site-sidebar-layout":"default","site-content-layout":"","ast-site-content-layout":"default","site-content-style":"default","site-sidebar-style":"default","ast-global-header-display":"","ast-banner-title-visibility":"","ast-main-header-display":"","ast-hfb-above-header-display":"","ast-hfb-below-header-display":"","ast-hfb-mobile-header-display":"","site-post-title":"","ast-breadcrumbs-content":"","ast-featured-img":"","footer-sml-layout":"","ast-disable-related-posts":"","theme-transparent-header-meta":"default","adv-header-id-meta":"","stick-header-meta":"","header-above-stick-meta":"","header-main-stick-meta":"","header-below-stick-meta":"","astra-migrate-meta-layouts":"set","ast-page-background-enabled":"default","ast-page-background-meta":{"desktop":{"background-color":"var(--ast-global-color-4)","background-image":"","background-repeat":"repeat","background-position":"center center","background-size":"auto","background-attachment":"scroll","background-type":"","background-media":"","overlay-type":"","overlay-color":"","overlay-opacity":"","overlay-gradient":""},"tablet":{"background-color":"","background-image":"","background-repeat":"repeat","background-position":"center center","background-size":"auto","background-attachment":"scroll","background-type":"","background-media":"","overlay-type":"","overlay-color":"","overlay-opacity":"","overlay-gradient":""},"mobile":{"background-color":"","background-image":"","background-repeat":"repeat","background-position":"center center","background-size":"auto","background-attachment":"scroll","background-type":"","background-media":"","overlay-type":"","overlay-color":"","overlay-opacity":"","overlay-gradient":""}},"ast-content-background-meta":{"desktop":{"background-color":"var(--ast-global-color-5)","background-image":"","background-repeat":"repeat","background-position":"center center","background-size":"auto","background-attachment":"scroll","background-type":"","background-media":"","overlay-type":"","overlay-color":"","overlay-opacity":"","overlay-gradient":""},"tablet":{"background-color":"var(--ast-global-color-5)","background-image":"","background-repeat":"repeat","background-position":"center center","background-size":"auto","background-attachment":"scroll","background-type":"","background-media":"","overlay-type":"","overlay-color":"","overlay-opacity":"","overlay-gradient":""},"mobile":{"background-color":"var(--ast-global-color-5)","background-image":"","background-repeat":"repeat","background-position":"center center","background-size":"auto","background-attachment":"scroll","background-type":"","background-media":"","overlay-type":"","overlay-color":"","overlay-opacity":"","overlay-gradient":""}}},"product_brand":[],"product_cat":[38],"product_tag":[],"class_list":{"0":"post-1506","1":"product","2":"type-product","3":"status-publish","4":"has-post-thumbnail","6":"product_cat-tru-face","7":"desktop-align-center","8":"tablet-align-left","9":"mobile-align-left","11":"first","12":"instock","13":"shipping-taxable","14":"purchasable","15":"product-type-simple"},"_links":{"self":[{"href":"https:\/\/ingasatiene.com\/lt\/wp-json\/wp\/v2\/product\/1506","targetHints":{"allow":["GET"]}}],"collection":[{"href":"https:\/\/ingasatiene.com\/lt\/wp-json\/wp\/v2\/product"}],"about":[{"href":"https:\/\/ingasatiene.com\/lt\/wp-json\/wp\/v2\/types\/product"}],"replies":[{"embeddable":true,"href":"https:\/\/ingasatiene.com\/lt\/wp-json\/wp\/v2\/comments?post=1506"}],"wp:featuredmedia":[{"embeddable":true,"href":"https:\/\/ingasatiene.com\/lt\/wp-json\/wp\/v2\/media\/1510"}],"wp:attachment":[{"href":"https:\/\/ingasatiene.com\/lt\/wp-json\/wp\/v2\/media?parent=1506"}],"wp:term":[{"taxonomy":"product_brand","embeddable":true,"href":"https:\/\/ingasatiene.com\/lt\/wp-json\/wp\/v2\/product_brand?post=1506"},{"taxonomy":"product_cat","embeddable":true,"href":"https:\/\/ingasatiene.com\/lt\/wp-json\/wp\/v2\/product_cat?post=1506"},{"taxonomy":"product_tag","embeddable":true,"href":"https:\/\/ingasatiene.com\/lt\/wp-json\/wp\/v2\/product_tag?post=1506"}],"curies":[{"name":"wp","href":"https:\/\/api.w.org\/{rel}","templated":true}]}}