{"id":1500,"date":"2026-01-27T14:56:03","date_gmt":"2026-01-27T14:56:03","guid":{"rendered":"https:\/\/ingasatiene.com\/?post_type=product&#038;p=1500"},"modified":"2026-03-05T18:16:14","modified_gmt":"2026-03-05T18:16:14","slug":"ageloc-tru-face-transforming-gel-cream","status":"publish","type":"product","link":"https:\/\/ingasatiene.com\/lt\/produktas\/ageloc-tru-face-transforming-gel-cream\/","title":{"rendered":"ageLOC Tru Face Transforming Gel Cream"},"content":{"rendered":"<p>\u0160is prabangus gelinis kremas, sukurtas naudojant \"ageLOC\" technologij\u0105, padeda \u0161alinti matomus odos sen\u0117jimo po\u017eymius, veikdamas kartu su nat\u016braliu odos atsinaujinimo procesu. Stiprus atrinkt\u0173 ingredient\u0173 mi\u0161inys intensyviai dr\u0117kina od\u0105, stiprina jos dr\u0117gm\u0117s barjer\u0105 ir suteikia jai elastingumo bei atjaunina veido od\u0105. \u0160velni, bet veiksminga formul\u0117 dr\u0117kina od\u0105, atgaivina jos i\u0161vaizd\u0105 ir skatina odos atsinaujinim\u0105 - oda tampa lygesn\u0117, o j\u016bs - \u0161vytinti.<\/p>\n<ul>\n<li>Sud\u0117tyje esantis \"Nu Skin\" patentuotas ageLOC ingredient\u0173 mi\u0161inys padeda \u0161alinti matomus odos sen\u0117jimo po\u017eymius, i\u0161saugoti jaunatvi\u0161k\u0105 i\u0161vaizd\u0105 ir suma\u017einti odos sen\u0117jimo po\u017eymius.<\/li>\n<li>I\u0161laiko ir apsaugo odos dr\u0117gm\u0119, kad oda b\u016bt\u0173 labiau sudr\u0117kinta ir \u0161vyt\u0117t\u0173.<\/li>\n<li>Skatina akivaizd\u017eiai jaunatvi\u0161k\u0105 od\u0105 ir ma\u017eina smulki\u0173 linij\u0173 bei rauk\u0161li\u0173 atsiradim\u0105.<\/li>\n<li>Skatina odos l\u0105steli\u0173 apykait\u0105, kad oda tapt\u0173 lygesn\u0117 ir \u0161velnesn\u0117, o poros suma\u017e\u0117t\u0173.<\/li>\n<li>Padeda stiprinti ir stiprinti nat\u016bral\u0173 odos barjer\u0105.<\/li>\n<li>Puikiai tinka tiek atjauninimo, tiek atjauninimo proced\u016broms.<\/li>\n<\/ul>\n<div class=\"summary_oIC6-\">\n<p>\"Nu Skin\" atliko dviej\u0173 savai\u010di\u0173 vidin\u012f tyrim\u0105, kurio metu 26 dalyviai naudojo \"ageLOC Tru Face Transforming Gel Cream\" du kartus per dien\u0105. Po dviej\u0173 savai\u010di\u0173 dalyviai:\u00b9<\/p>\n<\/div>\n<div class=\"result_A91TQ\">\n<div class=\"percentage_3xTzj\">100%<\/div>\n<div class=\"resultText_mqEis\">sutiko, kad j\u0173 oda buvo labiau sudr\u0117kinta ir pamaitinta.<\/div>\n<\/div>\n<div class=\"result_A91TQ\">\n<div class=\"percentage_3xTzj\">96%<\/div>\n<div class=\"resultText_mqEis\">sutiko, kad produktas akivaizd\u017eiai pagerino odos lygum\u0105.<\/div>\n<\/div>\n<div class=\"result_A91TQ\">\n<div class=\"percentage_3xTzj\">92%<\/div>\n<div class=\"resultText_mqEis\">sutarta, kad produktas akivaizd\u017eiai pagerino odos spindes\u012f.<\/div>\n<\/div>","protected":false},"excerpt":{"rendered":"<p>Suteikite odai \u0161vytin\u010di\u0105 ir jaunatvi\u0161k\u0105 i\u0161vaizd\u0105 su ageLOC Tru Face Transforming Gel Cream - pa\u017eangia dr\u0117kinam\u0105ja formule, skirta pastebimai i\u0161lyginti smulkias linijas ir rauk\u0161les.<\/p>","protected":false},"featured_media":1505,"comment_status":"open","ping_status":"closed","template":"","meta":{"site-sidebar-layout":"default","site-content-layout":"","ast-site-content-layout":"default","site-content-style":"default","site-sidebar-style":"default","ast-global-header-display":"","ast-banner-title-visibility":"","ast-main-header-display":"","ast-hfb-above-header-display":"","ast-hfb-below-header-display":"","ast-hfb-mobile-header-display":"","site-post-title":"","ast-breadcrumbs-content":"","ast-featured-img":"","footer-sml-layout":"","ast-disable-related-posts":"","theme-transparent-header-meta":"default","adv-header-id-meta":"","stick-header-meta":"","header-above-stick-meta":"","header-main-stick-meta":"","header-below-stick-meta":"","astra-migrate-meta-layouts":"set","ast-page-background-enabled":"default","ast-page-background-meta":{"desktop":{"background-color":"var(--ast-global-color-4)","background-image":"","background-repeat":"repeat","background-position":"center center","background-size":"auto","background-attachment":"scroll","background-type":"","background-media":"","overlay-type":"","overlay-color":"","overlay-opacity":"","overlay-gradient":""},"tablet":{"background-color":"","background-image":"","background-repeat":"repeat","background-position":"center center","background-size":"auto","background-attachment":"scroll","background-type":"","background-media":"","overlay-type":"","overlay-color":"","overlay-opacity":"","overlay-gradient":""},"mobile":{"background-color":"","background-image":"","background-repeat":"repeat","background-position":"center center","background-size":"auto","background-attachment":"scroll","background-type":"","background-media":"","overlay-type":"","overlay-color":"","overlay-opacity":"","overlay-gradient":""}},"ast-content-background-meta":{"desktop":{"background-color":"var(--ast-global-color-5)","background-image":"","background-repeat":"repeat","background-position":"center center","background-size":"auto","background-attachment":"scroll","background-type":"","background-media":"","overlay-type":"","overlay-color":"","overlay-opacity":"","overlay-gradient":""},"tablet":{"background-color":"var(--ast-global-color-5)","background-image":"","background-repeat":"repeat","background-position":"center center","background-size":"auto","background-attachment":"scroll","background-type":"","background-media":"","overlay-type":"","overlay-color":"","overlay-opacity":"","overlay-gradient":""},"mobile":{"background-color":"var(--ast-global-color-5)","background-image":"","background-repeat":"repeat","background-position":"center center","background-size":"auto","background-attachment":"scroll","background-type":"","background-media":"","overlay-type":"","overlay-color":"","overlay-opacity":"","overlay-gradient":""}}},"product_brand":[],"product_cat":[38],"product_tag":[],"class_list":{"0":"post-1500","1":"product","2":"type-product","3":"status-publish","4":"has-post-thumbnail","6":"product_cat-tru-face","7":"desktop-align-center","8":"tablet-align-left","9":"mobile-align-left","11":"first","12":"instock","13":"featured","14":"shipping-taxable","15":"purchasable","16":"product-type-simple"},"_links":{"self":[{"href":"https:\/\/ingasatiene.com\/lt\/wp-json\/wp\/v2\/product\/1500","targetHints":{"allow":["GET"]}}],"collection":[{"href":"https:\/\/ingasatiene.com\/lt\/wp-json\/wp\/v2\/product"}],"about":[{"href":"https:\/\/ingasatiene.com\/lt\/wp-json\/wp\/v2\/types\/product"}],"replies":[{"embeddable":true,"href":"https:\/\/ingasatiene.com\/lt\/wp-json\/wp\/v2\/comments?post=1500"}],"wp:featuredmedia":[{"embeddable":true,"href":"https:\/\/ingasatiene.com\/lt\/wp-json\/wp\/v2\/media\/1505"}],"wp:attachment":[{"href":"https:\/\/ingasatiene.com\/lt\/wp-json\/wp\/v2\/media?parent=1500"}],"wp:term":[{"taxonomy":"product_brand","embeddable":true,"href":"https:\/\/ingasatiene.com\/lt\/wp-json\/wp\/v2\/product_brand?post=1500"},{"taxonomy":"product_cat","embeddable":true,"href":"https:\/\/ingasatiene.com\/lt\/wp-json\/wp\/v2\/product_cat?post=1500"},{"taxonomy":"product_tag","embeddable":true,"href":"https:\/\/ingasatiene.com\/lt\/wp-json\/wp\/v2\/product_tag?post=1500"}],"curies":[{"name":"wp","href":"https:\/\/api.w.org\/{rel}","templated":true}]}}