{"id":1489,"date":"2026-01-27T10:46:46","date_gmt":"2026-01-27T10:46:46","guid":{"rendered":"https:\/\/ingasatiene.com\/?post_type=product&#038;p=1489"},"modified":"2026-02-10T09:00:40","modified_gmt":"2026-02-10T09:00:40","slug":"ageloc-tru-face-uplifting-cream-refill","status":"publish","type":"product","link":"https:\/\/ingasatiene.com\/lt\/produktas\/ageloc-tru-face-uplifting-cream-refill\/","title":{"rendered":"\"ageLOC Tru Face Uplifting Cream\" papildymas"},"content":{"rendered":"<p>When you use ageLOC Tru Face Uplifting Rich Cream, in just 30 seconds, a natural active biomimetic polymer starts forming a protective yet breathable layer that helps protect skin from the negative effects of oxidative stress and environmental stressors. In as little as 30 minutes, your skin appears more sculpted, defined, and radiant with a dewy, youthful glow. And in 30 days,\u00b9 hydration and advanced firming technology nourish and strengthen the skin for a well-rested, revitalised-looking complexion.<\/p>\n<ul>\n<li>Features our proprietary ageLOC technology to target the sources of visible signs of skin ageing and preserve the look of youth.<\/li>\n<li>Specially formulated with Tru Face FirmPlex \u2014 our scientifically validated technology that targets a key component of firm-looking skin to promote visibly firmer results<\/li>\n<li>Integrates a Natural Active Biomimetic Polymer (Caesalpinia Spinosa Fruit Extract and Kappaphycus Alvarezii Extract) that helps diminish the appearance of fine lines and wrinkles.<\/li>\n<li>Nourishes the skin and delivers intense hydration, providing an immediate soothing sensation, a healthy glow, and a well-rested skin appearance.<\/li>\n<li>Makes your skin appear firmer, more defined, and contoured while promoting elasticity for a more youthful appearance.<\/li>\n<li>Puikiai tinka j\u016bs\u0173 atjauninimo proced\u016broms.<\/li>\n<\/ul>\n<div class=\"summary_oIC6-\">\n<p>Nu Skin Research and Development commissioned a third-party testing to clinically evaluate the results of using ageLOC Tru Face Uplifting Rich Cream twice daily for eight weeks. Thirty female subjects, aged 45-65 were enrolled in the study.<\/p>\n<p>Instrumentation measurements were conducted and a clinical grader noted improvements in the following skin attributes (improvements over baseline)\u00b9 :<\/p>\n<\/div>\n<div class=\"result_A91TQ\">\n<div class=\"percentage_3xTzj\"><strong>177%<\/strong>\u00a0 \u00a0improvement in skin hydration (per instrumentation) after one week.<\/div>\n<\/div>\n<div class=\"result_A91TQ\">\n<div class=\"percentage_3xTzj\"><strong>21%<\/strong>\u00a0 \u00a0improvement in skin firmness (clinical grading) after one week.<\/div>\n<\/div>\n<div class=\"result_A91TQ\">\n<div class=\"percentage_3xTzj\"><strong>48%<\/strong>\u00a0 \u00a0improvement in the appearance of crow\u2019s feet wrinkles (clinical grading) after 8 weeks.<\/div>\n<\/div>\n<div class=\"result_A91TQ\">\n<div class=\"percentage_3xTzj\"><strong>47%\u00a0<\/strong> \u00a0improvement in the appearance of fine lines (clinical grading) after 8 weeks.<\/div>\n<\/div>\n<div class=\"result_A91TQ\">\n<div class=\"percentage_3xTzj\"><strong>35%<\/strong>\u00a0 \u00a0improvement in skin plumped appearance (clinical grading) after 8 weeks.<\/div>\n<div><\/div>\n<\/div>\n<div>\n<div class=\"section_w2M+K\">\n<div class=\"paragraph_LCEYm\">Insert the new cartridge in the ageLOC Tru Face Uplifting Rich Cream jar you already own.<\/div>\n<div class=\"paragraph_LCEYm\">After cleansing, toning, and your targeting step (serum step), apply a generous amount to the face and neck daily.<\/div>\n<div><\/div>\n<\/div>\n<div class=\"section_w2M+K\">\n<h3 class=\"sectionTitle_iGQAh\">Rekomendacija (-os)<\/h3>\n<div class=\"paragraph_LCEYm\">Use daily, morning and\/or evening as desired.<\/div>\n<div class=\"paragraph_LCEYm\">For optimal results, apply after your favorite ageLOC Tru Face serum such as ageLOC Tru Face Essence Ultra.<\/div>\n<div><\/div>\n<\/div>\n<div>\n<h5 class=\"ingredientLabel_V8VdP\">Visos sudedamosios dalys<\/h5>\n<div class=\"ingredientBody_jAn5+\">Aqua, Glycerin, Cyclopentasiloxane, Olus Oil, Cetyl Alcohol, Ethylhexyl Isononanoate, Glyceryl Stearate, Helianthus Annuus Seed Oil, Cetearyl Alcohol, Pyrus Malus Fruit Extract, Ceteareth-20, PEG-75 Stearate, Dimethiconol, Squalane, Butyrospermum Parkii Butter, C10-18 Triglycerides, Pentylene Glycol, Leontopodium Alpinum Callus Culture Extract, Narcissus Tazetta Bulb Extract, Schizandra Chinensis Fruit Extract, Retinyl Palmitate, Centella Asiatica Extract, Caesalpinia Spinosa Fruit Extract, Echinacea Angustifolia Extract, Oryza Sativa Bran Extract, Camellia Sinensis Leaf Extract, Pistacia Lentiscus Gum, Simmondsia Chinensis Seed Extract, Ubiquinone, Dunaliella Salina Extract, Kappaphycus Alvarezii Extract, Olea Europaea Fruit Oil, Rosmarinus Officinalis Leaf Extract, Octyldodecyl Oleate, Carthamus Tinctorius Seed Oil, Caprylic\/Capric Triglyceride, Tetrahexyldecyl Ascorbate, Tocopherol, Tocopheryl Acetate, Pentaerythrityl Tetra-Di-T-Butyl Hydroxyhydrocinnamate, Hydroxyacetophenone, Dimethicone, Hydrogenated Polydecene, Benzotriazolyl Dodecyl P-Cresol, PEG-7 Trimethylolpropane Coconut Ether, Laureth-7, Sorbitan Isostearate, Hydroxyethyl Acrylate\/Sodium Acryloyldimethyl Taurate Copolymer, Xanthan Gum, Acrylates\/C10-30 Alkyl Acrylate Crosspolymer, Polyisobutene, Disodium EDTA, Sodium Hydroxide, Citric Acid, Parfum, Phenoxyethanol, Potassium Sorbate, Chlorphenesin, Alpha-Isomethyl Ionone.<\/div>\n<div><\/div>\n<div>\n<div class=\"disclaimer_LqemA\">\u00b9Results obtained from a third-party professional assessment based on a single blind, 8 weeks, in vivo clinical study performed on 30 female subjects, all between 45 and 65 years old. Subjects were instructed to use the ageLOC Tru Face Uplifting Rich Cream Morning and night for 8 weeks. The following assessments were done at baseline, post-application, week 1, 2, 4 and 8: Cutometer, chromameter, corneometer, clinical grading, and self-perception.<\/div>\n<div class=\"disclaimer_LqemA\">\u00b2Percentage obtained by comparing the weight of classic ageLOC packaging (glass jar and lid) to the weight of the current refill cartridge of the ageLOC Tru Face Uplifting Rich Cream.<\/div>\n<div class=\"disclaimer_LqemA\">\u00b3Percentage obtained by comparing the weight of classic ageLOC packaging (glass jar and lid) to the weight of the current ageLOC Tru Face Uplifting Rich Cream packaging (refill cartridge, outer case, pump and lid); considering that consumers will buy per year: 12 units of the classic ageLOC packaging, compared to 4 ageLOC Tru Face Uplifting Rich Cream complete systems and 8 refill units.<\/div>\n<\/div>\n<\/div>\n<\/div>","protected":false},"excerpt":{"rendered":"<p>ageLOC Tru Face Uplifting Rich Cream, the ultimate firming and hydrating powerhouse designed to visibly lift, contour, and revitalise your skin\u2019s appearance, is now available in a convenient refill option \u2014 making it easier to care for your skin while reducing packaging waste.<\/p>","protected":false},"featured_media":1493,"comment_status":"open","ping_status":"closed","template":"","meta":{"site-sidebar-layout":"default","site-content-layout":"","ast-site-content-layout":"default","site-content-style":"default","site-sidebar-style":"default","ast-global-header-display":"","ast-banner-title-visibility":"","ast-main-header-display":"","ast-hfb-above-header-display":"","ast-hfb-below-header-display":"","ast-hfb-mobile-header-display":"","site-post-title":"","ast-breadcrumbs-content":"","ast-featured-img":"","footer-sml-layout":"","ast-disable-related-posts":"","theme-transparent-header-meta":"default","adv-header-id-meta":"","stick-header-meta":"","header-above-stick-meta":"","header-main-stick-meta":"","header-below-stick-meta":"","astra-migrate-meta-layouts":"set","ast-page-background-enabled":"default","ast-page-background-meta":{"desktop":{"background-color":"var(--ast-global-color-4)","background-image":"","background-repeat":"repeat","background-position":"center center","background-size":"auto","background-attachment":"scroll","background-type":"","background-media":"","overlay-type":"","overlay-color":"","overlay-opacity":"","overlay-gradient":""},"tablet":{"background-color":"","background-image":"","background-repeat":"repeat","background-position":"center center","background-size":"auto","background-attachment":"scroll","background-type":"","background-media":"","overlay-type":"","overlay-color":"","overlay-opacity":"","overlay-gradient":""},"mobile":{"background-color":"","background-image":"","background-repeat":"repeat","background-position":"center center","background-size":"auto","background-attachment":"scroll","background-type":"","background-media":"","overlay-type":"","overlay-color":"","overlay-opacity":"","overlay-gradient":""}},"ast-content-background-meta":{"desktop":{"background-color":"var(--ast-global-color-5)","background-image":"","background-repeat":"repeat","background-position":"center center","background-size":"auto","background-attachment":"scroll","background-type":"","background-media":"","overlay-type":"","overlay-color":"","overlay-opacity":"","overlay-gradient":""},"tablet":{"background-color":"var(--ast-global-color-5)","background-image":"","background-repeat":"repeat","background-position":"center center","background-size":"auto","background-attachment":"scroll","background-type":"","background-media":"","overlay-type":"","overlay-color":"","overlay-opacity":"","overlay-gradient":""},"mobile":{"background-color":"var(--ast-global-color-5)","background-image":"","background-repeat":"repeat","background-position":"center center","background-size":"auto","background-attachment":"scroll","background-type":"","background-media":"","overlay-type":"","overlay-color":"","overlay-opacity":"","overlay-gradient":""}}},"product_brand":[],"product_cat":[38],"product_tag":[],"class_list":{"0":"post-1489","1":"product","2":"type-product","3":"status-publish","4":"has-post-thumbnail","6":"product_cat-tru-face","7":"desktop-align-center","8":"tablet-align-left","9":"mobile-align-left","11":"first","12":"instock","13":"shipping-taxable","14":"purchasable","15":"product-type-simple"},"_links":{"self":[{"href":"https:\/\/ingasatiene.com\/lt\/wp-json\/wp\/v2\/product\/1489","targetHints":{"allow":["GET"]}}],"collection":[{"href":"https:\/\/ingasatiene.com\/lt\/wp-json\/wp\/v2\/product"}],"about":[{"href":"https:\/\/ingasatiene.com\/lt\/wp-json\/wp\/v2\/types\/product"}],"replies":[{"embeddable":true,"href":"https:\/\/ingasatiene.com\/lt\/wp-json\/wp\/v2\/comments?post=1489"}],"wp:featuredmedia":[{"embeddable":true,"href":"https:\/\/ingasatiene.com\/lt\/wp-json\/wp\/v2\/media\/1493"}],"wp:attachment":[{"href":"https:\/\/ingasatiene.com\/lt\/wp-json\/wp\/v2\/media?parent=1489"}],"wp:term":[{"taxonomy":"product_brand","embeddable":true,"href":"https:\/\/ingasatiene.com\/lt\/wp-json\/wp\/v2\/product_brand?post=1489"},{"taxonomy":"product_cat","embeddable":true,"href":"https:\/\/ingasatiene.com\/lt\/wp-json\/wp\/v2\/product_cat?post=1489"},{"taxonomy":"product_tag","embeddable":true,"href":"https:\/\/ingasatiene.com\/lt\/wp-json\/wp\/v2\/product_tag?post=1489"}],"curies":[{"name":"wp","href":"https:\/\/api.w.org\/{rel}","templated":true}]}}