{"id":1477,"date":"2026-01-27T10:35:11","date_gmt":"2026-01-27T10:35:11","guid":{"rendered":"https:\/\/ingasatiene.com\/?post_type=product&#038;p=1477"},"modified":"2026-02-10T09:00:56","modified_gmt":"2026-02-10T09:00:56","slug":"ageloc-tru-face-line-corrector","status":"publish","type":"product","link":"https:\/\/ingasatiene.com\/lt\/produktas\/ageloc-tru-face-line-corrector\/","title":{"rendered":"\"ageLOC Tru Face Line Corrector"},"content":{"rendered":"<p>Sen\u0117jimas yra nat\u016brali evoliucija, turtinga gro\u017eio ir i\u0161minties, nors \u017einome, kad matomos linijos ir rauk\u0161l\u0117s kartais gali kelti nepasitik\u0117jimo savimi jausm\u0105. \u010cia \u012f pagalb\u0105 ateina ageLOC Tru Face Line Corrector. Atrinkti ageLOC Tru Face Line Corrector ingredientai veikia epidermio - i\u0161orinio odos sluoksnio - l\u0105steli\u0173 lygmenyje ir padeda odai atrodyti lygesnei ir jaunatvi\u0161kesnei.<\/p>\n<p>Be to, kad pasiektum\u0117te optimali\u0173 rezultat\u0173, \u0161\u012f serum\u0105 galite derinti su \"ageLOC Galvanic Spa\" prietaisu. Pagerinkite savo \"ageLOC Tru Face\" ritual\u0105 ir leiskit\u0117s \u012f rafinuot\u0105 sen\u0117jimo kelion\u0119, kurioje linijos akivaizd\u017eiai su\u0161veln\u0117ja, o j\u016bs\u0173 nat\u016bralus gro\u017eis i\u0161ry\u0161k\u0117ja.<\/p>\n<ul>\n<li>Sud\u0117tyje esantis \"Nu Skin\" patentuotas ageLOC ingredient\u0173 mi\u0161inys padeda \u0161alinti matomus odos sen\u0117jimo po\u017eymius, i\u0161saugoti jaunatvi\u0161k\u0105 i\u0161vaizd\u0105 ir suma\u017einti odos sen\u0117jimo po\u017eymius.<\/li>\n<li>Padeda suma\u017einti ir i\u0161lyginti smulkias linijas ir rauk\u0161les, ypa\u010d aplink burn\u0105 ir akis.<\/li>\n<li>I\u0161lygina ir akivaizd\u017eiai atnaujina od\u0105, kad ji atrodyt\u0173 skaistesn\u0117 ir sveikesn\u0117.<\/li>\n<li>Suteikia odai \u0161velnumo ir elastingumo poj\u016bt\u012f.<\/li>\n<li>Veikia kartu su \"ageLOC Galvanic Spa\", kad pad\u0117t\u0173 optimizuoti \u012fvairias odos prie\u017ei\u016bros priemones.<\/li>\n<li>Puikiai tinka tiek atjauninimo, tiek atjauninimo proced\u016broms.<\/li>\n<\/ul>\n<div class=\"summary_oIC6-\">\n<p>\"Nu Skin\" atliko 8 savai\u010di\u0173 trukm\u0117s vidin\u012f in vivo tyrim\u0105, kurio metu 30 35-55 met\u0173 am\u017eiaus dalyvi\u0173 du kartus per dien\u0105 naudojo \"ageLOC Tru Face Line Corrector\" ant veido ir kaklo ir atliko sav\u0119s vertinimo test\u0105.\u00b9 Po 8 savai\u010di\u0173 :<\/p>\n<\/div>\n<div class=\"result_A91TQ\">\n<div class=\"percentage_3xTzj\"><strong>90%\u00a0<\/strong> \u00a0dalyviai pasteb\u0117jo, kad pager\u0117jo varnos p\u0117d\u0173 i\u0161vaizda.<\/div>\n<\/div>\n<div class=\"result_A91TQ\">\n<div class=\"percentage_3xTzj\"><strong>81%<\/strong>\u00a0<strong> \u00a0<\/strong>dalyvi\u0173 sutiko, kad j\u0173 oda atrodo jaunesn\u0117.<\/div>\n<\/div>\n<div class=\"result_A91TQ\">\n<div class=\"percentage_3xTzj\"><strong>27%<\/strong>\u00a0 \u00a0pager\u0117jo varnos p\u0117d\u0173 b\u016bkl\u0117.<\/div>\n<\/div>\n<div class=\"result_A91TQ\">\n<div class=\"percentage_3xTzj\"><strong>25%<\/strong>\u00a0 \u00a0\u0161ypsenos linij\u0173 pager\u0117jimas.<\/div>\n<div><\/div>\n<div>\n<div class=\"section_w2M+K\">\n<div class=\"paragraph_LCEYm\">Naudokite ryte ir vakare po valymo ir tonizavimo.<\/div>\n<div class=\"paragraph_LCEYm\">Tepkite smulkias rauk\u0161leles aplink akis, burn\u0105 ir kakt\u0105 prie\u0161 naudodami pageidaujam\u0105 serum\u0105 ageLOC Tru Face.<\/div>\n<div><\/div>\n<\/div>\n<div class=\"section_w2M+K\">\n<h3 class=\"sectionTitle_iGQAh\">Rekomendacija (-os)<\/h3>\n<div class=\"paragraph_LCEYm\">Tepkite tik ant i\u0161orinio aki\u0173 kont\u016bro palei kaul\u0173 srit\u012f, vengdami \u0161velnesni\u0173 ir jautresni\u0173 viet\u0173 aplink akis.<\/div>\n<div class=\"paragraph_LCEYm\">Optimaliems rezultatams pasiekti naudokite \"ageLOC Galvanic Spa\" prietais\u0105.<\/div>\n<div class=\"paragraph_LCEYm\">Po to naudokite \"ageLOC Tru Face\" dr\u0117kinam\u0105j\u012f krem\u0105, kad gal\u0117tum\u0117te t\u0119sti \u012fprast\u0105 proced\u016br\u0105.<\/div>\n<div><\/div>\n<\/div>\n<div>\n<h5 class=\"ingredientLabel_V8VdP\">Visos sudedamosios dalys<\/h5>\n<div class=\"ingredientBody_jAn5+\">Vanduo, ciklopentasiloksanas, feniltrimetikonas, glicerinas, dimetikono kry\u017eminis polimeras, butilen glikolis, stearil dimetikonas, glicerilo stearatas, PEG-100 stearatas, metilo gliukoz\u0117s sekstearatas, Cikloheksasiloksanas, izoheksadekanas, palmitoiltripeptidas-1, palmitoil tetrapeptidas-7, etilheksilglicerinas, dipalmitoil hidroksiprolinas, Centella Asiatica ekstraktas, Portulaca Oleracea ekstraktas, dimetilmetilalkilsiloksanas, Prunus Amygdalus Dulcis s\u0117kl\u0173 ekstraktas, oktadecenas, PEG\/PPG-18\/18 dimetikonas, polisorbatas 80, polisorbatas 20, sorbitano oleatas, karbomeras, natrio akrilato ir natrio akriloildimetiltaurato kopolimeras, natrio poliakrilatas, aminometilpropanolis, natrio laktatas, citrin\u0173 r\u016bg\u0161tis, dinatrio EDTA, fenoksietanolis, chlorfenezinas.<\/div>\n<div><\/div>\n<div>\n<div class=\"disclaimer_LqemA\">\u00b9Rezultatai, gauti atlikus vidin\u012f in vivo juslin\u012f ir veiksmingumo tyrim\u0105 su 30 sveik\u0173 35-55 met\u0173 am\u017eiaus vyr\u0173 ir moter\u0173. Tiriamiesiems buvo nurodyta 8 savaites naudoti ageLOC Tru Face Line Corrector ant veido ir kaklo ryte ir vakare. \u012evairiais tyrimo laikotarpiais jie pild\u0117 sav\u0119s vertinimo klausimyn\u0105.<\/div>\n<div class=\"disclaimer_LqemA\">\u00b2Rezultatai, gauti atlikus tre\u010diosios \u0161alies profesional\u0173 vertinim\u0105, pagr\u012fst\u0105 8 savai\u010di\u0173 trukm\u0117s in vivo, vienoje vietoje, aklu tyrimu su 40 35 met\u0173 ir vyresni\u0173 moter\u0173. Dalyv\u0117ms buvo nurodyta dukart per dien\u0105 plonu sluoksniu tepti \"ageLOC Tru Face Line Corrector\" ant viso veido. Prietaisas \"Galvanic Spa\" buvo naudojamas du kartus per dien\u0105 aplink akis, bet tik vienoje atsitiktinai paskirtoje veido pus\u0117je. Rezultatams \u012fvertinti buvo naudojami prietais\u0173 matavimai, sav\u0119s suvokimo atsiliepimai ir klinikiniai vertinimai.<\/div>\n<div class=\"disclaimer_LqemA\">\u00b3PCR, i\u0161skyrus dangtel\u012f.<\/div>\n<\/div>\n<\/div>\n<\/div>\n<\/div>","protected":false},"excerpt":{"rendered":"<p>\"ageLOC Tru Face Line Corrector\" - tai specialiai tikslin\u0117ms sritims skirtas serumas, kurio sud\u0117tyje esantys pa\u017eang\u016bs peptidai akivaizd\u017eiai su\u0161velnina smulkias linijas ir rauk\u0161les, ypa\u010d aplink burn\u0105 ir akis.<\/p>","protected":false},"featured_media":1482,"comment_status":"open","ping_status":"closed","template":"","meta":{"site-sidebar-layout":"default","site-content-layout":"","ast-site-content-layout":"default","site-content-style":"default","site-sidebar-style":"default","ast-global-header-display":"","ast-banner-title-visibility":"","ast-main-header-display":"","ast-hfb-above-header-display":"","ast-hfb-below-header-display":"","ast-hfb-mobile-header-display":"","site-post-title":"","ast-breadcrumbs-content":"","ast-featured-img":"","footer-sml-layout":"","ast-disable-related-posts":"","theme-transparent-header-meta":"default","adv-header-id-meta":"","stick-header-meta":"","header-above-stick-meta":"","header-main-stick-meta":"","header-below-stick-meta":"","astra-migrate-meta-layouts":"set","ast-page-background-enabled":"default","ast-page-background-meta":{"desktop":{"background-color":"var(--ast-global-color-4)","background-image":"","background-repeat":"repeat","background-position":"center center","background-size":"auto","background-attachment":"scroll","background-type":"","background-media":"","overlay-type":"","overlay-color":"","overlay-opacity":"","overlay-gradient":""},"tablet":{"background-color":"","background-image":"","background-repeat":"repeat","background-position":"center center","background-size":"auto","background-attachment":"scroll","background-type":"","background-media":"","overlay-type":"","overlay-color":"","overlay-opacity":"","overlay-gradient":""},"mobile":{"background-color":"","background-image":"","background-repeat":"repeat","background-position":"center center","background-size":"auto","background-attachment":"scroll","background-type":"","background-media":"","overlay-type":"","overlay-color":"","overlay-opacity":"","overlay-gradient":""}},"ast-content-background-meta":{"desktop":{"background-color":"var(--ast-global-color-5)","background-image":"","background-repeat":"repeat","background-position":"center center","background-size":"auto","background-attachment":"scroll","background-type":"","background-media":"","overlay-type":"","overlay-color":"","overlay-opacity":"","overlay-gradient":""},"tablet":{"background-color":"var(--ast-global-color-5)","background-image":"","background-repeat":"repeat","background-position":"center center","background-size":"auto","background-attachment":"scroll","background-type":"","background-media":"","overlay-type":"","overlay-color":"","overlay-opacity":"","overlay-gradient":""},"mobile":{"background-color":"var(--ast-global-color-5)","background-image":"","background-repeat":"repeat","background-position":"center center","background-size":"auto","background-attachment":"scroll","background-type":"","background-media":"","overlay-type":"","overlay-color":"","overlay-opacity":"","overlay-gradient":""}}},"product_brand":[],"product_cat":[38],"product_tag":[],"class_list":{"0":"post-1477","1":"product","2":"type-product","3":"status-publish","4":"has-post-thumbnail","6":"product_cat-tru-face","7":"desktop-align-center","8":"tablet-align-left","9":"mobile-align-left","11":"first","12":"instock","13":"shipping-taxable","14":"purchasable","15":"product-type-simple"},"_links":{"self":[{"href":"https:\/\/ingasatiene.com\/lt\/wp-json\/wp\/v2\/product\/1477","targetHints":{"allow":["GET"]}}],"collection":[{"href":"https:\/\/ingasatiene.com\/lt\/wp-json\/wp\/v2\/product"}],"about":[{"href":"https:\/\/ingasatiene.com\/lt\/wp-json\/wp\/v2\/types\/product"}],"replies":[{"embeddable":true,"href":"https:\/\/ingasatiene.com\/lt\/wp-json\/wp\/v2\/comments?post=1477"}],"wp:featuredmedia":[{"embeddable":true,"href":"https:\/\/ingasatiene.com\/lt\/wp-json\/wp\/v2\/media\/1482"}],"wp:attachment":[{"href":"https:\/\/ingasatiene.com\/lt\/wp-json\/wp\/v2\/media?parent=1477"}],"wp:term":[{"taxonomy":"product_brand","embeddable":true,"href":"https:\/\/ingasatiene.com\/lt\/wp-json\/wp\/v2\/product_brand?post=1477"},{"taxonomy":"product_cat","embeddable":true,"href":"https:\/\/ingasatiene.com\/lt\/wp-json\/wp\/v2\/product_cat?post=1477"},{"taxonomy":"product_tag","embeddable":true,"href":"https:\/\/ingasatiene.com\/lt\/wp-json\/wp\/v2\/product_tag?post=1477"}],"curies":[{"name":"wp","href":"https:\/\/api.w.org\/{rel}","templated":true}]}}