{"id":1472,"date":"2026-01-27T10:28:33","date_gmt":"2026-01-27T10:28:33","guid":{"rendered":"https:\/\/ingasatiene.com\/?post_type=product&#038;p=1472"},"modified":"2026-02-10T09:01:20","modified_gmt":"2026-02-10T09:01:20","slug":"refill-ageloc-tru-face-future-serum","status":"publish","type":"product","link":"https:\/\/ingasatiene.com\/lt\/produktas\/refill-ageloc-tru-face-future-serum\/","title":{"rendered":"\"ageLOC Tru Face Future\" serumo papildymas"},"content":{"rendered":"<p>Norite gra\u017eiai senti? Atskleiskite jaunatvi\u0161kesn\u0119 odos i\u0161vaizd\u0105, atsi\u017evelgdami \u012f 8 matomus sen\u0117jimo po\u017eymius: stangrum\u0105, lygum\u0105, odos atspalvio tolygum\u0105, smulkias linijas ir rauk\u0161les, spindes\u012f, por\u0173 atsiradim\u0105, odos spalvos poky\u010dius ir dr\u0117kinim\u0105. Daugyb\u0119 u\u017eduo\u010di\u0173 atliekanti priemon\u0117 kei\u010dia \u017eaidimo taisykles, tod\u0117l klinikinio stiprumo rezultatus pasieksite namuose, vienoje formul\u0117je sujungdama keli\u0173 sen\u0117jim\u0105 stabdan\u010di\u0173 produkt\u0173 privalumus. ageLOC Tru Face Future Serum - gero sen\u0117jimo \u0161vent\u0117, kuri suteikia galimyb\u0119 pasitik\u0117ti savo oda, kurioje j\u016bs\u0173 istorija pasakojama su grak\u0161tumu, stiprybe ir autenti\u0161kumu.<\/p>\n<ul>\n<li>Sud\u0117tyje esantis \"Nu Skin\" patentuotas ageLOC ingredient\u0173 mi\u0161inys padeda \u0161alinti matomus odos sen\u0117jimo po\u017eymius, i\u0161saugoti jaunatvi\u0161k\u0105 i\u0161vaizd\u0105 ir suma\u017einti odos sen\u0117jimo po\u017eymius.<\/li>\n<li>Pagerina odos jaunatvi\u0161k\u0105 i\u0161vaizd\u0105 8 b\u016bdais: stangrumas, lygumas, odos atspalvio tolygumas, smulkios linijos ir rauk\u0161l\u0117s, \u0161vyt\u0117jimas, por\u0173 i\u0161vaizda, odos spalvos poky\u010diai ir dr\u0117kinimas.<\/li>\n<li>Nauda pradeda reik\u0161tis jau po 7 dien\u0173.\u00b9<\/li>\n<li>Akivaizd\u017eiai stangrina, pakelia ir lygina od\u0105, kad ji atrodyt\u0173 jaunatvi\u0161kesn\u0117.<\/li>\n<li>Suma\u017eina smulki\u0173 linij\u0173, rauk\u0161li\u0173 ir por\u0173 i\u0161vaizd\u0105.<\/li>\n<li>Akivaizd\u017eiai \u0161viesina, lygina ir stiprina odos spindes\u012f, kad oda atrodyt\u0173 tolygesn\u0117 ir jaunatvi\u0161kesn\u0117.<\/li>\n<li>Padidina odos dr\u0117kinim\u0105 ir padeda i\u0161saugoti nat\u016bral\u0173 odos dr\u0117gm\u0117s barjer\u0105.<\/li>\n<li>Puikiai tinka j\u016bs\u0173 atjauninimo proced\u016broms.<\/li>\n<\/ul>\n<div class=\"summary_oIC6-\">\n<p>Tre\u010diosios \u0161alies atlikto a\u0161tuoni\u0173 savai\u010di\u0173 tyrimo, kurio metu 47 tiriamieji ryte ir vakare naudojo \"Future Serum\" serum\u0105, klinikinis vertintojas pasteb\u0117jo, kad po a\u0161tuoni\u0173 savai\u010di\u0173 didel\u0117 dalis tiriam\u0173j\u0173 pasiek\u0117 \u0161iuos rezultatus:\u00b2<\/p>\n<\/div>\n<div class=\"result_A91TQ\">\n<div class=\"percentage_3xTzj\"><strong>100%<\/strong>\u00a0 \u00a0pager\u0117jo odos lygumas.<\/div>\n<\/div>\n<div class=\"result_A91TQ\">\n<div class=\"percentage_3xTzj\"><strong>96%\u00a0<\/strong>\u00a0 \u00a0 pager\u0117jo odos spindesys.<\/div>\n<\/div>\n<div class=\"result_A91TQ\">\n<div class=\"percentage_3xTzj\"><strong>91%<\/strong>\u00a0 \u00a0 \u00a0 pastebimai suma\u017e\u0117jo smulki\u0173 rauk\u0161leli\u0173.<\/div>\n<div><\/div>\n<\/div>\n<div>\n<div class=\"topContent_-+m8Y\">\n<div class=\"contentHalf_raKE0\">\n<div class=\"innerContent_ON0Sz\">\n<div class=\"section_w2M+K\">\n<div class=\"paragraph_LCEYm\">\u012estatykite nauj\u0105 kaset\u0119 \u012f jau turim\u0105 \"ageLOC Tru Face Future\" serumo buteliuk\u0105.<\/div>\n<div class=\"paragraph_LCEYm\">Tepkite ryte ir vakare po valymo ir tonizavimo, prie\u0161 dr\u0117kinim\u0105.<\/div>\n<div><\/div>\n<\/div>\n<div class=\"section_w2M+K\">\n<h3 class=\"sectionTitle_iGQAh\">Rekomendacija (-os)<\/h3>\n<div class=\"paragraph_LCEYm\">Ant pir\u0161t\u0173 galiuk\u0173 u\u017epurk\u0161kite apie 2 purk\u0161tukus ir tepkite veid\u0105 bei kakl\u0105, venkite \u0161velniosios aki\u0173 srities dalies.<\/div>\n<div><\/div>\n<div>\n<div class=\"root_y+ekh productDetails_UoG-i\" data-drawer-ingredients=\"drawer-ingredients\">\n<div class=\"body_v2rxJ\" data-testid=\"collapsibleSectionOpen-true\">\n<div class=\"ns-animate-height\" data-v-334c525f=\"\" data-testid=\"height-container\">\n<div data-v-334c525f=\"\">\n<div class=\"slot_7HfpF\" data-v-334c525f=\"\">\n<div class=\"slotContent_8-gqs\" data-v-334c525f=\"\">\n<div data-v-334c525f=\"\">\n<div class=\"whatPowersIt_WmDmq\" data-v-334c525f=\"\">\n<div class=\"productIngredients_HvCeD\" data-v-334c525f=\"\">\n<div class=\"root_JCPsA\" data-v-334c525f=\"\">\n<div class=\"ingredient_XkGkP\">\n<h5 class=\"ingredientLabel_V8VdP\">Visos sudedamosios dalys<\/h5>\n<div class=\"ingredientBody_jAn5+\">Vanduo, butileno glikolis, ciklopentasiloksanas, polimetilsililsekvioksanas, glicerinas, pentileno glikolis, HDI\/trimetilolio heksillaktono kry\u017eminis polimeras, 1-metilhidantoin-2-imidas, izocetetas-20, dimetikonas, Narcizo Tazetos svog\u016bn\u0117li\u0173 ekstraktas, Schizandra Chinensis vaisi\u0173 ekstraktas, Bambusa Vulgaris lap\u0173\/\u0161akn\u0173 ekstraktas, Pisum Sativum ekstraktas, gliukozamino HCl, natrio hialuronatas, Citrus Limon \u017eievel\u0117s ekstraktas, heksapeptidas-2, ekvolas, Leuconostoc\/Radish Root Ferment filtratas, pullulanas, izoheksadekanas, polisilikonas-11, T-butilo alkoholis, cetilo alkoholis, sklero\u010di\u0173 derva, amonio akriloildimetiltaurato\/beheneto-25 metakrilato kry\u017eespolimeras, amonio akriloildimetiltaurato\/VP kopolimeras, ksantano derva, amonio poliakriloildimetiltauratas, glicerilo stearatas, lizolecitinas, polisorbatas 80, PEG-75 stearatas, cetetas-20, stearetas-20, kaprilo\/kaprilo gliukozidas, decilo gliukozidas, laurilo gliukozidas, heksilenglikolis, dinatrio EDTA, citrin\u0173 r\u016bg\u0161tis, parfumas, chlorfenezinas, kalio sorbatas, fenoksietanolis.<\/div>\n<\/div>\n<div><\/div>\n<div class=\"ingredient_XkGkP\">\n<div>\n<div class=\"disclaimer_LqemA\">\u00b9 Remiantis atsitiktini\u0173 im\u010di\u0173 in vivo 12 savai\u010di\u0173 trukm\u0117s klinikiniu tyrimu, kuriame buvo vertinamas ageLOC Future serumo veiksmingumas. 29 azijiet\u0117s ir kaukaziet\u0117s, kuri\u0173 am\u017eius nuo 40 iki 70 met\u0173, turin\u010dios nuo lengv\u0173 iki vidutinio sunkumo rauk\u0161li\u0173 ir d\u0117m\u0117tos pigmentacijos, 12 savai\u010di\u0173 dukart per dien\u0105 naudojo ageLOC Future serum\u0105.<\/div>\n<div class=\"disclaimer_LqemA\">\u00b2Rezultatai gauti atlikus tre\u010diosios \u0161alies profesional\u0173 vertinim\u0105, pagr\u012fst\u0105 8 savai\u010di\u0173 in vivo klinikiniu tyrimu, kuriame dalyvavo 47 40-69 met\u0173 am\u017eiaus moterys, turin\u010dios lengvas arba vidutinio sunkumo smulkias rauk\u0161leles ir rauk\u0161les varnos p\u0117d\u0173 srityje bei hiperpigmentacij\u0105 ir senatvines veido d\u0117mes. Tiriamosioms buvo nurodyta ryte ir vakare prie\u0161 dr\u0117kinim\u0105 ant veido ir kaklo tepti po 2 pompas Future Serum. Pradiniu ir skirtingais laikotarpiais odos savyb\u0117s buvo vertinamos klinikiniu klasifikavimu, bioinstrumentais (cutometru, ...) ir sav\u0119s vertinimu.<\/div>\n<div class=\"disclaimer_LqemA\">\u00b3Ne\u012fskaitant dangtelio.<\/div>\n<div class=\"disclaimer_LqemA\">\u2074Procentin\u0117 dalis, gauta palyginus ankstesn\u0117s \"ageLOC Future Serum\" pakuot\u0117s (stiklo, pompos ir dangtelio) svor\u012f su dabartin\u0117s \"ageLOC Tru Face Future Serum\" u\u017epildymo kaset\u0117s svoriu.<\/div>\n<div class=\"disclaimer_LqemA\">\u2075Procentin\u0117 dalis, gauta palyginus ankstesn\u0117s \"ageLOC Future Serum\" pakuot\u0117s (stiklin\u0117, pompa ir dangtelis) svor\u012f su dabartine pakuote (papildymo kaset\u0117, i\u0161orinis d\u0117klas, pompa ir dangtelis); atsi\u017evelgiant \u012f tai, kad vartotojai pirks per metus: \"ageLOC Future Serum\" pakuot\u0117s 12 vienet\u0173, palyginti su 4 pilnomis sistemomis \"ageLOC Tru Face Future Serum\" ir 8 pakartotinio u\u017epildymo vienetais.<\/div>\n<\/div>\n<\/div>\n<\/div>\n<\/div>\n<\/div>\n<\/div>\n<\/div>\n<\/div>\n<\/div>\n<\/div>\n<\/div>\n<\/div>\n<div class=\"root_y+ekh productDetails_UoG-i\" data-drawer-resources=\"drawer-resources\">\n<div class=\"header_B4uWq\" data-testid=\"collapsibleSectionClick\" data-testid-value=\"resources\">\n<div class=\"headerContent_Z43Gw\"><\/div>\n<\/div>\n<div class=\"body_v2rxJ\" data-testid=\"collapsibleSectionOpen-false\">\n<div class=\"ns-animate-height\" data-v-334c525f=\"\" data-testid=\"height-container\">\n<div data-v-334c525f=\"\">\n<div class=\"slot_7HfpF\" data-v-334c525f=\"\">\n<div class=\"slotContent_8-gqs\" data-v-334c525f=\"\">\n<div class=\"root_VISS9\" data-v-334c525f=\"\">\n<div class=\"resources_7v3uX\">\n<div class=\"icon_tP8PL\"><\/div>\n<\/div>\n<\/div>\n<\/div>\n<\/div>\n<\/div>\n<\/div>\n<\/div>\n<\/div>\n<\/div>\n<\/div>\n<\/div>\n<\/div>\n<\/div>\n<\/div>","protected":false},"excerpt":{"rendered":"<p>\"ageLOC Tru Face Future\" serumas jaunatvi\u0161kai atrodan\u010di\u0105 od\u0105 atkuria vos per 7 dienas.\u00b9 J\u016bs\u0173 m\u0117gstamas serumas dabar gali b\u016bti pildomas pakartotinai, kad b\u016bt\u0173 lengviau pri\u017ei\u016br\u0117ti od\u0105 ir suma\u017einti pakuo\u010di\u0173 atliekas.<\/p>","protected":false},"featured_media":1476,"comment_status":"open","ping_status":"closed","template":"","meta":{"site-sidebar-layout":"default","site-content-layout":"","ast-site-content-layout":"default","site-content-style":"default","site-sidebar-style":"default","ast-global-header-display":"","ast-banner-title-visibility":"","ast-main-header-display":"","ast-hfb-above-header-display":"","ast-hfb-below-header-display":"","ast-hfb-mobile-header-display":"","site-post-title":"","ast-breadcrumbs-content":"","ast-featured-img":"","footer-sml-layout":"","ast-disable-related-posts":"","theme-transparent-header-meta":"default","adv-header-id-meta":"","stick-header-meta":"","header-above-stick-meta":"","header-main-stick-meta":"","header-below-stick-meta":"","astra-migrate-meta-layouts":"set","ast-page-background-enabled":"default","ast-page-background-meta":{"desktop":{"background-color":"var(--ast-global-color-4)","background-image":"","background-repeat":"repeat","background-position":"center center","background-size":"auto","background-attachment":"scroll","background-type":"","background-media":"","overlay-type":"","overlay-color":"","overlay-opacity":"","overlay-gradient":""},"tablet":{"background-color":"","background-image":"","background-repeat":"repeat","background-position":"center center","background-size":"auto","background-attachment":"scroll","background-type":"","background-media":"","overlay-type":"","overlay-color":"","overlay-opacity":"","overlay-gradient":""},"mobile":{"background-color":"","background-image":"","background-repeat":"repeat","background-position":"center center","background-size":"auto","background-attachment":"scroll","background-type":"","background-media":"","overlay-type":"","overlay-color":"","overlay-opacity":"","overlay-gradient":""}},"ast-content-background-meta":{"desktop":{"background-color":"var(--ast-global-color-5)","background-image":"","background-repeat":"repeat","background-position":"center center","background-size":"auto","background-attachment":"scroll","background-type":"","background-media":"","overlay-type":"","overlay-color":"","overlay-opacity":"","overlay-gradient":""},"tablet":{"background-color":"var(--ast-global-color-5)","background-image":"","background-repeat":"repeat","background-position":"center center","background-size":"auto","background-attachment":"scroll","background-type":"","background-media":"","overlay-type":"","overlay-color":"","overlay-opacity":"","overlay-gradient":""},"mobile":{"background-color":"var(--ast-global-color-5)","background-image":"","background-repeat":"repeat","background-position":"center center","background-size":"auto","background-attachment":"scroll","background-type":"","background-media":"","overlay-type":"","overlay-color":"","overlay-opacity":"","overlay-gradient":""}}},"product_brand":[],"product_cat":[38],"product_tag":[],"class_list":{"0":"post-1472","1":"product","2":"type-product","3":"status-publish","4":"has-post-thumbnail","6":"product_cat-tru-face","7":"desktop-align-center","8":"tablet-align-left","9":"mobile-align-left","11":"first","12":"instock","13":"shipping-taxable","14":"purchasable","15":"product-type-simple"},"_links":{"self":[{"href":"https:\/\/ingasatiene.com\/lt\/wp-json\/wp\/v2\/product\/1472","targetHints":{"allow":["GET"]}}],"collection":[{"href":"https:\/\/ingasatiene.com\/lt\/wp-json\/wp\/v2\/product"}],"about":[{"href":"https:\/\/ingasatiene.com\/lt\/wp-json\/wp\/v2\/types\/product"}],"replies":[{"embeddable":true,"href":"https:\/\/ingasatiene.com\/lt\/wp-json\/wp\/v2\/comments?post=1472"}],"wp:featuredmedia":[{"embeddable":true,"href":"https:\/\/ingasatiene.com\/lt\/wp-json\/wp\/v2\/media\/1476"}],"wp:attachment":[{"href":"https:\/\/ingasatiene.com\/lt\/wp-json\/wp\/v2\/media?parent=1472"}],"wp:term":[{"taxonomy":"product_brand","embeddable":true,"href":"https:\/\/ingasatiene.com\/lt\/wp-json\/wp\/v2\/product_brand?post=1472"},{"taxonomy":"product_cat","embeddable":true,"href":"https:\/\/ingasatiene.com\/lt\/wp-json\/wp\/v2\/product_cat?post=1472"},{"taxonomy":"product_tag","embeddable":true,"href":"https:\/\/ingasatiene.com\/lt\/wp-json\/wp\/v2\/product_tag?post=1472"}],"curies":[{"name":"wp","href":"https:\/\/api.w.org\/{rel}","templated":true}]}}