{"id":1450,"date":"2026-01-27T09:21:42","date_gmt":"2026-01-27T09:21:42","guid":{"rendered":"https:\/\/ingasatiene.com\/?post_type=product&#038;p=1450"},"modified":"2026-02-10T09:30:09","modified_gmt":"2026-02-10T09:30:09","slug":"refill-ageloc-tru-face-peptide-retinol-complex","status":"publish","type":"product","link":"https:\/\/ingasatiene.com\/lt\/produktas\/refill-ageloc-tru-face-peptide-retinol-complex\/","title":{"rendered":"\"ageLOC Tru Face\" peptid\u0173 retinolio kompleksas"},"content":{"rendered":"<div class=\"summary_oIC6-\">\n<p>\"Nu Skin\" atliko 8 savai\u010di\u0173 in vivo klinikin\u012f tyrim\u0105, kurio metu 31 35-70 met\u0173 am\u017eiaus vyri\u0161kos ir moteri\u0161kos lyties asmuo kart\u0105 per nakt\u012f ant veido odos naudojo \"ageLOC Tru Face Peptide Retinol Complex\". Matavimai buvo atliekami prietaisais, o dalyviai patys vertino rezultatus\u00b9:<\/p>\n<\/div>\n<div class=\"result_A91TQ\">\n<div class=\"percentage_3xTzj\"><strong>64%.<\/strong>\u00a0 Odos elastingumo pager\u0117jimas po 8 savai\u010di\u0173<\/div>\n<\/div>\n<div class=\"result_A91TQ\">\n<div class=\"percentage_3xTzj\"><strong>38%.<\/strong>\u00a0 Po 8 savai\u010di\u0173 pager\u0117jo odos barjeras<\/div>\n<\/div>\n<div class=\"result_A91TQ\">\n<div class=\"percentage_3xTzj\"><strong>20%.<\/strong>\u00a0 Odos stangrumas pager\u0117ja vos po vieno naudojimo<\/div>\n<div><\/div>\n<\/div>\n<div>\n<div class=\"section_w2M+K\">\n<h3 class=\"sectionTitle_iGQAh\">\u017dingsniai<\/h3>\n<div class=\"step_fh9sc\">\n<div class=\"stepNumber_R3mij\"><strong>1.\u00a0<\/strong> Nak\u010diai tepkite sveik\u0105 veido ir kaklo od\u0105 po valymo ir tonizavimo.<\/div>\n<\/div>\n<div class=\"step_fh9sc\">\n<div class=\"stepNumber_R3mij\"><strong>2.\u00a0<\/strong> Po to naudokite m\u0117gstam\u0105 \"Nu Skin\" dr\u0117kinam\u0105j\u012f krem\u0105<\/div>\n<div><\/div>\n<\/div>\n<\/div>\n<div class=\"section_w2M+K\">\n<h3 class=\"sectionTitle_iGQAh\">Rekomendacija (-os)<\/h3>\n<div class=\"paragraph_LCEYm\">Kad suma\u017eintum\u0117te galim\u0105 odos jautrinim\u0105 d\u0117l saul\u0117s poveikio ir retinoid\u0173 sudedam\u0173j\u0173 dali\u0173 naudojimo, rytais naudokite SPF priemones, kad apsaugotum\u0117te atviras k\u016bno vietas.<\/div>\n<div><\/div>\n<div>\n<h5 class=\"ingredientLabel_V8VdP\">Visos sudedamosios dalys<\/h5>\n<div class=\"ingredientBody_jAn5+\">Vanduo, dimetikonas, gliceretas-26, simondsij\u0173 esteriai, 1,2-heksanediolis, kokokaprilatas\/kapratas, hidroksietilakrilatas\/natrio akriloildimetiltaurato kopolimeras, C10-18 trigliceridai, retinolis, hidroksipinakolono retinoatas, oligopeptidas-1,4-T-butilcikloheksanolis, Narcissus Tazetta svog\u016bn\u0117li\u0173 ekstraktas, Schizandra Chinensis vaisi\u0173 ekstraktas, Oryza Sativa ekstraktas, Oryza Sativa \u0161ak\u0173 ekstraktas, Rosmarinus Officinalis lap\u0173 ekstraktas, Helianthus Annuus ekstraktas, glicerinas, butilen glikolis, dimetikonolis, Hidroksiacetofenonas, tokoferolis, pentileno glikolis, T-butilo alkoholis, dimetilo izosorbidas, amonio akriloildimetiltaurato ir VP kopolimeras, poliizobutenas, cetearilo alkoholis, glicerilo stearatas, polisilikonas-11, alilmetakrilato skerspj\u016bvis, PEG-40 stearatas, PEG-7 trimetilolpropano kokos\u0173 eteris, polisorbatas 20, cetaretas-20, lauretas-7, sorbitano izostearatas, decilgliukozidas, natrio chloridas, dinatrio EDT, natrio hidroksidas, fenoksietanolis, kalio sorbatas, chlorfenezinas.<\/div>\n<div><\/div>\n<div>\n<div class=\"disclaimer_LqemA\">\u00b9Rezultatai, gauti atlikus vidin\u012f profesional\u0173 vertinim\u0105, pagr\u012fst\u0105 8 savai\u010di\u0173 trukm\u0117s in vivo tyrimu, kuris buvo atliktas su 31 sveika 35-70 met\u0173 am\u017eiaus moterimi ir vyru. Prad\u017eioje, po naudojimo, 1, 2, 4 ir 8 savait\u0119 buvo atlikti \u0161ie matavimai: odos elastingumas ir stangrumas \u012fvertintas matuojant \"CyberDerm Dermalab\", odos barjero funkcija \u012fvertinta matuojant \"Tewameter\". Dalyviai taip pat atliko sav\u0119s vertinim\u0105.<\/div>\n<div class=\"disclaimer_LqemA\">\u00b2Klinikinis tyrimas: Rezultatai, gauti atlikus tre\u010diosios \u0161alies profesional\u0173 vertinim\u0105, pagr\u012fst\u0105 12 savai\u010di\u0173 trukm\u0117s in vivo tyrimu, atliktu su 10 sveik\u0173 moter\u0173 ir vyr\u0173, kuri\u0173 am\u017eius<\/div>\n<div class=\"disclaimer_LqemA\">* Atkreipkite d\u0117mes\u012f, kad norint u\u017etikrinti tinkam\u0105 dozavim\u0105 ir mikrobiologin\u0119 saug\u0105, pakuot\u0119, \u012fskaitant pompos dozatori\u0173, gali tekti keisti kas 3-6 m\u0117nesius.<\/div>\n<div class=\"disclaimer_LqemA\">** Procentin\u0117 dalis gaunama palyginus klasikin\u0117s ageLOC pakuot\u0117s (stiklinis buteliukas, pompa ir dangtelis) svor\u012f su dabartine pakuote (papildymo kaset\u0117, i\u0161orinis d\u0117klas, pompa ir dangtelis);<\/div>\n<div class=\"disclaimer_LqemA\">*** Procentin\u0117 dalis gauta palyginus klasikin\u0117s ageLOC pakuot\u0117s (stiklinio buteliuko, pompos ir dangtelio) svor\u012f su dabartine ageLOC Tru Face Peptide Retinol Complex papildymo kasete.<\/div>\n<\/div>\n<\/div>\n<\/div>\n<\/div>","protected":false},"excerpt":{"rendered":"<p>\u0160i galinga daugiafunkcin\u0117 priemon\u0117, sukurta naudojant m\u016bs\u0173 AgeLOC technologij\u0105 ir galing\u0105 peptid\u0173 su dirbtiniu intelektu ir retinolio kompleks\u0105, u\u017etikrina rezultatus vos per 7 dienas\u00b9 ir yra labai \u0161velnios formul\u0117s. Dabar j\u016bs\u0173 m\u0117gstam\u0105 serum\u0105 galima \u012fsigyti pakartotinai pripildytose talpyklose, kad b\u016bt\u0173 lengviau r\u016bpintis savo oda ir suma\u017e\u0117t\u0173 pakuo\u010di\u0173 atliek\u0173.<\/p>","protected":false},"featured_media":1455,"comment_status":"open","ping_status":"closed","template":"","meta":{"site-sidebar-layout":"default","site-content-layout":"","ast-site-content-layout":"default","site-content-style":"default","site-sidebar-style":"default","ast-global-header-display":"","ast-banner-title-visibility":"","ast-main-header-display":"","ast-hfb-above-header-display":"","ast-hfb-below-header-display":"","ast-hfb-mobile-header-display":"","site-post-title":"","ast-breadcrumbs-content":"","ast-featured-img":"","footer-sml-layout":"","ast-disable-related-posts":"","theme-transparent-header-meta":"default","adv-header-id-meta":"","stick-header-meta":"","header-above-stick-meta":"","header-main-stick-meta":"","header-below-stick-meta":"","astra-migrate-meta-layouts":"set","ast-page-background-enabled":"default","ast-page-background-meta":{"desktop":{"background-color":"var(--ast-global-color-4)","background-image":"","background-repeat":"repeat","background-position":"center center","background-size":"auto","background-attachment":"scroll","background-type":"","background-media":"","overlay-type":"","overlay-color":"","overlay-opacity":"","overlay-gradient":""},"tablet":{"background-color":"","background-image":"","background-repeat":"repeat","background-position":"center center","background-size":"auto","background-attachment":"scroll","background-type":"","background-media":"","overlay-type":"","overlay-color":"","overlay-opacity":"","overlay-gradient":""},"mobile":{"background-color":"","background-image":"","background-repeat":"repeat","background-position":"center center","background-size":"auto","background-attachment":"scroll","background-type":"","background-media":"","overlay-type":"","overlay-color":"","overlay-opacity":"","overlay-gradient":""}},"ast-content-background-meta":{"desktop":{"background-color":"var(--ast-global-color-5)","background-image":"","background-repeat":"repeat","background-position":"center center","background-size":"auto","background-attachment":"scroll","background-type":"","background-media":"","overlay-type":"","overlay-color":"","overlay-opacity":"","overlay-gradient":""},"tablet":{"background-color":"var(--ast-global-color-5)","background-image":"","background-repeat":"repeat","background-position":"center center","background-size":"auto","background-attachment":"scroll","background-type":"","background-media":"","overlay-type":"","overlay-color":"","overlay-opacity":"","overlay-gradient":""},"mobile":{"background-color":"var(--ast-global-color-5)","background-image":"","background-repeat":"repeat","background-position":"center center","background-size":"auto","background-attachment":"scroll","background-type":"","background-media":"","overlay-type":"","overlay-color":"","overlay-opacity":"","overlay-gradient":""}}},"product_brand":[],"product_cat":[38],"product_tag":[],"class_list":{"0":"post-1450","1":"product","2":"type-product","3":"status-publish","4":"has-post-thumbnail","6":"product_cat-tru-face","7":"desktop-align-center","8":"tablet-align-left","9":"mobile-align-left","11":"first","12":"instock","13":"shipping-taxable","14":"purchasable","15":"product-type-simple"},"_links":{"self":[{"href":"https:\/\/ingasatiene.com\/lt\/wp-json\/wp\/v2\/product\/1450","targetHints":{"allow":["GET"]}}],"collection":[{"href":"https:\/\/ingasatiene.com\/lt\/wp-json\/wp\/v2\/product"}],"about":[{"href":"https:\/\/ingasatiene.com\/lt\/wp-json\/wp\/v2\/types\/product"}],"replies":[{"embeddable":true,"href":"https:\/\/ingasatiene.com\/lt\/wp-json\/wp\/v2\/comments?post=1450"}],"wp:featuredmedia":[{"embeddable":true,"href":"https:\/\/ingasatiene.com\/lt\/wp-json\/wp\/v2\/media\/1455"}],"wp:attachment":[{"href":"https:\/\/ingasatiene.com\/lt\/wp-json\/wp\/v2\/media?parent=1450"}],"wp:term":[{"taxonomy":"product_brand","embeddable":true,"href":"https:\/\/ingasatiene.com\/lt\/wp-json\/wp\/v2\/product_brand?post=1450"},{"taxonomy":"product_cat","embeddable":true,"href":"https:\/\/ingasatiene.com\/lt\/wp-json\/wp\/v2\/product_cat?post=1450"},{"taxonomy":"product_tag","embeddable":true,"href":"https:\/\/ingasatiene.com\/lt\/wp-json\/wp\/v2\/product_tag?post=1450"}],"curies":[{"name":"wp","href":"https:\/\/api.w.org\/{rel}","templated":true}]}}