{"id":1431,"date":"2026-01-27T08:56:28","date_gmt":"2026-01-27T08:56:28","guid":{"rendered":"https:\/\/ingasatiene.com\/?post_type=product&#038;p=1431"},"modified":"2026-03-05T18:16:33","modified_gmt":"2026-03-05T18:16:33","slug":"spa-day-creamy-hydrating-masque","status":"publish","type":"product","link":"https:\/\/ingasatiene.com\/lt\/produktas\/spa-day-creamy-hydrating-masque\/","title":{"rendered":"\"Spa Day\" kremin\u0117 dr\u0117kinamoji kauk\u0117"},"content":{"rendered":"<p>Spa Day contains our Bioadaptive Botanical Complex, as well as saccharide isomerate \u2013 a humectant derived from plants that helps keep your skin looking radiant. Its hydrating formula helps to lock moisture into the skin, reducing dryness and leaving you with a healthy glow. Whenever your skin needs a little extra moisturising \u201cme time\u201d, you know just where to turn.<\/p>\n<ul>\n<li>Reduces dryness and helps lock moisture into the skin for a healthy, hydrated glow.<\/li>\n<li>Leaves skin feeling soft, hydrated, and refreshed.<\/li>\n<\/ul>\n<div class=\"topContent_-+m8Y\">\n<div class=\"contentHalf_raKE0\">\n<div class=\"innerContent_ON0Sz\">\n<div class=\"section_w2M+K\">\n<h3 class=\"sectionTitle_iGQAh\">\u017dingsniai<\/h3>\n<p>&nbsp;<\/p>\n<div class=\"step_fh9sc\">\n<div class=\"stepNumber_R3mij\"><strong>1\u00a0 \u00a0<\/strong>Wash with the Nu Skin cleanser of your choice and towel dry.<\/div>\n<\/div>\n<div class=\"step_fh9sc\">\n<div class=\"stepNumber_R3mij\"><strong>2\u00a0 \u00a0<\/strong>Apply liberally to face and neck area after cleansing.<\/div>\n<\/div>\n<div class=\"step_fh9sc\">\n<div class=\"stepNumber_R3mij\"><strong>3\u00a0 \u00a0<\/strong>After 10 minutes, rinse with warm water or tissue-off.<\/div>\n<\/div>\n<div class=\"step_fh9sc\">\n<div class=\"stepNumber_R3mij\"><strong>4\u00a0 \u00a0<\/strong>Follow with the Nu Skin toner and moisturiser of your choice.<\/div>\n<\/div>\n<\/div>\n<div class=\"section_w2M+K\">\n<div><\/div>\n<div class=\"paragraph_LCEYm\">Use 2 times per week.<\/div>\n<div><\/div>\n<\/div>\n<\/div>\n<div>\n<h5 class=\"ingredientLabel_V8VdP\">Visos sudedamosios dalys<\/h5>\n<div class=\"ingredientBody_jAn5+\">Aqua, Isocetyl Stearate, Methylpropanediol, Pentylene Glycol, Glycerin, Decyl Oleate, Palmitic Acid, Stearic Acid, Cetyl Ethylhexanoate, Saccharide Isomerate, Isocetyl Alcohol, Butylene Glycol, Opuntia Vulgaris Leaf Extract, Inonotus Obliquus Extract, Rhaponticum Carthamoides Root Extract, Rhodiola Rosea Extract, Selaginella Lepidophylla Extract, Polyglycerin-6, Aluminum Hydroxide, Hydroxyacetophenone, C15-19 Alkane, Cetyl Alcohol, Acrylates\/C10-30 Alkyl Acrylate Crosspolymer, PVM\/MA Copolymer, Sodium Polyacrylate, Myristyl Alcohol, Stearyl Alcohol, Sodium Acrylate\/Sodium Acryloyldimethyl Taurate Copolymer, Polyglyceryl-4 Caprate, Polyglyceryl-6 Caprylate, Xanthan Gum, Polyglyceryl-6 Laurate, Myristic Acid, Sorbitan Oleate, Sorbitan Isostearate, Eleutherococcus Senticosus Root Extract, Hydrated Silica, Aluminum Oxide, Tetrasodium Glutamate Diacetate, Aminomethyl Propanol, Citric Acid, Sodium Citrate, Sodium Hydroxide, Parfum, Pinus Strobus Cone Extract, Chlorphenesin, Phenoxyethanol, Sodium Benzoate, Potassium Benzoate, Potassium Sorbate, Linalool, CI 77891.<\/div>\n<\/div>\n<\/div>\n<\/div>","protected":false},"excerpt":{"rendered":"<p>If any nourishing face mask could be called a spa-day-in-a-tube, it\u2019s this one. Spa Day&#8217;s hydrating formula works to lock moisture into the skin, leaving it looking dewy.<\/p>","protected":false},"featured_media":1435,"comment_status":"open","ping_status":"closed","template":"","meta":{"site-sidebar-layout":"default","site-content-layout":"","ast-site-content-layout":"default","site-content-style":"default","site-sidebar-style":"default","ast-global-header-display":"","ast-banner-title-visibility":"","ast-main-header-display":"","ast-hfb-above-header-display":"","ast-hfb-below-header-display":"","ast-hfb-mobile-header-display":"","site-post-title":"","ast-breadcrumbs-content":"","ast-featured-img":"","footer-sml-layout":"","ast-disable-related-posts":"","theme-transparent-header-meta":"default","adv-header-id-meta":"","stick-header-meta":"","header-above-stick-meta":"","header-main-stick-meta":"","header-below-stick-meta":"","astra-migrate-meta-layouts":"set","ast-page-background-enabled":"default","ast-page-background-meta":{"desktop":{"background-color":"var(--ast-global-color-4)","background-image":"","background-repeat":"repeat","background-position":"center center","background-size":"auto","background-attachment":"scroll","background-type":"","background-media":"","overlay-type":"","overlay-color":"","overlay-opacity":"","overlay-gradient":""},"tablet":{"background-color":"","background-image":"","background-repeat":"repeat","background-position":"center center","background-size":"auto","background-attachment":"scroll","background-type":"","background-media":"","overlay-type":"","overlay-color":"","overlay-opacity":"","overlay-gradient":""},"mobile":{"background-color":"","background-image":"","background-repeat":"repeat","background-position":"center center","background-size":"auto","background-attachment":"scroll","background-type":"","background-media":"","overlay-type":"","overlay-color":"","overlay-opacity":"","overlay-gradient":""}},"ast-content-background-meta":{"desktop":{"background-color":"var(--ast-global-color-5)","background-image":"","background-repeat":"repeat","background-position":"center center","background-size":"auto","background-attachment":"scroll","background-type":"","background-media":"","overlay-type":"","overlay-color":"","overlay-opacity":"","overlay-gradient":""},"tablet":{"background-color":"var(--ast-global-color-5)","background-image":"","background-repeat":"repeat","background-position":"center center","background-size":"auto","background-attachment":"scroll","background-type":"","background-media":"","overlay-type":"","overlay-color":"","overlay-opacity":"","overlay-gradient":""},"mobile":{"background-color":"var(--ast-global-color-5)","background-image":"","background-repeat":"repeat","background-position":"center center","background-size":"auto","background-attachment":"scroll","background-type":"","background-media":"","overlay-type":"","overlay-color":"","overlay-opacity":"","overlay-gradient":""}}},"product_brand":[],"product_cat":[37],"product_tag":[],"class_list":{"0":"post-1431","1":"product","2":"type-product","3":"status-publish","4":"has-post-thumbnail","6":"product_cat-nutricentials","7":"desktop-align-center","8":"tablet-align-left","9":"mobile-align-left","11":"first","12":"instock","13":"featured","14":"shipping-taxable","15":"purchasable","16":"product-type-simple"},"_links":{"self":[{"href":"https:\/\/ingasatiene.com\/lt\/wp-json\/wp\/v2\/product\/1431","targetHints":{"allow":["GET"]}}],"collection":[{"href":"https:\/\/ingasatiene.com\/lt\/wp-json\/wp\/v2\/product"}],"about":[{"href":"https:\/\/ingasatiene.com\/lt\/wp-json\/wp\/v2\/types\/product"}],"replies":[{"embeddable":true,"href":"https:\/\/ingasatiene.com\/lt\/wp-json\/wp\/v2\/comments?post=1431"}],"wp:featuredmedia":[{"embeddable":true,"href":"https:\/\/ingasatiene.com\/lt\/wp-json\/wp\/v2\/media\/1435"}],"wp:attachment":[{"href":"https:\/\/ingasatiene.com\/lt\/wp-json\/wp\/v2\/media?parent=1431"}],"wp:term":[{"taxonomy":"product_brand","embeddable":true,"href":"https:\/\/ingasatiene.com\/lt\/wp-json\/wp\/v2\/product_brand?post=1431"},{"taxonomy":"product_cat","embeddable":true,"href":"https:\/\/ingasatiene.com\/lt\/wp-json\/wp\/v2\/product_cat?post=1431"},{"taxonomy":"product_tag","embeddable":true,"href":"https:\/\/ingasatiene.com\/lt\/wp-json\/wp\/v2\/product_tag?post=1431"}],"curies":[{"name":"wp","href":"https:\/\/api.w.org\/{rel}","templated":true}]}}