{"id":1417,"date":"2026-01-27T08:44:30","date_gmt":"2026-01-27T08:44:30","guid":{"rendered":"https:\/\/ingasatiene.com\/?post_type=product&#038;p=1417"},"modified":"2026-02-10T09:31:15","modified_gmt":"2026-02-10T09:31:15","slug":"moisturize-me-intense-hydrating-cream","status":"publish","type":"product","link":"https:\/\/ingasatiene.com\/lt\/produktas\/moisturize-me-intense-hydrating-cream\/","title":{"rendered":"Intensyvus dr\u0117kinamasis kremas \"Moisturize Me"},"content":{"rendered":"<p>Su dr\u0117kinimu mane yra daugiafunkcis sprendimas gra\u017eiai sudr\u0117kintai odai, kurio tr\u016bksta j\u016bs\u0173 rutinoje.<\/p>\n<p>Jame yra biologi\u0161kai prisitaikan\u010di\u0173 augal\u0173 mi\u0161inys, padedantis padidinti nat\u016bral\u0173 j\u016bs\u0173 odos atsparum\u0105, apsaugantis j\u0105 nuo neigiamo aplinkos veiksni\u0173 poveikio, be to, jame yra Evodia Rutaecarpa vaisi\u0173 ekstraktas pastebimam spindesiui.<\/p>\n<ul>\n<li>Bioadaptyvios augalin\u0117s med\u017eiagos padeda padidinti odos geb\u0117jim\u0105 prisitaikyti prie aplinkos.<\/li>\n<\/ul>\n<p>U\u017etepkite gaus\u0173 kiek\u012f ant \u0161varios veido ir kaklo odos judesiais \u012f vir\u0161\u0173 ir \u012f i\u0161or\u0119. Naudokite kasdien, ryte ir vakare.<\/p>\n<h5 class=\"ingredientLabel_V8VdP\">Visos sudedamosios dalys<\/h5>\n<div class=\"ingredientBody_jAn5+\">Vanduo, Cetilo ricinoleatas, Kaprilo\/kapriko\/sukcinio trigliceridas, Cetearilo alkoholis, Poliglicerilo-6 stearatas, Glicerinas, Ciklopentasiloksanas, Kaprilo\/kapriko\/miristo\/stearo trigliceridas, Dimetikonas, Amonio akriloildimetiltauratas\/VP kopolimeras, Propanediolis, Evodia rutaecarpa vaisi\u0173 ekstraktas, Inonotus obliquus ekstraktas, Rhaponticum carthamoides \u0161akn\u0173 ekstraktas, Stearilo dimetikonas, Dimetilmetilalkilsiloksanas, Selaginella lepidophylla ekstraktas, Rhodiola rosea ekstraktas, Hidroksiacetofenonas, Oktadeceno, T-butilo alkoholis, Dimetikono\/vinilo dimetikono kry\u017epolimeras, Ksantano derva, Poliglicerilo-6 behenatas, Glicerilo stearatas, Eleutherococcus senticosus \u0161akn\u0173 ekstraktas, Trinatrio etilendiamino disukcinatas, Citrinos r\u016bg\u0161tis, Kvepalai, Chlorfenesinas, Fenoksietanolis, Natrio benzoatas, Heksilo cinamalas, Linaloolis, Citronelolis, Limonenas, Benzilo salicilatas.<\/div>\n<div><\/div>","protected":false},"excerpt":{"rendered":"<p>\"Nutricentials Moisturize Me\" yra itin prabangi veido kremas, kuris suteikia odai dr\u0117gm\u0117s antpl\u016bd\u012f, palikdamas j\u0105 \u0161velni\u0105, sudr\u0117kint\u0105 ir spindin\u010di\u0105 valand\u0173 valandas. Jame yra biologi\u0161kai prisitaikan\u010di\u0173 augalini\u0173 komponent\u0173, kurie padeda didinti nat\u016bral\u0173 odos atsparum\u0105, apsaugodami j\u0105 nuo neigiamo aplinkos veiksni\u0173 poveikio, be to, jame esantis Evodia rutaecarpa vaisiaus ekstraktas suteikia matom\u0105 spindes\u012f.<\/p>","protected":false},"featured_media":1420,"comment_status":"open","ping_status":"closed","template":"","meta":{"site-sidebar-layout":"default","site-content-layout":"","ast-site-content-layout":"default","site-content-style":"default","site-sidebar-style":"default","ast-global-header-display":"","ast-banner-title-visibility":"","ast-main-header-display":"","ast-hfb-above-header-display":"","ast-hfb-below-header-display":"","ast-hfb-mobile-header-display":"","site-post-title":"","ast-breadcrumbs-content":"","ast-featured-img":"","footer-sml-layout":"","ast-disable-related-posts":"","theme-transparent-header-meta":"default","adv-header-id-meta":"","stick-header-meta":"","header-above-stick-meta":"","header-main-stick-meta":"","header-below-stick-meta":"","astra-migrate-meta-layouts":"set","ast-page-background-enabled":"default","ast-page-background-meta":{"desktop":{"background-color":"var(--ast-global-color-4)","background-image":"","background-repeat":"repeat","background-position":"center center","background-size":"auto","background-attachment":"scroll","background-type":"","background-media":"","overlay-type":"","overlay-color":"","overlay-opacity":"","overlay-gradient":""},"tablet":{"background-color":"","background-image":"","background-repeat":"repeat","background-position":"center center","background-size":"auto","background-attachment":"scroll","background-type":"","background-media":"","overlay-type":"","overlay-color":"","overlay-opacity":"","overlay-gradient":""},"mobile":{"background-color":"","background-image":"","background-repeat":"repeat","background-position":"center center","background-size":"auto","background-attachment":"scroll","background-type":"","background-media":"","overlay-type":"","overlay-color":"","overlay-opacity":"","overlay-gradient":""}},"ast-content-background-meta":{"desktop":{"background-color":"var(--ast-global-color-5)","background-image":"","background-repeat":"repeat","background-position":"center center","background-size":"auto","background-attachment":"scroll","background-type":"","background-media":"","overlay-type":"","overlay-color":"","overlay-opacity":"","overlay-gradient":""},"tablet":{"background-color":"var(--ast-global-color-5)","background-image":"","background-repeat":"repeat","background-position":"center center","background-size":"auto","background-attachment":"scroll","background-type":"","background-media":"","overlay-type":"","overlay-color":"","overlay-opacity":"","overlay-gradient":""},"mobile":{"background-color":"var(--ast-global-color-5)","background-image":"","background-repeat":"repeat","background-position":"center center","background-size":"auto","background-attachment":"scroll","background-type":"","background-media":"","overlay-type":"","overlay-color":"","overlay-opacity":"","overlay-gradient":""}}},"product_brand":[],"product_cat":[37],"product_tag":[],"class_list":{"0":"post-1417","1":"product","2":"type-product","3":"status-publish","4":"has-post-thumbnail","6":"product_cat-nutricentials","7":"desktop-align-center","8":"tablet-align-left","9":"mobile-align-left","11":"first","12":"instock","13":"shipping-taxable","14":"purchasable","15":"product-type-simple"},"_links":{"self":[{"href":"https:\/\/ingasatiene.com\/lt\/wp-json\/wp\/v2\/product\/1417","targetHints":{"allow":["GET"]}}],"collection":[{"href":"https:\/\/ingasatiene.com\/lt\/wp-json\/wp\/v2\/product"}],"about":[{"href":"https:\/\/ingasatiene.com\/lt\/wp-json\/wp\/v2\/types\/product"}],"replies":[{"embeddable":true,"href":"https:\/\/ingasatiene.com\/lt\/wp-json\/wp\/v2\/comments?post=1417"}],"wp:featuredmedia":[{"embeddable":true,"href":"https:\/\/ingasatiene.com\/lt\/wp-json\/wp\/v2\/media\/1420"}],"wp:attachment":[{"href":"https:\/\/ingasatiene.com\/lt\/wp-json\/wp\/v2\/media?parent=1417"}],"wp:term":[{"taxonomy":"product_brand","embeddable":true,"href":"https:\/\/ingasatiene.com\/lt\/wp-json\/wp\/v2\/product_brand?post=1417"},{"taxonomy":"product_cat","embeddable":true,"href":"https:\/\/ingasatiene.com\/lt\/wp-json\/wp\/v2\/product_cat?post=1417"},{"taxonomy":"product_tag","embeddable":true,"href":"https:\/\/ingasatiene.com\/lt\/wp-json\/wp\/v2\/product_tag?post=1417"}],"curies":[{"name":"wp","href":"https:\/\/api.w.org\/{rel}","templated":true}]}}