{"id":1411,"date":"2026-01-27T08:41:24","date_gmt":"2026-01-27T08:41:24","guid":{"rendered":"https:\/\/ingasatiene.com\/?post_type=product&#038;p=1411"},"modified":"2026-02-10T09:31:23","modified_gmt":"2026-02-10T09:31:23","slug":"thirst-fix-hydrating-gel-cream","status":"publish","type":"product","link":"https:\/\/ingasatiene.com\/lt\/produktas\/thirst-fix-hydrating-gel-cream\/","title":{"rendered":"Dr\u0117kinamasis gelinis kremas \"Thirst Fix"},"content":{"rendered":"<p>M\u0117gaukit\u0117s lygesne ir gra\u017eesne oda d\u0117l dr\u0117gm\u0117s antpl\u016bd\u017eio, kur\u012f suteikia kiekvienas \u0161io dr\u0117kinamojo veido gelio kremo be riebal\u0173 naudojimas.<\/p>\n<p>\"Nutricentials Thirst Fix\" sud\u0117tyje yra biologi\u0161kai prisitaikan\u010di\u0173 augalini\u0173 ekstrakt\u0173 mi\u0161inys, padedantis padidinti nat\u016bral\u0173 odos atsparum\u0105, apsaugantis j\u0105 nuo neigiamo aplinkos poveikio, ir unikalus biomimetinis dr\u0117kinamasis kompleksas, u\u017etikrinantis ilgalaik\u012f dr\u0117kinim\u0105*, imituojantis nat\u016bralius odos elementus.<\/p>\n<div class=\"summary_oIC6-\">\n<p>Po vienos vienintel\u0117s parai\u0161kos subjektai patyr\u0117:<\/p>\n<\/div>\n<div class=\"result_A91TQ\">\n<div class=\"percentage_3xTzj\"><strong>+173%\u00a0<\/strong> \u00a0 \u00a0skubus dr\u0117kinimas*<\/div>\n<\/div>\n<div class=\"result_A91TQ\">\n<div class=\"percentage_3xTzj\"><strong>+104%\u00a0<\/strong> \u00a0 dr\u0117kinimas po 12 valand\u0173*<\/div>\n<div><\/div>\n<\/div>\n<div>U\u017etepkite gaus\u0173 kiek\u012f ant \u0161varios veido ir kaklo odos judesiais \u012f vir\u0161\u0173 ir \u012f i\u0161or\u0119. Naudokite kasdien, ryte ir vakare.<\/div>\n<div><\/div>\n<div>\n<h5 class=\"ingredientLabel_V8VdP\">Visos sudedamosios dalys<\/h5>\n<div class=\"ingredientBody_jAn5+\">Vanduo, butileno glikolis, ciklopentasiloksanas, glicerinas, pentileno glikolis, dimetikonas, kaprilo\/kapriko trigliceridas, karbamidas, fruktoz\u0117, trehaloz\u0117, natrio PCA, natrio laktatas, natrio hialuronatas, gliukoz\u0117, Selaginella Lepidophylla ekstraktas, Rhodiola Rosea ekstraktas, Rhaponticum Carthamoides \u0161akn\u0173 ekstraktas, Inonotus Obliquus ekstraktas, maltoz\u0117, Alantoinas, Cleome Gynandra lap\u0173 ekstraktas, Eleutherocococcus Senticosus \u0161akn\u0173 ekstraktas, malachito ekstraktas, propandiolis, karageninas, glicerilo akrilato ir akrilo r\u016bg\u0161ties kopolimeras, natrio chloridas, karbomeras, parfumas, aminometilpropanolis, natrio hidroksidas, citrinos r\u016bg\u0161tis, fenoksietanolis, chlorfenezinas, natrio benzoatas, linaloolis, geraniolis, limonenas.<\/div>\n<div><\/div>\n<div>\n<div>\n<div class=\"disclaimer_LqemA\">*Rezultatai, gauti atlikus tre\u010diosios \u0161alies profesional\u0173 vertinim\u0105, pagr\u012fst\u0105 24 valand\u0173 trukm\u0117s in vivo tyrimu, atliktu su 32 sveikomis 18 met\u0173 ir vyresn\u0117mis moterimis ir vyrais. Odos dr\u0117kinimo lygis buvo matuojamas korneometru trijose srityse: vienoje srityje, kurioje buvo naudojamas \"Thirst Fix\", ir dviejose srityse, kuriose buvo teigiamas (glicerinas) ir neigiamas (neapdorotas) kontrolinis poveikis. \u0160ie procentiniai rodikliai buvo gauti palyginus neapdorotos srities ir srities su \"Nutricentials Thirst Fix\" priemon\u0117mis rezultatus.<\/div>\n<div><\/div>\n<\/div>\n<div>\n<div class=\"warning_-sJ4F\">\n<div class=\"warningBody_oPsFx\" data-disclaimer-drawer-html=\"disclaimer-drawer-html\">\n<p><strong>Ypatingos atsargumo priemon\u0117s:<\/strong> Venkite tiesioginio kontakto su akimis. Tik i\u0161oriniam naudojimui. Jei pasirei\u0161k\u0117 nepageidaujama reakcija, nutraukite produkto naudojim\u0105. Jei b\u016bkl\u0117 i\u0161lieka, informuokite gydytoj\u0105. Naudokite gerai v\u0117dinamoje patalpoje.<\/p>\n<\/div>\n<\/div>\n<\/div>\n<\/div>\n<\/div>","protected":false},"excerpt":{"rendered":"<p>Veido dr\u0117kinamasis gelinis kremas be aliejaus, kuris greitai dr\u0117kina i\u0161tro\u0161kusi\u0105 od\u0105 ir suteikia gaiv\u0173 jausm\u0105, kuris tikrai patiks.<\/p>","protected":false},"featured_media":1416,"comment_status":"open","ping_status":"closed","template":"","meta":{"site-sidebar-layout":"default","site-content-layout":"","ast-site-content-layout":"default","site-content-style":"default","site-sidebar-style":"default","ast-global-header-display":"","ast-banner-title-visibility":"","ast-main-header-display":"","ast-hfb-above-header-display":"","ast-hfb-below-header-display":"","ast-hfb-mobile-header-display":"","site-post-title":"","ast-breadcrumbs-content":"","ast-featured-img":"","footer-sml-layout":"","ast-disable-related-posts":"","theme-transparent-header-meta":"default","adv-header-id-meta":"","stick-header-meta":"","header-above-stick-meta":"","header-main-stick-meta":"","header-below-stick-meta":"","astra-migrate-meta-layouts":"set","ast-page-background-enabled":"default","ast-page-background-meta":{"desktop":{"background-color":"var(--ast-global-color-4)","background-image":"","background-repeat":"repeat","background-position":"center center","background-size":"auto","background-attachment":"scroll","background-type":"","background-media":"","overlay-type":"","overlay-color":"","overlay-opacity":"","overlay-gradient":""},"tablet":{"background-color":"","background-image":"","background-repeat":"repeat","background-position":"center center","background-size":"auto","background-attachment":"scroll","background-type":"","background-media":"","overlay-type":"","overlay-color":"","overlay-opacity":"","overlay-gradient":""},"mobile":{"background-color":"","background-image":"","background-repeat":"repeat","background-position":"center center","background-size":"auto","background-attachment":"scroll","background-type":"","background-media":"","overlay-type":"","overlay-color":"","overlay-opacity":"","overlay-gradient":""}},"ast-content-background-meta":{"desktop":{"background-color":"var(--ast-global-color-5)","background-image":"","background-repeat":"repeat","background-position":"center center","background-size":"auto","background-attachment":"scroll","background-type":"","background-media":"","overlay-type":"","overlay-color":"","overlay-opacity":"","overlay-gradient":""},"tablet":{"background-color":"var(--ast-global-color-5)","background-image":"","background-repeat":"repeat","background-position":"center center","background-size":"auto","background-attachment":"scroll","background-type":"","background-media":"","overlay-type":"","overlay-color":"","overlay-opacity":"","overlay-gradient":""},"mobile":{"background-color":"var(--ast-global-color-5)","background-image":"","background-repeat":"repeat","background-position":"center center","background-size":"auto","background-attachment":"scroll","background-type":"","background-media":"","overlay-type":"","overlay-color":"","overlay-opacity":"","overlay-gradient":""}}},"product_brand":[],"product_cat":[37],"product_tag":[],"class_list":{"0":"post-1411","1":"product","2":"type-product","3":"status-publish","4":"has-post-thumbnail","6":"product_cat-nutricentials","7":"desktop-align-center","8":"tablet-align-left","9":"mobile-align-left","11":"first","12":"instock","13":"shipping-taxable","14":"purchasable","15":"product-type-simple"},"_links":{"self":[{"href":"https:\/\/ingasatiene.com\/lt\/wp-json\/wp\/v2\/product\/1411","targetHints":{"allow":["GET"]}}],"collection":[{"href":"https:\/\/ingasatiene.com\/lt\/wp-json\/wp\/v2\/product"}],"about":[{"href":"https:\/\/ingasatiene.com\/lt\/wp-json\/wp\/v2\/types\/product"}],"replies":[{"embeddable":true,"href":"https:\/\/ingasatiene.com\/lt\/wp-json\/wp\/v2\/comments?post=1411"}],"wp:featuredmedia":[{"embeddable":true,"href":"https:\/\/ingasatiene.com\/lt\/wp-json\/wp\/v2\/media\/1416"}],"wp:attachment":[{"href":"https:\/\/ingasatiene.com\/lt\/wp-json\/wp\/v2\/media?parent=1411"}],"wp:term":[{"taxonomy":"product_brand","embeddable":true,"href":"https:\/\/ingasatiene.com\/lt\/wp-json\/wp\/v2\/product_brand?post=1411"},{"taxonomy":"product_cat","embeddable":true,"href":"https:\/\/ingasatiene.com\/lt\/wp-json\/wp\/v2\/product_cat?post=1411"},{"taxonomy":"product_tag","embeddable":true,"href":"https:\/\/ingasatiene.com\/lt\/wp-json\/wp\/v2\/product_tag?post=1411"}],"curies":[{"name":"wp","href":"https:\/\/api.w.org\/{rel}","templated":true}]}}