{"id":1405,"date":"2026-01-27T08:37:40","date_gmt":"2026-01-27T08:37:40","guid":{"rendered":"https:\/\/ingasatiene.com\/?post_type=product&#038;p=1405"},"modified":"2026-02-10T09:31:30","modified_gmt":"2026-02-10T09:31:30","slug":"day-dream-protective-lotion-lightweight-day-moisturizer-spf-30","status":"publish","type":"product","link":"https:\/\/ingasatiene.com\/lt\/produktas\/day-dream-protective-lotion-lightweight-day-moisturizer-spf-30\/","title":{"rendered":"\"Day Dream\" apsauginis losjonas Lengvas dieninis dr\u0117kinamasis kremas SPF 30"},"content":{"rendered":"<p>The Day Dream Protective Lotion formula contains SPF 30 for an added boost of UVB protection, and that\u2019s only the beginning. Our bioadaptive botanical complex helps improve your skin\u2019s ability to adapt to the adverse effects of stress, pollution, and oxidative stress.<\/p>\n<p>But we know it will face more than that. Carnosine, our blue light and infrared antioxidant ingredient, adds further protection. It helps to negate the effects of excessive exposure to blue light and infrared on your skin. At the same time, a ginger root extract leaves it looking vibrant.<\/p>\n<div class=\"topContent_-+m8Y\">\n<div class=\"contentHalf_raKE0\">\n<div class=\"innerContent_ON0Sz\">\n<div class=\"section_w2M+K\">\n<div class=\"paragraph_LCEYm\">Tepkite gausiai veid\u0105 ir kakl\u0105 judesiais \u012f vir\u0161\u0173 ir \u012f i\u0161or\u0119. Naudokite kiekvien\u0105 ryt\u0105.<\/div>\n<div><\/div>\n<\/div>\n<div>\n<div class=\"root_y+ekh productDetails_UoG-i\" data-drawer-ingredients=\"drawer-ingredients\">\n<div class=\"body_v2rxJ\" data-testid=\"collapsibleSectionOpen-true\">\n<div class=\"ns-animate-height\" data-v-334c525f=\"\" data-testid=\"height-container\">\n<div data-v-334c525f=\"\">\n<div class=\"slot_7HfpF\" data-v-334c525f=\"\">\n<div class=\"slotContent_8-gqs\" data-v-334c525f=\"\">\n<div data-v-334c525f=\"\">\n<div class=\"whatPowersIt_WmDmq\" data-v-334c525f=\"\">\n<div class=\"productIngredients_HvCeD\" data-v-334c525f=\"\">\n<div class=\"root_JCPsA\" data-v-334c525f=\"\">\n<div class=\"ingredient_XkGkP\">\n<h5 class=\"ingredientLabel_V8VdP\">Visos sudedamosios dalys<\/h5>\n<div class=\"ingredientBody_jAn5+\">Aqua, Butylene Glycol, Ethylhexyl Salicylate, Octocrylene, Butyl Methoxydibenzoylmethane, Butyloctyl Salicylate, C12-15 Alkyl Benzoate, Caprylyl Methicone, Pentylene Glycol, Isodecyl Neopentanoate, Cetyl Dimethicone, Potassium Cetyl Phosphate, Triacontanyl PVP, Silica, Cetearyl Alcohol, Eleutherococcus Senticosus Root Extract, Rhodiola Rosea Extract, Rhaponticum Carthamoides Root Extract, Inonotus Obliquus Extract, Selaginella Lepidophylla Extract, Carnosine, Zingiber Officinale Root Extract, Oryza Sativa Bran Extract, Cucurbita Pepo Fruit Extract, Mauritia Flexuosa Fruit Oil, Helianthus Annuus Extract, Cartamus Tinctorius Seed Oil, Rosmarinus Officinalis Leaf Extract, Tocopherol, Glucose, Hydroxyacetophenone, Cyclopentasiloxane, Isopropyl Alcohol, Coco-Glucoside, C20-22 Alkyl Phosphate, C20-22 Alcohols, Sodium Chloride, Xanthan Gum, Disodium EDTA, Sodium Hydroxide, Parfum, Chlorphenesin, Benzoic Acid, Phenoxyethanol, Sodium Benzoate, Hexyl Cinnamal, Linalool, Limonene, Alpha-Isomethyl Ionone, Geraniol, Citronellol<\/div>\n<\/div>\n<\/div>\n<\/div>\n<\/div>\n<\/div>\n<\/div>\n<\/div>\n<\/div>\n<\/div>\n<\/div>\n<\/div>\n<div class=\"root_y+ekh productDetails_UoG-i\" data-drawer-disclaimer=\"drawer-disclaimer\">\n<div class=\"header_B4uWq notCollapsible_H2EHx\" data-testid=\"collapsibleSectionClick\" data-testid-value=\"disclaimers\">\n<div class=\"headerContent_Z43Gw\"><\/div>\n<\/div>\n<div class=\"body_v2rxJ\" data-testid=\"collapsibleSectionOpen-true\">\n<div class=\"ns-animate-height\" data-v-334c525f=\"\" data-testid=\"height-container\">\n<div data-v-334c525f=\"\">\n<div class=\"slot_7HfpF\" data-v-334c525f=\"\">\n<div class=\"slotContent_8-gqs\" data-v-334c525f=\"\">\n<div class=\"root_IOs7F\" data-v-334c525f=\"\">\n<div>\n<div class=\"warning_-sJ4F\">\n<div class=\"warningBody_oPsFx\" data-disclaimer-drawer-html=\"disclaimer-drawer-html\">\n<div class=\"warning_-sJ4F\">\n<div class=\"warningBody_oPsFx\" data-disclaimer-drawer-html=\"disclaimer-drawer-html\">\n<p><strong>Ypatingos atsargumo priemon\u0117s<\/strong>: Avoid contact with eyes and lips. For external use only. If any adverse reaction occurs, stop using the product. Inform your doctor if your condition persists.Do not use for children under 6 years old. Do not use on irritated or damaged skin.<\/p>\n<\/div>\n<\/div>\n<div class=\"warning_-sJ4F\">\n<div class=\"warningBody_oPsFx\" data-disclaimer-drawer-html=\"disclaimer-drawer-html\">\n<p>To make sure that you can continue enjoying Nutricentials Day Dream Protective Lotion, the EU-marketed product is temporarily replaced by the US-marketed one, resulting in slight differences on the packaging. Rest assured that there is no change to the quality or the efficacy of the product.<\/p>\n<\/div>\n<\/div>\n<\/div>\n<\/div>\n<\/div>\n<\/div>\n<\/div>\n<\/div>\n<\/div>\n<\/div>\n<\/div>\n<\/div>\n<\/div>\n<\/div>\n<\/div>\n<\/div>","protected":false},"excerpt":{"rendered":"<p>Start your day with Nutricentials Protective Lotion and spend it with skin that looks dewy and radiant \u2013 no matter what comes your way.<\/p>","protected":false},"featured_media":1410,"comment_status":"open","ping_status":"closed","template":"","meta":{"site-sidebar-layout":"default","site-content-layout":"","ast-site-content-layout":"default","site-content-style":"default","site-sidebar-style":"default","ast-global-header-display":"","ast-banner-title-visibility":"","ast-main-header-display":"","ast-hfb-above-header-display":"","ast-hfb-below-header-display":"","ast-hfb-mobile-header-display":"","site-post-title":"","ast-breadcrumbs-content":"","ast-featured-img":"","footer-sml-layout":"","ast-disable-related-posts":"","theme-transparent-header-meta":"default","adv-header-id-meta":"","stick-header-meta":"","header-above-stick-meta":"","header-main-stick-meta":"","header-below-stick-meta":"","astra-migrate-meta-layouts":"set","ast-page-background-enabled":"default","ast-page-background-meta":{"desktop":{"background-color":"var(--ast-global-color-4)","background-image":"","background-repeat":"repeat","background-position":"center center","background-size":"auto","background-attachment":"scroll","background-type":"","background-media":"","overlay-type":"","overlay-color":"","overlay-opacity":"","overlay-gradient":""},"tablet":{"background-color":"","background-image":"","background-repeat":"repeat","background-position":"center center","background-size":"auto","background-attachment":"scroll","background-type":"","background-media":"","overlay-type":"","overlay-color":"","overlay-opacity":"","overlay-gradient":""},"mobile":{"background-color":"","background-image":"","background-repeat":"repeat","background-position":"center center","background-size":"auto","background-attachment":"scroll","background-type":"","background-media":"","overlay-type":"","overlay-color":"","overlay-opacity":"","overlay-gradient":""}},"ast-content-background-meta":{"desktop":{"background-color":"var(--ast-global-color-5)","background-image":"","background-repeat":"repeat","background-position":"center center","background-size":"auto","background-attachment":"scroll","background-type":"","background-media":"","overlay-type":"","overlay-color":"","overlay-opacity":"","overlay-gradient":""},"tablet":{"background-color":"var(--ast-global-color-5)","background-image":"","background-repeat":"repeat","background-position":"center center","background-size":"auto","background-attachment":"scroll","background-type":"","background-media":"","overlay-type":"","overlay-color":"","overlay-opacity":"","overlay-gradient":""},"mobile":{"background-color":"var(--ast-global-color-5)","background-image":"","background-repeat":"repeat","background-position":"center center","background-size":"auto","background-attachment":"scroll","background-type":"","background-media":"","overlay-type":"","overlay-color":"","overlay-opacity":"","overlay-gradient":""}}},"product_brand":[],"product_cat":[37],"product_tag":[],"class_list":{"0":"post-1405","1":"product","2":"type-product","3":"status-publish","4":"has-post-thumbnail","6":"product_cat-nutricentials","7":"desktop-align-center","8":"tablet-align-left","9":"mobile-align-left","11":"first","12":"instock","13":"shipping-taxable","14":"purchasable","15":"product-type-simple"},"_links":{"self":[{"href":"https:\/\/ingasatiene.com\/lt\/wp-json\/wp\/v2\/product\/1405","targetHints":{"allow":["GET"]}}],"collection":[{"href":"https:\/\/ingasatiene.com\/lt\/wp-json\/wp\/v2\/product"}],"about":[{"href":"https:\/\/ingasatiene.com\/lt\/wp-json\/wp\/v2\/types\/product"}],"replies":[{"embeddable":true,"href":"https:\/\/ingasatiene.com\/lt\/wp-json\/wp\/v2\/comments?post=1405"}],"wp:featuredmedia":[{"embeddable":true,"href":"https:\/\/ingasatiene.com\/lt\/wp-json\/wp\/v2\/media\/1410"}],"wp:attachment":[{"href":"https:\/\/ingasatiene.com\/lt\/wp-json\/wp\/v2\/media?parent=1405"}],"wp:term":[{"taxonomy":"product_brand","embeddable":true,"href":"https:\/\/ingasatiene.com\/lt\/wp-json\/wp\/v2\/product_brand?post=1405"},{"taxonomy":"product_cat","embeddable":true,"href":"https:\/\/ingasatiene.com\/lt\/wp-json\/wp\/v2\/product_cat?post=1405"},{"taxonomy":"product_tag","embeddable":true,"href":"https:\/\/ingasatiene.com\/lt\/wp-json\/wp\/v2\/product_tag?post=1405"}],"curies":[{"name":"wp","href":"https:\/\/api.w.org\/{rel}","templated":true}]}}