{"id":1400,"date":"2026-01-27T08:34:35","date_gmt":"2026-01-27T08:34:35","guid":{"rendered":"https:\/\/ingasatiene.com\/?post_type=product&#038;p=1400"},"modified":"2026-02-10T09:31:37","modified_gmt":"2026-02-10T09:31:37","slug":"day-dream-protective-cream-creamy-day-moisturizer-spf-30","status":"publish","type":"product","link":"https:\/\/ingasatiene.com\/lt\/produktas\/day-dream-protective-cream-creamy-day-moisturizer-spf-30\/","title":{"rendered":"\"Day Dream\" apsauginis kremas Kreminis dieninis dr\u0117kinamasis kremas SPF 30"},"content":{"rendered":"<p>\u0160iame prabangiame veido kreme yra SPF 30, kuris papildomai apsaugo nuo saul\u0117s, ir biologi\u0161kai prisitaikan\u010di\u0173 augalini\u0173 ekstrakt\u0173, padedan\u010di\u0173 apsaugoti od\u0105 nuo neigiamo aplinkos poveikio. Unikalus m\u0117lynosios \u0161viesos ir infraraudon\u0173j\u0173 spinduli\u0173 filtravimo ingredientas taip pat padeda suma\u017einti pernelyg didelio m\u0117lynosios \u0161viesos ir infraraudon\u0173j\u0173 spinduli\u0173 poveikio poveik\u012f.<\/p>\n<ul>\n<li>Bioadaptyvios augalin\u0117s med\u017eiagos padeda padidinti odos geb\u0117jim\u0105 prisitaikyti prie aplinkos.<\/li>\n<li>Platus spektro (UVA ir UVB) SPF 30 apsauga<\/li>\n<li>Apsaugo nuo neigiamo UV, m\u0117lynosios ir infraraudon\u0173j\u0173 spinduli\u0173 poveikio.<\/li>\n<li>Padeda i\u0161vengti odos spalvos poky\u010di\u0173, pilkumo ir ankstyv\u0173 matom\u0173 odos sen\u0117jimo po\u017eymi\u0173.<\/li>\n<li>Padeda apsisaugoti nuo neigiamo streso, tar\u0161os ir oksidacinio streso poveikio.<\/li>\n<li>Efektyviai dr\u0117kina, nesuteikdamas sunkumo poj\u016b\u010dio ir nepalikdamas riebi\u0173 liku\u010di\u0173.<\/li>\n<li>Suteikia odai \u0161vyt\u0117jimo ir skaistumo, oda atrodo \u0161vytinti.<\/li>\n<li>Vamzdelis pagamintas i\u0161 34% perdirbto plastiko.<\/li>\n<\/ul>\n<p>Tepkite gausiai veid\u0105 ir kakl\u0105 judesiais \u012f vir\u0161\u0173 ir \u012f i\u0161or\u0119. Naudokite kiekvien\u0105 ryt\u0105.<\/p>\n<h5 class=\"ingredientLabel_V8VdP\">Visos sudedamosios dalys<\/h5>\n<div class=\"ingredientBody_jAn5+\">Vanduo, etilheksilo salicilatas, oktokrilenas, poliglicerilo-6 stearatas, butilmetoksidibenzoilmetanas, butilen glikolis, butiloktylo salicilatas, C12-15 alkilo benzoatas, cetilo dimetikonas, izodecilo neopentanoatas, kalio cetilo fosfatas, triacontanil PVP, propandiolis, cetearilo alkoholis, glicerinas, Batylo alkoholis, silicio dioksidas, Eleutherocococcus senticosus \u0161akn\u0173 ekstraktas, Rhodiola Rosea ekstraktas, Rhaponticum Carthamoides \u0161akn\u0173 ekstraktas, Inonotus Obliquus ekstraktas, Selaginella Lepidophylla ekstraktas, Capsicum Annuum vaisi\u0173 ekstraktas, bisabololis, tokoferilo acetatas, tokoferolis, Oryza Sativa s\u0117len\u0173 ekstraktas, Cucurbita Pepo vaisi\u0173 ekstraktas, Mauritia Flexuosa vaisi\u0173 aliejus, Rosmarinus Officinalis lap\u0173 ekstraktas, Helianthus Annuus ekstraktas, Cartamus Tinctorius s\u0117kl\u0173 aliejus, T-butilo alkoholis, izopropilo alkoholis, poligliceril-6 behenatas, ksantano derva, glicerilo distearatas, glicerilo stearatas, amonio akriloildimetiltaurato\/VP kopolimeras, dinatrio EDTA, kaprilohidroksamo r\u016bg\u0161tis, citrin\u0173 r\u016bg\u0161tis, natrio hidroksidas, natrio oksidas, parfumas, fenoksietanolis, chlorfenezinas, natrio dehidroacetatas, natrio benzoatas, natrio salicilatas, heksilcinamolis, linaloolis, limonenas, alfa-izometiljononas, geraniolis, citronelolis.<\/div>\n<div><\/div>\n<div><strong>Ypatingos atsargumo priemon\u0117s<\/strong>: Vengti patekimo \u012f akis ir l\u016bpas. Tik i\u0161oriniam naudojimui. Jei pasirei\u0161k\u0117 bet kokia nepageidaujama reakcija, nutraukite produkto naudojim\u0105. Jei b\u016bkl\u0117 i\u0161lieka, informuokite gydytoj\u0105. Nenaudoti jaunesniems nei 6 met\u0173 vaikams. Nenaudokite ant sudirgusios ar pa\u017eeistos odos.<\/div>","protected":false},"excerpt":{"rendered":"<p>Ar svajojate apie nauj\u0105 kasdien\u012f dr\u0117kinam\u0105j\u012f krem\u0105, kuris pad\u0117t\u0173 j\u016bs\u0173 odai i\u0161likti \u0161velniai ir sudr\u0117kintai? Dienos svajoni\u0173 apsauginis kremas yra \u010dia, kad tai tapt\u0173 realybe, nesvarbu, k\u0105 gyvenimas jums i\u0161kr\u0117st\u0173.<\/p>","protected":false},"featured_media":1404,"comment_status":"open","ping_status":"closed","template":"","meta":{"site-sidebar-layout":"default","site-content-layout":"","ast-site-content-layout":"default","site-content-style":"default","site-sidebar-style":"default","ast-global-header-display":"","ast-banner-title-visibility":"","ast-main-header-display":"","ast-hfb-above-header-display":"","ast-hfb-below-header-display":"","ast-hfb-mobile-header-display":"","site-post-title":"","ast-breadcrumbs-content":"","ast-featured-img":"","footer-sml-layout":"","ast-disable-related-posts":"","theme-transparent-header-meta":"default","adv-header-id-meta":"","stick-header-meta":"","header-above-stick-meta":"","header-main-stick-meta":"","header-below-stick-meta":"","astra-migrate-meta-layouts":"set","ast-page-background-enabled":"default","ast-page-background-meta":{"desktop":{"background-color":"var(--ast-global-color-4)","background-image":"","background-repeat":"repeat","background-position":"center center","background-size":"auto","background-attachment":"scroll","background-type":"","background-media":"","overlay-type":"","overlay-color":"","overlay-opacity":"","overlay-gradient":""},"tablet":{"background-color":"","background-image":"","background-repeat":"repeat","background-position":"center center","background-size":"auto","background-attachment":"scroll","background-type":"","background-media":"","overlay-type":"","overlay-color":"","overlay-opacity":"","overlay-gradient":""},"mobile":{"background-color":"","background-image":"","background-repeat":"repeat","background-position":"center center","background-size":"auto","background-attachment":"scroll","background-type":"","background-media":"","overlay-type":"","overlay-color":"","overlay-opacity":"","overlay-gradient":""}},"ast-content-background-meta":{"desktop":{"background-color":"var(--ast-global-color-5)","background-image":"","background-repeat":"repeat","background-position":"center center","background-size":"auto","background-attachment":"scroll","background-type":"","background-media":"","overlay-type":"","overlay-color":"","overlay-opacity":"","overlay-gradient":""},"tablet":{"background-color":"var(--ast-global-color-5)","background-image":"","background-repeat":"repeat","background-position":"center center","background-size":"auto","background-attachment":"scroll","background-type":"","background-media":"","overlay-type":"","overlay-color":"","overlay-opacity":"","overlay-gradient":""},"mobile":{"background-color":"var(--ast-global-color-5)","background-image":"","background-repeat":"repeat","background-position":"center center","background-size":"auto","background-attachment":"scroll","background-type":"","background-media":"","overlay-type":"","overlay-color":"","overlay-opacity":"","overlay-gradient":""}}},"product_brand":[],"product_cat":[37],"product_tag":[],"class_list":{"0":"post-1400","1":"product","2":"type-product","3":"status-publish","4":"has-post-thumbnail","6":"product_cat-nutricentials","7":"desktop-align-center","8":"tablet-align-left","9":"mobile-align-left","11":"first","12":"instock","13":"shipping-taxable","14":"purchasable","15":"product-type-simple"},"_links":{"self":[{"href":"https:\/\/ingasatiene.com\/lt\/wp-json\/wp\/v2\/product\/1400","targetHints":{"allow":["GET"]}}],"collection":[{"href":"https:\/\/ingasatiene.com\/lt\/wp-json\/wp\/v2\/product"}],"about":[{"href":"https:\/\/ingasatiene.com\/lt\/wp-json\/wp\/v2\/types\/product"}],"replies":[{"embeddable":true,"href":"https:\/\/ingasatiene.com\/lt\/wp-json\/wp\/v2\/comments?post=1400"}],"wp:featuredmedia":[{"embeddable":true,"href":"https:\/\/ingasatiene.com\/lt\/wp-json\/wp\/v2\/media\/1404"}],"wp:attachment":[{"href":"https:\/\/ingasatiene.com\/lt\/wp-json\/wp\/v2\/media?parent=1400"}],"wp:term":[{"taxonomy":"product_brand","embeddable":true,"href":"https:\/\/ingasatiene.com\/lt\/wp-json\/wp\/v2\/product_brand?post=1400"},{"taxonomy":"product_cat","embeddable":true,"href":"https:\/\/ingasatiene.com\/lt\/wp-json\/wp\/v2\/product_cat?post=1400"},{"taxonomy":"product_tag","embeddable":true,"href":"https:\/\/ingasatiene.com\/lt\/wp-json\/wp\/v2\/product_tag?post=1400"}],"curies":[{"name":"wp","href":"https:\/\/api.w.org\/{rel}","templated":true}]}}