{"id":1386,"date":"2026-01-27T07:52:27","date_gmt":"2026-01-27T07:52:27","guid":{"rendered":"https:\/\/ingasatiene.com\/?post_type=product&#038;p=1386"},"modified":"2026-03-06T11:50:53","modified_gmt":"2026-03-06T11:50:53","slug":"nutricentials-pumps-ceramides-postbiotics","status":"publish","type":"product","link":"https:\/\/ingasatiene.com\/lt\/produktas\/nutricentials-pumps-ceramides-postbiotics\/","title":{"rendered":"\"Nutricentials\" siurbliai keramidai + postbiotikai"},"content":{"rendered":"<p>\"Nutricentials Pumps Ceramides + Postbiotics\", kurio sud\u0117tyje yra m\u016bs\u0173 bioadaptyvus botaninis kompleksas, padeda apsaugoti od\u0105 nuo neigiamo aplinkos poveikio ir padidina jos atsparum\u0105 jam. Kartu koncentruotas odai identi\u0161k\u0173 keramid\u0173 ir postbiotiko (Lactobacillus Ferment) mi\u0161inys padeda apsaugoti ir sustiprinti gyvybi\u0161kai svarb\u0173 odos dr\u0117gm\u0117s barjer\u0105.<\/p>\n<div class=\"topContent_-+m8Y\">\n<div class=\"contentHalf_raKE0\">\n<div class=\"innerContent_ON0Sz\">\n<div class=\"section_w2M+K\">\n<h3 class=\"sectionTitle_iGQAh\">\u017dingsniai<\/h3>\n<div class=\"step_fh9sc\">\n<div class=\"stepNumber_R3mij\"><strong>1\u00a0 \u00a0 \u00a0<\/strong>Kiekvien\u0105 ryt\u0105 ir vakar\u0105 po veido valymo ir tonizavimo u\u017ela\u0161inkite 2-3 la\u0161us.<\/div>\n<\/div>\n<div class=\"step_fh9sc\">\n<div class=\"stepNumber_R3mij\"><strong>2\u00a0 \u00a0 \u00a0<\/strong>Po to naudokite m\u0117gstam\u0105 serum\u0105 ir dr\u0117kinam\u0105j\u012f krem\u0105.<\/div>\n<div><\/div>\n<\/div>\n<\/div>\n<div class=\"section_w2M+K\">\n<h3 class=\"sectionTitle_iGQAh\">Rekomendacija (-os)<\/h3>\n<div class=\"paragraph_LCEYm\">Atsi\u017evelgdami \u012f savo odos poreikius, galite rinktis vien\u0105 arba visus tris siurblius. Rekomenduojame pirmiausia naudoti t\u0105 pompa, kuri labiausiai r\u016bpinasi j\u016bs\u0173 oda, o tada sluoksniuoti su kita pompa arba \"Celltrex Always Right Recovery Fluid\".<\/div>\n<div><\/div>\n<\/div>\n<\/div>\n<\/div>\n<div>\n<h5 class=\"ingredientLabel_V8VdP\">Visos sudedamosios dalys<\/h5>\n<div class=\"ingredientBody_jAn5+\">Vanduo, butilenglikolis, glicerinas, Pyrus Malus vaisi\u0173 ekstraktas, ektoinas, maltodekstrinas, Lactobacillus fermentas, natrio PCA, etilheksilglicerinas, natrio laktatas, PCA, planktono ekstraktas, Ceramide NP, serinas, alaninas, glicinas, Inonotus Obliquus ekstraktas, Rhaponticum Carthamoides \u0161akn\u0173 ekstraktas, Rhodiola Rosea ekstraktas, Selaginella Lepidophylla ekstraktas, Ceramide AP, fitosfingozinas, cholesterolis, glutamo r\u016bg\u0161tis, lizino HCL, treoninas, argininas, prolinas, keramidas EOP, natrio askorbatas, tokoferolis, ksantano derva, sklero\u010di\u0173 derva, karbomeras, betainas, lecitinas, natrio lauroilo laktilatas, Eleutherocococcus senticosus \u0161akn\u0173 ekstraktas, pullulanas, silicio dioksidas, tetranatrio glutamato diacetatas, natrio hidroksidas, fenoksietanolis, natrio benzoatas.<\/div>\n<\/div>\n<\/div>","protected":false},"excerpt":{"rendered":"<p>\"Nutricentials Pumps Ceramides + Postbiotics\" suteikia odai papildomo dr\u0117kinimo, padeda nuraminti ir akivaizd\u017eiai i\u0161lyginti od\u0105.<\/p>","protected":false},"featured_media":1393,"comment_status":"open","ping_status":"closed","template":"","meta":{"site-sidebar-layout":"default","site-content-layout":"","ast-site-content-layout":"default","site-content-style":"default","site-sidebar-style":"default","ast-global-header-display":"","ast-banner-title-visibility":"","ast-main-header-display":"","ast-hfb-above-header-display":"","ast-hfb-below-header-display":"","ast-hfb-mobile-header-display":"","site-post-title":"","ast-breadcrumbs-content":"","ast-featured-img":"","footer-sml-layout":"","ast-disable-related-posts":"","theme-transparent-header-meta":"default","adv-header-id-meta":"","stick-header-meta":"","header-above-stick-meta":"","header-main-stick-meta":"","header-below-stick-meta":"","astra-migrate-meta-layouts":"set","ast-page-background-enabled":"default","ast-page-background-meta":{"desktop":{"background-color":"var(--ast-global-color-4)","background-image":"","background-repeat":"repeat","background-position":"center center","background-size":"auto","background-attachment":"scroll","background-type":"","background-media":"","overlay-type":"","overlay-color":"","overlay-opacity":"","overlay-gradient":""},"tablet":{"background-color":"","background-image":"","background-repeat":"repeat","background-position":"center center","background-size":"auto","background-attachment":"scroll","background-type":"","background-media":"","overlay-type":"","overlay-color":"","overlay-opacity":"","overlay-gradient":""},"mobile":{"background-color":"","background-image":"","background-repeat":"repeat","background-position":"center center","background-size":"auto","background-attachment":"scroll","background-type":"","background-media":"","overlay-type":"","overlay-color":"","overlay-opacity":"","overlay-gradient":""}},"ast-content-background-meta":{"desktop":{"background-color":"var(--ast-global-color-5)","background-image":"","background-repeat":"repeat","background-position":"center center","background-size":"auto","background-attachment":"scroll","background-type":"","background-media":"","overlay-type":"","overlay-color":"","overlay-opacity":"","overlay-gradient":""},"tablet":{"background-color":"var(--ast-global-color-5)","background-image":"","background-repeat":"repeat","background-position":"center center","background-size":"auto","background-attachment":"scroll","background-type":"","background-media":"","overlay-type":"","overlay-color":"","overlay-opacity":"","overlay-gradient":""},"mobile":{"background-color":"var(--ast-global-color-5)","background-image":"","background-repeat":"repeat","background-position":"center center","background-size":"auto","background-attachment":"scroll","background-type":"","background-media":"","overlay-type":"","overlay-color":"","overlay-opacity":"","overlay-gradient":""}}},"product_brand":[],"product_cat":[37],"product_tag":[],"class_list":{"0":"post-1386","1":"product","2":"type-product","3":"status-publish","4":"has-post-thumbnail","6":"product_cat-nutricentials","7":"desktop-align-center","8":"tablet-align-left","9":"mobile-align-left","11":"first","12":"instock","13":"shipping-taxable","14":"purchasable","15":"product-type-simple"},"_links":{"self":[{"href":"https:\/\/ingasatiene.com\/lt\/wp-json\/wp\/v2\/product\/1386","targetHints":{"allow":["GET"]}}],"collection":[{"href":"https:\/\/ingasatiene.com\/lt\/wp-json\/wp\/v2\/product"}],"about":[{"href":"https:\/\/ingasatiene.com\/lt\/wp-json\/wp\/v2\/types\/product"}],"replies":[{"embeddable":true,"href":"https:\/\/ingasatiene.com\/lt\/wp-json\/wp\/v2\/comments?post=1386"}],"wp:featuredmedia":[{"embeddable":true,"href":"https:\/\/ingasatiene.com\/lt\/wp-json\/wp\/v2\/media\/1393"}],"wp:attachment":[{"href":"https:\/\/ingasatiene.com\/lt\/wp-json\/wp\/v2\/media?parent=1386"}],"wp:term":[{"taxonomy":"product_brand","embeddable":true,"href":"https:\/\/ingasatiene.com\/lt\/wp-json\/wp\/v2\/product_brand?post=1386"},{"taxonomy":"product_cat","embeddable":true,"href":"https:\/\/ingasatiene.com\/lt\/wp-json\/wp\/v2\/product_cat?post=1386"},{"taxonomy":"product_tag","embeddable":true,"href":"https:\/\/ingasatiene.com\/lt\/wp-json\/wp\/v2\/product_tag?post=1386"}],"curies":[{"name":"wp","href":"https:\/\/api.w.org\/{rel}","templated":true}]}}