{"id":1372,"date":"2026-01-27T07:30:37","date_gmt":"2026-01-27T07:30:37","guid":{"rendered":"https:\/\/ingasatiene.com\/?post_type=product&#038;p=1372"},"modified":"2026-02-10T09:32:16","modified_gmt":"2026-02-10T09:32:16","slug":"nutricentials-here-you-glow","status":"publish","type":"product","link":"https:\/\/ingasatiene.com\/lt\/produktas\/nutricentials-here-you-glow\/","title":{"rendered":"Nutricentials Here You Glow"},"content":{"rendered":"<p><span dir=\"auto\">Gaukite daugiau \u0161vyt\u0117jimo ir \u0161varesn\u0117s odos su \"Nutricentials Here You Glow\" veido toniku, kuris ne tik tonizuoja.<\/span><\/p>\n<p><span dir=\"auto\">\u0160ioje kruop\u0161\u010diai subalansuotoje formul\u0117je yra unikalus hidroksir\u016bg\u0161\u010di\u0173 mi\u0161inys, kuris suteikia odai \u0161velnumo, glotnumo, sveikumo ir matomo \u0161vyt\u0117jimo, taip pat salicilo r\u016bg\u0161ties, padedan\u010dios suma\u017einti d\u0117meli\u0173 atsiradim\u0105. Kartu naudojant \u0161\u012f valikl\u012f suma\u017e\u0117s nauj\u0173 spuog\u0173 skai\u010dius. Oda lieka \u0161vari, skaidri ir \u0161vytinti - pasiruo\u0161usi viskam, kas bus toliau!<\/span><\/p>\n<ul>\n<li><span dir=\"auto\">Pagaminta i\u0161 biologi\u0161kai prisitaikan\u010di\u0173 augalini\u0173 organizm\u0173.<\/span><\/li>\n<li><span dir=\"auto\">Sud\u0117tyje yra veiksmingas 10% AHA, BHA ir PHA mi\u0161inys, kad oda b\u016bt\u0173 akivaizd\u017eiai \u0161velni, lygi ir \u0161vytinti.<\/span><\/li>\n<li><span dir=\"auto\">Prisideda prie geresnio l\u0105steli\u0173 atsinaujinimo, nes \u0161vei\u010dia ir toliau atpalaiduoja negyvas odos l\u0105steles odos pavir\u0161iuje.<\/span><\/li>\n<li><span dir=\"auto\">Padeda i\u0161laisvinti poras u\u017ekem\u0161an\u010dius riebalus ir ne\u0161varumus ir suma\u017eina por\u0173 matomum\u0105.<\/span><\/li>\n<li><span dir=\"auto\">Padeda pagerinti spuog\u0173 i\u0161vaizd\u0105, kad oda b\u016bt\u0173 \u0161varesn\u0117 ir skaidresn\u0117.<\/span><\/li>\n<li><span dir=\"auto\">Dr\u0117kina od\u0105, pritraukdamas ir suri\u0161damas dr\u0117gm\u0119, kad oda b\u016bt\u0173 akivaizd\u017eiai sveikesn\u0117 ir elastingesn\u0117.<\/span><\/li>\n<li><span dir=\"auto\">Paruo\u0161ia od\u0105 daugiau produkt\u0173, pavyzd\u017eiui, serum\u0173 ir dr\u0117kinam\u0173j\u0173 krem\u0173, naudojimui.<\/span><\/li>\n<li><span dir=\"auto\">Did\u017eiuojam\u0117s gal\u0117dami pasakyti, kad buteliukas pagamintas i\u0161 100% perdirbto plastiko.<\/span><\/li>\n<\/ul>\n<div class=\"summary_oIC6-\">\n<p><span dir=\"auto\">Klinikiniai rezultatai po dviej\u0173 savai\u010di\u0173<\/span><\/p>\n<\/div>\n<div class=\"result_A91TQ\">\n<div class=\"percentage_3xTzj\">100%<\/div>\n<div class=\"resultText_mqEis\"><span dir=\"auto\">dalyvi\u0173 teig\u0117, kad j\u0173 oda atrod\u0117 skaistesn\u0117*.<\/span><\/div>\n<\/div>\n<div><\/div>\n<div>\n<div class=\"topContent_-+m8Y\">\n<div class=\"contentHalf_raKE0\">\n<div class=\"innerContent_ON0Sz\">\n<div class=\"section_w2M+K\">\n<div class=\"paragraph_LCEYm\"><span dir=\"auto\">U\u017etepkite Here You Glow ant vatos diskelio po valymo. Sudr\u0117kint\u0105 vatos diskel\u012f u\u017etepkite ant veido ir kaklo judesiais \u012f vir\u0161\u0173 ir \u012f i\u0161or\u0119, vengdami aki\u0173 srities. Prie\u0161 tepdami serum\u0105 ir dr\u0117kinam\u0105j\u012f krem\u0105, leiskite jam i\u0161d\u017ei\u016bti. Naudokite kasdien, ryte ir vakare.<\/span><\/div>\n<\/div>\n<\/div>\n<\/div>\n<\/div>\n<div class=\"section_w2M+K warnings_7fKka\">\n<div class=\"paragraph_LCEYm\"><span dir=\"auto\">Prie\u0161 naudodami i\u0161bandykite produkt\u0105 ant nedidelio odos ploto. Nedelsiant nutraukite naudojim\u0105, jei oda paraudonuoja ar sudirgsta.<\/span><\/div>\n<div><\/div>\n<\/div>\n<\/div>\n<div>\n<div class=\"root_y+ekh productDetails_UoG-i\" data-drawer-ingredients=\"drawer-ingredients\">\n<div class=\"body_v2rxJ\" data-testid=\"collapsibleSectionOpen-true\">\n<div class=\"ns-animate-height\" data-v-334c525f=\"\" data-testid=\"height-container\">\n<div data-v-334c525f=\"\">\n<div class=\"slot_7HfpF\" data-v-334c525f=\"\">\n<div class=\"slotContent_8-gqs\" data-v-334c525f=\"\">\n<div data-v-334c525f=\"\">\n<div class=\"whatPowersIt_WmDmq\" data-v-334c525f=\"\">\n<div class=\"productIngredients_HvCeD\" data-v-334c525f=\"\">\n<div class=\"root_JCPsA\" data-v-334c525f=\"\">\n<div class=\"ingredient_XkGkP\">\n<h5 class=\"ingredientLabel_V8VdP\"><span dir=\"auto\">Visos sudedamosios dalys<\/span><\/h5>\n<div class=\"ingredientBody_jAn5+\">Vanduo, butileno glikolis, pieno r\u016bg\u0161tis, glikolio r\u016bg\u0161tis, natrio hidroksidas, glicerinas, gliukonolaktonas, obuoli\u0173 r\u016bg\u0161tis, Selaginella Lepidophylla ekstraktas, Rhodiola Rosea ekstraktas, salicilo r\u016bg\u0161tis, etilheksilglicerinas, Inonotus Obliquus ekstraktas, Rhaponticum Carthamoides \u0161akn\u0173 ekstraktas, Aloe Barbadensis lap\u0173 sultys, niacinamidas, Eleutherocococcus Senticosus \u0161akn\u0173 ekstraktas, ksantano derva, natrio ferocianidas, natrio chloridas, fenoksietanolis, natrio benzoatas.<\/div>\n<\/div>\n<div><\/div>\n<div><\/div>\n<div><\/div>\n<div>*Rezultatai gauti atlikus vidin\u012f vartotoj\u0173 tyrim\u0105, kuriame dalyvavo 25 dalyviai, kurie dvi savaites du kartus per dien\u0105 naudojo \"Here You Glow Exfoliating Toner\" ant veido ir tik tada patys \u012fvertino matomus rezultatus.<\/div>\n<\/div>\n<\/div>\n<\/div>\n<\/div>\n<\/div>\n<\/div>\n<\/div>\n<\/div>\n<\/div>\n<\/div>\n<\/div>","protected":false},"excerpt":{"rendered":"<p>Gaukite daugiau \u0161vyt\u0117jimo ir \u0161varesn\u0117s odos su \"Nutricentials Here You Glow\" veido toniku, kuris ne tik tonizuoja.<\/p>","protected":false},"featured_media":1377,"comment_status":"open","ping_status":"closed","template":"","meta":{"site-sidebar-layout":"default","site-content-layout":"","ast-site-content-layout":"default","site-content-style":"default","site-sidebar-style":"default","ast-global-header-display":"","ast-banner-title-visibility":"","ast-main-header-display":"","ast-hfb-above-header-display":"","ast-hfb-below-header-display":"","ast-hfb-mobile-header-display":"","site-post-title":"","ast-breadcrumbs-content":"","ast-featured-img":"","footer-sml-layout":"","ast-disable-related-posts":"","theme-transparent-header-meta":"default","adv-header-id-meta":"","stick-header-meta":"","header-above-stick-meta":"","header-main-stick-meta":"","header-below-stick-meta":"","astra-migrate-meta-layouts":"set","ast-page-background-enabled":"default","ast-page-background-meta":{"desktop":{"background-color":"var(--ast-global-color-4)","background-image":"","background-repeat":"repeat","background-position":"center center","background-size":"auto","background-attachment":"scroll","background-type":"","background-media":"","overlay-type":"","overlay-color":"","overlay-opacity":"","overlay-gradient":""},"tablet":{"background-color":"","background-image":"","background-repeat":"repeat","background-position":"center center","background-size":"auto","background-attachment":"scroll","background-type":"","background-media":"","overlay-type":"","overlay-color":"","overlay-opacity":"","overlay-gradient":""},"mobile":{"background-color":"","background-image":"","background-repeat":"repeat","background-position":"center center","background-size":"auto","background-attachment":"scroll","background-type":"","background-media":"","overlay-type":"","overlay-color":"","overlay-opacity":"","overlay-gradient":""}},"ast-content-background-meta":{"desktop":{"background-color":"var(--ast-global-color-5)","background-image":"","background-repeat":"repeat","background-position":"center center","background-size":"auto","background-attachment":"scroll","background-type":"","background-media":"","overlay-type":"","overlay-color":"","overlay-opacity":"","overlay-gradient":""},"tablet":{"background-color":"var(--ast-global-color-5)","background-image":"","background-repeat":"repeat","background-position":"center center","background-size":"auto","background-attachment":"scroll","background-type":"","background-media":"","overlay-type":"","overlay-color":"","overlay-opacity":"","overlay-gradient":""},"mobile":{"background-color":"var(--ast-global-color-5)","background-image":"","background-repeat":"repeat","background-position":"center center","background-size":"auto","background-attachment":"scroll","background-type":"","background-media":"","overlay-type":"","overlay-color":"","overlay-opacity":"","overlay-gradient":""}}},"product_brand":[],"product_cat":[37],"product_tag":[],"class_list":{"0":"post-1372","1":"product","2":"type-product","3":"status-publish","4":"has-post-thumbnail","6":"product_cat-nutricentials","7":"desktop-align-center","8":"tablet-align-left","9":"mobile-align-left","11":"first","12":"instock","13":"shipping-taxable","14":"purchasable","15":"product-type-simple"},"_links":{"self":[{"href":"https:\/\/ingasatiene.com\/lt\/wp-json\/wp\/v2\/product\/1372","targetHints":{"allow":["GET"]}}],"collection":[{"href":"https:\/\/ingasatiene.com\/lt\/wp-json\/wp\/v2\/product"}],"about":[{"href":"https:\/\/ingasatiene.com\/lt\/wp-json\/wp\/v2\/types\/product"}],"replies":[{"embeddable":true,"href":"https:\/\/ingasatiene.com\/lt\/wp-json\/wp\/v2\/comments?post=1372"}],"wp:featuredmedia":[{"embeddable":true,"href":"https:\/\/ingasatiene.com\/lt\/wp-json\/wp\/v2\/media\/1377"}],"wp:attachment":[{"href":"https:\/\/ingasatiene.com\/lt\/wp-json\/wp\/v2\/media?parent=1372"}],"wp:term":[{"taxonomy":"product_brand","embeddable":true,"href":"https:\/\/ingasatiene.com\/lt\/wp-json\/wp\/v2\/product_brand?post=1372"},{"taxonomy":"product_cat","embeddable":true,"href":"https:\/\/ingasatiene.com\/lt\/wp-json\/wp\/v2\/product_cat?post=1372"},{"taxonomy":"product_tag","embeddable":true,"href":"https:\/\/ingasatiene.com\/lt\/wp-json\/wp\/v2\/product_tag?post=1372"}],"curies":[{"name":"wp","href":"https:\/\/api.w.org\/{rel}","templated":true}]}}