{"id":1367,"date":"2026-01-27T07:23:08","date_gmt":"2026-01-27T07:23:08","guid":{"rendered":"https:\/\/ingasatiene.com\/?post_type=product&#038;p=1367"},"modified":"2026-02-10T09:32:26","modified_gmt":"2026-02-10T09:32:26","slug":"to-be-clear-pure-cleansing-gel","status":"publish","type":"product","link":"https:\/\/ingasatiene.com\/lt\/produktas\/to-be-clear-pure-cleansing-gel\/","title":{"rendered":"\"To Be Clear Pure\" valomasis gelis"},"content":{"rendered":"<p>Remove pore-clogging dirt and leave skin feeling refreshingly clean with Nutricentials To Be Clear. This powerful gel-to-foam formula removes dirt, oil and makeup while keeping skin hydrated. The secret is infused with amino acids, a pore-clearing cleanser, and hydrating ingredients that soothe and refresh. If you want clear, comfortable skin, To Be Clear is the answer.<\/p>\n<ul>\n<li><span dir=\"auto\">Pagaminta i\u0161 biologi\u0161kai prisitaikan\u010di\u0173 augalini\u0173 organizm\u0173.<\/span><\/li>\n<li><span dir=\"auto\">Gel-to-foam formula removes pore-blocking dirt, oil, impurities, and makeup while keeping skin hydrated.<\/span><\/li>\n<li><span dir=\"auto\">Leaves skin soft, smooth, refreshed and ready for the next step in your routine, both visibly and emotionally.<\/span><\/li>\n<li><span dir=\"auto\">Soothes and treats while adding moisture to the skin.<\/span><\/li>\n<li><span dir=\"auto\">Did\u017eiuojam\u0117s gal\u0117dami pasakyti, kad buteliukas pagamintas i\u0161 100% perdirbto plastiko.<\/span><\/li>\n<\/ul>\n<p>Use morning and evening. Lather up and gently distribute over damp face and neck. Rinse well.<\/p>\n<h5 class=\"ingredientLabel_V8VdP\"><span dir=\"auto\">Visos sudedamosios dalys<\/span><\/h5>\n<p>&nbsp;<\/p>\n<div class=\"ingredientBody_jAn5+\">Aqua, Cocamidopropyl Betaine, Sodium Cocoyl Alaninate, Sodium Cocoyl Glycinate, Acrylates Copolymer, Propanediol, Glycerin, Trehalose, Urea, Pentylene Glycol, Sodium Hyaluronate, Glyceryl Laurate, Lauryl Lactate, Caprylyl Glycol, Disodium Phosphate, Selaginella Lepidophylla Extract, Serine, Inonotus Obliquus Extract, Rhaponticum Carthamoides Root Extract, Rhodiola Rosea Extract, Glyceryl Polyacrylate, Pullulan, Eleutherococcus Senticosus Root Extract, Hexylene Glycol, Polyglyceryl-3 Caprate, Cocamidopropyl Dimethylamine, Algin, Sodium Chloride, Trisodium Ethylenediamine Disuccinate, Sodium Hydroxide, Sodium Glycolate, Potassium Phosphate, Parfum, Phenoxyethanol, Chlorphenesin, Sodium Benzoate, Hexyl Cinnamal, Linalool, Benzyl Benzoate, Citronellol.<\/div>","protected":false},"excerpt":{"rendered":"<div class=\"mainInfoImageSection_iiuJy\" data-testid=\"variant97001781\">\n<div class=\"mainInfoSection_Jfpqy\">\n<div class=\"section_ExNW9\">\n<div class=\"description_2RL-k\"><span dir=\"auto\">Remove pore-clogging dirt and leave skin refreshingly clean with Nutricentials To Be Clear. This powerful gel-to-foam formula cleanses away dirt, oil and makeup while keeping skin hydrated.<\/span><\/div>\n<\/div>\n<\/div>\n<\/div>","protected":false},"featured_media":1368,"comment_status":"open","ping_status":"closed","template":"","meta":{"site-sidebar-layout":"default","site-content-layout":"","ast-site-content-layout":"default","site-content-style":"default","site-sidebar-style":"default","ast-global-header-display":"","ast-banner-title-visibility":"","ast-main-header-display":"","ast-hfb-above-header-display":"","ast-hfb-below-header-display":"","ast-hfb-mobile-header-display":"","site-post-title":"","ast-breadcrumbs-content":"","ast-featured-img":"","footer-sml-layout":"","ast-disable-related-posts":"","theme-transparent-header-meta":"default","adv-header-id-meta":"","stick-header-meta":"","header-above-stick-meta":"","header-main-stick-meta":"","header-below-stick-meta":"","astra-migrate-meta-layouts":"set","ast-page-background-enabled":"default","ast-page-background-meta":{"desktop":{"background-color":"var(--ast-global-color-4)","background-image":"","background-repeat":"repeat","background-position":"center center","background-size":"auto","background-attachment":"scroll","background-type":"","background-media":"","overlay-type":"","overlay-color":"","overlay-opacity":"","overlay-gradient":""},"tablet":{"background-color":"","background-image":"","background-repeat":"repeat","background-position":"center center","background-size":"auto","background-attachment":"scroll","background-type":"","background-media":"","overlay-type":"","overlay-color":"","overlay-opacity":"","overlay-gradient":""},"mobile":{"background-color":"","background-image":"","background-repeat":"repeat","background-position":"center center","background-size":"auto","background-attachment":"scroll","background-type":"","background-media":"","overlay-type":"","overlay-color":"","overlay-opacity":"","overlay-gradient":""}},"ast-content-background-meta":{"desktop":{"background-color":"var(--ast-global-color-5)","background-image":"","background-repeat":"repeat","background-position":"center center","background-size":"auto","background-attachment":"scroll","background-type":"","background-media":"","overlay-type":"","overlay-color":"","overlay-opacity":"","overlay-gradient":""},"tablet":{"background-color":"var(--ast-global-color-5)","background-image":"","background-repeat":"repeat","background-position":"center center","background-size":"auto","background-attachment":"scroll","background-type":"","background-media":"","overlay-type":"","overlay-color":"","overlay-opacity":"","overlay-gradient":""},"mobile":{"background-color":"var(--ast-global-color-5)","background-image":"","background-repeat":"repeat","background-position":"center center","background-size":"auto","background-attachment":"scroll","background-type":"","background-media":"","overlay-type":"","overlay-color":"","overlay-opacity":"","overlay-gradient":""}}},"product_brand":[],"product_cat":[37],"product_tag":[],"class_list":{"0":"post-1367","1":"product","2":"type-product","3":"status-publish","4":"has-post-thumbnail","6":"product_cat-nutricentials","7":"desktop-align-center","8":"tablet-align-left","9":"mobile-align-left","11":"first","12":"instock","13":"shipping-taxable","14":"purchasable","15":"product-type-simple"},"_links":{"self":[{"href":"https:\/\/ingasatiene.com\/lt\/wp-json\/wp\/v2\/product\/1367","targetHints":{"allow":["GET"]}}],"collection":[{"href":"https:\/\/ingasatiene.com\/lt\/wp-json\/wp\/v2\/product"}],"about":[{"href":"https:\/\/ingasatiene.com\/lt\/wp-json\/wp\/v2\/types\/product"}],"replies":[{"embeddable":true,"href":"https:\/\/ingasatiene.com\/lt\/wp-json\/wp\/v2\/comments?post=1367"}],"wp:featuredmedia":[{"embeddable":true,"href":"https:\/\/ingasatiene.com\/lt\/wp-json\/wp\/v2\/media\/1368"}],"wp:attachment":[{"href":"https:\/\/ingasatiene.com\/lt\/wp-json\/wp\/v2\/media?parent=1367"}],"wp:term":[{"taxonomy":"product_brand","embeddable":true,"href":"https:\/\/ingasatiene.com\/lt\/wp-json\/wp\/v2\/product_brand?post=1367"},{"taxonomy":"product_cat","embeddable":true,"href":"https:\/\/ingasatiene.com\/lt\/wp-json\/wp\/v2\/product_cat?post=1367"},{"taxonomy":"product_tag","embeddable":true,"href":"https:\/\/ingasatiene.com\/lt\/wp-json\/wp\/v2\/product_tag?post=1367"}],"curies":[{"name":"wp","href":"https:\/\/api.w.org\/{rel}","templated":true}]}}