{"id":1363,"date":"2026-01-27T07:19:37","date_gmt":"2026-01-27T07:19:37","guid":{"rendered":"https:\/\/ingasatiene.com\/?post_type=product&#038;p=1363"},"modified":"2026-02-10T09:32:42","modified_gmt":"2026-02-10T09:32:42","slug":"hydraclean-creamy-cleansing-lotion","status":"publish","type":"product","link":"https:\/\/ingasatiene.com\/lt\/produktas\/hydraclean-creamy-cleansing-lotion\/","title":{"rendered":"\"HydraClean\" kreminis valomasis losjonas"},"content":{"rendered":"<p>HydraClean. This luxurious, soap-free facial cleanser has a creamy texture and is a gentle multitasker. It removes dirt, excess oil and makeup, while helping to maintain skin&#8217;s natural moisture barrier. The gentle formula is infused with bioadaptive botanicals and nourishing ingredients to comfortably hydrate skin.<\/p>\n<ul>\n<li><span dir=\"auto\">Pagaminta i\u0161 biologi\u0161kai prisitaikan\u010di\u0173 augalini\u0173 organizm\u0173.<\/span><\/li>\n<li><span dir=\"auto\">Moisturizes, cleanses, soothes, comforts and softens the skin.<\/span><\/li>\n<li><span dir=\"auto\">Supports and helps maintain the skin&#8217;s natural moisture barrier.<\/span><\/li>\n<li><span dir=\"auto\">Gently removes dirt, oil and makeup.<\/span><\/li>\n<li><span dir=\"auto\">Promotes vibrant, healthy and refreshed skin.<\/span><\/li>\n<li><span dir=\"auto\">Leaves skin soft, smooth, and ready for the next step in your routine.<\/span><\/li>\n<li><span dir=\"auto\">Did\u017eiuojam\u0117s gal\u0117dami pasakyti, kad buteliukas pagamintas i\u0161 100% perdirbto plastiko.<\/span><\/li>\n<\/ul>\n<div class=\"topContent_-+m8Y\">\n<div class=\"contentHalf_raKE0\">\n<div class=\"innerContent_ON0Sz\">\n<div class=\"section_w2M+K\">\n<div class=\"paragraph_LCEYm\"><span dir=\"auto\">Use morning and evening. Gently massage with fingertips onto face and neck. Rinse or wipe off.<\/span><\/div>\n<div><\/div>\n<\/div>\n<div>\n<h5 class=\"ingredientLabel_V8VdP\"><span dir=\"auto\">Visos sudedamosios dalys<\/span><\/h5>\n<div class=\"ingredientBody_jAn5+\">Aqua, Caprylic\/Capric Triglyceride, Butylene Glycol, Isodecyl Neopentanoate, Glyceryl Stearate, Polyglyceryl-6 Stearate, Limnanthes Alba Seed Oil, Myristyl Alcohol, Rhodiola Rosea Extract, Selaginella Lepidophylla Extract, Glycerin, Decylene Glycol, Dipotassium Glycyrrhizate, Laminaria Digitata Extract, Artemisia Vulgaris Extract, Glycine Soja Sterols, Inonotus Obliquus Extract, Rhaponticum Carthamoides Root Extract, Eleutherococcus Senticosus Root Extract, Hydroxyacetophenone, 1,2-Hexanediol, Disodium Cocoamphodiacetate, Carbomer, Polyglyceryl-6 Behenate, Arachidyl Alcohol, Stearyl Alcohol, Sodium Chloride, Cetyl Alcohol, Parfum, Trisodium Ethylenediamine Disuccinate, Aminomethyl Propanol, Citric Acid, Phenoxyethanol, Chlorphenesin, Sodium Benzoate.<\/div>\n<\/div>\n<\/div>\n<\/div>\n<\/div>","protected":false},"excerpt":{"rendered":"<p>HydraClean. This luxurious, soap-free facial cleanser has a creamy texture and is a gentle multitasker. It removes dirt, excess oil and makeup, while helping to maintain skin&#8217;s natural moisture barrier. The gentle formula is infused with bioadaptive botanicals and nourishing ingredients to comfortably hydrate skin.<\/p>","protected":false},"featured_media":1366,"comment_status":"open","ping_status":"closed","template":"","meta":{"site-sidebar-layout":"default","site-content-layout":"","ast-site-content-layout":"default","site-content-style":"default","site-sidebar-style":"default","ast-global-header-display":"","ast-banner-title-visibility":"","ast-main-header-display":"","ast-hfb-above-header-display":"","ast-hfb-below-header-display":"","ast-hfb-mobile-header-display":"","site-post-title":"","ast-breadcrumbs-content":"","ast-featured-img":"","footer-sml-layout":"","ast-disable-related-posts":"","theme-transparent-header-meta":"default","adv-header-id-meta":"","stick-header-meta":"","header-above-stick-meta":"","header-main-stick-meta":"","header-below-stick-meta":"","astra-migrate-meta-layouts":"set","ast-page-background-enabled":"default","ast-page-background-meta":{"desktop":{"background-color":"var(--ast-global-color-4)","background-image":"","background-repeat":"repeat","background-position":"center center","background-size":"auto","background-attachment":"scroll","background-type":"","background-media":"","overlay-type":"","overlay-color":"","overlay-opacity":"","overlay-gradient":""},"tablet":{"background-color":"","background-image":"","background-repeat":"repeat","background-position":"center center","background-size":"auto","background-attachment":"scroll","background-type":"","background-media":"","overlay-type":"","overlay-color":"","overlay-opacity":"","overlay-gradient":""},"mobile":{"background-color":"","background-image":"","background-repeat":"repeat","background-position":"center center","background-size":"auto","background-attachment":"scroll","background-type":"","background-media":"","overlay-type":"","overlay-color":"","overlay-opacity":"","overlay-gradient":""}},"ast-content-background-meta":{"desktop":{"background-color":"var(--ast-global-color-5)","background-image":"","background-repeat":"repeat","background-position":"center center","background-size":"auto","background-attachment":"scroll","background-type":"","background-media":"","overlay-type":"","overlay-color":"","overlay-opacity":"","overlay-gradient":""},"tablet":{"background-color":"var(--ast-global-color-5)","background-image":"","background-repeat":"repeat","background-position":"center center","background-size":"auto","background-attachment":"scroll","background-type":"","background-media":"","overlay-type":"","overlay-color":"","overlay-opacity":"","overlay-gradient":""},"mobile":{"background-color":"var(--ast-global-color-5)","background-image":"","background-repeat":"repeat","background-position":"center center","background-size":"auto","background-attachment":"scroll","background-type":"","background-media":"","overlay-type":"","overlay-color":"","overlay-opacity":"","overlay-gradient":""}}},"product_brand":[],"product_cat":[37],"product_tag":[],"class_list":{"0":"post-1363","1":"product","2":"type-product","3":"status-publish","4":"has-post-thumbnail","6":"product_cat-nutricentials","7":"desktop-align-center","8":"tablet-align-left","9":"mobile-align-left","11":"first","12":"instock","13":"shipping-taxable","14":"purchasable","15":"product-type-simple"},"_links":{"self":[{"href":"https:\/\/ingasatiene.com\/lt\/wp-json\/wp\/v2\/product\/1363","targetHints":{"allow":["GET"]}}],"collection":[{"href":"https:\/\/ingasatiene.com\/lt\/wp-json\/wp\/v2\/product"}],"about":[{"href":"https:\/\/ingasatiene.com\/lt\/wp-json\/wp\/v2\/types\/product"}],"replies":[{"embeddable":true,"href":"https:\/\/ingasatiene.com\/lt\/wp-json\/wp\/v2\/comments?post=1363"}],"wp:featuredmedia":[{"embeddable":true,"href":"https:\/\/ingasatiene.com\/lt\/wp-json\/wp\/v2\/media\/1366"}],"wp:attachment":[{"href":"https:\/\/ingasatiene.com\/lt\/wp-json\/wp\/v2\/media?parent=1363"}],"wp:term":[{"taxonomy":"product_brand","embeddable":true,"href":"https:\/\/ingasatiene.com\/lt\/wp-json\/wp\/v2\/product_brand?post=1363"},{"taxonomy":"product_cat","embeddable":true,"href":"https:\/\/ingasatiene.com\/lt\/wp-json\/wp\/v2\/product_cat?post=1363"},{"taxonomy":"product_tag","embeddable":true,"href":"https:\/\/ingasatiene.com\/lt\/wp-json\/wp\/v2\/product_tag?post=1363"}],"curies":[{"name":"wp","href":"https:\/\/api.w.org\/{rel}","templated":true}]}}