{"id":1936,"date":"2026-02-09T15:56:57","date_gmt":"2026-02-09T15:56:57","guid":{"rendered":"https:\/\/ingasatiene.com\/?page_id=1936"},"modified":"2026-02-23T10:56:47","modified_gmt":"2026-02-23T10:56:47","slug":"delivery-returns","status":"publish","type":"page","link":"https:\/\/ingasatiene.com\/lt\/delivery-returns\/","title":{"rendered":"Pristatymas ir gr\u0105\u017einimas"},"content":{"rendered":"<div data-elementor-type=\"wp-page\" data-elementor-id=\"1936\" class=\"elementor elementor-1936\">\n\t\t\t\t<div class=\"elementor-element elementor-element-c2266bd e-flex e-con-boxed e-con e-parent\" data-id=\"c2266bd\" data-element_type=\"container\" data-e-type=\"container\">\n\t\t\t\t\t<div class=\"e-con-inner\">\n\t\t\t\t<div class=\"elementor-element elementor-element-298d884 elementor-widget elementor-widget-text-editor\" data-id=\"298d884\" data-element_type=\"widget\" data-e-type=\"widget\" data-widget_type=\"text-editor.default\">\n\t\t\t\t<div class=\"elementor-widget-container\">\n\t\t\t\t\t\t\t\t\t\n<h2 class=\"wp-block-heading\">Gr\u0105\u017einimas ir keitimas<\/h2>\n\n\n\n<p>\"Hudagenten\" norime, kad b\u016btum\u0117te visi\u0161kai patenkinti savo produktais. Si\u016blome 30 dien\u0173 gr\u0105\u017einimo politik\u0105 nuo tos dienos, kai gaunate prek\u0119.<\/p>\n\n\n\n<h3 class=\"wp-block-heading\">Gr\u0105\u017einimo s\u0105lygos<\/h3>\n\n\n\n<ul class=\"wp-block-list\">\n<li>Gr\u0105\u017einami tik neatidaryti produktai su nepa\u017eeistomis plombomis ir originalia pakuote.<\/li>\n\n\n\n<li>Atidaryt\u0173, i\u0161bandyt\u0173 ar naudot\u0173 produkt\u0173 negalima gr\u0105\u017einti d\u0117l higienos prie\u017eas\u010di\u0173 - \u017er. Atsisakymo teis\u0117s \u012fstatymo 22 straipsnio g punkt\u0105.<\/li>\n\n\n\n<li>U\u017e daiktus, kurie atitinka gr\u0105\u017einimo s\u0105lygas, gr\u0105\u017einami visi sumok\u0117ti pinigai.<\/li>\n\n\n\n<li>U\u017e gr\u0105\u017einimo i\u0161laidas atsako klientas.<\/li>\n<\/ul>\n\n\n\n<h3 class=\"wp-block-heading\">Kaip gr\u0105\u017einti prek\u0119<\/h3>\n\n\n\n<ol class=\"wp-block-list\">\n<li>Susisiekite su mumis<\/li>\n\n\n\n<li>Po registracijos atsisi\u0173skite ir atsispausdinkite gr\u0105\u017einimo etiket\u0119.<\/li>\n\n\n\n<li>Ai\u0161kiai pritvirtinkite etiket\u0119 prie pakuot\u0117s.<\/li>\n\n\n\n<li>Saugiai supakuokite prek\u0119 originalioje pakuot\u0117je ir prid\u0117kite u\u017esakymo numer\u012f arba pakuot\u0117s lapel\u012f.<\/li>\n\n\n\n<li>Pristatykite siunt\u0105 \u012f Posten \/ Pristatykite. Saugokite kvit\u0105 su sekimo numeriu, kol bus gautas gr\u0105\u017einimas.<\/li>\n<\/ol>\n\n\n\n<p>Gavus ir patikrinus prek\u0119, pirkimo suma bus gr\u0105\u017einta \u012f t\u0105 pat\u012f mok\u0117jimo b\u016bd\u0105, kuris buvo naudotas perkant.<\/p>\n\n\n\n<hr class=\"wp-block-separator has-alpha-channel-opacity\"\/>\n\n\n\n<h2 class=\"wp-block-heading\">Prek\u0117s keitimas<\/h2>\n\n\n\n<p>Ar nor\u0117tum\u0117te pakeisti \u012f kit\u0105 variant\u0105 arba dyd\u012f?<\/p>\n\n\n\n<ul class=\"wp-block-list\">\n<li>Pateikite nauj\u0105 u\u017esakym\u0105 internetin\u0117je parduotuv\u0117je hudagenten.no.<\/li>\n\n\n\n<li>U\u017eregistruokite originali\u0105 prek\u0119 kaip gr\u0105\u017einam\u0105 prek\u0119 gr\u0105\u017einimo portale.<\/li>\n\n\n\n<li>Pinigai u\u017e gr\u0105\u017eint\u0105 prek\u0119 bus gr\u0105\u017einti i\u0161 karto, kai tik ji bus gauta ir patikrinta.<\/li>\n<\/ul>\n\n\n\n<hr class=\"wp-block-separator has-alpha-channel-opacity\"\/>\n\n\n\n<h2 class=\"wp-block-heading\">Skundai (pretenzijos)<\/h2>\n\n\n\n<p>Jei gaminys yra sugadintas arba nekokybi\u0161kas, turite teis\u0119 pateikti skund\u0105 pagal Norvegijos vartotoj\u0173 pirkim\u0173 \u012fstatym\u0105. Teis\u0117 pateikti skund\u0105 galioja 2 metus nuo tos dienos, kai gavote prek\u0119 (5 metus, jei prek\u0117s skirtos naudoti gerokai ilgiau).<\/p>\n\n\n\n<p>Nor\u0117dami pateikti skund\u0105, si\u0173skite el. lai\u0161k\u0105 adresu <a>kontakt@hudagenten.no<\/a> \u012fskaitant:<\/p>\n\n\n\n<ul class=\"wp-block-list\">\n<li>U\u017esakymo numeris<\/li>\n\n\n\n<li>Produkto ir pakuot\u0117s nuotraukos<\/li>\n\n\n\n<li>Trumpas problemos apra\u0161ymas<\/li>\n<\/ul>\n\n\n\n<p>Visada padengiame patvirtint\u0173 skund\u0173 siuntimo i\u0161laidas.<\/p>\n\n\n\n<hr class=\"wp-block-separator has-alpha-channel-opacity\"\/>\n\n\n\n<h2 class=\"wp-block-heading\">Siuntimo pa\u017eeidimai (DOA - pa\u017eeidimas atvykus)<\/h2>\n\n\n\n<p>Jei pakuot\u0117 ar gaminys pristatytas pa\u017eeistas, turite apie tai prane\u0161ti per 48 valandas nuo jo gavimo.<\/p>\n\n\n\n<p>U\u017eregistruokite atvej\u012f adresu return.shipmondo.com\/hudagenten ir \u012fkelkite pakuot\u0117s ir produkto nuotraukas, kad byla b\u016bt\u0173 i\u0161nagrin\u0117ta grei\u010diau.<\/p>\n\n\n\n<hr class=\"wp-block-separator has-alpha-channel-opacity\"\/>\n\n\n\n<h2 class=\"wp-block-heading\">Neatsiimtos pakuot\u0117s<\/h2>\n\n\n\n<p>Jei pakuot\u0117 neatsiimama per nustatyt\u0105 termin\u0105, o j\u016bs neprane\u0161\u0117te mums, kad norite pasinaudoti teise atsisakyti sutarties, tai nelaikoma tinkamu pasinaudojimu teise atsisakyti sutarties.<\/p>\n\n\n\n<p>U\u017e neatsiimtas pakuotes taikomas 199 NOK tvarkymo mokestis, skirtas gr\u0105\u017einimo ir administravimo i\u0161laidoms padengti.<\/p>\n\t\t\t\t\t\t\t\t<\/div>\n\t\t\t\t<\/div>\n\t\t\t\t\t<\/div>\n\t\t\t\t<\/div>\n\t\t\t\t<\/div>","protected":false},"excerpt":{"rendered":"<p>Returns and Exchanges At Hudagenten, we want you to be completely satisfied with your products. We offer a 30-day return [&hellip;]<\/p>\n","protected":false},"author":1,"featured_media":0,"parent":0,"menu_order":0,"comment_status":"closed","ping_status":"closed","template":"","meta":{"site-sidebar-layout":"no-sidebar","site-content-layout":"","ast-site-content-layout":"full-width-container","site-content-style":"default","site-sidebar-style":"default","ast-global-header-display":"","ast-banner-title-visibility":"","ast-main-header-display":"","ast-hfb-above-header-display":"","ast-hfb-below-header-display":"","ast-hfb-mobile-header-display":"","site-post-title":"","ast-breadcrumbs-content":"","ast-featured-img":"disabled","footer-sml-layout":"","ast-disable-related-posts":"","theme-transparent-header-meta":"","adv-header-id-meta":"","stick-header-meta":"","header-above-stick-meta":"","header-main-stick-meta":"","header-below-stick-meta":"","astra-migrate-meta-layouts":"default","ast-page-background-enabled":"default","ast-page-background-meta":{"desktop":{"background-color":"var(--ast-global-color-4)","background-image":"","background-repeat":"repeat","background-position":"center center","background-size":"auto","background-attachment":"scroll","background-type":"","background-media":"","overlay-type":"","overlay-color":"","overlay-opacity":"","overlay-gradient":""},"tablet":{"background-color":"","background-image":"","background-repeat":"repeat","background-position":"center center","background-size":"auto","background-attachment":"scroll","background-type":"","background-media":"","overlay-type":"","overlay-color":"","overlay-opacity":"","overlay-gradient":""},"mobile":{"background-color":"","background-image":"","background-repeat":"repeat","background-position":"center center","background-size":"auto","background-attachment":"scroll","background-type":"","background-media":"","overlay-type":"","overlay-color":"","overlay-opacity":"","overlay-gradient":""}},"ast-content-background-meta":{"desktop":{"background-color":"var(--ast-global-color-5)","background-image":"","background-repeat":"repeat","background-position":"center center","background-size":"auto","background-attachment":"scroll","background-type":"","background-media":"","overlay-type":"","overlay-color":"","overlay-opacity":"","overlay-gradient":""},"tablet":{"background-color":"var(--ast-global-color-5)","background-image":"","background-repeat":"repeat","background-position":"center center","background-size":"auto","background-attachment":"scroll","background-type":"","background-media":"","overlay-type":"","overlay-color":"","overlay-opacity":"","overlay-gradient":""},"mobile":{"background-color":"var(--ast-global-color-5)","background-image":"","background-repeat":"repeat","background-position":"center center","background-size":"auto","background-attachment":"scroll","background-type":"","background-media":"","overlay-type":"","overlay-color":"","overlay-opacity":"","overlay-gradient":""}},"footnotes":""},"class_list":["post-1936","page","type-page","status-publish","hentry"],"_links":{"self":[{"href":"https:\/\/ingasatiene.com\/lt\/wp-json\/wp\/v2\/pages\/1936","targetHints":{"allow":["GET"]}}],"collection":[{"href":"https:\/\/ingasatiene.com\/lt\/wp-json\/wp\/v2\/pages"}],"about":[{"href":"https:\/\/ingasatiene.com\/lt\/wp-json\/wp\/v2\/types\/page"}],"author":[{"embeddable":true,"href":"https:\/\/ingasatiene.com\/lt\/wp-json\/wp\/v2\/users\/1"}],"replies":[{"embeddable":true,"href":"https:\/\/ingasatiene.com\/lt\/wp-json\/wp\/v2\/comments?post=1936"}],"version-history":[{"count":6,"href":"https:\/\/ingasatiene.com\/lt\/wp-json\/wp\/v2\/pages\/1936\/revisions"}],"predecessor-version":[{"id":2009,"href":"https:\/\/ingasatiene.com\/lt\/wp-json\/wp\/v2\/pages\/1936\/revisions\/2009"}],"wp:attachment":[{"href":"https:\/\/ingasatiene.com\/lt\/wp-json\/wp\/v2\/media?parent=1936"}],"curies":[{"name":"wp","href":"https:\/\/api.w.org\/{rel}","templated":true}]}}